{"id":9985,"date":"2025-03-15T07:34:06","date_gmt":"2025-03-15T07:34:06","guid":{"rendered":"https:\/\/institutounao.com.mx\/?page_id=9985"},"modified":"2025-03-15T07:34:42","modified_gmt":"2025-03-15T07:34:42","slug":"se25-13-boleta-especialidad-en-docencia-estudiantes-primer-semestre-y-segundo-semestre","status":"publish","type":"page","link":"https:\/\/institutounao.com.mx\/index.php\/se25-13-boleta-especialidad-en-docencia-estudiantes-primer-semestre-y-segundo-semestre\/","title":{"rendered":"SE25.13 Boleta Especialidad en Docencia\/ Estudiantes primer semestre y segundo semestre."},"content":{"rendered":"\t\t<div data-elementor-type=\"wp-page\" data-elementor-id=\"9985\" class=\"elementor elementor-9985\">\n\t\t\t\t\t\t<section class=\"elementor-section elementor-top-section elementor-element elementor-element-05c5b62 elementor-section-boxed elementor-section-height-default elementor-section-height-default\" data-id=\"05c5b62\" data-element_type=\"section\" data-e-type=\"section\">\n\t\t\t\t\t\t<div class=\"elementor-container elementor-column-gap-default\">\n\t\t\t\t\t<div class=\"elementor-column elementor-col-100 elementor-top-column elementor-element elementor-element-5a38393\" data-id=\"5a38393\" data-element_type=\"column\" data-e-type=\"column\">\n\t\t\t<div class=\"elementor-widget-wrap elementor-element-populated\">\n\t\t\t\t\t\t<div class=\"elementor-element elementor-element-eeb9e28 elementor-widget elementor-widget-text-editor\" data-id=\"eeb9e28\" data-element_type=\"widget\" data-e-type=\"widget\" data-widget_type=\"text-editor.default\">\n\t\t\t\t<div class=\"elementor-widget-container\">\n\t\t\t\t\t\t\t\t\t<p style=\"text-align: center;\"><b>Especialidad en Docencia.<\/b><\/p>\t\t\t\t\t\t\t\t<\/div>\n\t\t\t\t<\/div>\n\t\t\t\t\t<\/div>\n\t\t<\/div>\n\t\t\t\t\t<\/div>\n\t\t<\/section>\n\t\t\t\t<section class=\"elementor-section elementor-top-section elementor-element elementor-element-8fa9836 elementor-section-boxed elementor-section-height-default elementor-section-height-default\" data-id=\"8fa9836\" data-element_type=\"section\" data-e-type=\"section\">\n\t\t\t\t\t\t<div class=\"elementor-container elementor-column-gap-default\">\n\t\t\t\t\t<div class=\"elementor-column elementor-col-100 elementor-top-column elementor-element elementor-element-c2ce92d\" data-id=\"c2ce92d\" data-element_type=\"column\" data-e-type=\"column\">\n\t\t\t<div class=\"elementor-widget-wrap elementor-element-populated\">\n\t\t\t\t\t\t<div class=\"elementor-element elementor-element-6d0e0fb elementor-widget elementor-widget-text-editor\" data-id=\"6d0e0fb\" data-element_type=\"widget\" data-e-type=\"widget\" data-widget_type=\"text-editor.default\">\n\t\t\t\t<div class=\"elementor-widget-container\">\n\t\t\t\t\t\t\t\t\t<p style=\"text-align: center;\">Estudiantes que acreditaron Seminario de Regularizaci\u00f3n correspondiente a asignaturas no acreditadas en periodo ordinario durante el&nbsp;<\/p><p style=\"text-align: center;\">ciclo escolar julio \u2013 diciembre 2024.<\/p>\t\t\t\t\t\t\t\t<\/div>\n\t\t\t\t<\/div>\n\t\t\t\t\t<\/div>\n\t\t<\/div>\n\t\t\t\t\t<\/div>\n\t\t<\/section>\n\t\t\t\t<section class=\"elementor-section elementor-top-section elementor-element elementor-element-f3cd80d elementor-section-boxed elementor-section-height-default elementor-section-height-default\" data-id=\"f3cd80d\" data-element_type=\"section\" data-e-type=\"section\">\n\t\t\t\t\t\t<div class=\"elementor-container elementor-column-gap-default\">\n\t\t\t\t\t<div class=\"elementor-column elementor-col-100 elementor-top-column elementor-element elementor-element-e9e734e\" data-id=\"e9e734e\" data-element_type=\"column\" data-e-type=\"column\">\n\t\t\t<div class=\"elementor-widget-wrap elementor-element-populated\">\n\t\t\t\t\t\t<div class=\"elementor-element elementor-element-a54cd3e elementor-widget__width-initial elementor-widget elementor-widget-text-editor\" data-id=\"a54cd3e\" data-element_type=\"widget\" data-e-type=\"widget\" data-widget_type=\"text-editor.default\">\n\t\t\t\t<div class=\"elementor-widget-container\">\n\t\t\t\t\t\t\t\t\t<p><b>Asignatura: EPP003. Planeaci\u00f3n Did\u00e1ctica.<\/b><\/p><p><b>Semestre: Primero.<\/b><\/p><p><b>Fecha de acreditaci\u00f3n: 12\/mar\/2025<\/b><\/p><p><b>Ciclo en que se acredito: enero-junio 2025 (2025-2)<\/b><\/p><p><b>Promedio \/ Nombre del Estudiante.<\/b><\/p><p>10\u00a0 GRECIA AGUILAR HERRERA.<\/p>\t\t\t\t\t\t\t\t<\/div>\n\t\t\t\t<\/div>\n\t\t\t\t\t<\/div>\n\t\t<\/div>\n\t\t\t\t\t<\/div>\n\t\t<\/section>\n\t\t\t\t<section class=\"elementor-section elementor-top-section elementor-element elementor-element-1da9d71 elementor-section-boxed elementor-section-height-default elementor-section-height-default\" data-id=\"1da9d71\" data-element_type=\"section\" data-e-type=\"section\">\n\t\t\t\t\t\t<div class=\"elementor-container elementor-column-gap-default\">\n\t\t\t\t\t<div class=\"elementor-column elementor-col-100 elementor-top-column elementor-element elementor-element-9663440\" data-id=\"9663440\" data-element_type=\"column\" data-e-type=\"column\">\n\t\t\t<div class=\"elementor-widget-wrap elementor-element-populated\">\n\t\t\t\t\t\t<div class=\"elementor-element elementor-element-4cabe03 elementor-widget__width-initial elementor-widget elementor-widget-text-editor\" data-id=\"4cabe03\" data-element_type=\"widget\" data-e-type=\"widget\" data-widget_type=\"text-editor.default\">\n\t\t\t\t<div class=\"elementor-widget-container\">\n\t\t\t\t\t\t\t\t\t<p><b>Asignatura: EEP002. Tecnopedagog\u00eda.<\/b><\/p><p><b>Semestre: Primero.<\/b><\/p><p><b>Fecha de acreditaci\u00f3n: 12\/mar\/2025<\/b><\/p><p><b>Ciclo en que se acredito: enero-junio 2025 (2025-2)<\/b><\/p><p><b>Promedio \/ Nombre del Estudiante.<\/b><\/p><p>10\u00a0 LAURA LIBIA GARCIA PAZ.<\/p>\t\t\t\t\t\t\t\t<\/div>\n\t\t\t\t<\/div>\n\t\t\t\t\t<\/div>\n\t\t<\/div>\n\t\t\t\t\t<\/div>\n\t\t<\/section>\n\t\t\t\t<section class=\"elementor-section elementor-top-section elementor-element elementor-element-e897fdf elementor-section-boxed elementor-section-height-default elementor-section-height-default\" data-id=\"e897fdf\" data-element_type=\"section\" data-e-type=\"section\">\n\t\t\t\t\t\t<div class=\"elementor-container elementor-column-gap-default\">\n\t\t\t\t\t<div class=\"elementor-column elementor-col-100 elementor-top-column elementor-element elementor-element-7b7681b\" data-id=\"7b7681b\" data-element_type=\"column\" data-e-type=\"column\">\n\t\t\t<div class=\"elementor-widget-wrap elementor-element-populated\">\n\t\t\t\t\t\t<div class=\"elementor-element elementor-element-5fbbf38 elementor-widget__width-initial elementor-widget elementor-widget-text-editor\" data-id=\"5fbbf38\" data-element_type=\"widget\" data-e-type=\"widget\" data-widget_type=\"text-editor.default\">\n\t\t\t\t<div class=\"elementor-widget-container\">\n\t\t\t\t\t\t\t\t\t<p><b>Asignatura: EPP004. Pr\u00e1cticas Pedag\u00f3gicas Contemp\u00f3raneas.<\/b><\/p>\n<p><b>Semestre: Primero.<\/b><\/p>\n<p><b>Fecha de acreditaci\u00f3n: 12\/mar\/2025<\/b><\/p>\n<p><b>Ciclo en que se acredito: enero-junio 2025 (2025-2)<\/b><\/p>\n<p><b>Promedio \/ Nombre del Estudiante.<\/b><\/p>\n<p>10&nbsp; IRIDIAN GETZEMANI ALEJANDREZ DEL RIO.<\/p>\t\t\t\t\t\t\t\t<\/div>\n\t\t\t\t<\/div>\n\t\t\t\t\t<\/div>\n\t\t<\/div>\n\t\t\t\t\t<\/div>\n\t\t<\/section>\n\t\t\t\t<\/div>\n\t\t","protected":false},"excerpt":{"rendered":"<p>Especialidad en Docencia. Estudiantes que acreditaron Seminario de Regularizaci\u00f3n correspondiente a asignaturas no acreditadas en periodo ordinario durante el&nbsp; ciclo escolar julio \u2013 diciembre 2024. Asignatura: EPP003. Planeaci\u00f3n Did\u00e1ctica. Semestre: Primero. Fecha de acreditaci\u00f3n: 12\/mar\/2025 Ciclo en que se acredito: enero-junio 2025 (2025-2) Promedio \/ Nombre del Estudiante. 10\u00a0 GRECIA <a class=\"read-more\" href=\"https:\/\/institutounao.com.mx\/index.php\/se25-13-boleta-especialidad-en-docencia-estudiantes-primer-semestre-y-segundo-semestre\/\">Read More&#8230;<\/a><\/p>\n","protected":false},"author":1,"featured_media":0,"parent":0,"menu_order":0,"comment_status":"closed","ping_status":"closed","template":"","meta":{"_joinchat":[],"footnotes":""},"class_list":["post-9985","page","type-page","status-publish","hentry"],"jetpack_sharing_enabled":true,"_links":{"self":[{"href":"https:\/\/institutounao.com.mx\/index.php\/wp-json\/wp\/v2\/pages\/9985","targetHints":{"allow":["GET"]}}],"collection":[{"href":"https:\/\/institutounao.com.mx\/index.php\/wp-json\/wp\/v2\/pages"}],"about":[{"href":"https:\/\/institutounao.com.mx\/index.php\/wp-json\/wp\/v2\/types\/page"}],"author":[{"embeddable":true,"href":"https:\/\/institutounao.com.mx\/index.php\/wp-json\/wp\/v2\/users\/1"}],"replies":[{"embeddable":true,"href":"https:\/\/institutounao.com.mx\/index.php\/wp-json\/wp\/v2\/comments?post=9985"}],"version-history":[{"count":5,"href":"https:\/\/institutounao.com.mx\/index.php\/wp-json\/wp\/v2\/pages\/9985\/revisions"}],"predecessor-version":[{"id":9991,"href":"https:\/\/institutounao.com.mx\/index.php\/wp-json\/wp\/v2\/pages\/9985\/revisions\/9991"}],"wp:attachment":[{"href":"https:\/\/institutounao.com.mx\/index.php\/wp-json\/wp\/v2\/media?parent=9985"}],"curies":[{"name":"wp","href":"https:\/\/api.w.org\/{rel}","templated":true}]}}