{"id":9849,"date":"2025-02-16T21:09:55","date_gmt":"2025-02-16T21:09:55","guid":{"rendered":"https:\/\/institutounao.com.mx\/?page_id=9849"},"modified":"2025-03-15T22:39:52","modified_gmt":"2025-03-15T22:39:52","slug":"se25-9-reconocimiento-al-merito-academico-ciclo-escolar-julio-diciembre-202","status":"publish","type":"page","link":"https:\/\/institutounao.com.mx\/index.php\/se25-9-reconocimiento-al-merito-academico-ciclo-escolar-julio-diciembre-202\/","title":{"rendered":"SE25.9 Reconocimiento al M\u00e9rito Acad\u00e9mico-Ciclo escolar julio-diciembre 202"},"content":{"rendered":"\t\t<div data-elementor-type=\"wp-page\" data-elementor-id=\"9849\" class=\"elementor elementor-9849\">\n\t\t\t\t\t\t<section class=\"elementor-section elementor-top-section elementor-element elementor-element-24054ca elementor-section-boxed elementor-section-height-default elementor-section-height-default\" data-id=\"24054ca\" data-element_type=\"section\" data-e-type=\"section\">\n\t\t\t\t\t\t<div class=\"elementor-container elementor-column-gap-default\">\n\t\t\t\t\t<div class=\"elementor-column elementor-col-100 elementor-top-column elementor-element elementor-element-c9ecc36\" data-id=\"c9ecc36\" data-element_type=\"column\" data-e-type=\"column\">\n\t\t\t<div class=\"elementor-widget-wrap elementor-element-populated\">\n\t\t\t\t\t\t<div class=\"elementor-element elementor-element-0e9d0f7 elementor-widget elementor-widget-heading\" data-id=\"0e9d0f7\" data-element_type=\"widget\" data-e-type=\"widget\" data-widget_type=\"heading.default\">\n\t\t\t\t<div class=\"elementor-widget-container\">\n\t\t\t\t\t<h2 class=\"elementor-heading-title elementor-size-default\">CEREMON\u00cdA DE INAUGURACI\u00d3N CICLO ESCOLAR ENERO-JUNIO 2025<\/h2>\t\t\t\t<\/div>\n\t\t\t\t<\/div>\n\t\t\t\t\t<\/div>\n\t\t<\/div>\n\t\t\t\t\t<\/div>\n\t\t<\/section>\n\t\t\t\t<section class=\"elementor-section elementor-top-section elementor-element elementor-element-6bcebc6 elementor-section-boxed elementor-section-height-default elementor-section-height-default\" data-id=\"6bcebc6\" data-element_type=\"section\" data-e-type=\"section\">\n\t\t\t\t\t\t<div class=\"elementor-container elementor-column-gap-default\">\n\t\t\t\t\t<div class=\"elementor-column elementor-col-100 elementor-top-column elementor-element elementor-element-b762523\" data-id=\"b762523\" data-element_type=\"column\" data-e-type=\"column\">\n\t\t\t<div class=\"elementor-widget-wrap elementor-element-populated\">\n\t\t\t\t\t\t<div class=\"elementor-element elementor-element-4ff41a0 elementor-widget elementor-widget-heading\" data-id=\"4ff41a0\" data-element_type=\"widget\" data-e-type=\"widget\" data-widget_type=\"heading.default\">\n\t\t\t\t<div class=\"elementor-widget-container\">\n\t\t\t\t\t<h2 class=\"elementor-heading-title elementor-size-default\">Reconocimiento al M\u00e9rito Acad\u00e9mico<\/h2>\t\t\t\t<\/div>\n\t\t\t\t<\/div>\n\t\t\t\t\t<\/div>\n\t\t<\/div>\n\t\t\t\t\t<\/div>\n\t\t<\/section>\n\t\t\t\t<section class=\"elementor-section elementor-top-section elementor-element elementor-element-f6d88d2 elementor-section-boxed elementor-section-height-default elementor-section-height-default\" data-id=\"f6d88d2\" data-element_type=\"section\" data-e-type=\"section\">\n\t\t\t\t\t\t<div class=\"elementor-container elementor-column-gap-default\">\n\t\t\t\t\t<div class=\"elementor-column elementor-col-100 elementor-top-column elementor-element elementor-element-9be5904\" data-id=\"9be5904\" data-element_type=\"column\" data-e-type=\"column\">\n\t\t\t<div class=\"elementor-widget-wrap elementor-element-populated\">\n\t\t\t\t\t\t<div class=\"elementor-element elementor-element-de2a0d1 elementor-widget elementor-widget-text-editor\" data-id=\"de2a0d1\" data-element_type=\"widget\" data-e-type=\"widget\" data-widget_type=\"text-editor.default\">\n\t\t\t\t<div class=\"elementor-widget-container\">\n\t\t\t\t\t\t\t\t\t<p>Instituci\u00f3n: Instituto Universitario Antequera de Oaxaca.<br \/>Ciclo Escolar: julio &#8211; diciembre 2024.<\/p><p>Plan de estudios: Doctorado en Pedagog\u00eda.<br \/>Modalidad:\u00a0Escolarizada.<br \/>Semestre: Quinto.<\/p><p><strong>Estudiantes:\u00a0<\/strong><\/p><p>9.8\u00a0 \u00a0 CLEMENTE ANTONIO ORTEGA VILLAGRAN.<\/p>\t\t\t\t\t\t\t\t<\/div>\n\t\t\t\t<\/div>\n\t\t\t\t\t<\/div>\n\t\t<\/div>\n\t\t\t\t\t<\/div>\n\t\t<\/section>\n\t\t\t\t<section class=\"elementor-section elementor-top-section elementor-element elementor-element-2d4811c elementor-section-boxed elementor-section-height-default elementor-section-height-default\" data-id=\"2d4811c\" data-element_type=\"section\" data-e-type=\"section\">\n\t\t\t\t\t\t<div class=\"elementor-container elementor-column-gap-default\">\n\t\t\t\t\t<div class=\"elementor-column elementor-col-100 elementor-top-column elementor-element elementor-element-fdd0d37\" data-id=\"fdd0d37\" data-element_type=\"column\" data-e-type=\"column\">\n\t\t\t<div class=\"elementor-widget-wrap elementor-element-populated\">\n\t\t\t\t\t\t<div class=\"elementor-element elementor-element-886eb5f elementor-widget elementor-widget-text-editor\" data-id=\"886eb5f\" data-element_type=\"widget\" data-e-type=\"widget\" data-widget_type=\"text-editor.default\">\n\t\t\t\t<div class=\"elementor-widget-container\">\n\t\t\t\t\t\t\t\t\t<p>Instituci\u00f3n: Instituto Universitario Antequera de Oaxaca.<br \/>Ciclo Escolar: julio &#8211; diciembre 2024.<\/p><p>Plan de estudios: Maestr\u00eda en Pedagog\u00eda.<br \/>Modalidad:\u00a0Escolarizada.<br \/>Semestre: Primero<\/p><p><strong>Estudiantes:\u00a0<\/strong><\/p><p>9.9\u00a0 \u00a0 MONICA ELENA SANTOS CRUZ.<\/p><p>9.8\u00a0 \u00a0 KARINA SARAHI CASTA\u00d1EDA CASTILLO.<\/p><p>9.6\u00a0 \u00a0 JUANA NALLELY SANCHEZ AYUSO.<\/p><p>9.6\u00a0 \u00a0 JOVITA MORALES REYES.<\/p><p>9.6\u00a0 \u00a0 DIANA LAURA VILLEGAS SANTIAGO.<\/p><p>9.6\u00a0 \u00a0 HERMELINDA GIL OSORIO.<\/p>\t\t\t\t\t\t\t\t<\/div>\n\t\t\t\t<\/div>\n\t\t\t\t\t<\/div>\n\t\t<\/div>\n\t\t\t\t\t<\/div>\n\t\t<\/section>\n\t\t\t\t<section class=\"elementor-section elementor-top-section elementor-element elementor-element-18ab2a7 elementor-section-boxed elementor-section-height-default elementor-section-height-default\" data-id=\"18ab2a7\" data-element_type=\"section\" data-e-type=\"section\">\n\t\t\t\t\t\t<div class=\"elementor-container elementor-column-gap-default\">\n\t\t\t\t\t<div class=\"elementor-column elementor-col-100 elementor-top-column elementor-element elementor-element-5f48bd9\" data-id=\"5f48bd9\" data-element_type=\"column\" data-e-type=\"column\">\n\t\t\t<div class=\"elementor-widget-wrap elementor-element-populated\">\n\t\t\t\t\t\t<div class=\"elementor-element elementor-element-6deb4ed elementor-widget elementor-widget-text-editor\" data-id=\"6deb4ed\" data-element_type=\"widget\" data-e-type=\"widget\" data-widget_type=\"text-editor.default\">\n\t\t\t\t<div class=\"elementor-widget-container\">\n\t\t\t\t\t\t\t\t\t<p><span style=\"font-family: var( --e-global-typography-text-font-family ), Sans-serif; font-weight: var( --e-global-typography-text-font-weight );\">Semestre: Segundo.<\/span><\/p><p><strong>Estudiantes:\u00a0<\/strong><\/p><p>9.9\u00a0 \u00a0 VERONICA MONFIL GARCIA.<\/p><p>9.9\u00a0 \u00a0 CARMELA TORRES GARCIA.<\/p><p>9.8\u00a0 \u00a0 MONICA HERNANDEZ CORTES.<\/p><p>9.8\u00a0 \u00a0 MARITZA PEREZ CRUZ.<\/p><p>9.7\u00a0 \u00a0 ANGELINA CASTILLO PEREZ.<\/p>\t\t\t\t\t\t\t\t<\/div>\n\t\t\t\t<\/div>\n\t\t\t\t\t<\/div>\n\t\t<\/div>\n\t\t\t\t\t<\/div>\n\t\t<\/section>\n\t\t\t\t<section class=\"elementor-section elementor-top-section elementor-element elementor-element-5850558 elementor-section-boxed elementor-section-height-default elementor-section-height-default\" data-id=\"5850558\" data-element_type=\"section\" data-e-type=\"section\">\n\t\t\t\t\t\t<div class=\"elementor-container elementor-column-gap-default\">\n\t\t\t\t\t<div class=\"elementor-column elementor-col-100 elementor-top-column elementor-element elementor-element-dae8b1d\" data-id=\"dae8b1d\" data-element_type=\"column\" data-e-type=\"column\">\n\t\t\t<div class=\"elementor-widget-wrap elementor-element-populated\">\n\t\t\t\t\t\t<div class=\"elementor-element elementor-element-b027186 elementor-widget elementor-widget-text-editor\" data-id=\"b027186\" data-element_type=\"widget\" data-e-type=\"widget\" data-widget_type=\"text-editor.default\">\n\t\t\t\t<div class=\"elementor-widget-container\">\n\t\t\t\t\t\t\t\t\t<p><span style=\"font-family: var( --e-global-typography-text-font-family ), Sans-serif; font-weight: var( --e-global-typography-text-font-weight );\">Semestre: Cuarto.<\/span><\/p><p><strong>Estudiantes:\u00a0<\/strong><\/p><p>9.7\u00a0 \u00a0 LUZ MARIA TEPACH CHAPOL.<\/p><p>9.6\u00a0 \u00a0 \u00a0ALVARO MARTINEZ HERNANDES.<\/p>\t\t\t\t\t\t\t\t<\/div>\n\t\t\t\t<\/div>\n\t\t\t\t\t<\/div>\n\t\t<\/div>\n\t\t\t\t\t<\/div>\n\t\t<\/section>\n\t\t\t\t<section class=\"elementor-section elementor-top-section elementor-element elementor-element-f477790 elementor-section-boxed elementor-section-height-default elementor-section-height-default\" data-id=\"f477790\" data-element_type=\"section\" data-e-type=\"section\">\n\t\t\t\t\t\t<div class=\"elementor-container elementor-column-gap-default\">\n\t\t\t\t\t<div class=\"elementor-column elementor-col-100 elementor-top-column elementor-element elementor-element-96afa9a\" data-id=\"96afa9a\" data-element_type=\"column\" data-e-type=\"column\">\n\t\t\t<div class=\"elementor-widget-wrap elementor-element-populated\">\n\t\t\t\t\t\t<div class=\"elementor-element elementor-element-a48a8cf elementor-widget elementor-widget-text-editor\" data-id=\"a48a8cf\" data-element_type=\"widget\" data-e-type=\"widget\" data-widget_type=\"text-editor.default\">\n\t\t\t\t<div class=\"elementor-widget-container\">\n\t\t\t\t\t\t\t\t\t<p>Instituci\u00f3n: Instituto Universitario Antequera de Oaxaca.<br \/>Ciclo Escolar: julio &#8211; diciembre 2024.<\/p><p>Plan de estudios: Especilidad en Intervenci\u00f3n Pedag\u00f3gica en el Lenguaje.<br \/>Modalidad: No Escolarizada.<br \/>Semestre: Primero.<\/p><p><strong>Estudiantes:\u00a0<\/strong><\/p><p>9.9\u00a0 \u00a0 BERENICE MARTINEZ CARTAGENA.<\/p><p>9.7\u00a0 \u00a0 BRENDA MARIA LEYVA MORA.<\/p><p>9.6\u00a0 \u00a0 BLANCA ELENA RUIZ ZARATE.<\/p><p>9.6\u00a0 \u00a0 KARLA CONCEPCI\u00d3N SANCHEZ GARCIA.<\/p>\t\t\t\t\t\t\t\t<\/div>\n\t\t\t\t<\/div>\n\t\t\t\t\t<\/div>\n\t\t<\/div>\n\t\t\t\t\t<\/div>\n\t\t<\/section>\n\t\t\t\t<section class=\"elementor-section elementor-top-section elementor-element elementor-element-7d9428f elementor-section-boxed elementor-section-height-default elementor-section-height-default\" data-id=\"7d9428f\" data-element_type=\"section\" data-e-type=\"section\">\n\t\t\t\t\t\t<div class=\"elementor-container elementor-column-gap-default\">\n\t\t\t\t\t<div class=\"elementor-column elementor-col-100 elementor-top-column elementor-element elementor-element-eaef52f\" data-id=\"eaef52f\" data-element_type=\"column\" data-e-type=\"column\">\n\t\t\t<div class=\"elementor-widget-wrap elementor-element-populated\">\n\t\t\t\t\t\t<div class=\"elementor-element elementor-element-5890a4a elementor-widget elementor-widget-text-editor\" data-id=\"5890a4a\" data-element_type=\"widget\" data-e-type=\"widget\" data-widget_type=\"text-editor.default\">\n\t\t\t\t<div class=\"elementor-widget-container\">\n\t\t\t\t\t\t\t\t\t<p><span style=\"font-family: var( --e-global-typography-text-font-family ), Sans-serif; font-weight: var( --e-global-typography-text-font-weight );\">Semestre: Segundo.<\/span><\/p>\n<p><strong>Estudiantes:&nbsp;<\/strong><\/p>\n<p>9.9&nbsp; &nbsp; EDUARDO ALEJANDRO RICO MARTINEZ.<\/p>\n<p>9.9&nbsp; &nbsp; MIRIAM BUENROSTRO LOPEZ.<\/p>\n<p>9.9&nbsp; &nbsp; VIRIDIANA GARCIA RODRIGUEZ.<\/p>\n<p>9.9&nbsp; &nbsp; IVONNE AVENDA\u00d1O GARCIA.<\/p>\n<p>9.7&nbsp; &nbsp; ELDA JIMENA DE JESUS HUERTA.<\/p>\n<p>9.7&nbsp; &nbsp; DIANA PALAFOX LINARES.<\/p>\n<p>9.6&nbsp; &nbsp; EVA MONICA RAMIREZ RAMIREZ.<\/p>\n<p>9.6&nbsp; &nbsp; ANGELICA PAOLA TORRES CHAGOYA.<\/p>\t\t\t\t\t\t\t\t<\/div>\n\t\t\t\t<\/div>\n\t\t\t\t\t<\/div>\n\t\t<\/div>\n\t\t\t\t\t<\/div>\n\t\t<\/section>\n\t\t\t\t<section class=\"elementor-section elementor-top-section elementor-element elementor-element-7f8089c elementor-section-boxed elementor-section-height-default elementor-section-height-default\" data-id=\"7f8089c\" data-element_type=\"section\" data-e-type=\"section\">\n\t\t\t\t\t\t<div class=\"elementor-container elementor-column-gap-default\">\n\t\t\t\t\t<div class=\"elementor-column elementor-col-100 elementor-top-column elementor-element elementor-element-731242c\" data-id=\"731242c\" data-element_type=\"column\" data-e-type=\"column\">\n\t\t\t<div class=\"elementor-widget-wrap elementor-element-populated\">\n\t\t\t\t\t\t<div class=\"elementor-element elementor-element-2ae72e8 elementor-widget elementor-widget-text-editor\" data-id=\"2ae72e8\" data-element_type=\"widget\" data-e-type=\"widget\" data-widget_type=\"text-editor.default\">\n\t\t\t\t<div class=\"elementor-widget-container\">\n\t\t\t\t\t\t\t\t\t<p>Instituci\u00f3n: Instituto Universitario Antequera de Oaxaca.<br \/>Ciclo Escolar: julio &#8211; diciembre 2024.<\/p><p>Plan de estudios: Especilidad en Docencia<br \/>Modalidad: No Escolarizada.<br \/>Semestre: Primero.<\/p><p><strong>Estudiantes:\u00a0<\/strong><\/p><p>10\u00a0 \u00a0 \u00a0EDITH HIPOLITO BERNABE.<\/p><p>10\u00a0 \u00a0 \u00a0ALEJANDRA RIOS SANCHEZ.<\/p><p>9.9\u00a0 \u00a0 ELISEO CRUZ AGUILAR.<\/p><p>9.9\u00a0 \u00a0 AUREA HAIDELY ALALUF TENORIO<\/p><p>9.8\u00a0 \u00a0 YESENIA MEDRANO CALIXTO.<\/p><p>9.6\u00a0 \u00a0 LUBIA ARACELY OCA\u00d1A DORATES.<\/p>\t\t\t\t\t\t\t\t<\/div>\n\t\t\t\t<\/div>\n\t\t\t\t\t<\/div>\n\t\t<\/div>\n\t\t\t\t\t<\/div>\n\t\t<\/section>\n\t\t\t\t<section class=\"elementor-section elementor-top-section elementor-element elementor-element-b95ee1e elementor-section-boxed elementor-section-height-default elementor-section-height-default\" data-id=\"b95ee1e\" data-element_type=\"section\" data-e-type=\"section\">\n\t\t\t\t\t\t<div class=\"elementor-container elementor-column-gap-default\">\n\t\t\t\t\t<div class=\"elementor-column elementor-col-100 elementor-top-column elementor-element elementor-element-86e4002\" data-id=\"86e4002\" data-element_type=\"column\" data-e-type=\"column\">\n\t\t\t<div class=\"elementor-widget-wrap elementor-element-populated\">\n\t\t\t\t\t\t<div class=\"elementor-element elementor-element-be665e7 elementor-widget__width-initial elementor-widget elementor-widget-text-editor\" data-id=\"be665e7\" data-element_type=\"widget\" data-e-type=\"widget\" data-widget_type=\"text-editor.default\">\n\t\t\t\t<div class=\"elementor-widget-container\">\n\t\t\t\t\t\t\t\t\t<p><span style=\"font-family: var( --e-global-typography-text-font-family ), Sans-serif; font-weight: var( --e-global-typography-text-font-weight );\">Semestre: Segundo.<\/span><\/p><p><strong>Estudiantes:\u00a0<\/strong><\/p><p>10\u00a0 \u00a0 ALEJANDRO TOVAR GONZALEZ.<\/p><p>10\u00a0 \u00a0 LORENA CARBALLIDO ORTIZ<span style=\"font-family: var( --e-global-typography-text-font-family ), Sans-serif; font-weight: var( --e-global-typography-text-font-weight );\">.<\/span><\/p>\t\t\t\t\t\t\t\t<\/div>\n\t\t\t\t<\/div>\n\t\t\t\t\t<\/div>\n\t\t<\/div>\n\t\t\t\t\t<\/div>\n\t\t<\/section>\n\t\t\t\t<section class=\"elementor-section elementor-top-section elementor-element elementor-element-a867d19 elementor-section-boxed elementor-section-height-default elementor-section-height-default\" data-id=\"a867d19\" data-element_type=\"section\" data-e-type=\"section\">\n\t\t\t\t\t\t<div class=\"elementor-container elementor-column-gap-default\">\n\t\t\t\t\t<div class=\"elementor-column elementor-col-100 elementor-top-column elementor-element elementor-element-3d973b9\" data-id=\"3d973b9\" data-element_type=\"column\" data-e-type=\"column\">\n\t\t\t<div class=\"elementor-widget-wrap elementor-element-populated\">\n\t\t\t\t\t\t<div class=\"elementor-element elementor-element-2a64d3f elementor-widget elementor-widget-text-editor\" data-id=\"2a64d3f\" data-element_type=\"widget\" data-e-type=\"widget\" data-widget_type=\"text-editor.default\">\n\t\t\t\t<div class=\"elementor-widget-container\">\n\t\t\t\t\t\t\t\t\t<p>Instituci\u00f3n: Instituto Universitario Antequera de Oaxaca.<br \/>Ciclo Escolar: julio &#8211; diciembre 2024.<\/p><p>Plan de estudios: Licenciatura en Pedagog\u00eda<br \/>Modalidad: Mixta.<br \/>Semestre: Primero.<\/p><p><strong>Estudiantes:\u00a0<\/strong><\/p><p>9.7\u00a0 \u00a0 TZABOJY AUREA RODRIGUEZ MARZQUEZ.<\/p><p>9.6\u00a0 \u00a0 MADSA ROCIO RODRIGUEZ MARQUEZ.<\/p>\t\t\t\t\t\t\t\t<\/div>\n\t\t\t\t<\/div>\n\t\t\t\t\t<\/div>\n\t\t<\/div>\n\t\t\t\t\t<\/div>\n\t\t<\/section>\n\t\t\t\t<section class=\"elementor-section elementor-top-section elementor-element elementor-element-3f46d30 elementor-section-boxed elementor-section-height-default elementor-section-height-default\" data-id=\"3f46d30\" data-element_type=\"section\" data-e-type=\"section\">\n\t\t\t\t\t\t<div class=\"elementor-container elementor-column-gap-default\">\n\t\t\t\t\t<div class=\"elementor-column elementor-col-100 elementor-top-column elementor-element elementor-element-c12d41a\" data-id=\"c12d41a\" data-element_type=\"column\" data-e-type=\"column\">\n\t\t\t<div class=\"elementor-widget-wrap elementor-element-populated\">\n\t\t\t\t\t\t<div class=\"elementor-element elementor-element-af671bc elementor-widget__width-initial elementor-widget elementor-widget-text-editor\" data-id=\"af671bc\" data-element_type=\"widget\" data-e-type=\"widget\" data-widget_type=\"text-editor.default\">\n\t\t\t\t<div class=\"elementor-widget-container\">\n\t\t\t\t\t\t\t\t\t<p><span style=\"font-family: var( --e-global-typography-text-font-family ), Sans-serif; font-weight: var( --e-global-typography-text-font-weight );\">Semestre: Segundo.<\/span><\/p>\n<p><strong>Estudiantes:&nbsp;<\/strong><\/p>\n<p>9.6&nbsp; &nbsp; FERNANDA PATRICIA FRANCO REYES.<\/p>\t\t\t\t\t\t\t\t<\/div>\n\t\t\t\t<\/div>\n\t\t\t\t\t<\/div>\n\t\t<\/div>\n\t\t\t\t\t<\/div>\n\t\t<\/section>\n\t\t\t\t<\/div>\n\t\t","protected":false},"excerpt":{"rendered":"<p>CEREMON\u00cdA DE INAUGURACI\u00d3N CICLO ESCOLAR ENERO-JUNIO 2025 Reconocimiento al M\u00e9rito Acad\u00e9mico Instituci\u00f3n: Instituto Universitario Antequera de Oaxaca.Ciclo Escolar: julio &#8211; diciembre 2024. Plan de estudios: Doctorado en Pedagog\u00eda.Modalidad:\u00a0Escolarizada.Semestre: Quinto. Estudiantes:\u00a0 9.8\u00a0 \u00a0 CLEMENTE ANTONIO ORTEGA VILLAGRAN. Instituci\u00f3n: Instituto Universitario Antequera de Oaxaca.Ciclo Escolar: julio &#8211; diciembre 2024. Plan de estudios: <a class=\"read-more\" href=\"https:\/\/institutounao.com.mx\/index.php\/se25-9-reconocimiento-al-merito-academico-ciclo-escolar-julio-diciembre-202\/\">Read More&#8230;<\/a><\/p>\n","protected":false},"author":1,"featured_media":0,"parent":0,"menu_order":0,"comment_status":"closed","ping_status":"closed","template":"","meta":{"_joinchat":[],"footnotes":""},"class_list":["post-9849","page","type-page","status-publish","hentry"],"jetpack_sharing_enabled":true,"_links":{"self":[{"href":"https:\/\/institutounao.com.mx\/index.php\/wp-json\/wp\/v2\/pages\/9849","targetHints":{"allow":["GET"]}}],"collection":[{"href":"https:\/\/institutounao.com.mx\/index.php\/wp-json\/wp\/v2\/pages"}],"about":[{"href":"https:\/\/institutounao.com.mx\/index.php\/wp-json\/wp\/v2\/types\/page"}],"author":[{"embeddable":true,"href":"https:\/\/institutounao.com.mx\/index.php\/wp-json\/wp\/v2\/users\/1"}],"replies":[{"embeddable":true,"href":"https:\/\/institutounao.com.mx\/index.php\/wp-json\/wp\/v2\/comments?post=9849"}],"version-history":[{"count":15,"href":"https:\/\/institutounao.com.mx\/index.php\/wp-json\/wp\/v2\/pages\/9849\/revisions"}],"predecessor-version":[{"id":10004,"href":"https:\/\/institutounao.com.mx\/index.php\/wp-json\/wp\/v2\/pages\/9849\/revisions\/10004"}],"wp:attachment":[{"href":"https:\/\/institutounao.com.mx\/index.php\/wp-json\/wp\/v2\/media?parent=9849"}],"curies":[{"name":"wp","href":"https:\/\/api.w.org\/{rel}","templated":true}]}}