{"id":9711,"date":"2025-01-30T22:19:56","date_gmt":"2025-01-30T22:19:56","guid":{"rendered":"https:\/\/institutounao.com.mx\/?page_id=9711"},"modified":"2025-02-18T17:25:47","modified_gmt":"2025-02-18T17:25:47","slug":"ecp25-51-diplomado-metodos-de-ensenanza-para-la-adquisicion-de-la-lectura-y-escritura","status":"publish","type":"page","link":"https:\/\/institutounao.com.mx\/index.php\/ecp25-51-diplomado-metodos-de-ensenanza-para-la-adquisicion-de-la-lectura-y-escritura\/","title":{"rendered":"ECP25.51 DIPLOMADO M\u00c9TODOS DE  ENSE\u00d1ANZA PARA LA ADQUISICI\u00d3N DE LA LECTURA Y ESCRITURA"},"content":{"rendered":"\t\t<div data-elementor-type=\"wp-page\" data-elementor-id=\"9711\" class=\"elementor elementor-9711\">\n\t\t\t\t\t\t<section class=\"elementor-section elementor-top-section elementor-element elementor-element-0c008b7 elementor-section-boxed elementor-section-height-default elementor-section-height-default\" data-id=\"0c008b7\" data-element_type=\"section\" data-e-type=\"section\">\n\t\t\t\t\t\t<div class=\"elementor-container elementor-column-gap-default\">\n\t\t\t\t\t<div class=\"elementor-column elementor-col-100 elementor-top-column elementor-element elementor-element-8b14482\" data-id=\"8b14482\" data-element_type=\"column\" data-e-type=\"column\">\n\t\t\t<div class=\"elementor-widget-wrap elementor-element-populated\">\n\t\t\t\t\t\t<div class=\"elementor-element elementor-element-2bb6dc1 elementor-widget elementor-widget-heading\" data-id=\"2bb6dc1\" data-element_type=\"widget\" data-e-type=\"widget\" data-widget_type=\"heading.default\">\n\t\t\t\t<div class=\"elementor-widget-container\">\n\t\t\t\t\t<h4 class=\"elementor-heading-title elementor-size-default\">DIPLOMADO M\u00c9TODOS DE  ENSE\u00d1ANZA PARA LA ADQUISICI\u00d3N DE LA LECTURA Y ESCRITURA.<\/h4>\t\t\t\t<\/div>\n\t\t\t\t<\/div>\n\t\t\t\t\t<\/div>\n\t\t<\/div>\n\t\t\t\t\t<\/div>\n\t\t<\/section>\n\t\t\t\t<section class=\"elementor-section elementor-top-section elementor-element elementor-element-631bf30 elementor-section-boxed elementor-section-height-default elementor-section-height-default\" data-id=\"631bf30\" data-element_type=\"section\" data-e-type=\"section\">\n\t\t\t\t\t\t<div class=\"elementor-container elementor-column-gap-default\">\n\t\t\t\t\t<div class=\"elementor-column elementor-col-100 elementor-top-column elementor-element elementor-element-2245229\" data-id=\"2245229\" data-element_type=\"column\" data-e-type=\"column\">\n\t\t\t<div class=\"elementor-widget-wrap elementor-element-populated\">\n\t\t\t\t\t\t<div class=\"elementor-element elementor-element-d3fd570 elementor-widget elementor-widget-text-editor\" data-id=\"d3fd570\" data-element_type=\"widget\" data-e-type=\"widget\" data-widget_type=\"text-editor.default\">\n\t\t\t\t<div class=\"elementor-widget-container\">\n\t\t\t\t\t\t\t\t\t<p style=\"text-align: center;\"><strong>Acreditaci\u00f3n de Actividades.<\/strong><\/p><p><b>Datos Generales:<\/b><\/p><p>Instituci\u00f3n: Instituto Universitario Antequera de Oaxaca.<br \/>Clave de Plantel: 20MSY0104Y.<br \/>Periodo: 03 de diciembre de 2024 al 04 de marzo de 2025.<br \/>Modalidad:\u00a0Virtual.<br \/>Horas lectivas: 120 horas lectivas.<br \/>Imparte: MTRA. VERONICA CAMACHO AVILA.<\/p><p><b>Participantes que acreditaron:\u00a0<\/b><\/p><ol><li>ALAYN ROBYSEL MARTINEZ CRUZ<\/li><li>ALEJANDRA ROMAN TORRIJOS<\/li><li>ANGEL DAVID SANCHEZ VALENCIA<\/li><li>ANGELICA MARTINEZ ORTEGA<\/li><li>CITLALI LAAYETZI LOPEZ SILVA<\/li><li>ERENDIRA AVILA PEREZ<\/li><li>ERIKA CUENCA SILVERIO<\/li><li>ESMERALDA GOMEZ VASQUEZ<\/li><li>FRANCISCA FIDELIA LOPEZ VERA<\/li><li>JORGE SOTO OCHOA<\/li><li>KARLA MARIA GARCIA ALBA<\/li><li>LUZ MARIA RODRIGUEZ VILLASE\u00d1OR<\/li><li>MARIA FLORES FLORES<\/li><li>MARIA YESENIA GOMEZ DE LA CRUZ<\/li><li>MARIBEL JIMENEZ RIOS<\/li><li>NORMA SANDRA CORTES CONTRERAS<\/li><li>ROSA MARIA ROMERO GARCIA<\/li><li>SELENE ANAHI LOPEZ HERNANDEZ<\/li><li>VERONICA IVONNE VASQUEZ RAMIREZ<\/li><li>ZAIRA RUBI REYES VASQUEZ<\/li><\/ol><p><b>\u00a0<\/b><\/p>\t\t\t\t\t\t\t\t<\/div>\n\t\t\t\t<\/div>\n\t\t\t\t\t<\/div>\n\t\t<\/div>\n\t\t\t\t\t<\/div>\n\t\t<\/section>\n\t\t\t\t<\/div>\n\t\t","protected":false},"excerpt":{"rendered":"<p>DIPLOMADO M\u00c9TODOS DE ENSE\u00d1ANZA PARA LA ADQUISICI\u00d3N DE LA LECTURA Y ESCRITURA. Acreditaci\u00f3n de Actividades. Datos Generales: Instituci\u00f3n: Instituto Universitario Antequera de Oaxaca.Clave de Plantel: 20MSY0104Y.Periodo: 03 de diciembre de 2024 al 04 de marzo de 2025.Modalidad:\u00a0Virtual.Horas lectivas: 120 horas lectivas.Imparte: MTRA. VERONICA CAMACHO AVILA. Participantes que acreditaron:\u00a0 ALAYN ROBYSEL <a class=\"read-more\" href=\"https:\/\/institutounao.com.mx\/index.php\/ecp25-51-diplomado-metodos-de-ensenanza-para-la-adquisicion-de-la-lectura-y-escritura\/\">Read More&#8230;<\/a><\/p>\n","protected":false},"author":1,"featured_media":0,"parent":0,"menu_order":0,"comment_status":"closed","ping_status":"closed","template":"","meta":{"_joinchat":[],"footnotes":""},"class_list":["post-9711","page","type-page","status-publish","hentry"],"jetpack_sharing_enabled":true,"_links":{"self":[{"href":"https:\/\/institutounao.com.mx\/index.php\/wp-json\/wp\/v2\/pages\/9711","targetHints":{"allow":["GET"]}}],"collection":[{"href":"https:\/\/institutounao.com.mx\/index.php\/wp-json\/wp\/v2\/pages"}],"about":[{"href":"https:\/\/institutounao.com.mx\/index.php\/wp-json\/wp\/v2\/types\/page"}],"author":[{"embeddable":true,"href":"https:\/\/institutounao.com.mx\/index.php\/wp-json\/wp\/v2\/users\/1"}],"replies":[{"embeddable":true,"href":"https:\/\/institutounao.com.mx\/index.php\/wp-json\/wp\/v2\/comments?post=9711"}],"version-history":[{"count":14,"href":"https:\/\/institutounao.com.mx\/index.php\/wp-json\/wp\/v2\/pages\/9711\/revisions"}],"predecessor-version":[{"id":9862,"href":"https:\/\/institutounao.com.mx\/index.php\/wp-json\/wp\/v2\/pages\/9711\/revisions\/9862"}],"wp:attachment":[{"href":"https:\/\/institutounao.com.mx\/index.php\/wp-json\/wp\/v2\/media?parent=9711"}],"curies":[{"name":"wp","href":"https:\/\/api.w.org\/{rel}","templated":true}]}}