{"id":9705,"date":"2025-01-30T22:12:49","date_gmt":"2025-01-30T22:12:49","guid":{"rendered":"https:\/\/institutounao.com.mx\/?page_id=9705"},"modified":"2025-03-14T23:39:07","modified_gmt":"2025-03-14T23:39:07","slug":"ecp25-50-encuentro-educacion-leer-y-escribir-el-mundo-transformando-realidades","status":"publish","type":"page","link":"https:\/\/institutounao.com.mx\/index.php\/ecp25-50-encuentro-educacion-leer-y-escribir-el-mundo-transformando-realidades\/","title":{"rendered":"ECP25.50 ENCUENTRO EDUCACI\u00d3N: LEER Y ESCRIBIR EL MUNDO, TRANSFORMANDO REALIDADES."},"content":{"rendered":"\t\t<div data-elementor-type=\"wp-page\" data-elementor-id=\"9705\" class=\"elementor elementor-9705\">\n\t\t\t\t\t\t<section class=\"elementor-section elementor-top-section elementor-element elementor-element-4bd48a9 elementor-section-boxed elementor-section-height-default elementor-section-height-default\" data-id=\"4bd48a9\" data-element_type=\"section\" data-e-type=\"section\">\n\t\t\t\t\t\t<div class=\"elementor-container elementor-column-gap-default\">\n\t\t\t\t\t<div class=\"elementor-column elementor-col-100 elementor-top-column elementor-element elementor-element-6625b41\" data-id=\"6625b41\" data-element_type=\"column\" data-e-type=\"column\">\n\t\t\t<div class=\"elementor-widget-wrap elementor-element-populated\">\n\t\t\t\t\t\t<div class=\"elementor-element elementor-element-9701298 elementor-widget elementor-widget-heading\" data-id=\"9701298\" data-element_type=\"widget\" data-e-type=\"widget\" data-widget_type=\"heading.default\">\n\t\t\t\t<div class=\"elementor-widget-container\">\n\t\t\t\t\t<h3 class=\"elementor-heading-title elementor-size-default\">ENCUENTRO DE EDUCACI\u00d3N: LEER Y ESCRIBIR EL MUNDO, TRANSFORMANDO REALIDADES.<\/h3>\t\t\t\t<\/div>\n\t\t\t\t<\/div>\n\t\t\t\t\t<\/div>\n\t\t<\/div>\n\t\t\t\t\t<\/div>\n\t\t<\/section>\n\t\t\t\t<section class=\"elementor-section elementor-top-section elementor-element elementor-element-5974a6e elementor-section-boxed elementor-section-height-default elementor-section-height-default\" data-id=\"5974a6e\" data-element_type=\"section\" data-e-type=\"section\">\n\t\t\t\t\t\t<div class=\"elementor-container elementor-column-gap-default\">\n\t\t\t\t\t<div class=\"elementor-column elementor-col-100 elementor-top-column elementor-element elementor-element-2431e01\" data-id=\"2431e01\" data-element_type=\"column\" data-e-type=\"column\">\n\t\t\t<div class=\"elementor-widget-wrap elementor-element-populated\">\n\t\t\t\t\t\t<div class=\"elementor-element elementor-element-a3965d6 elementor-widget elementor-widget-text-editor\" data-id=\"a3965d6\" data-element_type=\"widget\" data-e-type=\"widget\" data-widget_type=\"text-editor.default\">\n\t\t\t\t<div class=\"elementor-widget-container\">\n\t\t\t\t\t\t\t\t\t<p style=\"text-align: center;\"><strong>Acreditaci\u00f3n de Actividades.<\/strong><\/p><p><b>Datos Generales:<\/b><\/p><p>Instituci\u00f3n: Instituto Universitario Antequera de Oaxaca.<br \/>Clave de Plantel: 20MSY0104Y.<br \/>Periodo: 08 Y 09\u00a0 de marzo de 2025 .<br \/>Modalidad:\u00a0Virtual.<br \/>Horas lectivas: 20 horas lectivas.<\/p>\t\t\t\t\t\t\t\t<\/div>\n\t\t\t\t<\/div>\n\t\t\t\t\t<\/div>\n\t\t<\/div>\n\t\t\t\t\t<\/div>\n\t\t<\/section>\n\t\t\t\t<section class=\"elementor-section elementor-top-section elementor-element elementor-element-f8ffdc2 elementor-section-boxed elementor-section-height-default elementor-section-height-default\" data-id=\"f8ffdc2\" data-element_type=\"section\" data-e-type=\"section\">\n\t\t\t\t\t\t<div class=\"elementor-container elementor-column-gap-default\">\n\t\t\t\t\t<div class=\"elementor-column elementor-col-100 elementor-top-column elementor-element elementor-element-02c82bc\" data-id=\"02c82bc\" data-element_type=\"column\" data-e-type=\"column\">\n\t\t\t<div class=\"elementor-widget-wrap elementor-element-populated\">\n\t\t\t\t\t\t<div class=\"elementor-element elementor-element-9223fcc elementor-widget-divider--view-line elementor-widget elementor-widget-divider\" data-id=\"9223fcc\" data-element_type=\"widget\" data-e-type=\"widget\" data-widget_type=\"divider.default\">\n\t\t\t\t<div class=\"elementor-widget-container\">\n\t\t\t\t\t\t\t<div class=\"elementor-divider\">\n\t\t\t<span class=\"elementor-divider-separator\">\n\t\t\t\t\t\t<\/span>\n\t\t<\/div>\n\t\t\t\t\t\t<\/div>\n\t\t\t\t<\/div>\n\t\t\t\t\t<\/div>\n\t\t<\/div>\n\t\t\t\t\t<\/div>\n\t\t<\/section>\n\t\t\t\t<section class=\"elementor-section elementor-top-section elementor-element elementor-element-ec6b4c4 elementor-section-boxed elementor-section-height-default elementor-section-height-default\" data-id=\"ec6b4c4\" data-element_type=\"section\" data-e-type=\"section\">\n\t\t\t\t\t\t<div class=\"elementor-container elementor-column-gap-default\">\n\t\t\t\t\t<div class=\"elementor-column elementor-col-100 elementor-top-column elementor-element elementor-element-52a03e9\" data-id=\"52a03e9\" data-element_type=\"column\" data-e-type=\"column\">\n\t\t\t<div class=\"elementor-widget-wrap elementor-element-populated\">\n\t\t\t\t\t\t<div class=\"elementor-element elementor-element-2aa8a3d elementor-widget elementor-widget-text-editor\" data-id=\"2aa8a3d\" data-element_type=\"widget\" data-e-type=\"widget\" data-widget_type=\"text-editor.default\">\n\t\t\t\t<div class=\"elementor-widget-container\">\n\t\t\t\t\t\t\t\t\t<p><b>Ponentes:\u00a0<\/b><\/p><ul><li>MTRO. ENRIQUE LEPE GARCIA<\/li><li>DRA. EMMA HILDA ORTEGA RODRIGUEZ.<\/li><li>DR. GERMAN ABRAHAM BECERRA ROMERO<\/li><li>DRA. MARIA DEL ROSARIO BONILLA SANCHEZ.\u00a0<\/li><li>DR. ROBERTO ISIDRO PULIDO OCHOA.<\/li><\/ul><p><strong>Talleristas:<\/strong><\/p><ul><li>DRA. EDITH ELIZABETH AGUILAR MORALES.<\/li><li>LIC. GABRIELA RUBIELAS BARRIGA.<\/li><li>MTRO. JOSE ANIBAL OJEDA NU\u00d1EZ.<\/li><li>MTRA. MONICA ITANDEHUI RUIZ ZAVALA.<\/li><li>DR. ROBERTO ISIDRO PULIDO OCHOA.<\/li><\/ul>\t\t\t\t\t\t\t\t<\/div>\n\t\t\t\t<\/div>\n\t\t\t\t\t<\/div>\n\t\t<\/div>\n\t\t\t\t\t<\/div>\n\t\t<\/section>\n\t\t\t\t<section class=\"elementor-section elementor-top-section elementor-element elementor-element-d17530c elementor-section-boxed elementor-section-height-default elementor-section-height-default\" data-id=\"d17530c\" data-element_type=\"section\" data-e-type=\"section\">\n\t\t\t\t\t\t<div class=\"elementor-container elementor-column-gap-default\">\n\t\t\t\t\t<div class=\"elementor-column elementor-col-100 elementor-top-column elementor-element elementor-element-8a980a2\" data-id=\"8a980a2\" data-element_type=\"column\" data-e-type=\"column\">\n\t\t\t<div class=\"elementor-widget-wrap elementor-element-populated\">\n\t\t\t\t\t\t<div class=\"elementor-element elementor-element-27a7baf elementor-widget-divider--view-line elementor-widget elementor-widget-divider\" data-id=\"27a7baf\" data-element_type=\"widget\" data-e-type=\"widget\" data-widget_type=\"divider.default\">\n\t\t\t\t<div class=\"elementor-widget-container\">\n\t\t\t\t\t\t\t<div class=\"elementor-divider\">\n\t\t\t<span class=\"elementor-divider-separator\">\n\t\t\t\t\t\t<\/span>\n\t\t<\/div>\n\t\t\t\t\t\t<\/div>\n\t\t\t\t<\/div>\n\t\t\t\t\t<\/div>\n\t\t<\/div>\n\t\t\t\t\t<\/div>\n\t\t<\/section>\n\t\t\t\t<section class=\"elementor-section elementor-top-section elementor-element elementor-element-417f905 elementor-section-boxed elementor-section-height-default elementor-section-height-default\" data-id=\"417f905\" data-element_type=\"section\" data-e-type=\"section\">\n\t\t\t\t\t\t<div class=\"elementor-container elementor-column-gap-default\">\n\t\t\t\t\t<div class=\"elementor-column elementor-col-100 elementor-top-column elementor-element elementor-element-88c9c4b\" data-id=\"88c9c4b\" data-element_type=\"column\" data-e-type=\"column\">\n\t\t\t<div class=\"elementor-widget-wrap elementor-element-populated\">\n\t\t\t\t\t\t<div class=\"elementor-element elementor-element-f29e8b3 elementor-widget elementor-widget-text-editor\" data-id=\"f29e8b3\" data-element_type=\"widget\" data-e-type=\"widget\" data-widget_type=\"text-editor.default\">\n\t\t\t\t<div class=\"elementor-widget-container\">\n\t\t\t\t\t\t\t\t\t<p><b>Participantes que acreditaron:\u00a0<\/b><\/p><ol><li>ADRIANA ALEJANDRA MORENO MEDINA<\/li><li>ADRIANA ISABEL SOTO SILVA<\/li><li>AIDEE CRUZ LAZO<\/li><li>ALEJANDRA MORENO NIEVES<\/li><li>ALEJANDRA RIOS SANCHEZ<\/li><li>ALFREDO LUCIO VAZQUEZ<\/li><li>ALICIA SANTIAGO SANTOS<\/li><li>ALINA GONZALEZ TERAN<\/li><li>ALMA JULIETA REYES JIMENEZ<\/li><li>ALONDRA MERCADO LOMELI<\/li><li>ALONDRA VIDAL CRUZ<\/li><li>AMADO JERONIMO HERNANDEZ<\/li><li>AMANCIA RAMIREZ RAMIREZ<\/li><li>ANDREA MIZURY RAVELL SANCHEZ<\/li><li>ANGELA BETZABEL PEREZ GARCIA<\/li><li>ANGELICA PAOLA TORRES CHAGOYA<\/li><li>ANGELINA CASTILLO PEREZ<\/li><li>ANGELINA SOSA SALGADO<\/li><li>ARACELI VILLANUEVA GARCIA<\/li><li>ARIAGNA ITZEL CRUZ RAMOS<\/li><li>ASHLEY PAMELA VELAZQUEZ REYES<\/li><li>AUREA HAIDELY ALALUF TENORIO<\/li><li>AZUCENA BAUTISTA CUEVAS<\/li><li>BEATRIZ JIMENEZ LOPEZ<\/li><li>BIANEY PERDOMO LUNA<\/li><li>BRENDA MARIA LEYVA MORA<\/li><li>CARLOS AVI\u00d1A ZAMORA<\/li><li>CARMELA TORRES GARCIA<\/li><li>CAROLINA HERNANDEZ HERNANDEZ<\/li><li>CATALINA TORRES GALLEGOS<\/li><li>CECILIA ALFARO PARAMO<\/li><li>CINTHIA SARMIENTO MATUS<\/li><li>CITLALLI CASTILLO RUGERIO<\/li><li>CITLALLI DE JESUS FLORES<\/li><li>CLAUDIA RUIZ MARTINEZ<\/li><li>CRISTIAN DE JESUS ALVAREZ GARCIA<\/li><li>CYNTHIA GABRIELA CABREA AVILA<\/li><li>DANIEL REYES PINEDA<\/li><li>DANIELA ALEJANDRA LEAL VILLALVAZO<\/li><li>DEISY LIZZETH REYES PACHECO<\/li><li>DELIA SHELEM MARTINEZ RUIZ<\/li><li>DIANA ALEJANDRA AGUILAR ZAMUDIO<\/li><li>DIANA LAURA LARA LARA<\/li><li>DIANA LAURA ROMERO SANCHEZ<\/li><li>DIANA LAURA VILLEGAS SANTIAGO<\/li><li>DONNY ALBERTO CRUZ VASQUEZ<\/li><li>DULCE ISABELE MALDONADO HERNANDEZ<\/li><li>DYANEL BARRETO GONZALEZ SALCEDA<\/li><li>EDGAR EDUARDO GUTIERREZ ALCANTARA<\/li><li>EDGAR MORALES MEDINA<\/li><li>EDILTRUDIZ ACEVEDO BAUTISTA<\/li><li>EDITH HIPOLITO BERNABE<\/li><li>EDUARDO RAMIREZ GONZALEZ<\/li><li>ELAINE TURENA PEREZ BALTAZAR<\/li><li>ELISEO CRUZ AGUILAR<\/li><li>ELVIA ROMAN RIOS<\/li><li>ERIC PEREZ GARCIA<\/li><li>ERICK EMMANUEL RODRIGUEZ CRUZ<\/li><li>ERIKA BERNAL CHAVEZ<\/li><li>ERIKA GONZALEZ DE SALCEDA RAMIREZ<\/li><li>ESAU HERNANDEZ FRANCO<\/li><li>ESBEYDI ORTEGA SANTIAGO<\/li><li>ESTHER HERNANDEZ CRUZ<\/li><li>EUSEBIO ARELLANO ARO\u00d1A<\/li><li>EVELYN FERNANDA GARCIA ALBA<\/li><li>FABIOLA ALEJANDRA VAZQUEZ GOMEZ<\/li><li>FABIOLA CASTRO LOPEZ<\/li><li>FELIPE RAMIREZ LOPEZ<\/li><li>FERNANDA PATRICIA FRANCO REYES<\/li><li>GABRIELA GAITAN CHAMORRO<\/li><li>GABRIELA REYNA MORALES LOPEZ<\/li><li>GETSEMANI CUEVAS CRUZ<\/li><li>GETZABEL GOMES PAZ<\/li><li>GIBRAN ABELARDO LARA TURRUBIATES<\/li><li>GRECIA AGUILAR HERRERA<\/li><li>HERMELINDA GIL OSORIO<\/li><li>HOCHELI MARTINEZ MENDEZ<\/li><li>IRVING FLORES DIAZ<\/li><li>ISABEL ARENAS APARICIO<\/li><li>ITANDEHUI GARCIA AUDELO<\/li><li>ITZEL ALEXANDRA BELLO GUTIERREZ<\/li><li>ITZEL BERENICE RODRIGUEZ RODRIGUEZ<\/li><li>JACQUELINE LOPEZ RODRIGUEZ<\/li><li>JANETTE SERRANO PELAEZ<\/li><li>JEANETT KARINA GIRON GONZALEZ<\/li><li>JESICA SHANTAL ESPINOSA ARANGO<\/li><li>JOHANNA ALESSANDRA MARRUFO MOO<\/li><li>JORGE MIGUEL SILVA GARCIA<\/li><li>JOSE ANTONIO PEREZ RAMOS<\/li><li>JOSE MANUEL MARTINEZ CRUZ<\/li><li>JOSEFINA ROSARIO LOPEZ AGUILAR<\/li><li>JOVITA MORALES REYES<\/li><li>JUANA NALLELY SANCHEZ AYUSO<\/li><li>JUDITH ISABEL GARCIA GARCIA<\/li><li>JULIETA ESPINOSA ESPINOSA<\/li><li>KAREN DANIELA CRUZ QUERO<\/li><li>KARINA DOMINGUEZ PAZ<\/li><li>KARINA MEJIA SEGUNDO<\/li><li>KARINA SARAHI CASTA\u00d1EDA CASTILLO<\/li><li>KARINA WALESA CUEVAS ONOFRE<\/li><li>KARLA CONCEPCION SANCHEZ GARCIA<\/li><li>LAURA ELENA RODRIGUEZ BARRON<\/li><li>LAURA ESPINOSA CARRADA<\/li><li>LAURA JULISA GONZALEZ MARTINEZ<\/li><li>LAURA LIBIA GARCIA PAZ<\/li><li>LAURA LILIANA VAZQUEZ RODRIGUEZ<\/li><li>LILIA PATRICIA RUIZ RUIZ<\/li><li>LILIANA LOPEZ VASQUEZ<\/li><li>LIZBETH NAJERA MANCILLA<\/li><li>LUBIA ARACELY OCA\u00d1A DORANTES<\/li><li>LUIS ARTURO QUINTO CAMACHO<\/li><li>MADSA ROCIO RODRIGUEZ MARQUEZ<\/li><li>MAGDALENA SANCHEZ CRUZ<\/li><li>MANUEL HOMERO MONTES MU\u00d1OZ<\/li><li>MARCELA ROMO RIVERO<\/li><li>MARIA CONCEPCION VILLALBAZO ZEPEDA<\/li><li>MARIA DE LA LUZ NAVARRO FLORES<\/li><li>MARIA DEL SOL VAZQUEZ NIETO<\/li><li>MARIA ELENA ALCANTARA VARGAS<\/li><li>MARIA EUGENIA LARA CORTINA<\/li><li>MARIA FLORES FLORES<\/li><li>MARIA GUADALUPE DURAN SAN PEDRO<\/li><li>MARIA IRMA HERNANDEZ BARROSO<\/li><li>MARIA ISABEL FACHADA BARRANCO<\/li><li>MARIA ISABEL PEREZ CASTILLEJA<\/li><li>MARIA ONTIVEROS DZUL<\/li><li>MARIA SILVESTRE MACEDO ARROYO<\/li><li>MARIA TERESA REYES IBA\u00d1EZ<\/li><li>MARIA YESENIA GOMEZ DE LA CRUZ<\/li><li>MARIANA LEON CONTRERAS<\/li><li>MARITZA PEREZ CRUZ<\/li><li>MARTHA MARIA SIBAJA AVENDA\u00d1O<\/li><li>MARY ALICIA MORAN TORRES<\/li><li>MILCA ANDREA LIMON CRUZ<\/li><li>MIRELLA ITZEL RODRIGUEZ LEYTE<\/li><li>MIRIAM HERNANDEZ RAMIREZ<\/li><li>MONICA ELENA SANTOS CRUZ<\/li><li>MONICA HERNANDEZ CORTES<\/li><li>MONSERRAT MARTINEZ CASTILLO<\/li><li>NAIL ELENA PATRICIA ALVAREZ ARAGON<\/li><li>NAYELI BAUTISTA MARGARITO<\/li><li>NAYELY DEL ROSARIO LOPEZ DIAZ<\/li><li>NORMA FELIPE PEDRO<\/li><li>NORMA LISETH FRANK ALMARAZ<\/li><li>OLIVER RESENDIZ SANCHEZ<\/li><li>OLIVIA ELIZABETH MARTINEZ VILLAR<\/li><li>PATRICIA SOFIA ZAVALETA MARTINEZ<\/li><li>PAULA ANGELICA PACHECO CASTRO<\/li><li>PAULINA ORTEGA MOTA<\/li><li>RAQUEL SARAI SALAZAR RUIZ<\/li><li>ROCIO ANGELES CRUZ ROMERO<\/li><li>ROCIO YANED CANO GARCIA<\/li><li>ROSA MARIA GOMEZ QUIROZ<\/li><li>SERAFINA MENDOZA REYES<\/li><li>SILVIA MARTINEZ HERNANDEZ<\/li><li>SINDY LUZANILLA CHAVEZ<\/li><li>TERESA LUZ GOMEZ GARCIA<\/li><li>TRACY MARIELA SALAZAR SIERRA<\/li><li>TZABOJY AUREA RODRIGUEZ MARQUEZ<\/li><li>VERONICA IVONNE VASQUEZ RAMIREZ<\/li><li>VERONICA MONFIL GARCIA<\/li><li>VIOLETA MARGARITA CRUZ CRUZ<\/li><li>YADIRA VILLEGAS ALVAREZ<\/li><li>YAHAIRA AURORA PALOMO MARIN<\/li><li>YESENIA MEDRANO CALIXTO<\/li><li>YURI MIAUATSIN HERNANDEZ HERNANDEZ<\/li><\/ol>\t\t\t\t\t\t\t\t<\/div>\n\t\t\t\t<\/div>\n\t\t\t\t\t<\/div>\n\t\t<\/div>\n\t\t\t\t\t<\/div>\n\t\t<\/section>\n\t\t\t\t<\/div>\n\t\t","protected":false},"excerpt":{"rendered":"<p>ENCUENTRO DE EDUCACI\u00d3N: LEER Y ESCRIBIR EL MUNDO, TRANSFORMANDO REALIDADES. Acreditaci\u00f3n de Actividades. Datos Generales: Instituci\u00f3n: Instituto Universitario Antequera de Oaxaca.Clave de Plantel: 20MSY0104Y.Periodo: 08 Y 09\u00a0 de marzo de 2025 .Modalidad:\u00a0Virtual.Horas lectivas: 20 horas lectivas. Ponentes:\u00a0 MTRO. ENRIQUE LEPE GARCIA DRA. EMMA HILDA ORTEGA RODRIGUEZ. DR. GERMAN ABRAHAM BECERRA <a class=\"read-more\" href=\"https:\/\/institutounao.com.mx\/index.php\/ecp25-50-encuentro-educacion-leer-y-escribir-el-mundo-transformando-realidades\/\">Read More&#8230;<\/a><\/p>\n","protected":false},"author":1,"featured_media":0,"parent":0,"menu_order":0,"comment_status":"closed","ping_status":"closed","template":"","meta":{"_joinchat":[],"footnotes":""},"class_list":["post-9705","page","type-page","status-publish","hentry"],"jetpack_sharing_enabled":true,"_links":{"self":[{"href":"https:\/\/institutounao.com.mx\/index.php\/wp-json\/wp\/v2\/pages\/9705","targetHints":{"allow":["GET"]}}],"collection":[{"href":"https:\/\/institutounao.com.mx\/index.php\/wp-json\/wp\/v2\/pages"}],"about":[{"href":"https:\/\/institutounao.com.mx\/index.php\/wp-json\/wp\/v2\/types\/page"}],"author":[{"embeddable":true,"href":"https:\/\/institutounao.com.mx\/index.php\/wp-json\/wp\/v2\/users\/1"}],"replies":[{"embeddable":true,"href":"https:\/\/institutounao.com.mx\/index.php\/wp-json\/wp\/v2\/comments?post=9705"}],"version-history":[{"count":20,"href":"https:\/\/institutounao.com.mx\/index.php\/wp-json\/wp\/v2\/pages\/9705\/revisions"}],"predecessor-version":[{"id":9977,"href":"https:\/\/institutounao.com.mx\/index.php\/wp-json\/wp\/v2\/pages\/9705\/revisions\/9977"}],"wp:attachment":[{"href":"https:\/\/institutounao.com.mx\/index.php\/wp-json\/wp\/v2\/media?parent=9705"}],"curies":[{"name":"wp","href":"https:\/\/api.w.org\/{rel}","templated":true}]}}