{"id":9694,"date":"2025-01-30T22:03:06","date_gmt":"2025-01-30T22:03:06","guid":{"rendered":"https:\/\/institutounao.com.mx\/?page_id=9694"},"modified":"2025-03-02T18:25:07","modified_gmt":"2025-03-02T18:25:07","slug":"ecp25-48-taller-pedagogico-motricidad-fina-etapas-del-agarre-del-lapiz","status":"publish","type":"page","link":"https:\/\/institutounao.com.mx\/index.php\/ecp25-48-taller-pedagogico-motricidad-fina-etapas-del-agarre-del-lapiz\/","title":{"rendered":"ECP25.48 TALLER PEDAG\u00d3GICO MOTRICIDAD FINA: ETAPAS DEL AGARRE DEL L\u00c1PIZ."},"content":{"rendered":"\t\t<div data-elementor-type=\"wp-page\" data-elementor-id=\"9694\" class=\"elementor elementor-9694\">\n\t\t\t\t\t\t<section class=\"elementor-section elementor-top-section elementor-element elementor-element-654532c elementor-section-boxed elementor-section-height-default elementor-section-height-default\" data-id=\"654532c\" data-element_type=\"section\" data-e-type=\"section\">\n\t\t\t\t\t\t<div class=\"elementor-container elementor-column-gap-default\">\n\t\t\t\t\t<div class=\"elementor-column elementor-col-100 elementor-top-column elementor-element elementor-element-c21b605\" data-id=\"c21b605\" data-element_type=\"column\" data-e-type=\"column\">\n\t\t\t<div class=\"elementor-widget-wrap elementor-element-populated\">\n\t\t\t\t\t\t<div class=\"elementor-element elementor-element-5998d48 elementor-widget elementor-widget-heading\" data-id=\"5998d48\" data-element_type=\"widget\" data-e-type=\"widget\" data-widget_type=\"heading.default\">\n\t\t\t\t<div class=\"elementor-widget-container\">\n\t\t\t\t\t<h4 class=\"elementor-heading-title elementor-size-default\">TALLER PEDAG\u00d3GICO MOTRICIDAD FINA: ETAPAS DEL AGARRE DEL L\u00c1PIZ.<\/h4>\t\t\t\t<\/div>\n\t\t\t\t<\/div>\n\t\t\t\t\t<\/div>\n\t\t<\/div>\n\t\t\t\t\t<\/div>\n\t\t<\/section>\n\t\t\t\t<section class=\"elementor-section elementor-top-section elementor-element elementor-element-bfc0fe1 elementor-section-boxed elementor-section-height-default elementor-section-height-default\" data-id=\"bfc0fe1\" data-element_type=\"section\" data-e-type=\"section\">\n\t\t\t\t\t\t<div class=\"elementor-container elementor-column-gap-default\">\n\t\t\t\t\t<div class=\"elementor-column elementor-col-100 elementor-top-column elementor-element elementor-element-423aaf1\" data-id=\"423aaf1\" data-element_type=\"column\" data-e-type=\"column\">\n\t\t\t<div class=\"elementor-widget-wrap elementor-element-populated\">\n\t\t\t\t\t\t<div class=\"elementor-element elementor-element-664fe5f elementor-widget elementor-widget-text-editor\" data-id=\"664fe5f\" data-element_type=\"widget\" data-e-type=\"widget\" data-widget_type=\"text-editor.default\">\n\t\t\t\t<div class=\"elementor-widget-container\">\n\t\t\t\t\t\t\t\t\t<p style=\"text-align: center;\"><strong>Acreditaci\u00f3n de Actividades.<\/strong><\/p><p><b>Datos Generales:<\/b><\/p><p>Instituci\u00f3n: Instituto Universitario Antequera de Oaxaca.<br \/>Clave de Plantel: 20MSY0104Y.<br \/>Periodo: 01 de marzo de 2025 .<br \/>Modalidad:\u00a0Virtual.<br \/>Horas lectivas:\u00a010 horas lectivas.<br \/>Imparte: MTRA. VERONICA CAMACHO AVILA<\/p><p><b>Participantes que acreditaron:\u00a0<\/b><\/p><ol><li>ADRIANA PALMA CASAS<\/li><li>ALEJANDRO ZU\u00d1IGA MANZANO<\/li><li>ANA ITZEL SANTILLAN PAZARAN<\/li><li>ANA MARIA MORENO LUNA<\/li><li>ANGELICA MARTINEZ ORTEGA<\/li><li>ARANZA MICHELLE LOPEZ NU\u00d1EZ<\/li><li>CLAUDIA ESPERANZA BALDERRABANO LOPEZ<\/li><li>CYNTHIA NICOLE MARTINEZ CORTES<\/li><li>DIANA ALEJANDRA AGUILAR ZAMUDIO<\/li><li>EDILTRUDIZ ACEVEDO BAUTISTA<\/li><li>ERIKA NOHEMI ISLAS GUERRERO<\/li><li>FERNANDA GUADALUPE ALDANA GUERRERO<\/li><li>GEORGINA CONCEPCION VELAZQUEZ BAEZA<\/li><li>GLENDA LISSETTE JUAREZ CABALLERO<\/li><li>GUADALUPE SANCHEZ ROSARIO<\/li><li>JULIA ARCELIA VELAZQUEZ SANCHEZ<\/li><li>JULIETA VIRIDIANA VELEZ DE LA CRUZ<\/li><li>LUIS FELIPE MEJIA CRUZ<\/li><li>LUZ MARIA RODRIGUEZ VILLASE\u00d1OR<\/li><li>MA. DE SAN JUAN GONZALEZ CRUZ<\/li><li>MARIA GUADALUPE BECERRA ESCOBEDO<\/li><li>MARIA ISABEL CAROLINA MEDINA RODRIGUEZ<\/li><li>MARIA JULIA CRUZ CABRERA<\/li><li>MARIA LILIA BUENO GONZALEZ<\/li><li>MARIA TERESA HERNANDEZ MENDEZ<\/li><li>MONICA HERNANDEZ CORTES<\/li><li>MONTSERRAT FINKENTHAL QUEVEDO<\/li><li>NIDIA JAZMINA PICHARDO RUIZ<\/li><li>NORMA LISETH FRANK ALMARAZ<\/li><li>PAOLA LOPEZ GUADALUPE<\/li><li>SMIRNA FERNANDEZ SIFUENTES<\/li><li>SUSANA DEL CARMEN SANTIAGO GOMEZ<\/li><\/ol>\t\t\t\t\t\t\t\t<\/div>\n\t\t\t\t<\/div>\n\t\t\t\t\t<\/div>\n\t\t<\/div>\n\t\t\t\t\t<\/div>\n\t\t<\/section>\n\t\t\t\t<\/div>\n\t\t","protected":false},"excerpt":{"rendered":"<p>TALLER PEDAG\u00d3GICO MOTRICIDAD FINA: ETAPAS DEL AGARRE DEL L\u00c1PIZ. Acreditaci\u00f3n de Actividades. Datos Generales: Instituci\u00f3n: Instituto Universitario Antequera de Oaxaca.Clave de Plantel: 20MSY0104Y.Periodo: 01 de marzo de 2025 .Modalidad:\u00a0Virtual.Horas lectivas:\u00a010 horas lectivas.Imparte: MTRA. VERONICA CAMACHO AVILA Participantes que acreditaron:\u00a0 ADRIANA PALMA CASAS ALEJANDRO ZU\u00d1IGA MANZANO ANA ITZEL SANTILLAN PAZARAN ANA <a class=\"read-more\" href=\"https:\/\/institutounao.com.mx\/index.php\/ecp25-48-taller-pedagogico-motricidad-fina-etapas-del-agarre-del-lapiz\/\">Read More&#8230;<\/a><\/p>\n","protected":false},"author":1,"featured_media":0,"parent":0,"menu_order":0,"comment_status":"closed","ping_status":"closed","template":"","meta":{"_joinchat":[],"footnotes":""},"class_list":["post-9694","page","type-page","status-publish","hentry"],"jetpack_sharing_enabled":true,"_links":{"self":[{"href":"https:\/\/institutounao.com.mx\/index.php\/wp-json\/wp\/v2\/pages\/9694","targetHints":{"allow":["GET"]}}],"collection":[{"href":"https:\/\/institutounao.com.mx\/index.php\/wp-json\/wp\/v2\/pages"}],"about":[{"href":"https:\/\/institutounao.com.mx\/index.php\/wp-json\/wp\/v2\/types\/page"}],"author":[{"embeddable":true,"href":"https:\/\/institutounao.com.mx\/index.php\/wp-json\/wp\/v2\/users\/1"}],"replies":[{"embeddable":true,"href":"https:\/\/institutounao.com.mx\/index.php\/wp-json\/wp\/v2\/comments?post=9694"}],"version-history":[{"count":12,"href":"https:\/\/institutounao.com.mx\/index.php\/wp-json\/wp\/v2\/pages\/9694\/revisions"}],"predecessor-version":[{"id":9894,"href":"https:\/\/institutounao.com.mx\/index.php\/wp-json\/wp\/v2\/pages\/9694\/revisions\/9894"}],"wp:attachment":[{"href":"https:\/\/institutounao.com.mx\/index.php\/wp-json\/wp\/v2\/media?parent=9694"}],"curies":[{"name":"wp","href":"https:\/\/api.w.org\/{rel}","templated":true}]}}