{"id":9675,"date":"2025-01-30T21:46:23","date_gmt":"2025-01-30T21:46:23","guid":{"rendered":"https:\/\/institutounao.com.mx\/?page_id=9675"},"modified":"2025-02-06T20:30:08","modified_gmt":"2025-02-06T20:30:08","slug":"ecp25-45-taller-pedagogico-estrategias-de-intervencion-en-el-habla-produccion-de-los-fonemas-k-g-j","status":"publish","type":"page","link":"https:\/\/institutounao.com.mx\/index.php\/ecp25-45-taller-pedagogico-estrategias-de-intervencion-en-el-habla-produccion-de-los-fonemas-k-g-j\/","title":{"rendered":"ECP25.45 TALLER PEDAG\u00d3GICO ESTRATEGIAS DE INTERVENCI\u00d3N EN EL HABLA: PRODUCCI\u00d3N DE LOS FONEMAS \/K\/, \/G\/, \/J\/."},"content":{"rendered":"\t\t<div data-elementor-type=\"wp-page\" data-elementor-id=\"9675\" class=\"elementor elementor-9675\">\n\t\t\t\t\t\t<section class=\"elementor-section elementor-top-section elementor-element elementor-element-5724c34 elementor-section-boxed elementor-section-height-default elementor-section-height-default\" data-id=\"5724c34\" data-element_type=\"section\" data-e-type=\"section\">\n\t\t\t\t\t\t<div class=\"elementor-container elementor-column-gap-default\">\n\t\t\t\t\t<div class=\"elementor-column elementor-col-100 elementor-top-column elementor-element elementor-element-4aed4f2\" data-id=\"4aed4f2\" data-element_type=\"column\" data-e-type=\"column\">\n\t\t\t<div class=\"elementor-widget-wrap elementor-element-populated\">\n\t\t\t\t\t\t<div class=\"elementor-element elementor-element-6063b25 elementor-widget elementor-widget-heading\" data-id=\"6063b25\" data-element_type=\"widget\" data-e-type=\"widget\" data-widget_type=\"heading.default\">\n\t\t\t\t<div class=\"elementor-widget-container\">\n\t\t\t\t\t<h4 class=\"elementor-heading-title elementor-size-default\">TALLER PEDAG\u00d3GICO ESTRATEGIAS DE INTERVENCI\u00d3N EN EL HABLA: PRODUCCI\u00d3N DE LOS FONEMAS \/K\/, \/G\/, \/J\/.<\/h4>\t\t\t\t<\/div>\n\t\t\t\t<\/div>\n\t\t\t\t\t<\/div>\n\t\t<\/div>\n\t\t\t\t\t<\/div>\n\t\t<\/section>\n\t\t\t\t<section class=\"elementor-section elementor-top-section elementor-element elementor-element-23ef0db elementor-section-boxed elementor-section-height-default elementor-section-height-default\" data-id=\"23ef0db\" data-element_type=\"section\" data-e-type=\"section\">\n\t\t\t\t\t\t<div class=\"elementor-container elementor-column-gap-default\">\n\t\t\t\t\t<div class=\"elementor-column elementor-col-100 elementor-top-column elementor-element elementor-element-1b2def4\" data-id=\"1b2def4\" data-element_type=\"column\" data-e-type=\"column\">\n\t\t\t<div class=\"elementor-widget-wrap elementor-element-populated\">\n\t\t\t\t\t\t<div class=\"elementor-element elementor-element-1dc123b elementor-widget elementor-widget-text-editor\" data-id=\"1dc123b\" data-element_type=\"widget\" data-e-type=\"widget\" data-widget_type=\"text-editor.default\">\n\t\t\t\t<div class=\"elementor-widget-container\">\n\t\t\t\t\t\t\t\t\t<p style=\"text-align: center;\"><strong>Acreditaci\u00f3n de Actividades.<\/strong><\/p><p><b>Datos Generales:<\/b><\/p><p>Instituci\u00f3n: Instituto Universitario Antequera de Oaxaca.<br \/>Clave de Plantel: 20MSY0104Y.<br \/>Periodo: 4 y 5 de febrero de 2025 .<br \/>Modalidad:\u00a0Virtual.<br \/>Horas lectivas:\u00a010 horas lectivas.<br \/>Imparte: DRA. LETICIA LOPEZ ESPA\u00d1A.<\/p><p><b>Participantes que acreditaron:\u00a0<\/b><\/p><ol><li>ADRIANA FUENTES RAMIREZ<\/li><li>ALMA JULIETA REYES JIMENEZ<\/li><li>ANGELICA POALA TORRES CHAYOGA<\/li><li>AZUCENA BAUTISTA CUEVAS<\/li><li>BEATRIZ MONTALVO NU\u00d1EZ<\/li><li>CLAUDIA PATRICIA HEIMPEL BOYOLI<\/li><li>ELIZABETH GUADALUPE GARCIA CARVAJAL<\/li><li>ENRIQUE GARCIA RODRIGUEZ<\/li><li>FABIOLA ALEJANDRA VAZQUEZ GOMEZ<\/li><li>FERNANDA SOFIA BOJORQUEZ BOJORQUEZ<\/li><li>GEORGINA CONCEPCION VELAZQUEZ BAEZA<\/li><li>JENNIFER GUADALUPE LOPEZ ONTIVEROS<\/li><li>JORGE SOTO OCHOA<\/li><li>JOSE LUIS DUARTE AYON<\/li><li>JOSEFA SANDRA LOPEZ SALAZAR<\/li><li>LAURA ALLENDE HERNANDEZ<\/li><li>MANUEL ANTONIO RUIZ MENDEZ<\/li><li>MARIA ADELINA TORRES MEZA<\/li><li>MARIA GUADALUPE LIZARRAGA VILLANAZUL<\/li><li>MARIE FRANCE PRRREAU CANSECO<\/li><li>NORA DAYSY SANTIAGO ALVARADO<\/li><li>PERLA NOEMI GJUMLICH ESPINOSA<\/li><li>VIOLETA MARGARITA CRUZ CRUZ<\/li><\/ol>\t\t\t\t\t\t\t\t<\/div>\n\t\t\t\t<\/div>\n\t\t\t\t\t<\/div>\n\t\t<\/div>\n\t\t\t\t\t<\/div>\n\t\t<\/section>\n\t\t\t\t<\/div>\n\t\t","protected":false},"excerpt":{"rendered":"<p>TALLER PEDAG\u00d3GICO ESTRATEGIAS DE INTERVENCI\u00d3N EN EL HABLA: PRODUCCI\u00d3N DE LOS FONEMAS \/K\/, \/G\/, \/J\/. Acreditaci\u00f3n de Actividades. Datos Generales: Instituci\u00f3n: Instituto Universitario Antequera de Oaxaca.Clave de Plantel: 20MSY0104Y.Periodo: 4 y 5 de febrero de 2025 .Modalidad:\u00a0Virtual.Horas lectivas:\u00a010 horas lectivas.Imparte: DRA. LETICIA LOPEZ ESPA\u00d1A. Participantes que acreditaron:\u00a0 ADRIANA FUENTES RAMIREZ <a class=\"read-more\" href=\"https:\/\/institutounao.com.mx\/index.php\/ecp25-45-taller-pedagogico-estrategias-de-intervencion-en-el-habla-produccion-de-los-fonemas-k-g-j\/\">Read More&#8230;<\/a><\/p>\n","protected":false},"author":1,"featured_media":0,"parent":0,"menu_order":0,"comment_status":"closed","ping_status":"closed","template":"","meta":{"_joinchat":[],"footnotes":""},"class_list":["post-9675","page","type-page","status-publish","hentry"],"jetpack_sharing_enabled":true,"_links":{"self":[{"href":"https:\/\/institutounao.com.mx\/index.php\/wp-json\/wp\/v2\/pages\/9675","targetHints":{"allow":["GET"]}}],"collection":[{"href":"https:\/\/institutounao.com.mx\/index.php\/wp-json\/wp\/v2\/pages"}],"about":[{"href":"https:\/\/institutounao.com.mx\/index.php\/wp-json\/wp\/v2\/types\/page"}],"author":[{"embeddable":true,"href":"https:\/\/institutounao.com.mx\/index.php\/wp-json\/wp\/v2\/users\/1"}],"replies":[{"embeddable":true,"href":"https:\/\/institutounao.com.mx\/index.php\/wp-json\/wp\/v2\/comments?post=9675"}],"version-history":[{"count":11,"href":"https:\/\/institutounao.com.mx\/index.php\/wp-json\/wp\/v2\/pages\/9675\/revisions"}],"predecessor-version":[{"id":9815,"href":"https:\/\/institutounao.com.mx\/index.php\/wp-json\/wp\/v2\/pages\/9675\/revisions\/9815"}],"wp:attachment":[{"href":"https:\/\/institutounao.com.mx\/index.php\/wp-json\/wp\/v2\/media?parent=9675"}],"curies":[{"name":"wp","href":"https:\/\/api.w.org\/{rel}","templated":true}]}}