{"id":9408,"date":"2025-01-25T19:29:27","date_gmt":"2025-01-25T19:29:27","guid":{"rendered":"https:\/\/institutounao.com.mx\/?page_id=9408"},"modified":"2025-01-25T19:29:37","modified_gmt":"2025-01-25T19:29:37","slug":"se25-3-licenciatura-en-pedagogia-carta-de-presentacion-para-prestacion-de-servicio-social-oficio-007-dg-2025-2","status":"publish","type":"page","link":"https:\/\/institutounao.com.mx\/index.php\/se25-3-licenciatura-en-pedagogia-carta-de-presentacion-para-prestacion-de-servicio-social-oficio-007-dg-2025-2\/","title":{"rendered":"SE25-3-LICENCIATURA EN PEDAGOG\u00cdA -CARTA DE PRESENTACI\u00d3N PARA PRESTACI\u00d3N DE SERVICIO SOCIAL- OFICIO: 007\/DG (2025-2)."},"content":{"rendered":"\t\t<div data-elementor-type=\"wp-page\" data-elementor-id=\"9408\" class=\"elementor elementor-9408\">\n\t\t\t\t\t\t<section class=\"elementor-section elementor-top-section elementor-element elementor-element-ae94732 elementor-section-boxed elementor-section-height-default elementor-section-height-default\" data-id=\"ae94732\" data-element_type=\"section\" data-e-type=\"section\">\n\t\t\t\t\t\t<div class=\"elementor-container elementor-column-gap-default\">\n\t\t\t\t\t<div class=\"elementor-column elementor-col-100 elementor-top-column elementor-element elementor-element-d0fb421\" data-id=\"d0fb421\" data-element_type=\"column\" data-e-type=\"column\">\n\t\t\t<div class=\"elementor-widget-wrap elementor-element-populated\">\n\t\t\t\t\t\t<div class=\"elementor-element elementor-element-2975055 elementor-widget elementor-widget-text-editor\" data-id=\"2975055\" data-element_type=\"widget\" data-e-type=\"widget\" data-widget_type=\"text-editor.default\">\n\t\t\t\t<div class=\"elementor-widget-container\">\n\t\t\t\t\t\t\t\t\t<h1><span style=\"color: #99cc00;\" data-sheets-root=\"1\">CARTA DE PRESENTACI\u00d3N PARA PRESTACI\u00d3N DE SERVICIO SOCIAL.<br><\/span><\/h1>\n<p>Instituci\u00f3n: Instituto Universitario Antequera de Oaxaca.<br>Clave de Plantel: 20MSY0104Y.<br>Plan de Estudios: Licenciatura en Pedagog\u00eda.<br>Nombre del Estudiante:<b> LAURA G<\/b><strong>.&nbsp;<br><\/strong>OFICIO: 007\/DG (2025-2) \/ FTO. DIGITAL.<br>Fecha de expedici\u00f3n: 25 de enero de 2025.&nbsp;<\/p>\t\t\t\t\t\t\t\t<\/div>\n\t\t\t\t<\/div>\n\t\t\t\t\t<\/div>\n\t\t<\/div>\n\t\t\t\t\t<\/div>\n\t\t<\/section>\n\t\t\t\t<\/div>\n\t\t","protected":false},"excerpt":{"rendered":"<p>CARTA DE PRESENTACI\u00d3N PARA PRESTACI\u00d3N DE SERVICIO SOCIAL. Instituci\u00f3n: Instituto Universitario Antequera de Oaxaca.Clave de Plantel: 20MSY0104Y.Plan de Estudios: Licenciatura en Pedagog\u00eda.Nombre del Estudiante: LAURA G.&nbsp;OFICIO: 007\/DG (2025-2) \/ FTO. DIGITAL.Fecha de expedici\u00f3n: 25 de enero de 2025.&nbsp;<\/p>\n","protected":false},"author":1,"featured_media":0,"parent":0,"menu_order":0,"comment_status":"closed","ping_status":"closed","template":"","meta":{"_joinchat":[],"footnotes":""},"class_list":["post-9408","page","type-page","status-publish","hentry"],"jetpack_sharing_enabled":true,"_links":{"self":[{"href":"https:\/\/institutounao.com.mx\/index.php\/wp-json\/wp\/v2\/pages\/9408","targetHints":{"allow":["GET"]}}],"collection":[{"href":"https:\/\/institutounao.com.mx\/index.php\/wp-json\/wp\/v2\/pages"}],"about":[{"href":"https:\/\/institutounao.com.mx\/index.php\/wp-json\/wp\/v2\/types\/page"}],"author":[{"embeddable":true,"href":"https:\/\/institutounao.com.mx\/index.php\/wp-json\/wp\/v2\/users\/1"}],"replies":[{"embeddable":true,"href":"https:\/\/institutounao.com.mx\/index.php\/wp-json\/wp\/v2\/comments?post=9408"}],"version-history":[{"count":3,"href":"https:\/\/institutounao.com.mx\/index.php\/wp-json\/wp\/v2\/pages\/9408\/revisions"}],"predecessor-version":[{"id":9416,"href":"https:\/\/institutounao.com.mx\/index.php\/wp-json\/wp\/v2\/pages\/9408\/revisions\/9416"}],"wp:attachment":[{"href":"https:\/\/institutounao.com.mx\/index.php\/wp-json\/wp\/v2\/media?parent=9408"}],"curies":[{"name":"wp","href":"https:\/\/api.w.org\/{rel}","templated":true}]}}