{"id":9380,"date":"2025-01-23T23:22:27","date_gmt":"2025-01-23T23:22:27","guid":{"rendered":"https:\/\/institutounao.com.mx\/?page_id=9380"},"modified":"2025-08-03T00:34:52","modified_gmt":"2025-08-03T00:34:52","slug":"se24-97-incripcionesdoctorado-en-pedagogia-estudiantes-inscritos-al-ciclo-escolar-enero-junio-2025-2025-2","status":"publish","type":"page","link":"https:\/\/institutounao.com.mx\/index.php\/se24-97-incripcionesdoctorado-en-pedagogia-estudiantes-inscritos-al-ciclo-escolar-enero-junio-2025-2025-2\/","title":{"rendered":"SE24.97 IncripcionesDoctorado en Pedagog\u00eda \/ Estudiantes inscritos al ciclo escolar enero-junio 2025 (2025-2)"},"content":{"rendered":"\t\t<div data-elementor-type=\"wp-page\" data-elementor-id=\"9380\" class=\"elementor elementor-9380\">\n\t\t\t\t\t\t<section class=\"elementor-section elementor-top-section elementor-element elementor-element-46d4579 elementor-section-boxed elementor-section-height-default elementor-section-height-default\" data-id=\"46d4579\" data-element_type=\"section\" data-e-type=\"section\">\n\t\t\t\t\t\t<div class=\"elementor-container elementor-column-gap-default\">\n\t\t\t\t\t<div class=\"elementor-column elementor-col-100 elementor-top-column elementor-element elementor-element-5897690\" data-id=\"5897690\" data-element_type=\"column\" data-e-type=\"column\">\n\t\t\t<div class=\"elementor-widget-wrap elementor-element-populated\">\n\t\t\t\t\t\t<div class=\"elementor-element elementor-element-cda4723 elementor-widget elementor-widget-heading\" data-id=\"cda4723\" data-element_type=\"widget\" data-e-type=\"widget\" data-widget_type=\"heading.default\">\n\t\t\t\t<div class=\"elementor-widget-container\">\n\t\t\t\t\t<h2 class=\"elementor-heading-title elementor-size-default\">Doctorado en Pedagog\u00eda.<\/h2>\t\t\t\t<\/div>\n\t\t\t\t<\/div>\n\t\t\t\t\t<\/div>\n\t\t<\/div>\n\t\t\t\t\t<\/div>\n\t\t<\/section>\n\t\t\t\t<section class=\"elementor-section elementor-top-section elementor-element elementor-element-c2e8dbd elementor-section-boxed elementor-section-height-default elementor-section-height-default\" data-id=\"c2e8dbd\" data-element_type=\"section\" data-e-type=\"section\">\n\t\t\t\t\t\t<div class=\"elementor-container elementor-column-gap-default\">\n\t\t\t\t\t<div class=\"elementor-column elementor-col-100 elementor-top-column elementor-element elementor-element-4685289\" data-id=\"4685289\" data-element_type=\"column\" data-e-type=\"column\">\n\t\t\t<div class=\"elementor-widget-wrap elementor-element-populated\">\n\t\t\t\t\t\t<div class=\"elementor-element elementor-element-96dadad elementor-widget__width-initial elementor-widget elementor-widget-text-editor\" data-id=\"96dadad\" data-element_type=\"widget\" data-e-type=\"widget\" data-widget_type=\"text-editor.default\">\n\t\t\t\t<div class=\"elementor-widget-container\">\n\t\t\t\t\t\t\t\t\t<p><span style=\"font-family: Poppins, sans-serif; font-size: 16px;\">Estudiantes inscritos al ciclo escolar enero &#8211; junio 2025 (2025-2) en el Doctorado en Pedagog\u00eda y que recibieron de conformidad la siguiente documentaci\u00f3n:<\/span><\/p>\t\t\t\t\t\t\t\t<\/div>\n\t\t\t\t<\/div>\n\t\t\t\t\t<\/div>\n\t\t<\/div>\n\t\t\t\t\t<\/div>\n\t\t<\/section>\n\t\t\t\t<section class=\"elementor-section elementor-top-section elementor-element elementor-element-8acab1e elementor-section-boxed elementor-section-height-default elementor-section-height-default\" data-id=\"8acab1e\" data-element_type=\"section\" data-e-type=\"section\">\n\t\t\t\t\t\t<div class=\"elementor-container elementor-column-gap-default\">\n\t\t\t\t\t<div class=\"elementor-column elementor-col-100 elementor-top-column elementor-element elementor-element-b8c8cfa\" data-id=\"b8c8cfa\" data-element_type=\"column\" data-e-type=\"column\">\n\t\t\t<div class=\"elementor-widget-wrap elementor-element-populated\">\n\t\t\t\t\t\t<div class=\"elementor-element elementor-element-7f5a85e elementor-widget elementor-widget-text-editor\" data-id=\"7f5a85e\" data-element_type=\"widget\" data-e-type=\"widget\" data-widget_type=\"text-editor.default\">\n\t\t\t\t<div class=\"elementor-widget-container\">\n\t\t\t\t\t\t\t\t\t<ul style=\"font-size: 16px; font-family: Poppins, sans-serif;\"><li>Formato de inscripci\u00f3n al plan de estudios.<\/li><li>Solicitud de beca.<\/li><li>Oficio de asignaci\u00f3n de beca.<\/li><li>Carta compromiso de pagos.<\/li><\/ul>\t\t\t\t\t\t\t\t<\/div>\n\t\t\t\t<\/div>\n\t\t\t\t\t<\/div>\n\t\t<\/div>\n\t\t\t\t\t<\/div>\n\t\t<\/section>\n\t\t\t\t<section class=\"elementor-section elementor-top-section elementor-element elementor-element-a598138 elementor-section-boxed elementor-section-height-default elementor-section-height-default\" data-id=\"a598138\" data-element_type=\"section\" data-e-type=\"section\">\n\t\t\t\t\t\t<div class=\"elementor-container elementor-column-gap-default\">\n\t\t\t\t\t<div class=\"elementor-column elementor-col-100 elementor-top-column elementor-element elementor-element-dc5795e\" data-id=\"dc5795e\" data-element_type=\"column\" data-e-type=\"column\">\n\t\t\t<div class=\"elementor-widget-wrap elementor-element-populated\">\n\t\t\t\t\t\t<div class=\"elementor-element elementor-element-d5acb6a elementor-widget__width-initial elementor-widget elementor-widget-text-editor\" data-id=\"d5acb6a\" data-element_type=\"widget\" data-e-type=\"widget\" data-widget_type=\"text-editor.default\">\n\t\t\t\t<div class=\"elementor-widget-container\">\n\t\t\t\t\t\t\t\t\t<ul><li>KARINA WALESA CUEVAS ONOFRE<\/li><li>KAREN DANIELA CRUZ QUERO<\/li><li>MIRIAM HERNANDEZ RAMIREZ<\/li><li>ANEL ROSADO ANTONIO<\/li><li>JOSEFINA ROSARIO LOPEZ AGUILAR<\/li><li>MANUEL RAMIREZ ACU\u00d1A<\/li><\/ul>\t\t\t\t\t\t\t\t<\/div>\n\t\t\t\t<\/div>\n\t\t\t\t\t<\/div>\n\t\t<\/div>\n\t\t\t\t\t<\/div>\n\t\t<\/section>\n\t\t\t\t<\/div>\n\t\t","protected":false},"excerpt":{"rendered":"<p>Doctorado en Pedagog\u00eda. Estudiantes inscritos al ciclo escolar enero &#8211; junio 2025 (2025-2) en el Doctorado en Pedagog\u00eda y que recibieron de conformidad la siguiente documentaci\u00f3n: Formato de inscripci\u00f3n al plan de estudios. Solicitud de beca. Oficio de asignaci\u00f3n de beca. Carta compromiso de pagos. KARINA WALESA CUEVAS ONOFRE KAREN <a class=\"read-more\" href=\"https:\/\/institutounao.com.mx\/index.php\/se24-97-incripcionesdoctorado-en-pedagogia-estudiantes-inscritos-al-ciclo-escolar-enero-junio-2025-2025-2\/\">Read More&#8230;<\/a><\/p>\n","protected":false},"author":1,"featured_media":0,"parent":0,"menu_order":0,"comment_status":"closed","ping_status":"closed","template":"","meta":{"_joinchat":[],"footnotes":""},"class_list":["post-9380","page","type-page","status-publish","hentry"],"jetpack_sharing_enabled":true,"_links":{"self":[{"href":"https:\/\/institutounao.com.mx\/index.php\/wp-json\/wp\/v2\/pages\/9380","targetHints":{"allow":["GET"]}}],"collection":[{"href":"https:\/\/institutounao.com.mx\/index.php\/wp-json\/wp\/v2\/pages"}],"about":[{"href":"https:\/\/institutounao.com.mx\/index.php\/wp-json\/wp\/v2\/types\/page"}],"author":[{"embeddable":true,"href":"https:\/\/institutounao.com.mx\/index.php\/wp-json\/wp\/v2\/users\/1"}],"replies":[{"embeddable":true,"href":"https:\/\/institutounao.com.mx\/index.php\/wp-json\/wp\/v2\/comments?post=9380"}],"version-history":[{"count":6,"href":"https:\/\/institutounao.com.mx\/index.php\/wp-json\/wp\/v2\/pages\/9380\/revisions"}],"predecessor-version":[{"id":10763,"href":"https:\/\/institutounao.com.mx\/index.php\/wp-json\/wp\/v2\/pages\/9380\/revisions\/10763"}],"wp:attachment":[{"href":"https:\/\/institutounao.com.mx\/index.php\/wp-json\/wp\/v2\/media?parent=9380"}],"curies":[{"name":"wp","href":"https:\/\/api.w.org\/{rel}","templated":true}]}}