{"id":9358,"date":"2025-01-21T03:05:11","date_gmt":"2025-01-21T03:05:11","guid":{"rendered":"https:\/\/institutounao.com.mx\/?page_id=9358"},"modified":"2025-07-03T17:42:48","modified_gmt":"2025-07-03T17:42:48","slug":"se25-2-constancia-de-situacion-academica-proceso-de-obtencion-de-grado-jose-martin-munoz-solorza","status":"publish","type":"page","link":"https:\/\/institutounao.com.mx\/index.php\/se25-2-constancia-de-situacion-academica-proceso-de-obtencion-de-grado-jose-martin-munoz-solorza\/","title":{"rendered":"SE25.2 Constancia de Situaci\u00f3n Acad\u00e9mica \/ Proceso de obtenci\u00f3n de grado JOSE MARTIN MU\u00d1OZ SOLORZA"},"content":{"rendered":"\t\t<div data-elementor-type=\"wp-page\" data-elementor-id=\"9358\" class=\"elementor elementor-9358\">\n\t\t\t\t\t\t<section class=\"elementor-section elementor-top-section elementor-element elementor-element-5233c36 elementor-section-boxed elementor-section-height-default elementor-section-height-default\" data-id=\"5233c36\" data-element_type=\"section\" data-e-type=\"section\">\n\t\t\t\t\t\t<div class=\"elementor-container elementor-column-gap-default\">\n\t\t\t\t\t<div class=\"elementor-column elementor-col-100 elementor-top-column elementor-element elementor-element-68880b9\" data-id=\"68880b9\" data-element_type=\"column\" data-e-type=\"column\">\n\t\t\t<div class=\"elementor-widget-wrap elementor-element-populated\">\n\t\t\t\t\t\t<div class=\"elementor-element elementor-element-a09aa91 elementor-widget elementor-widget-text-editor\" data-id=\"a09aa91\" data-element_type=\"widget\" data-e-type=\"widget\" data-widget_type=\"text-editor.default\">\n\t\t\t\t<div class=\"elementor-widget-container\">\n\t\t\t\t\t\t\t\t\t<p style=\"text-align: center;\">Registro de documentaci\u00f3n.<\/p>\t\t\t\t\t\t\t\t<\/div>\n\t\t\t\t<\/div>\n\t\t\t\t<div class=\"elementor-element elementor-element-e0b7680 elementor-widget elementor-widget-text-editor\" data-id=\"e0b7680\" data-element_type=\"widget\" data-e-type=\"widget\" data-widget_type=\"text-editor.default\">\n\t\t\t\t<div class=\"elementor-widget-container\">\n\t\t\t\t\t\t\t\t\t<p>Nombre del estudiante: <strong>JOSE MARTIN MU\u00d1OZ SOLORZA.<\/strong><\/p><p>Tipo de constancia: CONSTANCIA DE SITUACI\u00d3N ACAD\u00c9MICA.<\/p><p>No. Constancia: 002\/DA\/2025-2\/DIGITAL.<\/p><p>Ciclo escolar: ENERO- JUNIO 2025.<\/p><p>Fecha de expedici\u00f3n: 20 de enero de 2025.<\/p>\t\t\t\t\t\t\t\t<\/div>\n\t\t\t\t<\/div>\n\t\t\t\t\t<\/div>\n\t\t<\/div>\n\t\t\t\t\t<\/div>\n\t\t<\/section>\n\t\t\t\t<\/div>\n\t\t","protected":false},"excerpt":{"rendered":"<p>Registro de documentaci\u00f3n. Nombre del estudiante: JOSE MARTIN MU\u00d1OZ SOLORZA. Tipo de constancia: CONSTANCIA DE SITUACI\u00d3N ACAD\u00c9MICA. No. Constancia: 002\/DA\/2025-2\/DIGITAL. Ciclo escolar: ENERO- JUNIO 2025. Fecha de expedici\u00f3n: 20 de enero de 2025.<\/p>\n","protected":false},"author":1,"featured_media":0,"parent":0,"menu_order":0,"comment_status":"closed","ping_status":"closed","template":"","meta":{"_joinchat":[],"footnotes":""},"class_list":["post-9358","page","type-page","status-publish","hentry"],"jetpack_sharing_enabled":true,"_links":{"self":[{"href":"https:\/\/institutounao.com.mx\/index.php\/wp-json\/wp\/v2\/pages\/9358","targetHints":{"allow":["GET"]}}],"collection":[{"href":"https:\/\/institutounao.com.mx\/index.php\/wp-json\/wp\/v2\/pages"}],"about":[{"href":"https:\/\/institutounao.com.mx\/index.php\/wp-json\/wp\/v2\/types\/page"}],"author":[{"embeddable":true,"href":"https:\/\/institutounao.com.mx\/index.php\/wp-json\/wp\/v2\/users\/1"}],"replies":[{"embeddable":true,"href":"https:\/\/institutounao.com.mx\/index.php\/wp-json\/wp\/v2\/comments?post=9358"}],"version-history":[{"count":13,"href":"https:\/\/institutounao.com.mx\/index.php\/wp-json\/wp\/v2\/pages\/9358\/revisions"}],"predecessor-version":[{"id":10536,"href":"https:\/\/institutounao.com.mx\/index.php\/wp-json\/wp\/v2\/pages\/9358\/revisions\/10536"}],"wp:attachment":[{"href":"https:\/\/institutounao.com.mx\/index.php\/wp-json\/wp\/v2\/media?parent=9358"}],"curies":[{"name":"wp","href":"https:\/\/api.w.org\/{rel}","templated":true}]}}