{"id":9318,"date":"2025-01-10T01:06:48","date_gmt":"2025-01-10T01:06:48","guid":{"rendered":"https:\/\/institutounao.com.mx\/?page_id=9318"},"modified":"2025-04-02T18:36:49","modified_gmt":"2025-04-02T18:36:49","slug":"ecp25-41-taller-pedagogico-la-metodologia-montessori-para-aprender-a-leer-y-escribir","status":"publish","type":"page","link":"https:\/\/institutounao.com.mx\/index.php\/ecp25-41-taller-pedagogico-la-metodologia-montessori-para-aprender-a-leer-y-escribir\/","title":{"rendered":"ECP25.41 TALLER PEDAG\u00d3GICO LA METODOLOG\u00cdA MONTESSORI PARA APRENDER A LEER Y ESCRIBIR."},"content":{"rendered":"\t\t<div data-elementor-type=\"wp-page\" data-elementor-id=\"9318\" class=\"elementor elementor-9318\">\n\t\t\t\t\t\t<section class=\"elementor-section elementor-top-section elementor-element elementor-element-f43bc28 elementor-section-boxed elementor-section-height-default elementor-section-height-default\" data-id=\"f43bc28\" data-element_type=\"section\" data-e-type=\"section\">\n\t\t\t\t\t\t<div class=\"elementor-container elementor-column-gap-default\">\n\t\t\t\t\t<div class=\"elementor-column elementor-col-100 elementor-top-column elementor-element elementor-element-c166e8f\" data-id=\"c166e8f\" data-element_type=\"column\" data-e-type=\"column\">\n\t\t\t<div class=\"elementor-widget-wrap elementor-element-populated\">\n\t\t\t\t\t\t<div class=\"elementor-element elementor-element-9cebcbc elementor-widget elementor-widget-heading\" data-id=\"9cebcbc\" data-element_type=\"widget\" data-e-type=\"widget\" data-widget_type=\"heading.default\">\n\t\t\t\t<div class=\"elementor-widget-container\">\n\t\t\t\t\t<h4 class=\"elementor-heading-title elementor-size-default\">TALLER PEDAG\u00d3GICO LA METODOLOG\u00cdA MONTESSORI PARA APRENDER A LEER Y ESCRIBIR.<\/h4>\t\t\t\t<\/div>\n\t\t\t\t<\/div>\n\t\t\t\t\t<\/div>\n\t\t<\/div>\n\t\t\t\t\t<\/div>\n\t\t<\/section>\n\t\t\t\t<section class=\"elementor-section elementor-top-section elementor-element elementor-element-d7976af elementor-section-boxed elementor-section-height-default elementor-section-height-default\" data-id=\"d7976af\" data-element_type=\"section\" data-e-type=\"section\">\n\t\t\t\t\t\t<div class=\"elementor-container elementor-column-gap-default\">\n\t\t\t\t\t<div class=\"elementor-column elementor-col-100 elementor-top-column elementor-element elementor-element-ba4718c\" data-id=\"ba4718c\" data-element_type=\"column\" data-e-type=\"column\">\n\t\t\t<div class=\"elementor-widget-wrap elementor-element-populated\">\n\t\t\t\t\t\t<div class=\"elementor-element elementor-element-fb1a9c0 elementor-widget elementor-widget-text-editor\" data-id=\"fb1a9c0\" data-element_type=\"widget\" data-e-type=\"widget\" data-widget_type=\"text-editor.default\">\n\t\t\t\t<div class=\"elementor-widget-container\">\n\t\t\t\t\t\t\t\t\t<p style=\"text-align: center;\"><strong>Acreditaci\u00f3n de Actividades.<\/strong><\/p><p><b>Datos Generales:<\/b><\/p><p>Instituci\u00f3n: Instituto Universitario Antequera de Oaxaca.<br \/>Clave de Plantel: 20MSY0104Y.<br \/>Periodo: 7 y 8 de enero de 2025.<br \/>Modalidad:\u00a0Virtual.<br \/>Horas lectivas: 10 horas lectivas.<br \/>Imparte: LIC. ALEJANDRA RODRIGUEZ FUENTES.<\/p><p><strong>Participantes que acreditaron:<\/strong><\/p><ol><li>ADRIANA ESPINOSA PERDOMO<\/li><li>ADRIANA SOSA CARPENTER<\/li><li>ANA KATIA CAMARILLO BECERRIL<\/li><li>AURELIA LUIS TALLEDOS<\/li><li>BEATRIZ ADRIANA GARCIA ZEPEDA<\/li><li>BLANCA ELIZABETH AMADOR ALVARADO<\/li><li>CECILIA CAROLINA TENDILLA PRADO<\/li><li>CHRISTIAN MARTINEZ CORTES<\/li><li>CLAUDIA ESPERANZA BALDERRABANO LOPEZ<\/li><li>FLORIBERTA GOMEZ PEREZ<\/li><li>GERMAIN BAUTISTA SARABIA<\/li><li>GISELLE ELIZABETH ORTIZ RAMIREZ<\/li><li>GRACIELA TERESA GARCIA VIZCAYA<\/li><li>GUADALUPE YUNUEN GUERRERO MORA<\/li><li>JESSICA RABADAN CARNALLA<\/li><li>JORGE SOTO OCHOA<\/li><li>LETICIA CAXANTEJE BAUTISTA<\/li><li>LIZBETH CONTRERAS CRUZ<\/li><li>MARGARITA FLORES PRIETO<\/li><li>MARIA DE GUADALUPE CRUZ CANSECO<\/li><li>MARIA DE LOS ANGELES ARG\u00dcELLO ARG\u00dcELLO<\/li><li>MARIA ISABEL CORDERO BRISE\u00d1O<\/li><li>MARIA YESENIA GOMEZ DE LA CRUZ<\/li><li>MARISOL BUSTAMANTE CRUZ<\/li><li>MARITZEL PEREZ ARANA<\/li><li>NADIA NALLELY SERVIN PEREZ<\/li><li>ROSARIO CASTREJON MARTINEZ<\/li><li>SANDRA AGUILAR ORTEGA<\/li><li>SARAHI ALVAREZ OLMOS<\/li><li>VERONICA GUADALUPE MAGA\u00d1A AVENDA\u00d1O<\/li><li>ZALMA ROSA PEREZ ESPINOSA<\/li><li>ZATBELY RAMIREZ GALLARDO<\/li><\/ol>\t\t\t\t\t\t\t\t<\/div>\n\t\t\t\t<\/div>\n\t\t\t\t\t<\/div>\n\t\t<\/div>\n\t\t\t\t\t<\/div>\n\t\t<\/section>\n\t\t\t\t<\/div>\n\t\t","protected":false},"excerpt":{"rendered":"<p>TALLER PEDAG\u00d3GICO LA METODOLOG\u00cdA MONTESSORI PARA APRENDER A LEER Y ESCRIBIR. Acreditaci\u00f3n de Actividades. Datos Generales: Instituci\u00f3n: Instituto Universitario Antequera de Oaxaca.Clave de Plantel: 20MSY0104Y.Periodo: 7 y 8 de enero de 2025.Modalidad:\u00a0Virtual.Horas lectivas: 10 horas lectivas.Imparte: LIC. ALEJANDRA RODRIGUEZ FUENTES. Participantes que acreditaron: ADRIANA ESPINOSA PERDOMO ADRIANA SOSA CARPENTER ANA <a class=\"read-more\" href=\"https:\/\/institutounao.com.mx\/index.php\/ecp25-41-taller-pedagogico-la-metodologia-montessori-para-aprender-a-leer-y-escribir\/\">Read More&#8230;<\/a><\/p>\n","protected":false},"author":1,"featured_media":0,"parent":0,"menu_order":0,"comment_status":"closed","ping_status":"closed","template":"","meta":{"_joinchat":[],"footnotes":""},"class_list":["post-9318","page","type-page","status-publish","hentry"],"jetpack_sharing_enabled":true,"_links":{"self":[{"href":"https:\/\/institutounao.com.mx\/index.php\/wp-json\/wp\/v2\/pages\/9318","targetHints":{"allow":["GET"]}}],"collection":[{"href":"https:\/\/institutounao.com.mx\/index.php\/wp-json\/wp\/v2\/pages"}],"about":[{"href":"https:\/\/institutounao.com.mx\/index.php\/wp-json\/wp\/v2\/types\/page"}],"author":[{"embeddable":true,"href":"https:\/\/institutounao.com.mx\/index.php\/wp-json\/wp\/v2\/users\/1"}],"replies":[{"embeddable":true,"href":"https:\/\/institutounao.com.mx\/index.php\/wp-json\/wp\/v2\/comments?post=9318"}],"version-history":[{"count":13,"href":"https:\/\/institutounao.com.mx\/index.php\/wp-json\/wp\/v2\/pages\/9318\/revisions"}],"predecessor-version":[{"id":10027,"href":"https:\/\/institutounao.com.mx\/index.php\/wp-json\/wp\/v2\/pages\/9318\/revisions\/10027"}],"wp:attachment":[{"href":"https:\/\/institutounao.com.mx\/index.php\/wp-json\/wp\/v2\/media?parent=9318"}],"curies":[{"name":"wp","href":"https:\/\/api.w.org\/{rel}","templated":true}]}}