{"id":9304,"date":"2025-01-08T22:52:15","date_gmt":"2025-01-08T22:52:15","guid":{"rendered":"https:\/\/institutounao.com.mx\/?page_id=9304"},"modified":"2025-01-08T23:06:25","modified_gmt":"2025-01-08T23:06:25","slug":"se24-96-taller-de-habilidades-academicas","status":"publish","type":"page","link":"https:\/\/institutounao.com.mx\/index.php\/se24-96-taller-de-habilidades-academicas\/","title":{"rendered":"SE24.96 Taller de Habilidades Acad\u00e9micas:"},"content":{"rendered":"\t\t<div data-elementor-type=\"wp-page\" data-elementor-id=\"9304\" class=\"elementor elementor-9304\">\n\t\t\t\t\t\t<section class=\"elementor-section elementor-top-section elementor-element elementor-element-a56a977 elementor-section-boxed elementor-section-height-default elementor-section-height-default\" data-id=\"a56a977\" data-element_type=\"section\" data-e-type=\"section\">\n\t\t\t\t\t\t<div class=\"elementor-container elementor-column-gap-default\">\n\t\t\t\t\t<div class=\"elementor-column elementor-col-100 elementor-top-column elementor-element elementor-element-713f2c6\" data-id=\"713f2c6\" data-element_type=\"column\" data-e-type=\"column\">\n\t\t\t<div class=\"elementor-widget-wrap elementor-element-populated\">\n\t\t\t\t\t\t<div class=\"elementor-element elementor-element-d6fa339 elementor-widget elementor-widget-heading\" data-id=\"d6fa339\" data-element_type=\"widget\" data-e-type=\"widget\" data-widget_type=\"heading.default\">\n\t\t\t\t<div class=\"elementor-widget-container\">\n\t\t\t\t\t<h2 class=\"elementor-heading-title elementor-size-default\">Licenciatura en Pedagog\u00eda.<\/h2>\t\t\t\t<\/div>\n\t\t\t\t<\/div>\n\t\t\t\t\t<\/div>\n\t\t<\/div>\n\t\t\t\t\t<\/div>\n\t\t<\/section>\n\t\t\t\t<section class=\"elementor-section elementor-top-section elementor-element elementor-element-3f26a07 elementor-section-boxed elementor-section-height-default elementor-section-height-default\" data-id=\"3f26a07\" data-element_type=\"section\" data-e-type=\"section\">\n\t\t\t\t\t\t<div class=\"elementor-container elementor-column-gap-default\">\n\t\t\t\t\t<div class=\"elementor-column elementor-col-100 elementor-top-column elementor-element elementor-element-0fce25c\" data-id=\"0fce25c\" data-element_type=\"column\" data-e-type=\"column\">\n\t\t\t<div class=\"elementor-widget-wrap elementor-element-populated\">\n\t\t\t\t\t\t<div class=\"elementor-element elementor-element-f862b51 elementor-widget elementor-widget-text-editor\" data-id=\"f862b51\" data-element_type=\"widget\" data-e-type=\"widget\" data-widget_type=\"text-editor.default\">\n\t\t\t\t<div class=\"elementor-widget-container\">\n\t\t\t\t\t\t\t\t\t<p><strong>Taller de Habilidades Acad\u00e9micas: Pensamiento Investigativo de la Educaci\u00f3n.<\/strong><\/p>\t\t\t\t\t\t\t\t<\/div>\n\t\t\t\t<\/div>\n\t\t\t\t\t<\/div>\n\t\t<\/div>\n\t\t\t\t\t<\/div>\n\t\t<\/section>\n\t\t\t\t<section class=\"elementor-section elementor-top-section elementor-element elementor-element-acff0be elementor-section-boxed elementor-section-height-default elementor-section-height-default\" data-id=\"acff0be\" data-element_type=\"section\" data-e-type=\"section\">\n\t\t\t\t\t\t<div class=\"elementor-container elementor-column-gap-default\">\n\t\t\t\t\t<div class=\"elementor-column elementor-col-100 elementor-top-column elementor-element elementor-element-214090e\" data-id=\"214090e\" data-element_type=\"column\" data-e-type=\"column\">\n\t\t\t<div class=\"elementor-widget-wrap elementor-element-populated\">\n\t\t\t\t\t\t<div class=\"elementor-element elementor-element-97ab89b elementor-widget elementor-widget-text-editor\" data-id=\"97ab89b\" data-element_type=\"widget\" data-e-type=\"widget\" data-widget_type=\"text-editor.default\">\n\t\t\t\t<div class=\"elementor-widget-container\">\n\t\t\t\t\t\t\t\t\t<p>Instituci\u00f3n: Instituto Universitario Antequera de Oaxaca.&nbsp;<br>Ciclo Escolar: julio &#8211; diciembre de 2024 (2025-1).<br>Programa: Licenciatura en Pedagog\u00eda.<br>Semestre: Cuarto.<br>Modalidad: Virtual.<br>Horas lectivas: 12 horas lectivas.<br>Imparte: Mtra. KARINA WALESA CUEVAS ONOFRE.<\/p>\n<p>Participantes que acreditaron:&nbsp;<\/p>\n<ul>\n<li><span style=\"font-size: 0.875rem;\">LP3 2023-1&nbsp; &nbsp; &nbsp; ESBEYDI ORETGA SANTIAGO.<\/span><\/li>\n<li><span style=\"font-size: 14px;\">LP4 2023-1&nbsp; &nbsp; &nbsp; FERNANDA PATRICIA REYES FRANCO.<\/span><\/li>\n<\/ul>\t\t\t\t\t\t\t\t<\/div>\n\t\t\t\t<\/div>\n\t\t\t\t\t<\/div>\n\t\t<\/div>\n\t\t\t\t\t<\/div>\n\t\t<\/section>\n\t\t\t\t<\/div>\n\t\t","protected":false},"excerpt":{"rendered":"<p>Licenciatura en Pedagog\u00eda. Taller de Habilidades Acad\u00e9micas: Pensamiento Investigativo de la Educaci\u00f3n. Instituci\u00f3n: Instituto Universitario Antequera de Oaxaca.&nbsp;Ciclo Escolar: julio &#8211; diciembre de 2024 (2025-1).Programa: Licenciatura en Pedagog\u00eda.Semestre: Cuarto.Modalidad: Virtual.Horas lectivas: 12 horas lectivas.Imparte: Mtra. KARINA WALESA CUEVAS ONOFRE. Participantes que acreditaron:&nbsp; LP3 2023-1&nbsp; &nbsp; &nbsp; ESBEYDI ORETGA SANTIAGO. LP4 <a class=\"read-more\" href=\"https:\/\/institutounao.com.mx\/index.php\/se24-96-taller-de-habilidades-academicas\/\">Read More&#8230;<\/a><\/p>\n","protected":false},"author":1,"featured_media":0,"parent":0,"menu_order":0,"comment_status":"closed","ping_status":"closed","template":"","meta":{"_joinchat":[],"footnotes":""},"class_list":["post-9304","page","type-page","status-publish","hentry"],"jetpack_sharing_enabled":true,"_links":{"self":[{"href":"https:\/\/institutounao.com.mx\/index.php\/wp-json\/wp\/v2\/pages\/9304","targetHints":{"allow":["GET"]}}],"collection":[{"href":"https:\/\/institutounao.com.mx\/index.php\/wp-json\/wp\/v2\/pages"}],"about":[{"href":"https:\/\/institutounao.com.mx\/index.php\/wp-json\/wp\/v2\/types\/page"}],"author":[{"embeddable":true,"href":"https:\/\/institutounao.com.mx\/index.php\/wp-json\/wp\/v2\/users\/1"}],"replies":[{"embeddable":true,"href":"https:\/\/institutounao.com.mx\/index.php\/wp-json\/wp\/v2\/comments?post=9304"}],"version-history":[{"count":6,"href":"https:\/\/institutounao.com.mx\/index.php\/wp-json\/wp\/v2\/pages\/9304\/revisions"}],"predecessor-version":[{"id":9312,"href":"https:\/\/institutounao.com.mx\/index.php\/wp-json\/wp\/v2\/pages\/9304\/revisions\/9312"}],"wp:attachment":[{"href":"https:\/\/institutounao.com.mx\/index.php\/wp-json\/wp\/v2\/media?parent=9304"}],"curies":[{"name":"wp","href":"https:\/\/api.w.org\/{rel}","templated":true}]}}