{"id":9268,"date":"2024-12-19T19:26:04","date_gmt":"2024-12-19T19:26:04","guid":{"rendered":"https:\/\/institutounao.com.mx\/?page_id=9268"},"modified":"2025-08-05T05:26:40","modified_gmt":"2025-08-05T05:26:40","slug":"se24-91-reinscripciones-licenciatura-en-pedagogia-enero-junio-2025-2025-2","status":"publish","type":"page","link":"https:\/\/institutounao.com.mx\/index.php\/se24-91-reinscripciones-licenciatura-en-pedagogia-enero-junio-2025-2025-2\/","title":{"rendered":"SE24.91 Reinscripciones &#8211; Licenciatura en Pedagog\u00eda &#8211; enero &#8211; junio 2025 (2025-2)"},"content":{"rendered":"\t\t<div data-elementor-type=\"wp-page\" data-elementor-id=\"9268\" class=\"elementor elementor-9268\">\n\t\t\t\t\t\t<section class=\"elementor-section elementor-top-section elementor-element elementor-element-0828ed8 elementor-section-boxed elementor-section-height-default elementor-section-height-default\" data-id=\"0828ed8\" data-element_type=\"section\" data-e-type=\"section\">\n\t\t\t\t\t\t<div class=\"elementor-container elementor-column-gap-default\">\n\t\t\t\t\t<div class=\"elementor-column elementor-col-100 elementor-top-column elementor-element elementor-element-a92a589\" data-id=\"a92a589\" data-element_type=\"column\" data-e-type=\"column\">\n\t\t\t<div class=\"elementor-widget-wrap elementor-element-populated\">\n\t\t\t\t\t\t<div class=\"elementor-element elementor-element-27fccbb elementor-widget elementor-widget-heading\" data-id=\"27fccbb\" data-element_type=\"widget\" data-e-type=\"widget\" data-widget_type=\"heading.default\">\n\t\t\t\t<div class=\"elementor-widget-container\">\n\t\t\t\t\t<h2 class=\"elementor-heading-title elementor-size-default\">Licenciatura en Pedagog\u00eda.<\/h2>\t\t\t\t<\/div>\n\t\t\t\t<\/div>\n\t\t\t\t\t<\/div>\n\t\t<\/div>\n\t\t\t\t\t<\/div>\n\t\t<\/section>\n\t\t\t\t<section class=\"elementor-section elementor-top-section elementor-element elementor-element-b74166a elementor-section-boxed elementor-section-height-default elementor-section-height-default\" data-id=\"b74166a\" data-element_type=\"section\" data-e-type=\"section\">\n\t\t\t\t\t\t<div class=\"elementor-container elementor-column-gap-default\">\n\t\t\t\t\t<div class=\"elementor-column elementor-col-100 elementor-top-column elementor-element elementor-element-d0ad588\" data-id=\"d0ad588\" data-element_type=\"column\" data-e-type=\"column\">\n\t\t\t<div class=\"elementor-widget-wrap elementor-element-populated\">\n\t\t\t\t\t\t<div class=\"elementor-element elementor-element-47451b1 elementor-widget__width-initial elementor-widget elementor-widget-text-editor\" data-id=\"47451b1\" data-element_type=\"widget\" data-e-type=\"widget\" data-widget_type=\"text-editor.default\">\n\t\t\t\t<div class=\"elementor-widget-container\">\n\t\t\t\t\t\t\t\t\t<p><span style=\"font-family: Poppins, sans-serif; font-size: 16px;\">Estudiantes reinscritos al ciclo escolar enero &#8211; junio 2025 (2025-2) en la Licenciatura en Pedagog\u00eda y que recibieron de conformidad la siguiente documentaci\u00f3n:\u00a0<\/span><\/p>\t\t\t\t\t\t\t\t<\/div>\n\t\t\t\t<\/div>\n\t\t\t\t\t<\/div>\n\t\t<\/div>\n\t\t\t\t\t<\/div>\n\t\t<\/section>\n\t\t\t\t<section class=\"elementor-section elementor-top-section elementor-element elementor-element-f2b923b elementor-section-boxed elementor-section-height-default elementor-section-height-default\" data-id=\"f2b923b\" data-element_type=\"section\" data-e-type=\"section\">\n\t\t\t\t\t\t<div class=\"elementor-container elementor-column-gap-default\">\n\t\t\t\t\t<div class=\"elementor-column elementor-col-100 elementor-top-column elementor-element elementor-element-8ab8fc7\" data-id=\"8ab8fc7\" data-element_type=\"column\" data-e-type=\"column\">\n\t\t\t<div class=\"elementor-widget-wrap elementor-element-populated\">\n\t\t\t\t\t\t<div class=\"elementor-element elementor-element-edc595a elementor-widget elementor-widget-text-editor\" data-id=\"edc595a\" data-element_type=\"widget\" data-e-type=\"widget\" data-widget_type=\"text-editor.default\">\n\t\t\t\t<div class=\"elementor-widget-container\">\n\t\t\t\t\t\t\t\t\t<ul style=\"font-size: 16px; font-family: Poppins, sans-serif;\"><li>Formato de reinscripci\u00f3n al plan de estudios.<\/li><li>Renovaci\u00f3n de beca.<\/li><li>Oficio de asignaci\u00f3n de beca.<\/li><li>Carta compromiso de pagos.<\/li><\/ul>\t\t\t\t\t\t\t\t<\/div>\n\t\t\t\t<\/div>\n\t\t\t\t\t<\/div>\n\t\t<\/div>\n\t\t\t\t\t<\/div>\n\t\t<\/section>\n\t\t\t\t<section class=\"elementor-section elementor-top-section elementor-element elementor-element-411a4fd elementor-section-boxed elementor-section-height-default elementor-section-height-default\" data-id=\"411a4fd\" data-element_type=\"section\" data-e-type=\"section\">\n\t\t\t\t\t\t<div class=\"elementor-container elementor-column-gap-default\">\n\t\t\t\t\t<div class=\"elementor-column elementor-col-100 elementor-top-column elementor-element elementor-element-764b078\" data-id=\"764b078\" data-element_type=\"column\" data-e-type=\"column\">\n\t\t\t<div class=\"elementor-widget-wrap elementor-element-populated\">\n\t\t\t\t\t\t<div class=\"elementor-element elementor-element-73cd853 elementor-widget elementor-widget-text-editor\" data-id=\"73cd853\" data-element_type=\"widget\" data-e-type=\"widget\" data-widget_type=\"text-editor.default\">\n\t\t\t\t<div class=\"elementor-widget-container\">\n\t\t\t\t\t\t\t\t\t<p>Cuarto Semestre.<\/p>\t\t\t\t\t\t\t\t<\/div>\n\t\t\t\t<\/div>\n\t\t\t\t\t<\/div>\n\t\t<\/div>\n\t\t\t\t\t<\/div>\n\t\t<\/section>\n\t\t\t\t<section class=\"elementor-section elementor-top-section elementor-element elementor-element-0b03894 elementor-section-boxed elementor-section-height-default elementor-section-height-default\" data-id=\"0b03894\" data-element_type=\"section\" data-e-type=\"section\">\n\t\t\t\t\t\t<div class=\"elementor-container elementor-column-gap-default\">\n\t\t\t\t\t<div class=\"elementor-column elementor-col-100 elementor-top-column elementor-element elementor-element-a094cce\" data-id=\"a094cce\" data-element_type=\"column\" data-e-type=\"column\">\n\t\t\t<div class=\"elementor-widget-wrap elementor-element-populated\">\n\t\t\t\t\t\t<div class=\"elementor-element elementor-element-eb65796 elementor-widget elementor-widget-text-editor\" data-id=\"eb65796\" data-element_type=\"widget\" data-e-type=\"widget\" data-widget_type=\"text-editor.default\">\n\t\t\t\t<div class=\"elementor-widget-container\">\n\t\t\t\t\t\t\t\t\t<ul>\n<li><span style=\"font-size: 0.875rem;\">LP1&nbsp; 2024-1&nbsp; ASHLEY PAMELA VELAZQUEZ REYES.<\/span><\/li>\n<li><span style=\"font-size: 0.875rem;\">LP2&nbsp; 2024-1&nbsp; BRENDA MARIA LEYVA MORA.<\/span><\/li>\n<li><span style=\"font-size: 0.875rem;\">LP3 2024-1&nbsp; &nbsp;AUREA HAIDELY ALALUF TENORIO.<\/span><\/li>\n<li><span style=\"font-size: 0.875rem;\">LP4 2024-1&nbsp; &nbsp;EDITH HIPOLITO BERNABE.<\/span><\/li>\n<li><span style=\"font-size: 0.875rem;\">LP5 2024-1&nbsp; &nbsp;LAURA LIBIA GARCIA PAZ.<\/span><\/li>\n<li><span style=\"font-size: 0.875rem;\">LP6 2024-1&nbsp; &nbsp;DIANA ITZEL MARTINEZ VIDAL.<\/span><\/li><li><span style=\"font-size: 0.875rem;\">LP7 2024-1&nbsp; &nbsp;ALEJANDRA RIOS SANCHEZ.<\/span><\/li>\n<\/ul>\t\t\t\t\t\t\t\t<\/div>\n\t\t\t\t<\/div>\n\t\t\t\t\t<\/div>\n\t\t<\/div>\n\t\t\t\t\t<\/div>\n\t\t<\/section>\n\t\t\t\t<section class=\"elementor-section elementor-top-section elementor-element elementor-element-868a76c elementor-section-boxed elementor-section-height-default elementor-section-height-default\" data-id=\"868a76c\" data-element_type=\"section\" data-e-type=\"section\">\n\t\t\t\t\t\t<div class=\"elementor-container elementor-column-gap-default\">\n\t\t\t\t\t<div class=\"elementor-column elementor-col-100 elementor-top-column elementor-element elementor-element-5f92786\" data-id=\"5f92786\" data-element_type=\"column\" data-e-type=\"column\">\n\t\t\t<div class=\"elementor-widget-wrap elementor-element-populated\">\n\t\t\t\t\t\t<div class=\"elementor-element elementor-element-2519561 elementor-widget elementor-widget-text-editor\" data-id=\"2519561\" data-element_type=\"widget\" data-e-type=\"widget\" data-widget_type=\"text-editor.default\">\n\t\t\t\t<div class=\"elementor-widget-container\">\n\t\t\t\t\t\t\t\t\t<p>Tercero\u00a0 Semestre.<\/p>\t\t\t\t\t\t\t\t<\/div>\n\t\t\t\t<\/div>\n\t\t\t\t\t<\/div>\n\t\t<\/div>\n\t\t\t\t\t<\/div>\n\t\t<\/section>\n\t\t\t\t<section class=\"elementor-section elementor-top-section elementor-element elementor-element-2fb827a elementor-section-boxed elementor-section-height-default elementor-section-height-default\" data-id=\"2fb827a\" data-element_type=\"section\" data-e-type=\"section\">\n\t\t\t\t\t\t<div class=\"elementor-container elementor-column-gap-default\">\n\t\t\t\t\t<div class=\"elementor-column elementor-col-100 elementor-top-column elementor-element elementor-element-275ad05\" data-id=\"275ad05\" data-element_type=\"column\" data-e-type=\"column\">\n\t\t\t<div class=\"elementor-widget-wrap elementor-element-populated\">\n\t\t\t\t\t\t<div class=\"elementor-element elementor-element-b830a58 elementor-widget elementor-widget-text-editor\" data-id=\"b830a58\" data-element_type=\"widget\" data-e-type=\"widget\" data-widget_type=\"text-editor.default\">\n\t\t\t\t<div class=\"elementor-widget-container\">\n\t\t\t\t\t\t\t\t\t<ul><li><span style=\"font-size: 0.875rem;\">LP1\u00a0 2024-2\u00a0 \u00a0 ESBEYDI ORTEGA SANTIAGO.<\/span><\/li><li><span style=\"font-size: 0.875rem;\">LP2\u00a0 2024-2\u00a0 \u00a0 FERNANDO PATRICIA FRANCO REYES.<\/span><\/li><\/ul>\t\t\t\t\t\t\t\t<\/div>\n\t\t\t\t<\/div>\n\t\t\t\t\t<\/div>\n\t\t<\/div>\n\t\t\t\t\t<\/div>\n\t\t<\/section>\n\t\t\t\t<section class=\"elementor-section elementor-top-section elementor-element elementor-element-d054999 elementor-section-boxed elementor-section-height-default elementor-section-height-default\" data-id=\"d054999\" data-element_type=\"section\" data-e-type=\"section\">\n\t\t\t\t\t\t<div class=\"elementor-container elementor-column-gap-default\">\n\t\t\t\t\t<div class=\"elementor-column elementor-col-100 elementor-top-column elementor-element elementor-element-adfa1c8\" data-id=\"adfa1c8\" data-element_type=\"column\" data-e-type=\"column\">\n\t\t\t<div class=\"elementor-widget-wrap elementor-element-populated\">\n\t\t\t\t\t\t<div class=\"elementor-element elementor-element-d4aed96 elementor-widget elementor-widget-text-editor\" data-id=\"d4aed96\" data-element_type=\"widget\" data-e-type=\"widget\" data-widget_type=\"text-editor.default\">\n\t\t\t\t<div class=\"elementor-widget-container\">\n\t\t\t\t\t\t\t\t\t<p>Segundo Semestre.<\/p>\t\t\t\t\t\t\t\t<\/div>\n\t\t\t\t<\/div>\n\t\t\t\t\t<\/div>\n\t\t<\/div>\n\t\t\t\t\t<\/div>\n\t\t<\/section>\n\t\t\t\t<section class=\"elementor-section elementor-top-section elementor-element elementor-element-f4ed0d2 elementor-section-boxed elementor-section-height-default elementor-section-height-default\" data-id=\"f4ed0d2\" data-element_type=\"section\" data-e-type=\"section\">\n\t\t\t\t\t\t<div class=\"elementor-container elementor-column-gap-default\">\n\t\t\t\t\t<div class=\"elementor-column elementor-col-100 elementor-top-column elementor-element elementor-element-6097288\" data-id=\"6097288\" data-element_type=\"column\" data-e-type=\"column\">\n\t\t\t<div class=\"elementor-widget-wrap elementor-element-populated\">\n\t\t\t\t\t\t<div class=\"elementor-element elementor-element-bef4d75 elementor-widget elementor-widget-text-editor\" data-id=\"bef4d75\" data-element_type=\"widget\" data-e-type=\"widget\" data-widget_type=\"text-editor.default\">\n\t\t\t\t<div class=\"elementor-widget-container\">\n\t\t\t\t\t\t\t\t\t<ul><li><span style=\"font-size: 0.875rem;\">LP3\u00a0 2025-1\u00a0 \u00a0 \u00a0HOCHELLI MARTINEZ MENDEZ.<\/span><\/li><li><span style=\"font-size: 0.875rem;\">LP5\u00a0 2025-1\u00a0 \u00a0 \u00a0MARTHA MARIA SIBAJA AVENDA\u00d1O.<\/span><\/li><li><span style=\"font-size: 0.875rem;\">LP8\u00a0 2025-1\u00a0 \u00a0 \u00a0MADSA ROCIO RODRIGUEZMARQUEZ.<\/span><\/li><li><span style=\"font-size: 0.875rem;\">LP10\u00a0 2025-1\u00a0 \u00a0LILIANA LOPEZ VASQUEZ.<\/span><\/li><li><span style=\"font-size: 14px;\">LP12\u00a0 2025-1\u00a0 \u00a0TZABOJY AUREA RODRIGUEZ MARQUEZ.<\/span><\/li><li><span style=\"font-size: 14px;\">LP13 2025-1\u00a0 \u00a0 MARIA GUADALUPE DURAN SAN PREDRO.<\/span><\/li><li><span style=\"font-size: 0.875rem;\">LP14\u00a0 2025-1\u00a0 \u00a0LAURA ELENA RODRIGUEZ BARRON.<\/span><\/li><\/ul>\t\t\t\t\t\t\t\t<\/div>\n\t\t\t\t<\/div>\n\t\t\t\t\t<\/div>\n\t\t<\/div>\n\t\t\t\t\t<\/div>\n\t\t<\/section>\n\t\t\t\t<section class=\"elementor-section elementor-top-section elementor-element elementor-element-beb8a38 elementor-section-boxed elementor-section-height-default elementor-section-height-default\" data-id=\"beb8a38\" data-element_type=\"section\" data-e-type=\"section\">\n\t\t\t\t\t\t<div class=\"elementor-container elementor-column-gap-default\">\n\t\t\t\t\t<div class=\"elementor-column elementor-col-100 elementor-top-column elementor-element elementor-element-268a324\" data-id=\"268a324\" data-element_type=\"column\" data-e-type=\"column\">\n\t\t\t<div class=\"elementor-widget-wrap\">\n\t\t\t\t\t\t\t<\/div>\n\t\t<\/div>\n\t\t\t\t\t<\/div>\n\t\t<\/section>\n\t\t\t\t<\/div>\n\t\t","protected":false},"excerpt":{"rendered":"<p>Licenciatura en Pedagog\u00eda. Estudiantes reinscritos al ciclo escolar enero &#8211; junio 2025 (2025-2) en la Licenciatura en Pedagog\u00eda y que recibieron de conformidad la siguiente documentaci\u00f3n:\u00a0 Formato de reinscripci\u00f3n al plan de estudios. Renovaci\u00f3n de beca. Oficio de asignaci\u00f3n de beca. Carta compromiso de pagos. Cuarto Semestre. LP1&nbsp; 2024-1&nbsp; ASHLEY <a class=\"read-more\" href=\"https:\/\/institutounao.com.mx\/index.php\/se24-91-reinscripciones-licenciatura-en-pedagogia-enero-junio-2025-2025-2\/\">Read More&#8230;<\/a><\/p>\n","protected":false},"author":1,"featured_media":0,"parent":0,"menu_order":0,"comment_status":"closed","ping_status":"closed","template":"","meta":{"_joinchat":[],"footnotes":""},"class_list":["post-9268","page","type-page","status-publish","hentry"],"jetpack_sharing_enabled":true,"_links":{"self":[{"href":"https:\/\/institutounao.com.mx\/index.php\/wp-json\/wp\/v2\/pages\/9268","targetHints":{"allow":["GET"]}}],"collection":[{"href":"https:\/\/institutounao.com.mx\/index.php\/wp-json\/wp\/v2\/pages"}],"about":[{"href":"https:\/\/institutounao.com.mx\/index.php\/wp-json\/wp\/v2\/types\/page"}],"author":[{"embeddable":true,"href":"https:\/\/institutounao.com.mx\/index.php\/wp-json\/wp\/v2\/users\/1"}],"replies":[{"embeddable":true,"href":"https:\/\/institutounao.com.mx\/index.php\/wp-json\/wp\/v2\/comments?post=9268"}],"version-history":[{"count":10,"href":"https:\/\/institutounao.com.mx\/index.php\/wp-json\/wp\/v2\/pages\/9268\/revisions"}],"predecessor-version":[{"id":10791,"href":"https:\/\/institutounao.com.mx\/index.php\/wp-json\/wp\/v2\/pages\/9268\/revisions\/10791"}],"wp:attachment":[{"href":"https:\/\/institutounao.com.mx\/index.php\/wp-json\/wp\/v2\/media?parent=9268"}],"curies":[{"name":"wp","href":"https:\/\/api.w.org\/{rel}","templated":true}]}}