{"id":9078,"date":"2024-11-14T21:04:43","date_gmt":"2024-11-14T21:04:43","guid":{"rendered":"https:\/\/institutounao.com.mx\/?page_id=9078"},"modified":"2024-11-14T23:09:21","modified_gmt":"2024-11-14T23:09:21","slug":"se24-76-carta-de-presentacion-para-prestacion-de-servicio-social","status":"publish","type":"page","link":"https:\/\/institutounao.com.mx\/index.php\/se24-76-carta-de-presentacion-para-prestacion-de-servicio-social\/","title":{"rendered":"SE24.76 CARTA DE PRESENTACI\u00d3N PARA PRESTACI\u00d3N DE SERVICIO SOCIAL."},"content":{"rendered":"\t\t<div data-elementor-type=\"wp-page\" data-elementor-id=\"9078\" class=\"elementor elementor-9078\">\n\t\t\t\t\t\t<section class=\"elementor-section elementor-top-section elementor-element elementor-element-addf6c0 elementor-section-boxed elementor-section-height-default elementor-section-height-default\" data-id=\"addf6c0\" data-element_type=\"section\" data-e-type=\"section\">\n\t\t\t\t\t\t<div class=\"elementor-container elementor-column-gap-default\">\n\t\t\t\t\t<div class=\"elementor-column elementor-col-100 elementor-top-column elementor-element elementor-element-1200939\" data-id=\"1200939\" data-element_type=\"column\" data-e-type=\"column\">\n\t\t\t<div class=\"elementor-widget-wrap elementor-element-populated\">\n\t\t\t\t\t\t<div class=\"elementor-element elementor-element-2c66efe elementor-widget elementor-widget-text-editor\" data-id=\"2c66efe\" data-element_type=\"widget\" data-e-type=\"widget\" data-widget_type=\"text-editor.default\">\n\t\t\t\t<div class=\"elementor-widget-container\">\n\t\t\t\t\t\t\t\t\t<h1><span style=\"color: #99cc00;\" data-sheets-root=\"1\">CARTA DE PRESENTACI\u00d3N PARA PRESTACI\u00d3N DE SERVICIO SOCIAL.<br><\/span><\/h1>\n<p>Instituci\u00f3n: Instituto Universitario Antequera de Oaxaca.<br>Clave de Plantel: 20MSY0104Y.<br>Plan de Estudios: Licenciatura en Pedagog\u00eda.<br>Nombre del Estudiante: <strong>BRENDA L.&nbsp;<br><\/strong>OFICIO: 036\/DG (2025-1) \/ FTO. DIGITAL.<br>Fecha de expedici\u00f3n: 14 de noviembre de 2024.&nbsp;<\/p>\t\t\t\t\t\t\t\t<\/div>\n\t\t\t\t<\/div>\n\t\t\t\t\t<\/div>\n\t\t<\/div>\n\t\t\t\t\t<\/div>\n\t\t<\/section>\n\t\t\t\t<\/div>\n\t\t","protected":false},"excerpt":{"rendered":"<p>CARTA DE PRESENTACI\u00d3N PARA PRESTACI\u00d3N DE SERVICIO SOCIAL. Instituci\u00f3n: Instituto Universitario Antequera de Oaxaca.Clave de Plantel: 20MSY0104Y.Plan de Estudios: Licenciatura en Pedagog\u00eda.Nombre del Estudiante: BRENDA L.&nbsp;OFICIO: 036\/DG (2025-1) \/ FTO. DIGITAL.Fecha de expedici\u00f3n: 14 de noviembre de 2024.&nbsp;<\/p>\n","protected":false},"author":1,"featured_media":0,"parent":0,"menu_order":0,"comment_status":"closed","ping_status":"closed","template":"","meta":{"_joinchat":[],"footnotes":""},"class_list":["post-9078","page","type-page","status-publish","hentry"],"jetpack_sharing_enabled":true,"_links":{"self":[{"href":"https:\/\/institutounao.com.mx\/index.php\/wp-json\/wp\/v2\/pages\/9078","targetHints":{"allow":["GET"]}}],"collection":[{"href":"https:\/\/institutounao.com.mx\/index.php\/wp-json\/wp\/v2\/pages"}],"about":[{"href":"https:\/\/institutounao.com.mx\/index.php\/wp-json\/wp\/v2\/types\/page"}],"author":[{"embeddable":true,"href":"https:\/\/institutounao.com.mx\/index.php\/wp-json\/wp\/v2\/users\/1"}],"replies":[{"embeddable":true,"href":"https:\/\/institutounao.com.mx\/index.php\/wp-json\/wp\/v2\/comments?post=9078"}],"version-history":[{"count":6,"href":"https:\/\/institutounao.com.mx\/index.php\/wp-json\/wp\/v2\/pages\/9078\/revisions"}],"predecessor-version":[{"id":9085,"href":"https:\/\/institutounao.com.mx\/index.php\/wp-json\/wp\/v2\/pages\/9078\/revisions\/9085"}],"wp:attachment":[{"href":"https:\/\/institutounao.com.mx\/index.php\/wp-json\/wp\/v2\/media?parent=9078"}],"curies":[{"name":"wp","href":"https:\/\/api.w.org\/{rel}","templated":true}]}}