{"id":9019,"date":"2024-11-13T18:40:55","date_gmt":"2024-11-13T18:40:55","guid":{"rendered":"https:\/\/institutounao.com.mx\/?page_id=9019"},"modified":"2025-01-29T23:28:07","modified_gmt":"2025-01-29T23:28:07","slug":"epc25-33-taller-pedagogico-aprendiendo-a-leer-y-escribir-con-el-metodo-troncoso","status":"publish","type":"page","link":"https:\/\/institutounao.com.mx\/index.php\/epc25-33-taller-pedagogico-aprendiendo-a-leer-y-escribir-con-el-metodo-troncoso\/","title":{"rendered":"EPC25.33 TALLER PEDAG\u00d3GICO APRENDIENDO A LEER Y ESCRIBIR CON EL M\u00c9TODO TRONCOSO."},"content":{"rendered":"\t\t<div data-elementor-type=\"wp-page\" data-elementor-id=\"9019\" class=\"elementor elementor-9019\">\n\t\t\t\t\t\t<section class=\"elementor-section elementor-top-section elementor-element elementor-element-8a9c408 elementor-section-boxed elementor-section-height-default elementor-section-height-default\" data-id=\"8a9c408\" data-element_type=\"section\" data-e-type=\"section\">\n\t\t\t\t\t\t<div class=\"elementor-container elementor-column-gap-default\">\n\t\t\t\t\t<div class=\"elementor-column elementor-col-100 elementor-top-column elementor-element elementor-element-024df8c\" data-id=\"024df8c\" data-element_type=\"column\" data-e-type=\"column\">\n\t\t\t<div class=\"elementor-widget-wrap elementor-element-populated\">\n\t\t\t\t\t\t<div class=\"elementor-element elementor-element-85a41d9 elementor-widget elementor-widget-heading\" data-id=\"85a41d9\" data-element_type=\"widget\" data-e-type=\"widget\" data-widget_type=\"heading.default\">\n\t\t\t\t<div class=\"elementor-widget-container\">\n\t\t\t\t\t<h4 class=\"elementor-heading-title elementor-size-default\">TALLER PEDAG\u00d3GICO APRENDIENDO A LEER Y ESCRIBIR CON EL M\u00c9TODO TRONCOSO.<\/h4>\t\t\t\t<\/div>\n\t\t\t\t<\/div>\n\t\t\t\t\t<\/div>\n\t\t<\/div>\n\t\t\t\t\t<\/div>\n\t\t<\/section>\n\t\t\t\t<section class=\"elementor-section elementor-top-section elementor-element elementor-element-7ff644f elementor-section-boxed elementor-section-height-default elementor-section-height-default\" data-id=\"7ff644f\" data-element_type=\"section\" data-e-type=\"section\">\n\t\t\t\t\t\t<div class=\"elementor-container elementor-column-gap-default\">\n\t\t\t\t\t<div class=\"elementor-column elementor-col-100 elementor-top-column elementor-element elementor-element-7db8875\" data-id=\"7db8875\" data-element_type=\"column\" data-e-type=\"column\">\n\t\t\t<div class=\"elementor-widget-wrap elementor-element-populated\">\n\t\t\t\t\t\t<div class=\"elementor-element elementor-element-3012b45 elementor-widget elementor-widget-text-editor\" data-id=\"3012b45\" data-element_type=\"widget\" data-e-type=\"widget\" data-widget_type=\"text-editor.default\">\n\t\t\t\t<div class=\"elementor-widget-container\">\n\t\t\t\t\t\t\t\t\t<p style=\"text-align: center;\"><strong>Acreditaci\u00f3n de Actividades.<\/strong><\/p><p><b>Datos Generales:<\/b><\/p><p>Instituci\u00f3n: Instituto Universitario Antequera de Oaxaca.<br \/>Clave de Plantel: 20MSY0104Y.<br \/>Periodo: 04 y 05 de diciembre 2024.<br \/>Modalidad:\u00a0Virtual.<br \/>Horas lectivas:\u00a010 horas lectivas.<br \/>Imparte: MTRA. VERONICA CAMACHO AVILA.<\/p><p><strong>Participantes que acreditaron:<\/strong><\/p><ol><li>ALEJANDRA HERNANDEZ CID<\/li><li>ANA KARINA TEJEDA GONZALEZ<\/li><li>AZUCENA VASQUEZ GARCIA<\/li><li>CECILIA MONTESINOS SOLANO<\/li><li>EDUARDO RAMIREZ GONZALEZ<\/li><li>FABIOLA ALEJANDRA VAZQUEZ GOMEZ<\/li><li>FABIOLA FERNANDEZ SERRET<\/li><li>GIOVANNI MEJIA TORRES<\/li><li>GRISELDA RODRIGUEZ MU\u00d1OZ<\/li><li>JORGE SOTO OCHOA<\/li><li>LILIANA SANCHEZ CASAREZ<\/li><li>LUZ AURORA DIAZ MORALES<\/li><li>MARIA DE LOS ANGELES RAMIREZ MEJIA<\/li><li>MARLENE MICHELL TORRES<\/li><li>SHIRLEY NAYELI MOYA PORTILLO<\/li><li>VERONICA GUADALUPE MAGA\u00d1A AVENDA\u00d1O<\/li><li>ZOARA MARIA DE JESUS MEZA FERNANDEZ<\/li><\/ol>\t\t\t\t\t\t\t\t<\/div>\n\t\t\t\t<\/div>\n\t\t\t\t\t<\/div>\n\t\t<\/div>\n\t\t\t\t\t<\/div>\n\t\t<\/section>\n\t\t\t\t<\/div>\n\t\t","protected":false},"excerpt":{"rendered":"<p>TALLER PEDAG\u00d3GICO APRENDIENDO A LEER Y ESCRIBIR CON EL M\u00c9TODO TRONCOSO. Acreditaci\u00f3n de Actividades. Datos Generales: Instituci\u00f3n: Instituto Universitario Antequera de Oaxaca.Clave de Plantel: 20MSY0104Y.Periodo: 04 y 05 de diciembre 2024.Modalidad:\u00a0Virtual.Horas lectivas:\u00a010 horas lectivas.Imparte: MTRA. VERONICA CAMACHO AVILA. Participantes que acreditaron: ALEJANDRA HERNANDEZ CID ANA KARINA TEJEDA GONZALEZ AZUCENA VASQUEZ <a class=\"read-more\" href=\"https:\/\/institutounao.com.mx\/index.php\/epc25-33-taller-pedagogico-aprendiendo-a-leer-y-escribir-con-el-metodo-troncoso\/\">Read More&#8230;<\/a><\/p>\n","protected":false},"author":1,"featured_media":0,"parent":0,"menu_order":0,"comment_status":"closed","ping_status":"closed","template":"","meta":{"_joinchat":[],"footnotes":""},"class_list":["post-9019","page","type-page","status-publish","hentry"],"jetpack_sharing_enabled":true,"_links":{"self":[{"href":"https:\/\/institutounao.com.mx\/index.php\/wp-json\/wp\/v2\/pages\/9019","targetHints":{"allow":["GET"]}}],"collection":[{"href":"https:\/\/institutounao.com.mx\/index.php\/wp-json\/wp\/v2\/pages"}],"about":[{"href":"https:\/\/institutounao.com.mx\/index.php\/wp-json\/wp\/v2\/types\/page"}],"author":[{"embeddable":true,"href":"https:\/\/institutounao.com.mx\/index.php\/wp-json\/wp\/v2\/users\/1"}],"replies":[{"embeddable":true,"href":"https:\/\/institutounao.com.mx\/index.php\/wp-json\/wp\/v2\/comments?post=9019"}],"version-history":[{"count":13,"href":"https:\/\/institutounao.com.mx\/index.php\/wp-json\/wp\/v2\/pages\/9019\/revisions"}],"predecessor-version":[{"id":9587,"href":"https:\/\/institutounao.com.mx\/index.php\/wp-json\/wp\/v2\/pages\/9019\/revisions\/9587"}],"wp:attachment":[{"href":"https:\/\/institutounao.com.mx\/index.php\/wp-json\/wp\/v2\/media?parent=9019"}],"curies":[{"name":"wp","href":"https:\/\/api.w.org\/{rel}","templated":true}]}}