{"id":9011,"date":"2024-11-13T18:38:31","date_gmt":"2024-11-13T18:38:31","guid":{"rendered":"https:\/\/institutounao.com.mx\/?page_id=9011"},"modified":"2025-01-29T23:25:51","modified_gmt":"2025-01-29T23:25:51","slug":"epc25-32-taller-pedagogico-metodo-global-para-la-ensenanza-de-lectura-y-la-escritura","status":"publish","type":"page","link":"https:\/\/institutounao.com.mx\/index.php\/epc25-32-taller-pedagogico-metodo-global-para-la-ensenanza-de-lectura-y-la-escritura\/","title":{"rendered":"EPC25.32 TALLER PEDAG\u00d3GICO METODO GLOBAL PARA LA ENSE\u00d1ANZA DE LECTURA Y LA ESCRITURA."},"content":{"rendered":"\t\t<div data-elementor-type=\"wp-page\" data-elementor-id=\"9011\" class=\"elementor elementor-9011\">\n\t\t\t\t\t\t<section class=\"elementor-section elementor-top-section elementor-element elementor-element-9d2e49b elementor-section-boxed elementor-section-height-default elementor-section-height-default\" data-id=\"9d2e49b\" data-element_type=\"section\" data-e-type=\"section\">\n\t\t\t\t\t\t<div class=\"elementor-container elementor-column-gap-default\">\n\t\t\t\t\t<div class=\"elementor-column elementor-col-100 elementor-top-column elementor-element elementor-element-3e471e6\" data-id=\"3e471e6\" data-element_type=\"column\" data-e-type=\"column\">\n\t\t\t<div class=\"elementor-widget-wrap elementor-element-populated\">\n\t\t\t\t\t\t<div class=\"elementor-element elementor-element-987f9fb elementor-widget elementor-widget-heading\" data-id=\"987f9fb\" data-element_type=\"widget\" data-e-type=\"widget\" data-widget_type=\"heading.default\">\n\t\t\t\t<div class=\"elementor-widget-container\">\n\t\t\t\t\t<h4 class=\"elementor-heading-title elementor-size-default\">TALLER PEDAG\u00d3GICO METODO GLOBAL PARA LA ENSE\u00d1ANZA DE LECTURA Y LA ESCRITURA.<\/h4>\t\t\t\t<\/div>\n\t\t\t\t<\/div>\n\t\t\t\t\t<\/div>\n\t\t<\/div>\n\t\t\t\t\t<\/div>\n\t\t<\/section>\n\t\t\t\t<section class=\"elementor-section elementor-top-section elementor-element elementor-element-9eb60f4 elementor-section-boxed elementor-section-height-default elementor-section-height-default\" data-id=\"9eb60f4\" data-element_type=\"section\" data-e-type=\"section\">\n\t\t\t\t\t\t<div class=\"elementor-container elementor-column-gap-default\">\n\t\t\t\t\t<div class=\"elementor-column elementor-col-100 elementor-top-column elementor-element elementor-element-29331ca\" data-id=\"29331ca\" data-element_type=\"column\" data-e-type=\"column\">\n\t\t\t<div class=\"elementor-widget-wrap elementor-element-populated\">\n\t\t\t\t\t\t<div class=\"elementor-element elementor-element-6247821 elementor-widget elementor-widget-text-editor\" data-id=\"6247821\" data-element_type=\"widget\" data-e-type=\"widget\" data-widget_type=\"text-editor.default\">\n\t\t\t\t<div class=\"elementor-widget-container\">\n\t\t\t\t\t\t\t\t\t<p style=\"text-align: center;\"><strong>Acreditaci\u00f3n de Actividades.<\/strong><\/p><p><b>Datos Generales:<\/b><\/p><p>Instituci\u00f3n: Instituto Universitario Antequera de Oaxaca.<br \/>Clave de Plantel: 20MSY0104Y.<br \/>Periodo: 30 de noviembre 2024.<br \/>Modalidad:\u00a0Virtual.<br \/>Horas lectivas:\u00a010 horas lectivas.<br \/>Imparte: MTRA. VERONICA CAMACHO AVILA.<\/p><p><strong>Participantes que acreditaron:<\/strong><\/p><ol><li>ADRIANA ISABEL SOTO SILVA<\/li><li>ANDRES FRANCISCO DIAZ REYES<\/li><li>BLANCA ESTELA ARROYO LOPEZ<\/li><li>CLAUDIA LILIANA FLORES GUDI\u00d1O<\/li><li>DEMIS EDIL CASTA\u00d1EDA GOMEZ<\/li><li>EDER GIOVANNI GOMEZ RAMIREZ<\/li><li>EDUARDO RAMIREZ GONZALEZ<\/li><li>ELIS ADRIANA LOZANO ALONSO<\/li><li>ERIKA KARINA RAMIREZ GALINDO<\/li><li>JORGE SOTO OCHOA<\/li><li>KENIA BELEN HERRERA ESCAMILLA<\/li><li>MAGALI SANCHEZ CISNEROS<\/li><li>MAGDA CIELO RAMIREZ MONTEJO<\/li><li>MARIA DE LOS ANGELES RAMIREZ MEJIA<\/li><li>MARIA ELENA CAMARA COBA<\/li><li>PATRICIA PELAEZ MARTINEZ<\/li><li>PETRA MARTINEZ PARADA<\/li><li>ROSELIA PEREZ SANDOVAL<\/li><li>VIRIDIANA GARCIA RODRIGUEZ<\/li><li>ZOARA MARIA DE JESUS MEZA FERNANDEZ<\/li><li>SONIA GUADALUPE VELAZQUEZ CONSILCO<\/li><li>ZULLYDEISI BRINDIS RODRIGUEZ<\/li><\/ol>\t\t\t\t\t\t\t\t<\/div>\n\t\t\t\t<\/div>\n\t\t\t\t\t<\/div>\n\t\t<\/div>\n\t\t\t\t\t<\/div>\n\t\t<\/section>\n\t\t\t\t<\/div>\n\t\t","protected":false},"excerpt":{"rendered":"<p>TALLER PEDAG\u00d3GICO METODO GLOBAL PARA LA ENSE\u00d1ANZA DE LECTURA Y LA ESCRITURA. Acreditaci\u00f3n de Actividades. Datos Generales: Instituci\u00f3n: Instituto Universitario Antequera de Oaxaca.Clave de Plantel: 20MSY0104Y.Periodo: 30 de noviembre 2024.Modalidad:\u00a0Virtual.Horas lectivas:\u00a010 horas lectivas.Imparte: MTRA. VERONICA CAMACHO AVILA. Participantes que acreditaron: ADRIANA ISABEL SOTO SILVA ANDRES FRANCISCO DIAZ REYES BLANCA ESTELA <a class=\"read-more\" href=\"https:\/\/institutounao.com.mx\/index.php\/epc25-32-taller-pedagogico-metodo-global-para-la-ensenanza-de-lectura-y-la-escritura\/\">Read More&#8230;<\/a><\/p>\n","protected":false},"author":1,"featured_media":0,"parent":0,"menu_order":0,"comment_status":"closed","ping_status":"closed","template":"","meta":{"_joinchat":[],"footnotes":""},"class_list":["post-9011","page","type-page","status-publish","hentry"],"jetpack_sharing_enabled":true,"_links":{"self":[{"href":"https:\/\/institutounao.com.mx\/index.php\/wp-json\/wp\/v2\/pages\/9011","targetHints":{"allow":["GET"]}}],"collection":[{"href":"https:\/\/institutounao.com.mx\/index.php\/wp-json\/wp\/v2\/pages"}],"about":[{"href":"https:\/\/institutounao.com.mx\/index.php\/wp-json\/wp\/v2\/types\/page"}],"author":[{"embeddable":true,"href":"https:\/\/institutounao.com.mx\/index.php\/wp-json\/wp\/v2\/users\/1"}],"replies":[{"embeddable":true,"href":"https:\/\/institutounao.com.mx\/index.php\/wp-json\/wp\/v2\/comments?post=9011"}],"version-history":[{"count":16,"href":"https:\/\/institutounao.com.mx\/index.php\/wp-json\/wp\/v2\/pages\/9011\/revisions"}],"predecessor-version":[{"id":9584,"href":"https:\/\/institutounao.com.mx\/index.php\/wp-json\/wp\/v2\/pages\/9011\/revisions\/9584"}],"wp:attachment":[{"href":"https:\/\/institutounao.com.mx\/index.php\/wp-json\/wp\/v2\/media?parent=9011"}],"curies":[{"name":"wp","href":"https:\/\/api.w.org\/{rel}","templated":true}]}}