{"id":8989,"date":"2024-11-13T18:26:31","date_gmt":"2024-11-13T18:26:31","guid":{"rendered":"https:\/\/institutounao.com.mx\/?page_id=8989"},"modified":"2025-01-29T23:14:37","modified_gmt":"2025-01-29T23:14:37","slug":"epc25-29-taller-pedagogico-aprendiendo-matematicas-con-las-regletas-de-cuisenaire","status":"publish","type":"page","link":"https:\/\/institutounao.com.mx\/index.php\/epc25-29-taller-pedagogico-aprendiendo-matematicas-con-las-regletas-de-cuisenaire\/","title":{"rendered":"EPC25.29 TALLER PEDAG\u00d3GICO APRENDIENDO MATEM\u00c1TICAS CON LAS REGLETAS DE CUISENAIRE."},"content":{"rendered":"\t\t<div data-elementor-type=\"wp-page\" data-elementor-id=\"8989\" class=\"elementor elementor-8989\">\n\t\t\t\t\t\t<section class=\"elementor-section elementor-top-section elementor-element elementor-element-53b673d elementor-section-boxed elementor-section-height-default elementor-section-height-default\" data-id=\"53b673d\" data-element_type=\"section\" data-e-type=\"section\">\n\t\t\t\t\t\t<div class=\"elementor-container elementor-column-gap-default\">\n\t\t\t\t\t<div class=\"elementor-column elementor-col-100 elementor-top-column elementor-element elementor-element-67fbda7\" data-id=\"67fbda7\" data-element_type=\"column\" data-e-type=\"column\">\n\t\t\t<div class=\"elementor-widget-wrap elementor-element-populated\">\n\t\t\t\t\t\t<div class=\"elementor-element elementor-element-20e8e94 elementor-widget elementor-widget-heading\" data-id=\"20e8e94\" data-element_type=\"widget\" data-e-type=\"widget\" data-widget_type=\"heading.default\">\n\t\t\t\t<div class=\"elementor-widget-container\">\n\t\t\t\t\t<h4 class=\"elementor-heading-title elementor-size-default\">TALLER PEDAG\u00d3GICO APRENDIENDO MATEM\u00c1TICAS CON LAS REGLETAS DE CUISENAIRE.<\/h4>\t\t\t\t<\/div>\n\t\t\t\t<\/div>\n\t\t\t\t\t<\/div>\n\t\t<\/div>\n\t\t\t\t\t<\/div>\n\t\t<\/section>\n\t\t\t\t<section class=\"elementor-section elementor-top-section elementor-element elementor-element-f46a12f elementor-section-boxed elementor-section-height-default elementor-section-height-default\" data-id=\"f46a12f\" data-element_type=\"section\" data-e-type=\"section\">\n\t\t\t\t\t\t<div class=\"elementor-container elementor-column-gap-default\">\n\t\t\t\t\t<div class=\"elementor-column elementor-col-100 elementor-top-column elementor-element elementor-element-4d51e1b\" data-id=\"4d51e1b\" data-element_type=\"column\" data-e-type=\"column\">\n\t\t\t<div class=\"elementor-widget-wrap elementor-element-populated\">\n\t\t\t\t\t\t<div class=\"elementor-element elementor-element-5945ea3 elementor-widget elementor-widget-text-editor\" data-id=\"5945ea3\" data-element_type=\"widget\" data-e-type=\"widget\" data-widget_type=\"text-editor.default\">\n\t\t\t\t<div class=\"elementor-widget-container\">\n\t\t\t\t\t\t\t\t\t<p style=\"text-align: center;\"><strong>Acreditaci\u00f3n de Actividades.<\/strong><\/p><p><span style=\"color: #000000;\"><b>Datos Generales:<\/b><\/span><\/p><p>Instituci\u00f3n: Instituto Universitario Antequera de Oaxaca.<br \/>Clave de Plantel: 20MSY0104Y.<br \/>Periodo: 16 de noviembre 2024.<br \/>Modalidad:\u00a0Virtual.<br \/>Horas lectivas:\u00a010 horas lectivas.<br \/>Imparte: MTRA. VERONICA CAMACHO AVILA.<\/p><p><strong>Participantes que acreditaron:<\/strong><\/p><ol><li style=\"text-align: left;\">NITZAYE OROZCO RUIZ<\/li><li style=\"text-align: left;\">MARIA PATRICIA SANTILLAN RAMOS<\/li><li style=\"text-align: left;\">DEISY LIZZETH REYES PACHECO<\/li><li style=\"text-align: left;\">BRENDA JUDITH GARFIAS RABELL<\/li><li style=\"text-align: left;\">MAGALI SANCHEZ CISNEROS<\/li><li style=\"text-align: left;\">ARACELI SANCHEZ BONILLA<\/li><li style=\"text-align: left;\">LITZI LOPEZ PEREYRA<\/li><li style=\"text-align: left;\">EMPERATRIZ DONAJI SANCHEZ SOLANO<\/li><li style=\"text-align: left;\">ORLANDO VAZQUEZ PEREZ<\/li><li style=\"text-align: left;\">MARIBEL JIMENEZ RIOS<\/li><li style=\"text-align: left;\">IRMA DELGADO ACOSTA<\/li><li style=\"text-align: left;\">JORGE SOTO OCHOA<\/li><li style=\"text-align: left;\">OSCAR CRUZ Y CRUZ<\/li><li style=\"text-align: left;\">MARISOL BUSTAMANTE CRUZ<\/li><li style=\"text-align: left;\">MARIA EUGENIA RUIZ SANCHEZ<\/li><li style=\"text-align: left;\">ZELINDA MARQUEZ SANCHEZ<\/li><li style=\"text-align: left;\">ARACELI SOBERANES GUERRERO<\/li><li style=\"text-align: left;\">ALEJANDRA CALLES VENEROSO<\/li><li style=\"text-align: left;\">FABIOLA ARIAS MARTINEZ<\/li><li style=\"text-align: left;\">KEILA YARED RAMIREZ CAMBEROS<\/li><li style=\"text-align: left;\">OCTAVIO CORTES CONTRERAS<\/li><li style=\"text-align: left;\">SUSANA CERON MAYE<\/li><li style=\"text-align: left;\">LETICIA GONZALEZ SIERRA<\/li><li style=\"text-align: left;\">ELEUTERIA LOPEZ MARTINEZ<\/li><li style=\"text-align: left;\">MARIA PETRA MENDEZ MARTINEZ<\/li><li style=\"text-align: left;\">MARIA GUADALUPE BECERRA ESCOBEDO<\/li><\/ol>\t\t\t\t\t\t\t\t<\/div>\n\t\t\t\t<\/div>\n\t\t\t\t\t<\/div>\n\t\t<\/div>\n\t\t\t\t\t<\/div>\n\t\t<\/section>\n\t\t\t\t<\/div>\n\t\t","protected":false},"excerpt":{"rendered":"<p>TALLER PEDAG\u00d3GICO APRENDIENDO MATEM\u00c1TICAS CON LAS REGLETAS DE CUISENAIRE. Acreditaci\u00f3n de Actividades. Datos Generales: Instituci\u00f3n: Instituto Universitario Antequera de Oaxaca.Clave de Plantel: 20MSY0104Y.Periodo: 16 de noviembre 2024.Modalidad:\u00a0Virtual.Horas lectivas:\u00a010 horas lectivas.Imparte: MTRA. VERONICA CAMACHO AVILA. Participantes que acreditaron: NITZAYE OROZCO RUIZ MARIA PATRICIA SANTILLAN RAMOS DEISY LIZZETH REYES PACHECO BRENDA JUDITH <a class=\"read-more\" href=\"https:\/\/institutounao.com.mx\/index.php\/epc25-29-taller-pedagogico-aprendiendo-matematicas-con-las-regletas-de-cuisenaire\/\">Read More&#8230;<\/a><\/p>\n","protected":false},"author":1,"featured_media":0,"parent":0,"menu_order":0,"comment_status":"closed","ping_status":"closed","template":"","meta":{"_joinchat":[],"footnotes":""},"class_list":["post-8989","page","type-page","status-publish","hentry"],"jetpack_sharing_enabled":true,"_links":{"self":[{"href":"https:\/\/institutounao.com.mx\/index.php\/wp-json\/wp\/v2\/pages\/8989","targetHints":{"allow":["GET"]}}],"collection":[{"href":"https:\/\/institutounao.com.mx\/index.php\/wp-json\/wp\/v2\/pages"}],"about":[{"href":"https:\/\/institutounao.com.mx\/index.php\/wp-json\/wp\/v2\/types\/page"}],"author":[{"embeddable":true,"href":"https:\/\/institutounao.com.mx\/index.php\/wp-json\/wp\/v2\/users\/1"}],"replies":[{"embeddable":true,"href":"https:\/\/institutounao.com.mx\/index.php\/wp-json\/wp\/v2\/comments?post=8989"}],"version-history":[{"count":13,"href":"https:\/\/institutounao.com.mx\/index.php\/wp-json\/wp\/v2\/pages\/8989\/revisions"}],"predecessor-version":[{"id":9572,"href":"https:\/\/institutounao.com.mx\/index.php\/wp-json\/wp\/v2\/pages\/8989\/revisions\/9572"}],"wp:attachment":[{"href":"https:\/\/institutounao.com.mx\/index.php\/wp-json\/wp\/v2\/media?parent=8989"}],"curies":[{"name":"wp","href":"https:\/\/api.w.org\/{rel}","templated":true}]}}