{"id":8864,"date":"2024-10-29T17:28:19","date_gmt":"2024-10-29T17:28:19","guid":{"rendered":"https:\/\/institutounao.com.mx\/?page_id=8864"},"modified":"2025-01-29T22:55:16","modified_gmt":"2025-01-29T22:55:16","slug":"ecp25-23-diplomado-en-metodos-tecnicas-y-herramientas-para-desarrollar-pensamiento-matematico","status":"publish","type":"page","link":"https:\/\/institutounao.com.mx\/index.php\/ecp25-23-diplomado-en-metodos-tecnicas-y-herramientas-para-desarrollar-pensamiento-matematico\/","title":{"rendered":"ECP25.23 DIPLOMADO EN M\u00c9TODOS, T\u00c9CNICAS Y HERRAMIENTAS PARA DESARROLLAR PENSAMIENTO MATEM\u00c1TICO."},"content":{"rendered":"\t\t<div data-elementor-type=\"wp-page\" data-elementor-id=\"8864\" class=\"elementor elementor-8864\">\n\t\t\t\t\t\t<section class=\"elementor-section elementor-top-section elementor-element elementor-element-3c939b5 elementor-section-boxed elementor-section-height-default elementor-section-height-default\" data-id=\"3c939b5\" data-element_type=\"section\" data-e-type=\"section\">\n\t\t\t\t\t\t<div class=\"elementor-container elementor-column-gap-default\">\n\t\t\t\t\t<div class=\"elementor-column elementor-col-100 elementor-top-column elementor-element elementor-element-e9194c5\" data-id=\"e9194c5\" data-element_type=\"column\" data-e-type=\"column\">\n\t\t\t<div class=\"elementor-widget-wrap elementor-element-populated\">\n\t\t\t\t\t\t<div class=\"elementor-element elementor-element-c3f2ee0 elementor-widget elementor-widget-heading\" data-id=\"c3f2ee0\" data-element_type=\"widget\" data-e-type=\"widget\" data-widget_type=\"heading.default\">\n\t\t\t\t<div class=\"elementor-widget-container\">\n\t\t\t\t\t<h4 class=\"elementor-heading-title elementor-size-default\">DIPLOMADO EN M\u00c9TODOS, T\u00c9CNICAS Y HERRAMIENTAS PARA DESARROLLAR PENSAMIENTO MATEM\u00c1TICO.<\/h4>\t\t\t\t<\/div>\n\t\t\t\t<\/div>\n\t\t\t\t\t<\/div>\n\t\t<\/div>\n\t\t\t\t\t<\/div>\n\t\t<\/section>\n\t\t\t\t<section class=\"elementor-section elementor-top-section elementor-element elementor-element-365b556 elementor-section-boxed elementor-section-height-default elementor-section-height-default\" data-id=\"365b556\" data-element_type=\"section\" data-e-type=\"section\">\n\t\t\t\t\t\t<div class=\"elementor-container elementor-column-gap-default\">\n\t\t\t\t\t<div class=\"elementor-column elementor-col-100 elementor-top-column elementor-element elementor-element-9316452\" data-id=\"9316452\" data-element_type=\"column\" data-e-type=\"column\">\n\t\t\t<div class=\"elementor-widget-wrap elementor-element-populated\">\n\t\t\t\t\t\t<div class=\"elementor-element elementor-element-91bb749 elementor-widget elementor-widget-text-editor\" data-id=\"91bb749\" data-element_type=\"widget\" data-e-type=\"widget\" data-widget_type=\"text-editor.default\">\n\t\t\t\t<div class=\"elementor-widget-container\">\n\t\t\t\t\t\t\t\t\t<p style=\"text-align: center;\"><strong><span style=\"font-size: 0.875rem;\">Acreditaci\u00f3n de Actividades.<\/span><\/strong><\/p><div class=\"elementor-element elementor-element-bd3ea6a elementor-widget elementor-widget-text-editor\" data-id=\"bd3ea6a\" data-element_type=\"widget\" data-widget_type=\"text-editor.default\"><div class=\"elementor-widget-container\"><p><span style=\"color: #000000;\"><strong>Datos Generales:<\/strong><\/span><\/p><p>Instituci\u00f3n: Instituto Universitario Antequera de Oaxaca.<br \/>Clave de Plantel: 20MSY0104Y.<br \/>Periodo: 06 de julio al 26 de octubre 2024.<br \/>Modalidad: Virtual.<br \/>Horas lectivas: 120 horas lectivas.<br \/>Imparte: MTRA. VERONICA CAMACHO AVILA<\/p><\/div><\/div><div class=\"elementor-element elementor-element-f11bf06 elementor-widget elementor-widget-text-editor\" data-id=\"f11bf06\" data-element_type=\"widget\" data-widget_type=\"text-editor.default\"><div class=\"elementor-widget-container\"><p><strong>Participantes que acreditaron:\u00a0<\/strong><\/p><p>1. ANGEL JESUS RUIZ RAMIREZ.<br \/>2. ANGELINA DEL CARMEN LOPEZ ALLEC.<br \/>3. ERIK EDUARDO QUIROZ LOPEZ.<br \/>4. ERIKA CAROLINA MESINAS MENDEZ.<br \/>5. MARIA ELENA PEREZ MARTINEZ.<br \/>6. MONSERRAT MAGDALENA HERNANDEZ ARELLANES.<br \/>7. PATRICIA ROJAS SARABIA.<br \/>8. YELITZA RUBI TORRES TORRES.<\/p><\/div><\/div>\t\t\t\t\t\t\t\t<\/div>\n\t\t\t\t<\/div>\n\t\t\t\t\t<\/div>\n\t\t<\/div>\n\t\t\t\t\t<\/div>\n\t\t<\/section>\n\t\t\t\t<\/div>\n\t\t","protected":false},"excerpt":{"rendered":"<p>DIPLOMADO EN M\u00c9TODOS, T\u00c9CNICAS Y HERRAMIENTAS PARA DESARROLLAR PENSAMIENTO MATEM\u00c1TICO. Acreditaci\u00f3n de Actividades. Datos Generales: Instituci\u00f3n: Instituto Universitario Antequera de Oaxaca.Clave de Plantel: 20MSY0104Y.Periodo: 06 de julio al 26 de octubre 2024.Modalidad: Virtual.Horas lectivas: 120 horas lectivas.Imparte: MTRA. VERONICA CAMACHO AVILA Participantes que acreditaron:\u00a0 1. ANGEL JESUS RUIZ RAMIREZ.2. ANGELINA <a class=\"read-more\" href=\"https:\/\/institutounao.com.mx\/index.php\/ecp25-23-diplomado-en-metodos-tecnicas-y-herramientas-para-desarrollar-pensamiento-matematico\/\">Read More&#8230;<\/a><\/p>\n","protected":false},"author":1,"featured_media":0,"parent":0,"menu_order":0,"comment_status":"closed","ping_status":"closed","template":"","meta":{"_joinchat":[],"footnotes":""},"class_list":["post-8864","page","type-page","status-publish","hentry"],"jetpack_sharing_enabled":true,"_links":{"self":[{"href":"https:\/\/institutounao.com.mx\/index.php\/wp-json\/wp\/v2\/pages\/8864","targetHints":{"allow":["GET"]}}],"collection":[{"href":"https:\/\/institutounao.com.mx\/index.php\/wp-json\/wp\/v2\/pages"}],"about":[{"href":"https:\/\/institutounao.com.mx\/index.php\/wp-json\/wp\/v2\/types\/page"}],"author":[{"embeddable":true,"href":"https:\/\/institutounao.com.mx\/index.php\/wp-json\/wp\/v2\/users\/1"}],"replies":[{"embeddable":true,"href":"https:\/\/institutounao.com.mx\/index.php\/wp-json\/wp\/v2\/comments?post=8864"}],"version-history":[{"count":7,"href":"https:\/\/institutounao.com.mx\/index.php\/wp-json\/wp\/v2\/pages\/8864\/revisions"}],"predecessor-version":[{"id":9557,"href":"https:\/\/institutounao.com.mx\/index.php\/wp-json\/wp\/v2\/pages\/8864\/revisions\/9557"}],"wp:attachment":[{"href":"https:\/\/institutounao.com.mx\/index.php\/wp-json\/wp\/v2\/media?parent=8864"}],"curies":[{"name":"wp","href":"https:\/\/api.w.org\/{rel}","templated":true}]}}