{"id":880,"date":"2020-07-20T18:31:22","date_gmt":"2020-07-20T18:31:22","guid":{"rendered":"http:\/\/institutounao.com.mx\/?page_id=880"},"modified":"2020-07-20T18:33:04","modified_gmt":"2020-07-20T18:33:04","slug":"el-cuento-un-recurso-didactico-en-el-aula","status":"publish","type":"page","link":"https:\/\/institutounao.com.mx\/index.php\/el-cuento-un-recurso-didactico-en-el-aula\/","title":{"rendered":"El cuento: un recurso did\u00e1ctico en el aula."},"content":{"rendered":"\n<p class=\"has-background has-cyan-bluish-gray-background-color\"><strong>Prop\u00f3sitos.<br><\/strong> a) Comprender el origen de la literatura infantil.<br> b) Valorar el poder creativo al elaborar cuentos a partir de la historia de vida.<br> c) Interpretar, narrar y aprender el arte de dar y recibir caricias literarias.<br> d) Comprender las estrategias para la creaci\u00f3n de cuentos.<\/p>\n\n\n\n<p class=\"has-background has-cyan-bluish-gray-background-color\"><strong>Contenido.<br><\/strong>I. Historicidad de la literatura infantil.<br>II. Creaci\u00f3n de historias efectivcas.<br>III. Lecto-juegos. Estrategias para trabajar los cuentos en aula.<\/p>\n\n\n\n<p class=\"has-background has-cyan-bluish-gray-background-color\"><strong>Qui\u00e9nes pueden participar.<br><\/strong>a) Profesores y profesoras de Educaci\u00f3n B\u00e1sica, Media Superior y Superior.<br> b) Directores y coordinadores de Educaci\u00f3n B\u00e1sica, Media Superior y Superior.<br>c) Auxiliares educativos.<br>d) Estudiantes en las \u00e1reas: Psicolog\u00eda, Educaci\u00f3n Especial, Pedagog\u00eda, Ciencias de la Educaci\u00f3n.<br>e) Personas interesadas en el tema.<\/p>\n\n\n\n<p class=\"has-background has-cyan-bluish-gray-background-color\"><strong>El proceso de inscripci\u00f3n.<br><\/strong>Realiza tu pago en INBURSA, OXXO, Tiendas Sanborns o transferencia.<br>Registra tu inscripci\u00f3n.<\/p>\n\n\n\n<p class=\"has-background has-cyan-bluish-gray-background-color\"><em>Al finalizar, se otorga constancia con valor curricular equivalente a 20 horas lectivas.<\/em><\/p>\n","protected":false},"excerpt":{"rendered":"<p>Prop\u00f3sitos. a) Comprender el origen de la literatura infantil. b) Valorar el poder creativo al elaborar cuentos a partir de la historia de vida. c) Interpretar, narrar y aprender el arte de dar y recibir caricias literarias. d) Comprender las estrategias para la creaci\u00f3n de cuentos. Contenido.I. Historicidad de la <a class=\"read-more\" href=\"https:\/\/institutounao.com.mx\/index.php\/el-cuento-un-recurso-didactico-en-el-aula\/\">Read More&#8230;<\/a><\/p>\n","protected":false},"author":1,"featured_media":881,"parent":0,"menu_order":0,"comment_status":"closed","ping_status":"closed","template":"","meta":{"_joinchat":[],"footnotes":""},"class_list":["post-880","page","type-page","status-publish","has-post-thumbnail","hentry"],"jetpack_sharing_enabled":true,"_links":{"self":[{"href":"https:\/\/institutounao.com.mx\/index.php\/wp-json\/wp\/v2\/pages\/880","targetHints":{"allow":["GET"]}}],"collection":[{"href":"https:\/\/institutounao.com.mx\/index.php\/wp-json\/wp\/v2\/pages"}],"about":[{"href":"https:\/\/institutounao.com.mx\/index.php\/wp-json\/wp\/v2\/types\/page"}],"author":[{"embeddable":true,"href":"https:\/\/institutounao.com.mx\/index.php\/wp-json\/wp\/v2\/users\/1"}],"replies":[{"embeddable":true,"href":"https:\/\/institutounao.com.mx\/index.php\/wp-json\/wp\/v2\/comments?post=880"}],"version-history":[{"count":1,"href":"https:\/\/institutounao.com.mx\/index.php\/wp-json\/wp\/v2\/pages\/880\/revisions"}],"predecessor-version":[{"id":882,"href":"https:\/\/institutounao.com.mx\/index.php\/wp-json\/wp\/v2\/pages\/880\/revisions\/882"}],"wp:featuredmedia":[{"embeddable":true,"href":"https:\/\/institutounao.com.mx\/index.php\/wp-json\/wp\/v2\/media\/881"}],"wp:attachment":[{"href":"https:\/\/institutounao.com.mx\/index.php\/wp-json\/wp\/v2\/media?parent=880"}],"curies":[{"name":"wp","href":"https:\/\/api.w.org\/{rel}","templated":true}]}}