{"id":8560,"date":"2024-09-09T17:43:03","date_gmt":"2024-09-09T17:43:03","guid":{"rendered":"https:\/\/institutounao.com.mx\/?page_id=8560"},"modified":"2025-01-29T22:07:55","modified_gmt":"2025-01-29T22:07:55","slug":"ecp25-14-taller-pedagogico-la-tecnica-del-silencio-montessori-desarrollando-el-autocontrol-infantil","status":"publish","type":"page","link":"https:\/\/institutounao.com.mx\/index.php\/ecp25-14-taller-pedagogico-la-tecnica-del-silencio-montessori-desarrollando-el-autocontrol-infantil\/","title":{"rendered":"ECP25.14 TALLER PEDAG\u00d3GICO LA T\u00c9CNICA DEL SILENCIO MONTESSORI: DESARROLLANDO EL AUTOCONTROL INFANTIL."},"content":{"rendered":"\t\t<div data-elementor-type=\"wp-page\" data-elementor-id=\"8560\" class=\"elementor elementor-8560\">\n\t\t\t\t\t\t<section class=\"elementor-section elementor-top-section elementor-element elementor-element-4df4e1d elementor-section-boxed elementor-section-height-default elementor-section-height-default\" data-id=\"4df4e1d\" data-element_type=\"section\" data-e-type=\"section\">\n\t\t\t\t\t\t<div class=\"elementor-container elementor-column-gap-default\">\n\t\t\t\t\t<div class=\"elementor-column elementor-col-100 elementor-top-column elementor-element elementor-element-e3abc3c\" data-id=\"e3abc3c\" data-element_type=\"column\" data-e-type=\"column\">\n\t\t\t<div class=\"elementor-widget-wrap elementor-element-populated\">\n\t\t\t\t\t\t<div class=\"elementor-element elementor-element-d224b1d elementor-widget elementor-widget-heading\" data-id=\"d224b1d\" data-element_type=\"widget\" data-e-type=\"widget\" data-widget_type=\"heading.default\">\n\t\t\t\t<div class=\"elementor-widget-container\">\n\t\t\t\t\t<h4 class=\"elementor-heading-title elementor-size-default\">TALLER PEDAG\u00d3GICO LA T\u00c9CNICA DEL SILENCIO MONTESSORI: DESARROLLANDO EL AUTOCONTROL INFANTIL.<\/h4>\t\t\t\t<\/div>\n\t\t\t\t<\/div>\n\t\t\t\t\t<\/div>\n\t\t<\/div>\n\t\t\t\t\t<\/div>\n\t\t<\/section>\n\t\t\t\t<section class=\"elementor-section elementor-top-section elementor-element elementor-element-3fefdfd elementor-section-boxed elementor-section-height-default elementor-section-height-default\" data-id=\"3fefdfd\" data-element_type=\"section\" data-e-type=\"section\">\n\t\t\t\t\t\t<div class=\"elementor-container elementor-column-gap-default\">\n\t\t\t\t\t<div class=\"elementor-column elementor-col-100 elementor-top-column elementor-element elementor-element-985ef28\" data-id=\"985ef28\" data-element_type=\"column\" data-e-type=\"column\">\n\t\t\t<div class=\"elementor-widget-wrap elementor-element-populated\">\n\t\t\t\t\t\t<div class=\"elementor-element elementor-element-161881e elementor-widget elementor-widget-text-editor\" data-id=\"161881e\" data-element_type=\"widget\" data-e-type=\"widget\" data-widget_type=\"text-editor.default\">\n\t\t\t\t<div class=\"elementor-widget-container\">\n\t\t\t\t\t\t\t\t\t<p style=\"text-align: center;\"><b>Acreditaci\u00f3n de Actividades.<\/b><\/p><p><b>Datos Generales :<\/b><\/p><p><span style=\"font-weight: 400;\">Instituci\u00f3n: Instituto Universitario Antequera de Oaxaca.<\/span><span style=\"font-weight: 400;\"><br \/><\/span><span style=\"font-weight: 400;\">Clave de Plantel: 20MSY0104Y.<\/span><span style=\"font-weight: 400;\"><br \/><\/span><span style=\"font-weight: 400;\">Periodo: 04 y 05 de septiembre<\/span><span style=\"font-weight: 400;\">\u00a02024.<\/span><span style=\"font-weight: 400;\"><br \/><\/span><span style=\"font-weight: 400;\">Modalidad: <\/span><span style=\"font-weight: 400;\">Virtual.<\/span><span style=\"font-weight: 400;\"><br \/><\/span><span style=\"font-weight: 400;\">Horas lectivas:<\/span><span style=\"font-weight: 400;\"> 10 horas lectivas.<\/span><span style=\"font-weight: 400;\"><br \/><\/span><span style=\"font-weight: 400;\">Imparte: LIC. MIRIAM MAGA\u00d1A DOMINGUEZ.<\/span><\/p><p><b>Participantes que acreditaron:\u00a0<\/b><\/p><p>1. ANA CRISTINA LEAL ATRISTAIN.<br \/>2. ANA LILIA SANCHEZ ZEPEDA.\u00a0<br \/>3. ANA LINDA RUIZ GIL.<br \/>4. ANGELICA MARTINEZ ORTEGA.<br \/>5. ARELY CORTES HERNANDEZ.<br \/>6. ARGELIA RIVERA MAGALLON.<br \/>7. ARIADNA BERENICE SOLIS MARTINEZ.<br \/>8. BEATRIZ HERNANDEZ VITE.<br \/>9. BLANCA ESTELA DOMINGUEZ LOZADA.<br \/>10. CORALIA GARCIA ZU\u00d1IGA.<br \/>11. CYNTHIA GABRIELA CASTILLO DELGADO.<br \/>12. CYNTHIA JOCELYN RUVALCABA RIVERA.<br \/>13. DANIELA DEL VALLE PALOMARES.<br \/>14. DAYSI DE LOS SANTOS ESPINOSA.\u00a0<br \/>15. DULCE KARINA CRUZ SALAZAR.<br \/>16. IRENE MARTINA JANDETTE SALAS.<br \/>17. KARINA PILAR CABALLERO PEREZ.<br \/>18. LAURA CLARET LEGARIA MARTINEZ.<br \/>19. LETICIA CAXANTEJE BAUTISTA.<br \/>20. MARGARITA CECILIA TORRES CORDOBA.<br \/>21. MARIA DEL ROCIO JULIAN SANCHEZ.<br \/>22. MARIA GUADALUPE BECERRA ESCOBEDO.<br \/>23. MARIELA DELGADO BARRIENTOS.<br \/>24. MAYRA ADILENE RAMIREZ LOPEZ.<br \/>25. MIRIAM HERNANDEZ RAMIREZ.<br \/>26. MYRNA MADRIGAL SANCHEZ.<br \/>27. NAYELY RIVERA MATOS.<br \/>28. SARA LILIA MARTINEZ PEREZ.<br \/>29. WENDOLYN SOTO OROZCO.<br \/>30. YESSICA HERRERA CABRERA.<br \/>31. YETSY AILED MARTINEZ QUIROZ.<br \/>32. YULIANA GONZALEZ ORTEGA.<br \/>33. YUNATZIN HERNANDEZ BAUTISTA.<\/p>\t\t\t\t\t\t\t\t<\/div>\n\t\t\t\t<\/div>\n\t\t\t\t\t<\/div>\n\t\t<\/div>\n\t\t\t\t\t<\/div>\n\t\t<\/section>\n\t\t\t\t<\/div>\n\t\t","protected":false},"excerpt":{"rendered":"<p>TALLER PEDAG\u00d3GICO LA T\u00c9CNICA DEL SILENCIO MONTESSORI: DESARROLLANDO EL AUTOCONTROL INFANTIL. Acreditaci\u00f3n de Actividades. Datos Generales : Instituci\u00f3n: Instituto Universitario Antequera de Oaxaca.Clave de Plantel: 20MSY0104Y.Periodo: 04 y 05 de septiembre\u00a02024.Modalidad: Virtual.Horas lectivas: 10 horas lectivas.Imparte: LIC. MIRIAM MAGA\u00d1A DOMINGUEZ. Participantes que acreditaron:\u00a0 1. ANA CRISTINA LEAL ATRISTAIN.2. ANA LILIA <a class=\"read-more\" href=\"https:\/\/institutounao.com.mx\/index.php\/ecp25-14-taller-pedagogico-la-tecnica-del-silencio-montessori-desarrollando-el-autocontrol-infantil\/\">Read More&#8230;<\/a><\/p>\n","protected":false},"author":1,"featured_media":0,"parent":0,"menu_order":0,"comment_status":"closed","ping_status":"closed","template":"","meta":{"_joinchat":[],"footnotes":""},"class_list":["post-8560","page","type-page","status-publish","hentry"],"jetpack_sharing_enabled":true,"_links":{"self":[{"href":"https:\/\/institutounao.com.mx\/index.php\/wp-json\/wp\/v2\/pages\/8560","targetHints":{"allow":["GET"]}}],"collection":[{"href":"https:\/\/institutounao.com.mx\/index.php\/wp-json\/wp\/v2\/pages"}],"about":[{"href":"https:\/\/institutounao.com.mx\/index.php\/wp-json\/wp\/v2\/types\/page"}],"author":[{"embeddable":true,"href":"https:\/\/institutounao.com.mx\/index.php\/wp-json\/wp\/v2\/users\/1"}],"replies":[{"embeddable":true,"href":"https:\/\/institutounao.com.mx\/index.php\/wp-json\/wp\/v2\/comments?post=8560"}],"version-history":[{"count":19,"href":"https:\/\/institutounao.com.mx\/index.php\/wp-json\/wp\/v2\/pages\/8560\/revisions"}],"predecessor-version":[{"id":9515,"href":"https:\/\/institutounao.com.mx\/index.php\/wp-json\/wp\/v2\/pages\/8560\/revisions\/9515"}],"wp:attachment":[{"href":"https:\/\/institutounao.com.mx\/index.php\/wp-json\/wp\/v2\/media?parent=8560"}],"curies":[{"name":"wp","href":"https:\/\/api.w.org\/{rel}","templated":true}]}}