{"id":8528,"date":"2024-09-07T19:45:49","date_gmt":"2024-09-07T19:45:49","guid":{"rendered":"https:\/\/institutounao.com.mx\/?page_id=8528"},"modified":"2024-09-07T20:46:40","modified_gmt":"2024-09-07T20:46:40","slug":"se24-71-constancia-de-situacion-academica-getsemani","status":"publish","type":"page","link":"https:\/\/institutounao.com.mx\/index.php\/se24-71-constancia-de-situacion-academica-getsemani\/","title":{"rendered":"SE24.71 Constancia de Situaci\u00f3n Acad\u00e9mica:  MAGDALENA SANCHEZ CRUZ."},"content":{"rendered":"\t\t<div data-elementor-type=\"wp-page\" data-elementor-id=\"8528\" class=\"elementor elementor-8528\">\n\t\t\t\t\t\t<section class=\"elementor-section elementor-top-section elementor-element elementor-element-29d0590 elementor-section-boxed elementor-section-height-default elementor-section-height-default\" data-id=\"29d0590\" data-element_type=\"section\" data-e-type=\"section\">\n\t\t\t\t\t\t<div class=\"elementor-container elementor-column-gap-default\">\n\t\t\t\t\t<div class=\"elementor-column elementor-col-100 elementor-top-column elementor-element elementor-element-36a9f8c\" data-id=\"36a9f8c\" data-element_type=\"column\" data-e-type=\"column\">\n\t\t\t<div class=\"elementor-widget-wrap elementor-element-populated\">\n\t\t\t\t\t\t<div class=\"elementor-element elementor-element-d0e3a2b elementor-widget elementor-widget-text-editor\" data-id=\"d0e3a2b\" data-element_type=\"widget\" data-e-type=\"widget\" data-widget_type=\"text-editor.default\">\n\t\t\t\t<div class=\"elementor-widget-container\">\n\t\t\t\t\t\t\t\t\t<p style=\"text-align: center;\"><b>REGISTRO DE DOCUMENTACI\u00d3N.<\/b><\/p>\t\t\t\t\t\t\t\t<\/div>\n\t\t\t\t<\/div>\n\t\t\t\t\t<\/div>\n\t\t<\/div>\n\t\t\t\t\t<\/div>\n\t\t<\/section>\n\t\t\t\t<section class=\"elementor-section elementor-top-section elementor-element elementor-element-0630b99 elementor-section-boxed elementor-section-height-default elementor-section-height-default\" data-id=\"0630b99\" data-element_type=\"section\" data-e-type=\"section\">\n\t\t\t\t\t\t<div class=\"elementor-container elementor-column-gap-default\">\n\t\t\t\t\t<div class=\"elementor-column elementor-col-100 elementor-top-column elementor-element elementor-element-8fdcf1e\" data-id=\"8fdcf1e\" data-element_type=\"column\" data-e-type=\"column\">\n\t\t\t<div class=\"elementor-widget-wrap elementor-element-populated\">\n\t\t\t\t\t\t<div class=\"elementor-element elementor-element-e85985f elementor-widget__width-initial elementor-widget elementor-widget-text-editor\" data-id=\"e85985f\" data-element_type=\"widget\" data-e-type=\"widget\" data-widget_type=\"text-editor.default\">\n\t\t\t\t<div class=\"elementor-widget-container\">\n\t\t\t\t\t\t\t\t\t<p style=\"font-size: 16px; font-family: Poppins, sans-serif;\">Nombre del estudiante: MAGDALENA SANCHEZ CRUZ.<\/p>\n<p style=\"font-size: 16px; font-family: Poppins, sans-serif;\">Tipo de constancia:&nbsp;<span style=\"font-size: 16px;\">Constancia de Situaci\u00f3n Acad\u00e9mica.<\/span><\/p>\n<p style=\"font-size: 16px; font-family: Poppins, sans-serif;\">No. constancia: 002 DA\/2025-1\/Digital.<\/p>\n<p style=\"font-size: 16px; font-family: Poppins, sans-serif;\">Ciclo escolar: julio-diciembre 2024.<\/p>\n<p style=\"font-size: 16px; font-family: Poppins, sans-serif;\">Fecha de expedici\u00f3n: 7 de septiembre de 2024.<\/p>\t\t\t\t\t\t\t\t<\/div>\n\t\t\t\t<\/div>\n\t\t\t\t\t<\/div>\n\t\t<\/div>\n\t\t\t\t\t<\/div>\n\t\t<\/section>\n\t\t\t\t<\/div>\n\t\t","protected":false},"excerpt":{"rendered":"<p>REGISTRO DE DOCUMENTACI\u00d3N. Nombre del estudiante: MAGDALENA SANCHEZ CRUZ. Tipo de constancia:&nbsp;Constancia de Situaci\u00f3n Acad\u00e9mica. No. constancia: 002 DA\/2025-1\/Digital. Ciclo escolar: julio-diciembre 2024. Fecha de expedici\u00f3n: 7 de septiembre de 2024.<\/p>\n","protected":false},"author":1,"featured_media":0,"parent":0,"menu_order":0,"comment_status":"closed","ping_status":"closed","template":"","meta":{"_joinchat":[],"footnotes":""},"class_list":["post-8528","page","type-page","status-publish","hentry"],"jetpack_sharing_enabled":true,"_links":{"self":[{"href":"https:\/\/institutounao.com.mx\/index.php\/wp-json\/wp\/v2\/pages\/8528","targetHints":{"allow":["GET"]}}],"collection":[{"href":"https:\/\/institutounao.com.mx\/index.php\/wp-json\/wp\/v2\/pages"}],"about":[{"href":"https:\/\/institutounao.com.mx\/index.php\/wp-json\/wp\/v2\/types\/page"}],"author":[{"embeddable":true,"href":"https:\/\/institutounao.com.mx\/index.php\/wp-json\/wp\/v2\/users\/1"}],"replies":[{"embeddable":true,"href":"https:\/\/institutounao.com.mx\/index.php\/wp-json\/wp\/v2\/comments?post=8528"}],"version-history":[{"count":6,"href":"https:\/\/institutounao.com.mx\/index.php\/wp-json\/wp\/v2\/pages\/8528\/revisions"}],"predecessor-version":[{"id":8537,"href":"https:\/\/institutounao.com.mx\/index.php\/wp-json\/wp\/v2\/pages\/8528\/revisions\/8537"}],"wp:attachment":[{"href":"https:\/\/institutounao.com.mx\/index.php\/wp-json\/wp\/v2\/media?parent=8528"}],"curies":[{"name":"wp","href":"https:\/\/api.w.org\/{rel}","templated":true}]}}