{"id":851,"date":"2020-06-04T22:54:11","date_gmt":"2020-06-04T22:54:11","guid":{"rendered":"http:\/\/institutounao.com.mx\/?page_id=851"},"modified":"2020-06-05T21:56:34","modified_gmt":"2020-06-05T21:56:34","slug":"tecnicas-de-intervencion-conductual-en-el-aula","status":"publish","type":"page","link":"https:\/\/institutounao.com.mx\/index.php\/tecnicas-de-intervencion-conductual-en-el-aula\/","title":{"rendered":"T\u00e9cnicas de intervenci\u00f3n conductual en el aula"},"content":{"rendered":"\n<p class=\"has-background has-cyan-bluish-gray-background-color\"><strong>Prop\u00f3sitos.<br><\/strong>a) Comprender el comportamiento del infante.<br>b) Identificar las conductas conflictivas del infante en el centro escolar.<br>c) Uso de t\u00e9cnicas para el manejo de conductas conflictivas infantiles.<br><strong><br><\/strong><\/p>\n\n\n\n<p class=\"has-background has-cyan-bluish-gray-background-color\"><strong>Contenido.<\/strong><br>I. Teor\u00edas del desarrollo humano acerca de la infancia.<br>II. El desarrollo del infante en el centro escolar.<br>III. Origen de las conductas conflictivas en el infante.<br>IV. Identificaci\u00f3n de las conductas conflictivas en el centro escolar.<br>V. T\u00e9cnicas de intervenci\u00f3n para el manejo de conductas conflictivas en la infancia.<br><br><\/p>\n\n\n\n<p class=\"has-background has-cyan-bluish-gray-background-color\"><strong>Pueden participar en el taller.<\/strong><br>-Profesores y profesoras de Educaci\u00f3n B\u00e1sica.<br>-Directores y coordinadores de Educaci\u00f3n B\u00e1sica.<br>-Auxiliares educativos.<br>-Estudiantes en las \u00e1reas: Psicolog\u00eda, Educaci\u00f3n Especial, Pedagog\u00eda, Ciencias de la Educaci\u00f3n.<br>-Psic\u00f3logos Educativos.<br>-Personas interesadas en el trabajo con ni\u00f1os.<br><strong><br><\/strong><\/p>\n\n\n\n<p class=\"has-background has-cyan-bluish-gray-background-color\"><strong>El proceso de inscripci\u00f3n.<br><\/strong>Realiza tu pago en santander, oxxo, o transferencia.<br>Registra tu inscripci\u00f3n <\/p>\n\n\n\n<p class=\"has-background has-cyan-bluish-gray-background-color\"><em>Al finalizar, se otorga constancia con valor curricular equivalente a 20 horas lectivas.<br><\/em><br><\/p>\n","protected":false},"excerpt":{"rendered":"<p>Prop\u00f3sitos.a) Comprender el comportamiento del infante.b) Identificar las conductas conflictivas del infante en el centro escolar.c) Uso de t\u00e9cnicas para el manejo de conductas conflictivas infantiles. Contenido.I. Teor\u00edas del desarrollo humano acerca de la infancia.II. El desarrollo del infante en el centro escolar.III. Origen de las conductas conflictivas en el <a class=\"read-more\" href=\"https:\/\/institutounao.com.mx\/index.php\/tecnicas-de-intervencion-conductual-en-el-aula\/\">Read More&#8230;<\/a><\/p>\n","protected":false},"author":1,"featured_media":852,"parent":0,"menu_order":0,"comment_status":"closed","ping_status":"closed","template":"","meta":{"_joinchat":[],"footnotes":""},"class_list":["post-851","page","type-page","status-publish","has-post-thumbnail","hentry"],"jetpack_sharing_enabled":true,"_links":{"self":[{"href":"https:\/\/institutounao.com.mx\/index.php\/wp-json\/wp\/v2\/pages\/851","targetHints":{"allow":["GET"]}}],"collection":[{"href":"https:\/\/institutounao.com.mx\/index.php\/wp-json\/wp\/v2\/pages"}],"about":[{"href":"https:\/\/institutounao.com.mx\/index.php\/wp-json\/wp\/v2\/types\/page"}],"author":[{"embeddable":true,"href":"https:\/\/institutounao.com.mx\/index.php\/wp-json\/wp\/v2\/users\/1"}],"replies":[{"embeddable":true,"href":"https:\/\/institutounao.com.mx\/index.php\/wp-json\/wp\/v2\/comments?post=851"}],"version-history":[{"count":2,"href":"https:\/\/institutounao.com.mx\/index.php\/wp-json\/wp\/v2\/pages\/851\/revisions"}],"predecessor-version":[{"id":855,"href":"https:\/\/institutounao.com.mx\/index.php\/wp-json\/wp\/v2\/pages\/851\/revisions\/855"}],"wp:featuredmedia":[{"embeddable":true,"href":"https:\/\/institutounao.com.mx\/index.php\/wp-json\/wp\/v2\/media\/852"}],"wp:attachment":[{"href":"https:\/\/institutounao.com.mx\/index.php\/wp-json\/wp\/v2\/media?parent=851"}],"curies":[{"name":"wp","href":"https:\/\/api.w.org\/{rel}","templated":true}]}}