{"id":8455,"date":"2024-08-07T22:20:06","date_gmt":"2024-08-07T22:20:06","guid":{"rendered":"https:\/\/institutounao.com.mx\/?page_id=8455"},"modified":"2025-01-29T21:05:23","modified_gmt":"2025-01-29T21:05:23","slug":"ecp25-8-taller-pedagogico-saberes-y-pensamiento-cientifico-desarrollo-del-pensamiento-matematico-nem","status":"publish","type":"page","link":"https:\/\/institutounao.com.mx\/index.php\/ecp25-8-taller-pedagogico-saberes-y-pensamiento-cientifico-desarrollo-del-pensamiento-matematico-nem\/","title":{"rendered":"ECP25.8 TALLER PEDAGOGICO: SABERES Y PENSAMIENTO CIENT\u00cdFICO: DESARROLLO DEL PENSAMIENTO MATEM\u00c1TICO (NEM)."},"content":{"rendered":"\t\t<div data-elementor-type=\"wp-page\" data-elementor-id=\"8455\" class=\"elementor elementor-8455\">\n\t\t\t\t\t\t<section class=\"elementor-section elementor-top-section elementor-element elementor-element-0a64ac6 elementor-section-boxed elementor-section-height-default elementor-section-height-default\" data-id=\"0a64ac6\" data-element_type=\"section\" data-e-type=\"section\">\n\t\t\t\t\t\t<div class=\"elementor-container elementor-column-gap-default\">\n\t\t\t\t\t<div class=\"elementor-column elementor-col-100 elementor-top-column elementor-element elementor-element-b4f2539\" data-id=\"b4f2539\" data-element_type=\"column\" data-e-type=\"column\">\n\t\t\t<div class=\"elementor-widget-wrap elementor-element-populated\">\n\t\t\t\t\t\t<div class=\"elementor-element elementor-element-8f2b7cd elementor-widget elementor-widget-heading\" data-id=\"8f2b7cd\" data-element_type=\"widget\" data-e-type=\"widget\" data-widget_type=\"heading.default\">\n\t\t\t\t<div class=\"elementor-widget-container\">\n\t\t\t\t\t<h4 class=\"elementor-heading-title elementor-size-default\">TALLER PEDAG\u00d3GICO SABERES Y PENSAMIENTO CIENT\u00cdFICO: DESARROLLO DEL PENSAMIENTO MATEM\u00c1TICO (NEM).<\/h4>\t\t\t\t<\/div>\n\t\t\t\t<\/div>\n\t\t\t\t\t<\/div>\n\t\t<\/div>\n\t\t\t\t\t<\/div>\n\t\t<\/section>\n\t\t\t\t<section class=\"elementor-section elementor-top-section elementor-element elementor-element-5a7b3ff elementor-section-boxed elementor-section-height-default elementor-section-height-default\" data-id=\"5a7b3ff\" data-element_type=\"section\" data-e-type=\"section\">\n\t\t\t\t\t\t<div class=\"elementor-container elementor-column-gap-default\">\n\t\t\t\t\t<div class=\"elementor-column elementor-col-100 elementor-top-column elementor-element elementor-element-c319288\" data-id=\"c319288\" data-element_type=\"column\" data-e-type=\"column\">\n\t\t\t<div class=\"elementor-widget-wrap elementor-element-populated\">\n\t\t\t\t\t\t<div class=\"elementor-element elementor-element-abb0d42 elementor-widget elementor-widget-text-editor\" data-id=\"abb0d42\" data-element_type=\"widget\" data-e-type=\"widget\" data-widget_type=\"text-editor.default\">\n\t\t\t\t<div class=\"elementor-widget-container\">\n\t\t\t\t\t\t\t\t\t<p style=\"text-align: center;\"><strong style=\"font-size: 0.875rem;\">Acreditaci\u00f3n de Actividades.<\/strong><\/p><div class=\"elementor-element elementor-element-bd3ea6a elementor-widget elementor-widget-text-editor\" data-id=\"bd3ea6a\" data-element_type=\"widget\" data-widget_type=\"text-editor.default\"><div class=\"elementor-widget-container\"><p><strong>Datos Generales:<\/strong><\/p><p>Instituci\u00f3n: Instituto Universitario Antequera de Oaxaca.<br \/>Clave de Plantel: 20MSY0104Y.<br \/>Periodo: 04 de agosto de 2024.<br \/>Modalidad: Virtual.<br \/>Horas lectivas: 10 horas lectivas.<br \/>Imparte: MTRA. VERONICA CAMACHO AVILA.<\/p><\/div><\/div><div class=\"elementor-element elementor-element-f11bf06 elementor-widget elementor-widget-text-editor\" data-id=\"f11bf06\" data-element_type=\"widget\" data-widget_type=\"text-editor.default\"><div class=\"elementor-widget-container\"><p><strong>Participantes que acreditaron:\u00a0<\/strong><\/p><ol><li>ADRIANA TAPIA RODRIGUEZ<\/li><li>ANA GABRIELA ARENAS ROMERO<\/li><li>ANGELA CONCEPCI\u00d3N SANCHEZ VAZQUEZ<\/li><li>ARACELI SOBERANES GUERRERO<\/li><li>BERTHA CAROLINA AVILES MOLINA<\/li><li>BRENDA PATI\u00d1O RIVERO<\/li><li>CRISTABEL DEL CARMEN SALVATIERRA DIAZ<\/li><li>DULCE ELENA TELLEZ ANDRADE<\/li><li>ELIA LYNETTE GARCIA MARTINEZ<\/li><li>GUADALUPE ALVARADO ARCE<\/li><li>IVAN JAVIER CORTES VASQUEZ<\/li><li>IVONNE LOPEZ RIOS<\/li><li>JOSE MANUEL HERRERA LOAEZA<\/li><li>LUZ ILEANA RAMOS RAMOS<\/li><li>LUZ MARIA RODRIGUEZ VILLASE\u00d1OR<\/li><li>MAGALI SANCHEZ CISNEROS<\/li><li>MARIA DE JESUS SANTIAGO CHAVEZ<\/li><li>MARIA ISABEL CAROLINA MEDINA RODRIGUEZ<\/li><li>MARIANA HERNANDEZ ALCANTARA<\/li><li>MIRIAM EDITH BUSTOS ISLAS<\/li><li>PATRICIA ANGELES SANTIAGO<\/li><li>REBECA SAINZ ELIZARRARAZ<\/li><li>ROSA MARIA ROMERO GARCIA<\/li><li>SIRLEY SHAMARA PLATA SOSA<\/li><li>VALERIA NOHEMI ROSADO RIOS<\/li><\/ol><\/div><\/div>\t\t\t\t\t\t\t\t<\/div>\n\t\t\t\t<\/div>\n\t\t\t\t\t<\/div>\n\t\t<\/div>\n\t\t\t\t\t<\/div>\n\t\t<\/section>\n\t\t\t\t<\/div>\n\t\t","protected":false},"excerpt":{"rendered":"<p>TALLER PEDAG\u00d3GICO SABERES Y PENSAMIENTO CIENT\u00cdFICO: DESARROLLO DEL PENSAMIENTO MATEM\u00c1TICO (NEM). Acreditaci\u00f3n de Actividades. Datos Generales: Instituci\u00f3n: Instituto Universitario Antequera de Oaxaca.Clave de Plantel: 20MSY0104Y.Periodo: 04 de agosto de 2024.Modalidad: Virtual.Horas lectivas: 10 horas lectivas.Imparte: MTRA. VERONICA CAMACHO AVILA. Participantes que acreditaron:\u00a0 ADRIANA TAPIA RODRIGUEZ ANA GABRIELA ARENAS ROMERO ANGELA <a class=\"read-more\" href=\"https:\/\/institutounao.com.mx\/index.php\/ecp25-8-taller-pedagogico-saberes-y-pensamiento-cientifico-desarrollo-del-pensamiento-matematico-nem\/\">Read More&#8230;<\/a><\/p>\n","protected":false},"author":1,"featured_media":0,"parent":0,"menu_order":0,"comment_status":"closed","ping_status":"closed","template":"","meta":{"_joinchat":[],"footnotes":""},"class_list":["post-8455","page","type-page","status-publish","hentry"],"jetpack_sharing_enabled":true,"_links":{"self":[{"href":"https:\/\/institutounao.com.mx\/index.php\/wp-json\/wp\/v2\/pages\/8455","targetHints":{"allow":["GET"]}}],"collection":[{"href":"https:\/\/institutounao.com.mx\/index.php\/wp-json\/wp\/v2\/pages"}],"about":[{"href":"https:\/\/institutounao.com.mx\/index.php\/wp-json\/wp\/v2\/types\/page"}],"author":[{"embeddable":true,"href":"https:\/\/institutounao.com.mx\/index.php\/wp-json\/wp\/v2\/users\/1"}],"replies":[{"embeddable":true,"href":"https:\/\/institutounao.com.mx\/index.php\/wp-json\/wp\/v2\/comments?post=8455"}],"version-history":[{"count":16,"href":"https:\/\/institutounao.com.mx\/index.php\/wp-json\/wp\/v2\/pages\/8455\/revisions"}],"predecessor-version":[{"id":9491,"href":"https:\/\/institutounao.com.mx\/index.php\/wp-json\/wp\/v2\/pages\/8455\/revisions\/9491"}],"wp:attachment":[{"href":"https:\/\/institutounao.com.mx\/index.php\/wp-json\/wp\/v2\/media?parent=8455"}],"curies":[{"name":"wp","href":"https:\/\/api.w.org\/{rel}","templated":true}]}}