{"id":8436,"date":"2024-08-07T20:59:53","date_gmt":"2024-08-07T20:59:53","guid":{"rendered":"https:\/\/institutounao.com.mx\/?page_id=8436"},"modified":"2024-08-07T21:00:22","modified_gmt":"2024-08-07T21:00:22","slug":"se24-27-boleta-licenciatura-en-pedagogia-estudiantes-que-presentaron-evaluacion-extraordinaria-seminario-de-regularizacion-2","status":"publish","type":"page","link":"https:\/\/institutounao.com.mx\/index.php\/se24-27-boleta-licenciatura-en-pedagogia-estudiantes-que-presentaron-evaluacion-extraordinaria-seminario-de-regularizacion-2\/","title":{"rendered":"SE24.27 Boleta Licenciatura en Pedagog\u00eda \/ Estudiantes que presentaron Evaluaci\u00f3n Extraordinaria\/Seminario de Regularizaci\u00f3n."},"content":{"rendered":"\t\t<div data-elementor-type=\"wp-page\" data-elementor-id=\"8436\" class=\"elementor elementor-8436\">\n\t\t\t\t\t\t<section class=\"elementor-section elementor-top-section elementor-element elementor-element-437c050 elementor-section-boxed elementor-section-height-default elementor-section-height-default\" data-id=\"437c050\" data-element_type=\"section\" data-e-type=\"section\">\n\t\t\t\t\t\t<div class=\"elementor-container elementor-column-gap-default\">\n\t\t\t\t\t<div class=\"elementor-column elementor-col-100 elementor-top-column elementor-element elementor-element-5bb3616\" data-id=\"5bb3616\" data-element_type=\"column\" data-e-type=\"column\">\n\t\t\t<div class=\"elementor-widget-wrap elementor-element-populated\">\n\t\t\t\t\t\t<div class=\"elementor-element elementor-element-c624c2b elementor-widget elementor-widget-text-editor\" data-id=\"c624c2b\" data-element_type=\"widget\" data-e-type=\"widget\" data-widget_type=\"text-editor.default\">\n\t\t\t\t<div class=\"elementor-widget-container\">\n\t\t\t\t\t\t\t\t\t<p style=\"text-align: center;\"><strong>Licenciatura en Pedagog\u00eda.<\/strong><\/p>\t\t\t\t\t\t\t\t<\/div>\n\t\t\t\t<\/div>\n\t\t\t\t\t<\/div>\n\t\t<\/div>\n\t\t\t\t\t<\/div>\n\t\t<\/section>\n\t\t\t\t<section class=\"elementor-section elementor-top-section elementor-element elementor-element-52d4871 elementor-section-boxed elementor-section-height-default elementor-section-height-default\" data-id=\"52d4871\" data-element_type=\"section\" data-e-type=\"section\">\n\t\t\t\t\t\t<div class=\"elementor-container elementor-column-gap-default\">\n\t\t\t\t\t<div class=\"elementor-column elementor-col-100 elementor-top-column elementor-element elementor-element-1304982\" data-id=\"1304982\" data-element_type=\"column\" data-e-type=\"column\">\n\t\t\t<div class=\"elementor-widget-wrap elementor-element-populated\">\n\t\t\t\t\t\t<div class=\"elementor-element elementor-element-ec84a73 elementor-widget__width-initial elementor-widget elementor-widget-text-editor\" data-id=\"ec84a73\" data-element_type=\"widget\" data-e-type=\"widget\" data-widget_type=\"text-editor.default\">\n\t\t\t\t<div class=\"elementor-widget-container\">\n\t\t\t\t\t\t\t\t\t<p>Estudiantes que acreditaron la evaluaci\u00f3n extraordinaria \/el seminario de regularizaci\u00f3n correspondiente a Asignaturas no acreditadas en periodo ordinario durante el ciclo escolar enero \u2013 junio 2024<\/p>\t\t\t\t\t\t\t\t<\/div>\n\t\t\t\t<\/div>\n\t\t\t\t\t<\/div>\n\t\t<\/div>\n\t\t\t\t\t<\/div>\n\t\t<\/section>\n\t\t\t\t<section class=\"elementor-section elementor-top-section elementor-element elementor-element-4a0055b elementor-section-boxed elementor-section-height-default elementor-section-height-default\" data-id=\"4a0055b\" data-element_type=\"section\" data-e-type=\"section\">\n\t\t\t\t\t\t<div class=\"elementor-container elementor-column-gap-default\">\n\t\t\t\t\t<div class=\"elementor-column elementor-col-100 elementor-top-column elementor-element elementor-element-30b9cec\" data-id=\"30b9cec\" data-element_type=\"column\" data-e-type=\"column\">\n\t\t\t<div class=\"elementor-widget-wrap elementor-element-populated\">\n\t\t\t\t\t\t<div class=\"elementor-element elementor-element-efadeea elementor-widget elementor-widget-text-editor\" data-id=\"efadeea\" data-element_type=\"widget\" data-e-type=\"widget\" data-widget_type=\"text-editor.default\">\n\t\t\t\t<div class=\"elementor-widget-container\">\n\t\t\t\t\t\t\t\t\t<p style=\"text-align: center;\"><b>\u00a0<\/b><\/p><p style=\"text-align: center;\"><b>Evaluaci\u00f3n Extraordinaria.<\/b><\/p><p><b>Asignatura: LPE015. Pr\u00e1ctica Docente y \u00c9tica Profesional.\u00a0<\/b><\/p><p><b>Semestre: Sexto.<\/b><\/p><p><b>Fecha de acreditaci\u00f3n: 02\/ago\/2024<\/b><\/p><p><b>Ciclo en que se acredito: Julio-diciembre 2024 (2025-1)<\/b><\/p><p><b>Promedio \/ Nombre del Estudiante.<\/b><\/p><p>7\u00a0 DIANA ITZEL MARTINEZ VIDAL.<\/p>\t\t\t\t\t\t\t\t<\/div>\n\t\t\t\t<\/div>\n\t\t\t\t\t<\/div>\n\t\t<\/div>\n\t\t\t\t\t<\/div>\n\t\t<\/section>\n\t\t\t\t<section class=\"elementor-section elementor-top-section elementor-element elementor-element-7d87e1b elementor-section-boxed elementor-section-height-default elementor-section-height-default\" data-id=\"7d87e1b\" data-element_type=\"section\" data-e-type=\"section\">\n\t\t\t\t\t\t<div class=\"elementor-container elementor-column-gap-default\">\n\t\t\t\t\t<div class=\"elementor-column elementor-col-100 elementor-top-column elementor-element elementor-element-031cc66\" data-id=\"031cc66\" data-element_type=\"column\" data-e-type=\"column\">\n\t\t\t<div class=\"elementor-widget-wrap elementor-element-populated\">\n\t\t\t\t\t\t<div class=\"elementor-element elementor-element-9eb8748 elementor-widget elementor-widget-text-editor\" data-id=\"9eb8748\" data-element_type=\"widget\" data-e-type=\"widget\" data-widget_type=\"text-editor.default\">\n\t\t\t\t<div class=\"elementor-widget-container\">\n\t\t\t\t\t\t\t\t\t<p style=\"text-align: center;\"><b>\u00a0<\/b><\/p><p style=\"text-align: center;\"><b>Seminario de Regularizaci\u00f3n.<\/b><\/p><p><b>Asignatura: THA001 Desarrollo de Competencia Lectora.<\/b><\/p><p><b>Semestre: Primero.<\/b><\/p><p><b>Fecha de acreditaci\u00f3n: 02\/ago\/2024<\/b><\/p><p><b>Ciclo en que se acredito: Julio-diciembre 2024 (2025-1)<\/b><\/p><p><b>Promedio \/ Nombre del Estudiante.<\/b><\/p><p>5\u00a0 ALEJANDRA RIOS SANCHEZ.<\/p>\t\t\t\t\t\t\t\t<\/div>\n\t\t\t\t<\/div>\n\t\t\t\t\t<\/div>\n\t\t<\/div>\n\t\t\t\t\t<\/div>\n\t\t<\/section>\n\t\t\t\t<section class=\"elementor-section elementor-top-section elementor-element elementor-element-11fdd5c elementor-section-boxed elementor-section-height-default elementor-section-height-default\" data-id=\"11fdd5c\" data-element_type=\"section\" data-e-type=\"section\">\n\t\t\t\t\t\t<div class=\"elementor-container elementor-column-gap-default\">\n\t\t\t\t\t<div class=\"elementor-column elementor-col-100 elementor-top-column elementor-element elementor-element-6982515\" data-id=\"6982515\" data-element_type=\"column\" data-e-type=\"column\">\n\t\t\t<div class=\"elementor-widget-wrap elementor-element-populated\">\n\t\t\t\t\t\t<div class=\"elementor-element elementor-element-3b54ada elementor-widget elementor-widget-text-editor\" data-id=\"3b54ada\" data-element_type=\"widget\" data-e-type=\"widget\" data-widget_type=\"text-editor.default\">\n\t\t\t\t<div class=\"elementor-widget-container\">\n\t\t\t\t\t\t\t\t\t<p style=\"text-align: center;\"><b>\u00a0<\/b><\/p><p style=\"text-align: center;\"><b>Seminario de Regularizaci\u00f3n.<\/b><\/p><p><b>Asignatura: THA002 Lectura Cr\u00edtica.<\/b><\/p><p><b>Semestre: Segundo.<\/b><\/p><p><b>Fecha de acreditaci\u00f3n: 02\/ago\/2024<\/b><\/p><p><b>Ciclo en que se acredito: Julio-diciembre 2024 (2025-1)<\/b><\/p><p><b>Promedio \/ Nombre del Estudiante.<\/b><\/p><p>5\u00a0 ASHLEY PAMELA VELAZQUEZ REYES.<\/p>\t\t\t\t\t\t\t\t<\/div>\n\t\t\t\t<\/div>\n\t\t\t\t\t<\/div>\n\t\t<\/div>\n\t\t\t\t\t<\/div>\n\t\t<\/section>\n\t\t\t\t<section class=\"elementor-section elementor-top-section elementor-element elementor-element-37f1e93 elementor-section-boxed elementor-section-height-default elementor-section-height-default\" data-id=\"37f1e93\" data-element_type=\"section\" data-e-type=\"section\">\n\t\t\t\t\t\t<div class=\"elementor-container elementor-column-gap-default\">\n\t\t\t\t\t<div class=\"elementor-column elementor-col-100 elementor-top-column elementor-element elementor-element-da183f9\" data-id=\"da183f9\" data-element_type=\"column\" data-e-type=\"column\">\n\t\t\t<div class=\"elementor-widget-wrap elementor-element-populated\">\n\t\t\t\t\t\t<div class=\"elementor-element elementor-element-28ecc80 elementor-widget elementor-widget-text-editor\" data-id=\"28ecc80\" data-element_type=\"widget\" data-e-type=\"widget\" data-widget_type=\"text-editor.default\">\n\t\t\t\t<div class=\"elementor-widget-container\">\n\t\t\t\t\t\t\t\t\t<p style=\"text-align: center;\"><b>\u00a0<\/b><\/p><p style=\"text-align: center;\"><b>Seminario de Regularizaci\u00f3n.<\/b><\/p><p><b>Asignatura: THA002 Lectura Cr\u00edtica.<\/b><\/p><p><b>Semestre: Segundo.<\/b><\/p><p><b>Fecha de acreditaci\u00f3n: 02\/ago\/2024<\/b><\/p><p><b>Ciclo en que se acredito: Julio-diciembre 2024 (2025-1)<\/b><\/p><p><b>Promedio \/ Nombre del Estudiante.<\/b><\/p><p>5\u00a0 ALEJANDRA RIOS SANCHEZ.<\/p>\t\t\t\t\t\t\t\t<\/div>\n\t\t\t\t<\/div>\n\t\t\t\t\t<\/div>\n\t\t<\/div>\n\t\t\t\t\t<\/div>\n\t\t<\/section>\n\t\t\t\t<section class=\"elementor-section elementor-top-section elementor-element elementor-element-3fbc664 elementor-section-boxed elementor-section-height-default elementor-section-height-default\" data-id=\"3fbc664\" data-element_type=\"section\" data-e-type=\"section\">\n\t\t\t\t\t\t<div class=\"elementor-container elementor-column-gap-default\">\n\t\t\t\t\t<div class=\"elementor-column elementor-col-100 elementor-top-column elementor-element elementor-element-a3e770e\" data-id=\"a3e770e\" data-element_type=\"column\" data-e-type=\"column\">\n\t\t\t<div class=\"elementor-widget-wrap elementor-element-populated\">\n\t\t\t\t\t\t<div class=\"elementor-element elementor-element-5aed162 elementor-widget elementor-widget-text-editor\" data-id=\"5aed162\" data-element_type=\"widget\" data-e-type=\"widget\" data-widget_type=\"text-editor.default\">\n\t\t\t\t<div class=\"elementor-widget-container\">\n\t\t\t\t\t\t\t\t\t<p style=\"text-align: center;\"><b>\u00a0<\/b><\/p><p style=\"text-align: center;\"><b>Seminario de Regularizaci\u00f3n.<\/b><\/p><p><b>Asignatura: THA006 Interpretaci\u00f3n de la Informaci\u00f3n.<\/b><\/p><p><b>Semestre: Sexto.<\/b><\/p><p><b>Fecha de acreditaci\u00f3n: 02\/ago\/2024<\/b><\/p><p><b>Ciclo en que se acredito: Julio-diciembre 2024 (2025-1)<\/b><\/p><p><b>Promedio \/ Nombre del Estudiante.<\/b><\/p><p>8 ASHLEY PAMELA VELAZQUEZ REYES.<\/p>\t\t\t\t\t\t\t\t<\/div>\n\t\t\t\t<\/div>\n\t\t\t\t\t<\/div>\n\t\t<\/div>\n\t\t\t\t\t<\/div>\n\t\t<\/section>\n\t\t\t\t<section class=\"elementor-section elementor-top-section elementor-element elementor-element-441e98d elementor-section-boxed elementor-section-height-default elementor-section-height-default\" data-id=\"441e98d\" data-element_type=\"section\" data-e-type=\"section\">\n\t\t\t\t\t\t<div class=\"elementor-container elementor-column-gap-default\">\n\t\t\t\t\t<div class=\"elementor-column elementor-col-100 elementor-top-column elementor-element elementor-element-4010f19\" data-id=\"4010f19\" data-element_type=\"column\" data-e-type=\"column\">\n\t\t\t<div class=\"elementor-widget-wrap elementor-element-populated\">\n\t\t\t\t\t\t<div class=\"elementor-element elementor-element-f33f7ed elementor-widget elementor-widget-text-editor\" data-id=\"f33f7ed\" data-element_type=\"widget\" data-e-type=\"widget\" data-widget_type=\"text-editor.default\">\n\t\t\t\t<div class=\"elementor-widget-container\">\n\t\t\t\t\t\t\t\t\t<p style=\"text-align: center;\"><b>&nbsp;<\/b><\/p>\n<p style=\"text-align: center;\"><b>Seminario de Regularizaci\u00f3n.<\/b><\/p>\n<p><b>Asignatura: THA006 Interpretaci\u00f3n de la Informaci\u00f3n.<\/b><\/p>\n<p><b>Semestre: Sexto.<\/b><\/p>\n<p><b>Fecha de acreditaci\u00f3n: 02\/ago\/2024<\/b><\/p>\n<p><b>Ciclo en que se acredito: Julio-diciembre 2024 (2025-1)<\/b><\/p>\n<p><b>Promedio \/ Nombre del Estudiante.<\/b><\/p>\n<p>7.9 DIANA ITZEL MARTINEZ VIDAL.<\/p>\t\t\t\t\t\t\t\t<\/div>\n\t\t\t\t<\/div>\n\t\t\t\t\t<\/div>\n\t\t<\/div>\n\t\t\t\t\t<\/div>\n\t\t<\/section>\n\t\t\t\t<\/div>\n\t\t","protected":false},"excerpt":{"rendered":"<p>Licenciatura en Pedagog\u00eda. Estudiantes que acreditaron la evaluaci\u00f3n extraordinaria \/el seminario de regularizaci\u00f3n correspondiente a Asignaturas no acreditadas en periodo ordinario durante el ciclo escolar enero \u2013 junio 2024 \u00a0 Evaluaci\u00f3n Extraordinaria. Asignatura: LPE015. Pr\u00e1ctica Docente y \u00c9tica Profesional.\u00a0 Semestre: Sexto. Fecha de acreditaci\u00f3n: 02\/ago\/2024 Ciclo en que se acredito: <a class=\"read-more\" href=\"https:\/\/institutounao.com.mx\/index.php\/se24-27-boleta-licenciatura-en-pedagogia-estudiantes-que-presentaron-evaluacion-extraordinaria-seminario-de-regularizacion-2\/\">Read More&#8230;<\/a><\/p>\n","protected":false},"author":1,"featured_media":0,"parent":0,"menu_order":0,"comment_status":"closed","ping_status":"closed","template":"","meta":{"_joinchat":[],"footnotes":""},"class_list":["post-8436","page","type-page","status-publish","hentry"],"jetpack_sharing_enabled":true,"_links":{"self":[{"href":"https:\/\/institutounao.com.mx\/index.php\/wp-json\/wp\/v2\/pages\/8436","targetHints":{"allow":["GET"]}}],"collection":[{"href":"https:\/\/institutounao.com.mx\/index.php\/wp-json\/wp\/v2\/pages"}],"about":[{"href":"https:\/\/institutounao.com.mx\/index.php\/wp-json\/wp\/v2\/types\/page"}],"author":[{"embeddable":true,"href":"https:\/\/institutounao.com.mx\/index.php\/wp-json\/wp\/v2\/users\/1"}],"replies":[{"embeddable":true,"href":"https:\/\/institutounao.com.mx\/index.php\/wp-json\/wp\/v2\/comments?post=8436"}],"version-history":[{"count":4,"href":"https:\/\/institutounao.com.mx\/index.php\/wp-json\/wp\/v2\/pages\/8436\/revisions"}],"predecessor-version":[{"id":8441,"href":"https:\/\/institutounao.com.mx\/index.php\/wp-json\/wp\/v2\/pages\/8436\/revisions\/8441"}],"wp:attachment":[{"href":"https:\/\/institutounao.com.mx\/index.php\/wp-json\/wp\/v2\/media?parent=8436"}],"curies":[{"name":"wp","href":"https:\/\/api.w.org\/{rel}","templated":true}]}}