{"id":8391,"date":"2024-07-13T19:26:26","date_gmt":"2024-07-13T19:26:26","guid":{"rendered":"https:\/\/institutounao.com.mx\/?page_id=8391"},"modified":"2025-01-29T20:32:09","modified_gmt":"2025-01-29T20:32:09","slug":"ecp25-4-desarrollo-y-estimulacion-del-lenguaje-infantil","status":"publish","type":"page","link":"https:\/\/institutounao.com.mx\/index.php\/ecp25-4-desarrollo-y-estimulacion-del-lenguaje-infantil\/","title":{"rendered":"ECP25.4 DESARROLLO Y ESTIMULACI\u00d3N DEL LENGUAJE INFANTIL."},"content":{"rendered":"\t\t<div data-elementor-type=\"wp-page\" data-elementor-id=\"8391\" class=\"elementor elementor-8391\">\n\t\t\t\t\t\t<section class=\"elementor-section elementor-top-section elementor-element elementor-element-174065c elementor-section-boxed elementor-section-height-default elementor-section-height-default\" data-id=\"174065c\" data-element_type=\"section\" data-e-type=\"section\">\n\t\t\t\t\t\t<div class=\"elementor-container elementor-column-gap-default\">\n\t\t\t\t\t<div class=\"elementor-column elementor-col-100 elementor-top-column elementor-element elementor-element-2002728\" data-id=\"2002728\" data-element_type=\"column\" data-e-type=\"column\">\n\t\t\t<div class=\"elementor-widget-wrap elementor-element-populated\">\n\t\t\t\t\t\t<div class=\"elementor-element elementor-element-fab9b55 elementor-widget elementor-widget-heading\" data-id=\"fab9b55\" data-element_type=\"widget\" data-e-type=\"widget\" data-widget_type=\"heading.default\">\n\t\t\t\t<div class=\"elementor-widget-container\">\n\t\t\t\t\t<h4 class=\"elementor-heading-title elementor-size-default\">TALLER PEDAG\u00d3GICO DESARROLLO Y ESTIMULACI\u00d3N DEL LENGUAJE INFANTIL.<\/h4>\t\t\t\t<\/div>\n\t\t\t\t<\/div>\n\t\t\t\t\t<\/div>\n\t\t<\/div>\n\t\t\t\t\t<\/div>\n\t\t<\/section>\n\t\t\t\t<section class=\"elementor-section elementor-top-section elementor-element elementor-element-c72aa55 elementor-section-boxed elementor-section-height-default elementor-section-height-default\" data-id=\"c72aa55\" data-element_type=\"section\" data-e-type=\"section\">\n\t\t\t\t\t\t<div class=\"elementor-container elementor-column-gap-default\">\n\t\t\t\t\t<div class=\"elementor-column elementor-col-100 elementor-top-column elementor-element elementor-element-d4f7aa5\" data-id=\"d4f7aa5\" data-element_type=\"column\" data-e-type=\"column\">\n\t\t\t<div class=\"elementor-widget-wrap elementor-element-populated\">\n\t\t\t\t\t\t<div class=\"elementor-element elementor-element-faf7d7d elementor-widget elementor-widget-text-editor\" data-id=\"faf7d7d\" data-element_type=\"widget\" data-e-type=\"widget\" data-widget_type=\"text-editor.default\">\n\t\t\t\t<div class=\"elementor-widget-container\">\n\t\t\t\t\t\t\t\t\t<section class=\"elementor-section elementor-top-section elementor-element elementor-element-dddd7c8 elementor-section-boxed elementor-section-height-default elementor-section-height-default\" data-id=\"dddd7c8\" data-element_type=\"section\"><div class=\"elementor-container elementor-column-gap-default\"><div class=\"elementor-column elementor-col-100 elementor-top-column elementor-element elementor-element-1c3e03f\" data-id=\"1c3e03f\" data-element_type=\"column\"><div class=\"elementor-widget-wrap elementor-element-populated\"><div class=\"elementor-element elementor-element-6aafd15 elementor-widget elementor-widget-heading\" data-id=\"6aafd15\" data-element_type=\"widget\" data-widget_type=\"heading.default\"><div class=\"elementor-widget-container\"><p class=\"elementor-heading-title elementor-size-default\" style=\"text-align: center;\"><strong>Acreditaci\u00f3n de actividades.<\/strong><\/p><\/div><\/div><\/div><\/div><\/div><\/section><section class=\"elementor-section elementor-top-section elementor-element elementor-element-711fedf elementor-section-boxed elementor-section-height-default elementor-section-height-default\" data-id=\"711fedf\" data-element_type=\"section\"><div class=\"elementor-container elementor-column-gap-default\"><div class=\"elementor-column elementor-col-100 elementor-top-column elementor-element elementor-element-94ea883\" data-id=\"94ea883\" data-element_type=\"column\"><div class=\"elementor-widget-wrap elementor-element-populated\"><div class=\"elementor-element elementor-element-bd3ea6a elementor-widget elementor-widget-text-editor\" data-id=\"bd3ea6a\" data-element_type=\"widget\" data-widget_type=\"text-editor.default\"><div class=\"elementor-widget-container\"><p><strong>Datos Generales:\u00a0<\/strong><\/p><p>Instituci\u00f3n: Instituto Universitario Antequera de Oaxaca.<br \/>Clave de Plantel: 20MSY0104Y.<br \/>Periodo: 13 de julio de 2014.<br \/>Modalidad: Virtual.<br \/>Horas lectivas: 10 horas lectivas.<br \/>Imparte:\u00a0MTRA. ADRIANA ELIZABETH ZENIT ALDANA.\u00a0<\/p><\/div><\/div><div class=\"elementor-element elementor-element-f11bf06 elementor-widget elementor-widget-text-editor\" data-id=\"f11bf06\" data-element_type=\"widget\" data-widget_type=\"text-editor.default\"><div class=\"elementor-widget-container\"><p><strong><span style=\"color: #000000;\">Participantes que acreditaron:\u00a0<\/span><\/strong><\/p><p>1.- JOSUE CASTELLANOS RUIZ.<br \/>2.- HERNAN ALBERTO TUZ SANCHEZ.<br \/>3.- YOLANDA PEREZ SERRANO.<br \/>4.- ARITH ESTEFANIA MADRID CRUZ.<br \/>5.- DIANA LAURA NIEVES JUAREZ.<br \/>6.- SANDRA LORENA CRUZ MATIAS.<br \/>7.- VERONICA CADENA ORTEGA.<br \/>8.- ELIZABETH BERENICE CRUZ MATIAS.<br \/>9.- YAJAIRA ADAMARIS\u00a0 FERNANDEZ ARCOS.<br \/>10.- ELVIA CRISTINA ANGELES LOPEZ.<br \/>11.-ANGELICA PAOLA TORRES CHAGOYA.<br \/>12.-ELIZABETH GUADALUPE GARCIA CARVAJAL.<br \/>13.-IVANA CEMARY GOMEZ RIVERA.<br \/>14.-AMPARO GUADALUPE MOCTEZUMA HERNANDEZ.<br \/>15.-FERNANDA LOURDES GARCIA RAMOS.<br \/>16.-MARIA SOLEDAD OLMEDO CORONA.<br \/>17.-ANA LILIA SANCHEZ ZEPEDA.<br \/>18.- JUANA CECILIA GARCIA PEREZ.<br \/>19.-GABRIELA AGUILAR SALINAS.<br \/>20.-ARANZA MICHELLE LOPEZ NU\u00d1EZ.<br \/>21.-BRENDA KARINA CERVANTES RAMIREZ.<br \/>22.- YULIZA XOCHITL RUIZ.<br \/>23.-ALBA JUDITH MENDEZ LOPEZ.<br \/>24.-VALERIA NOHEMI ROSADO RIOS.<\/p><\/div><\/div><\/div><\/div><\/div><\/section>\t\t\t\t\t\t\t\t<\/div>\n\t\t\t\t<\/div>\n\t\t\t\t\t<\/div>\n\t\t<\/div>\n\t\t\t\t\t<\/div>\n\t\t<\/section>\n\t\t\t\t<\/div>\n\t\t","protected":false},"excerpt":{"rendered":"<p>TALLER PEDAG\u00d3GICO DESARROLLO Y ESTIMULACI\u00d3N DEL LENGUAJE INFANTIL. Acreditaci\u00f3n de actividades. Datos Generales:\u00a0 Instituci\u00f3n: Instituto Universitario Antequera de Oaxaca.Clave de Plantel: 20MSY0104Y.Periodo: 13 de julio de 2014.Modalidad: Virtual.Horas lectivas: 10 horas lectivas.Imparte:\u00a0MTRA. ADRIANA ELIZABETH ZENIT ALDANA.\u00a0 Participantes que acreditaron:\u00a0 1.- JOSUE CASTELLANOS RUIZ.2.- HERNAN ALBERTO TUZ SANCHEZ.3.- YOLANDA PEREZ SERRANO.4.- <a class=\"read-more\" href=\"https:\/\/institutounao.com.mx\/index.php\/ecp25-4-desarrollo-y-estimulacion-del-lenguaje-infantil\/\">Read More&#8230;<\/a><\/p>\n","protected":false},"author":1,"featured_media":0,"parent":0,"menu_order":0,"comment_status":"closed","ping_status":"closed","template":"","meta":{"_joinchat":[],"footnotes":""},"class_list":["post-8391","page","type-page","status-publish","hentry"],"jetpack_sharing_enabled":true,"_links":{"self":[{"href":"https:\/\/institutounao.com.mx\/index.php\/wp-json\/wp\/v2\/pages\/8391","targetHints":{"allow":["GET"]}}],"collection":[{"href":"https:\/\/institutounao.com.mx\/index.php\/wp-json\/wp\/v2\/pages"}],"about":[{"href":"https:\/\/institutounao.com.mx\/index.php\/wp-json\/wp\/v2\/types\/page"}],"author":[{"embeddable":true,"href":"https:\/\/institutounao.com.mx\/index.php\/wp-json\/wp\/v2\/users\/1"}],"replies":[{"embeddable":true,"href":"https:\/\/institutounao.com.mx\/index.php\/wp-json\/wp\/v2\/comments?post=8391"}],"version-history":[{"count":13,"href":"https:\/\/institutounao.com.mx\/index.php\/wp-json\/wp\/v2\/pages\/8391\/revisions"}],"predecessor-version":[{"id":9464,"href":"https:\/\/institutounao.com.mx\/index.php\/wp-json\/wp\/v2\/pages\/8391\/revisions\/9464"}],"wp:attachment":[{"href":"https:\/\/institutounao.com.mx\/index.php\/wp-json\/wp\/v2\/media?parent=8391"}],"curies":[{"name":"wp","href":"https:\/\/api.w.org\/{rel}","templated":true}]}}