{"id":8382,"date":"2024-07-13T18:45:09","date_gmt":"2024-07-13T18:45:09","guid":{"rendered":"https:\/\/institutounao.com.mx\/?page_id=8382"},"modified":"2025-01-29T20:23:24","modified_gmt":"2025-01-29T20:23:24","slug":"ecp25-2-diplomado-en-neuroeducacion-aprendizaje-de-la-lectoescritura-y-el-calculo-matematico","status":"publish","type":"page","link":"https:\/\/institutounao.com.mx\/index.php\/ecp25-2-diplomado-en-neuroeducacion-aprendizaje-de-la-lectoescritura-y-el-calculo-matematico\/","title":{"rendered":"ECP25.3 DIPLOMADO EN NEUROEDUCACI\u00d3N: APRENDIZAJE DE LA LECTOESCRITURA Y EL C\u00c1LCULO MATEM\u00c1TICO"},"content":{"rendered":"\t\t<div data-elementor-type=\"wp-page\" data-elementor-id=\"8382\" class=\"elementor elementor-8382\">\n\t\t\t\t\t\t<section class=\"elementor-section elementor-top-section elementor-element elementor-element-2ee5c58 elementor-section-boxed elementor-section-height-default elementor-section-height-default\" data-id=\"2ee5c58\" data-element_type=\"section\" data-e-type=\"section\">\n\t\t\t\t\t\t<div class=\"elementor-container elementor-column-gap-default\">\n\t\t\t\t\t<div class=\"elementor-column elementor-col-100 elementor-top-column elementor-element elementor-element-94a30ad\" data-id=\"94a30ad\" data-element_type=\"column\" data-e-type=\"column\">\n\t\t\t<div class=\"elementor-widget-wrap elementor-element-populated\">\n\t\t\t\t\t\t<div class=\"elementor-element elementor-element-48de990 elementor-widget elementor-widget-heading\" data-id=\"48de990\" data-element_type=\"widget\" data-e-type=\"widget\" data-widget_type=\"heading.default\">\n\t\t\t\t<div class=\"elementor-widget-container\">\n\t\t\t\t\t<h4 class=\"elementor-heading-title elementor-size-default\">DIPLOMADO EN NEUROEDUCACI\u00d3N: APRENDIZAJE DE LA LECTOESCRITURA Y EL C\u00c1LCULO MATEM\u00c1TICO.<\/h4>\t\t\t\t<\/div>\n\t\t\t\t<\/div>\n\t\t\t\t\t<\/div>\n\t\t<\/div>\n\t\t\t\t\t<\/div>\n\t\t<\/section>\n\t\t\t\t<section class=\"elementor-section elementor-top-section elementor-element elementor-element-f329400 elementor-section-boxed elementor-section-height-default elementor-section-height-default\" data-id=\"f329400\" data-element_type=\"section\" data-e-type=\"section\">\n\t\t\t\t\t\t<div class=\"elementor-container elementor-column-gap-default\">\n\t\t\t\t\t<div class=\"elementor-column elementor-col-100 elementor-top-column elementor-element elementor-element-98beb32\" data-id=\"98beb32\" data-element_type=\"column\" data-e-type=\"column\">\n\t\t\t<div class=\"elementor-widget-wrap elementor-element-populated\">\n\t\t\t\t\t\t<div class=\"elementor-element elementor-element-640da7e elementor-widget elementor-widget-text-editor\" data-id=\"640da7e\" data-element_type=\"widget\" data-e-type=\"widget\" data-widget_type=\"text-editor.default\">\n\t\t\t\t<div class=\"elementor-widget-container\">\n\t\t\t\t\t\t\t\t\t<section class=\"elementor-section elementor-top-section elementor-element elementor-element-dddd7c8 elementor-section-boxed elementor-section-height-default elementor-section-height-default\" data-id=\"dddd7c8\" data-element_type=\"section\"><div class=\"elementor-container elementor-column-gap-default\"><div class=\"elementor-column elementor-col-100 elementor-top-column elementor-element elementor-element-1c3e03f\" data-id=\"1c3e03f\" data-element_type=\"column\"><div class=\"elementor-widget-wrap elementor-element-populated\"><div class=\"elementor-element elementor-element-6aafd15 elementor-widget elementor-widget-heading\" data-id=\"6aafd15\" data-element_type=\"widget\" data-widget_type=\"heading.default\"><div class=\"elementor-widget-container\"><h3 class=\"elementor-heading-title elementor-size-default\" style=\"text-align: center;\"><span style=\"color: #000000;\">Acreditaci\u00f3n de Actividades.<\/span><\/h3><\/div><\/div><\/div><\/div><\/div><\/section><section class=\"elementor-section elementor-top-section elementor-element elementor-element-711fedf elementor-section-boxed elementor-section-height-default elementor-section-height-default\" data-id=\"711fedf\" data-element_type=\"section\"><div class=\"elementor-container elementor-column-gap-default\"><div class=\"elementor-column elementor-col-100 elementor-top-column elementor-element elementor-element-94ea883\" data-id=\"94ea883\" data-element_type=\"column\"><div class=\"elementor-widget-wrap elementor-element-populated\"><div class=\"elementor-element elementor-element-bd3ea6a elementor-widget elementor-widget-text-editor\" data-id=\"bd3ea6a\" data-element_type=\"widget\" data-widget_type=\"text-editor.default\"><div class=\"elementor-widget-container\"><p><strong>Datos Generales:<\/strong><\/p><p>Instituci\u00f3n: Instituto Universitario Antequera de Oaxaca.<br \/>Clave de Plantel: 20MSY0104Y.<br \/>Periodo: 02 de mayo al 18 de julio 2024.<br \/>Modalidad: Virtual.<br \/>Horas lectivas: 120 horas lectivas.<br \/>Imparte: MTRA. VERONICA CAMACHO AVILA.<\/p><\/div><\/div><div class=\"elementor-element elementor-element-f11bf06 elementor-widget elementor-widget-text-editor\" data-id=\"f11bf06\" data-element_type=\"widget\" data-widget_type=\"text-editor.default\"><div class=\"elementor-widget-container\"><p><strong>Participantes que acreditaron:\u00a0<\/strong><\/p><\/div><ol><li style=\"font-weight: 400;\" aria-level=\"1\"><span style=\"font-weight: 400;\">ANA MARIA TAVERA AYALA<\/span><\/li><li style=\"font-weight: 400;\" aria-level=\"1\"><span style=\"font-weight: 400;\">KAREN EUNICE ALVAREZ ALVARADO<\/span><\/li><li style=\"font-weight: 400;\" aria-level=\"1\"><span style=\"font-weight: 400;\">YESENIA ESMERALDA MENDEZ VAZQUEZ<\/span><\/li><li style=\"font-weight: 400;\" aria-level=\"1\"><span style=\"font-weight: 400;\">SHEYLA GONZALEZ ROJAS<\/span><\/li><li style=\"font-weight: 400;\" aria-level=\"1\"><span style=\"font-weight: 400;\">MARTHA ESPINOSA GUADARRAMA<\/span><\/li><li style=\"font-weight: 400;\" aria-level=\"1\"><span style=\"font-weight: 400;\">BERTHA ALICIA MENA MENDOZA<\/span><\/li><li style=\"font-weight: 400;\" aria-level=\"1\"><span style=\"font-weight: 400;\">YOLANDA CRUZ GONZALEZ<\/span><\/li><li style=\"font-weight: 400;\" aria-level=\"1\"><span style=\"font-weight: 400;\">MARGA OLIVIA ORTIZ CRUZ<\/span><\/li><li style=\"font-weight: 400;\" aria-level=\"1\"><span style=\"font-weight: 400;\">LESLIE IVETTE VASQUEZ SANTOS<\/span><\/li><li style=\"font-weight: 400;\" aria-level=\"1\"><span style=\"font-weight: 400;\">MARTHA CYNTHIA ROJAS ONTIVEROS<\/span><\/li><li style=\"font-weight: 400;\" aria-level=\"1\"><span style=\"font-weight: 400;\">JULIA ABREGO ESCALANTE<\/span><\/li><li style=\"font-weight: 400;\" aria-level=\"1\"><span style=\"font-weight: 400;\">AMPARO PLUMA PLUMA\u00a0<\/span><\/li><li style=\"font-weight: 400;\" aria-level=\"1\"><span style=\"font-weight: 400;\">WENDOLYN SOTO OROZCO<\/span><\/li><li style=\"font-weight: 400;\" aria-level=\"1\"><span style=\"font-weight: 400;\">ARIADNA LEAL PERALTA<\/span><\/li><li style=\"font-weight: 400;\" aria-level=\"1\"><span style=\"font-weight: 400;\">ISABEL AZCOYTIA DIAZ<\/span><\/li><li style=\"font-weight: 400;\" aria-level=\"1\"><span style=\"font-weight: 400;\">JERONIMA REVUELTA ESPINOZA<\/span><\/li><li style=\"font-weight: 400;\" aria-level=\"1\"><span style=\"font-weight: 400;\">TERESA NOEMI GARCIA MEDINA<\/span><\/li><li style=\"font-weight: 400;\" aria-level=\"1\"><span style=\"font-weight: 400;\">GUADALUPE ALVARADO ARCE<\/span><\/li><li style=\"font-weight: 400;\" aria-level=\"1\"><span style=\"font-weight: 400;\">NELLY MARTINEZ PEREZ<\/span><\/li><li style=\"font-weight: 400;\" aria-level=\"1\"><span style=\"font-weight: 400;\">CARLOS HERRERA MARTINEZ<\/span><\/li><li style=\"font-weight: 400;\" aria-level=\"1\"><span style=\"font-weight: 400;\">SONIA GUADALUPE VELAZQUEZ CONSILCO.<\/span><\/li><\/ol><\/div><\/div><\/div><\/div><\/section>\t\t\t\t\t\t\t\t<\/div>\n\t\t\t\t<\/div>\n\t\t\t\t\t<\/div>\n\t\t<\/div>\n\t\t\t\t\t<\/div>\n\t\t<\/section>\n\t\t\t\t<\/div>\n\t\t","protected":false},"excerpt":{"rendered":"<p>DIPLOMADO EN NEUROEDUCACI\u00d3N: APRENDIZAJE DE LA LECTOESCRITURA Y EL C\u00c1LCULO MATEM\u00c1TICO. Acreditaci\u00f3n de Actividades. Datos Generales: Instituci\u00f3n: Instituto Universitario Antequera de Oaxaca.Clave de Plantel: 20MSY0104Y.Periodo: 02 de mayo al 18 de julio 2024.Modalidad: Virtual.Horas lectivas: 120 horas lectivas.Imparte: MTRA. VERONICA CAMACHO AVILA. Participantes que acreditaron:\u00a0 ANA MARIA TAVERA AYALA KAREN <a class=\"read-more\" href=\"https:\/\/institutounao.com.mx\/index.php\/ecp25-2-diplomado-en-neuroeducacion-aprendizaje-de-la-lectoescritura-y-el-calculo-matematico\/\">Read More&#8230;<\/a><\/p>\n","protected":false},"author":1,"featured_media":0,"parent":0,"menu_order":0,"comment_status":"closed","ping_status":"closed","template":"","meta":{"_joinchat":[],"footnotes":""},"class_list":["post-8382","page","type-page","status-publish","hentry"],"jetpack_sharing_enabled":true,"_links":{"self":[{"href":"https:\/\/institutounao.com.mx\/index.php\/wp-json\/wp\/v2\/pages\/8382","targetHints":{"allow":["GET"]}}],"collection":[{"href":"https:\/\/institutounao.com.mx\/index.php\/wp-json\/wp\/v2\/pages"}],"about":[{"href":"https:\/\/institutounao.com.mx\/index.php\/wp-json\/wp\/v2\/types\/page"}],"author":[{"embeddable":true,"href":"https:\/\/institutounao.com.mx\/index.php\/wp-json\/wp\/v2\/users\/1"}],"replies":[{"embeddable":true,"href":"https:\/\/institutounao.com.mx\/index.php\/wp-json\/wp\/v2\/comments?post=8382"}],"version-history":[{"count":17,"href":"https:\/\/institutounao.com.mx\/index.php\/wp-json\/wp\/v2\/pages\/8382\/revisions"}],"predecessor-version":[{"id":9453,"href":"https:\/\/institutounao.com.mx\/index.php\/wp-json\/wp\/v2\/pages\/8382\/revisions\/9453"}],"wp:attachment":[{"href":"https:\/\/institutounao.com.mx\/index.php\/wp-json\/wp\/v2\/media?parent=8382"}],"curies":[{"name":"wp","href":"https:\/\/api.w.org\/{rel}","templated":true}]}}