{"id":8340,"date":"2024-07-12T00:03:44","date_gmt":"2024-07-12T00:03:44","guid":{"rendered":"https:\/\/institutounao.com.mx\/?page_id=8340"},"modified":"2024-07-12T00:10:47","modified_gmt":"2024-07-12T00:10:47","slug":"se24-60-inscripciones-especialidad-en-intervencion-pedagogica-en-el-lenguaje-julio-diciembre-2024-2025-1","status":"publish","type":"page","link":"https:\/\/institutounao.com.mx\/index.php\/se24-60-inscripciones-especialidad-en-intervencion-pedagogica-en-el-lenguaje-julio-diciembre-2024-2025-1\/","title":{"rendered":"SE24.60 Inscripciones &#8211; Especialidad en Intervenci\u00f3n Pedag\u00f3gica en el Lenguaje &#8211; julio &#8211; diciembre 2024 (2025-1)."},"content":{"rendered":"\t\t<div data-elementor-type=\"wp-page\" data-elementor-id=\"8340\" class=\"elementor elementor-8340\">\n\t\t\t\t\t\t<section class=\"elementor-section elementor-top-section elementor-element elementor-element-447d8d1 elementor-section-boxed elementor-section-height-default elementor-section-height-default\" data-id=\"447d8d1\" data-element_type=\"section\" data-e-type=\"section\">\n\t\t\t\t\t\t<div class=\"elementor-container elementor-column-gap-default\">\n\t\t\t\t\t<div class=\"elementor-column elementor-col-100 elementor-top-column elementor-element elementor-element-633a33a\" data-id=\"633a33a\" data-element_type=\"column\" data-e-type=\"column\">\n\t\t\t<div class=\"elementor-widget-wrap elementor-element-populated\">\n\t\t\t\t\t\t<div class=\"elementor-element elementor-element-8492d05 elementor-widget elementor-widget-text-editor\" data-id=\"8492d05\" data-element_type=\"widget\" data-e-type=\"widget\" data-widget_type=\"text-editor.default\">\n\t\t\t\t<div class=\"elementor-widget-container\">\n\t\t\t\t\t\t\t\t\t<p><span style=\"font-family: Poppins, sans-serif; font-size: 16px;\">Estudiantes inscritos al ciclo escolar julio &#8211; diciembre 2024 (2025-1) en la Especialidad en Intervenci\u00f3n Pedag\u00f3gica en el Lenguaje y que recibieron de conformidad la siguiente documentaci\u00f3n:\u00a0<\/span><\/p>\t\t\t\t\t\t\t\t<\/div>\n\t\t\t\t<\/div>\n\t\t\t\t\t<\/div>\n\t\t<\/div>\n\t\t\t\t\t<\/div>\n\t\t<\/section>\n\t\t\t\t<section class=\"elementor-section elementor-top-section elementor-element elementor-element-0db52b8 elementor-section-boxed elementor-section-height-default elementor-section-height-default\" data-id=\"0db52b8\" data-element_type=\"section\" data-e-type=\"section\">\n\t\t\t\t\t\t<div class=\"elementor-container elementor-column-gap-default\">\n\t\t\t\t\t<div class=\"elementor-column elementor-col-100 elementor-top-column elementor-element elementor-element-d6f96df\" data-id=\"d6f96df\" data-element_type=\"column\" data-e-type=\"column\">\n\t\t\t<div class=\"elementor-widget-wrap elementor-element-populated\">\n\t\t\t\t\t\t<div class=\"elementor-element elementor-element-cc94c16 elementor-widget elementor-widget-text-editor\" data-id=\"cc94c16\" data-element_type=\"widget\" data-e-type=\"widget\" data-widget_type=\"text-editor.default\">\n\t\t\t\t<div class=\"elementor-widget-container\">\n\t\t\t\t\t\t\t\t\t<ul style=\"font-size: 16px; font-family: Poppins, sans-serif;\"><li>Formato de inscripci\u00f3n al plan de estudios.<\/li><li>Solicitud de beca.<\/li><li>Oficio de asignaci\u00f3n de beca.<\/li><li>Carta compromiso de pagos.<\/li><\/ul>\t\t\t\t\t\t\t\t<\/div>\n\t\t\t\t<\/div>\n\t\t\t\t\t<\/div>\n\t\t<\/div>\n\t\t\t\t\t<\/div>\n\t\t<\/section>\n\t\t\t\t<section class=\"elementor-section elementor-top-section elementor-element elementor-element-3e7b0b6 elementor-section-boxed elementor-section-height-default elementor-section-height-default\" data-id=\"3e7b0b6\" data-element_type=\"section\" data-e-type=\"section\">\n\t\t\t\t\t\t<div class=\"elementor-container elementor-column-gap-default\">\n\t\t\t\t\t<div class=\"elementor-column elementor-col-100 elementor-top-column elementor-element elementor-element-d3a1dbb\" data-id=\"d3a1dbb\" data-element_type=\"column\" data-e-type=\"column\">\n\t\t\t<div class=\"elementor-widget-wrap elementor-element-populated\">\n\t\t\t\t\t\t<div class=\"elementor-element elementor-element-2a0d557 elementor-widget elementor-widget-text-editor\" data-id=\"2a0d557\" data-element_type=\"widget\" data-e-type=\"widget\" data-widget_type=\"text-editor.default\">\n\t\t\t\t<div class=\"elementor-widget-container\">\n\t\t\t\t\t\t\t\t\t<p>Primer Semestre<\/p>\t\t\t\t\t\t\t\t<\/div>\n\t\t\t\t<\/div>\n\t\t\t\t\t<\/div>\n\t\t<\/div>\n\t\t\t\t\t<\/div>\n\t\t<\/section>\n\t\t\t\t<section class=\"elementor-section elementor-top-section elementor-element elementor-element-74499c5 elementor-section-boxed elementor-section-height-default elementor-section-height-default\" data-id=\"74499c5\" data-element_type=\"section\" data-e-type=\"section\">\n\t\t\t\t\t\t<div class=\"elementor-container elementor-column-gap-default\">\n\t\t\t\t\t<div class=\"elementor-column elementor-col-100 elementor-top-column elementor-element elementor-element-e2557a8\" data-id=\"e2557a8\" data-element_type=\"column\" data-e-type=\"column\">\n\t\t\t<div class=\"elementor-widget-wrap elementor-element-populated\">\n\t\t\t\t\t\t<div class=\"elementor-element elementor-element-3a78b99 elementor-widget__width-initial elementor-widget elementor-widget-text-editor\" data-id=\"3a78b99\" data-element_type=\"widget\" data-e-type=\"widget\" data-widget_type=\"text-editor.default\">\n\t\t\t\t<div class=\"elementor-widget-container\">\n\t\t\t\t\t\t\t\t\t<p>PEL1-2025-1&nbsp; &nbsp; &nbsp; &nbsp; &nbsp;BLANCA ELENA RUIZ ZARATE.<br>PEL2-2025-1&nbsp; &nbsp; &nbsp; &nbsp; WENDOLYN SOTO OROZCO.<br>PEL3-2025-1&nbsp; &nbsp; &nbsp; &nbsp; JESICA SHANTAL ESPINOSA ARANGO.<br>PEL4-2025-1&nbsp; &nbsp; &nbsp; &nbsp; KAREN MIRESLI LEAL QUINTANILLA.<br>PEL5-2025-1&nbsp; &nbsp; &nbsp; &nbsp; MAGDALENA SANCHEZ CRUZ.<br>PEL6-2025-1&nbsp; &nbsp; &nbsp; &nbsp; LAURA YAMILY ALONZO FUENTES.<br>PEL7-2025-1&nbsp; &nbsp; &nbsp; &nbsp; &nbsp;BLANCA ESTELA GARCIA OROZCO.<br>PEL8-2025-1&nbsp; &nbsp; &nbsp; &nbsp; &nbsp;BERENICE MARTINEZ CARTAGENA.<br>PEL9-2025-1&nbsp; &nbsp; &nbsp; &nbsp; &nbsp;MARIA LUISA LOPEZ BERMON.<br>PEL10-2025-1&nbsp; &nbsp; &nbsp; &nbsp;ALONDRA MERCADO LOMELI.<br>PEL11-2025-1&nbsp; &nbsp; &nbsp; &nbsp; MONICA ALEJANDRA VALDEPE\u00d1A CERON.<br>PEL12-2025-1&nbsp; &nbsp; &nbsp; &nbsp;GUADALUPE YUNUEN GUERRERO MORA.<br>PEL13-2025-1&nbsp; &nbsp; &nbsp; &nbsp;KARLA CONCEPCION SANCHEZ GARCIA.<br>PEL14-2025-1&nbsp; &nbsp; &nbsp; &nbsp;BRENDA MARIA LEYVA MORA.<br>PEL15-2025-1&nbsp; &nbsp; &nbsp; &nbsp;SANDRA SELENE ARREDONDO RODRIGUEZ .<\/p>\n<p><\/p>\t\t\t\t\t\t\t\t<\/div>\n\t\t\t\t<\/div>\n\t\t\t\t\t<\/div>\n\t\t<\/div>\n\t\t\t\t\t<\/div>\n\t\t<\/section>\n\t\t\t\t<\/div>\n\t\t","protected":false},"excerpt":{"rendered":"<p>Estudiantes inscritos al ciclo escolar julio &#8211; diciembre 2024 (2025-1) en la Especialidad en Intervenci\u00f3n Pedag\u00f3gica en el Lenguaje y que recibieron de conformidad la siguiente documentaci\u00f3n:\u00a0 Formato de inscripci\u00f3n al plan de estudios. Solicitud de beca. Oficio de asignaci\u00f3n de beca. Carta compromiso de pagos. Primer Semestre PEL1-2025-1&nbsp; &nbsp; <a class=\"read-more\" href=\"https:\/\/institutounao.com.mx\/index.php\/se24-60-inscripciones-especialidad-en-intervencion-pedagogica-en-el-lenguaje-julio-diciembre-2024-2025-1\/\">Read More&#8230;<\/a><\/p>\n","protected":false},"author":1,"featured_media":0,"parent":0,"menu_order":0,"comment_status":"closed","ping_status":"closed","template":"","meta":{"_joinchat":[],"footnotes":""},"class_list":["post-8340","page","type-page","status-publish","hentry"],"jetpack_sharing_enabled":true,"_links":{"self":[{"href":"https:\/\/institutounao.com.mx\/index.php\/wp-json\/wp\/v2\/pages\/8340","targetHints":{"allow":["GET"]}}],"collection":[{"href":"https:\/\/institutounao.com.mx\/index.php\/wp-json\/wp\/v2\/pages"}],"about":[{"href":"https:\/\/institutounao.com.mx\/index.php\/wp-json\/wp\/v2\/types\/page"}],"author":[{"embeddable":true,"href":"https:\/\/institutounao.com.mx\/index.php\/wp-json\/wp\/v2\/users\/1"}],"replies":[{"embeddable":true,"href":"https:\/\/institutounao.com.mx\/index.php\/wp-json\/wp\/v2\/comments?post=8340"}],"version-history":[{"count":8,"href":"https:\/\/institutounao.com.mx\/index.php\/wp-json\/wp\/v2\/pages\/8340\/revisions"}],"predecessor-version":[{"id":8349,"href":"https:\/\/institutounao.com.mx\/index.php\/wp-json\/wp\/v2\/pages\/8340\/revisions\/8349"}],"wp:attachment":[{"href":"https:\/\/institutounao.com.mx\/index.php\/wp-json\/wp\/v2\/media?parent=8340"}],"curies":[{"name":"wp","href":"https:\/\/api.w.org\/{rel}","templated":true}]}}