{"id":8297,"date":"2024-07-07T19:06:55","date_gmt":"2024-07-07T19:06:55","guid":{"rendered":"https:\/\/institutounao.com.mx\/?page_id=8297"},"modified":"2025-01-29T19:43:08","modified_gmt":"2025-01-29T19:43:08","slug":"ecp25-1-grafomotricidad-trazos-infantiles","status":"publish","type":"page","link":"https:\/\/institutounao.com.mx\/index.php\/ecp25-1-grafomotricidad-trazos-infantiles\/","title":{"rendered":"ECP25.1 GRAFOMOTRICIDAD: TRAZOS INFANTILES"},"content":{"rendered":"\t\t<div data-elementor-type=\"wp-page\" data-elementor-id=\"8297\" class=\"elementor elementor-8297\">\n\t\t\t\t\t\t<section class=\"elementor-section elementor-top-section elementor-element elementor-element-dddd7c8 elementor-section-boxed elementor-section-height-default elementor-section-height-default\" data-id=\"dddd7c8\" data-element_type=\"section\" data-e-type=\"section\">\n\t\t\t\t\t\t<div class=\"elementor-container elementor-column-gap-default\">\n\t\t\t\t\t<div class=\"elementor-column elementor-col-100 elementor-top-column elementor-element elementor-element-1c3e03f\" data-id=\"1c3e03f\" data-element_type=\"column\" data-e-type=\"column\">\n\t\t\t<div class=\"elementor-widget-wrap elementor-element-populated\">\n\t\t\t\t\t\t<div class=\"elementor-element elementor-element-6aafd15 elementor-widget elementor-widget-heading\" data-id=\"6aafd15\" data-element_type=\"widget\" data-e-type=\"widget\" data-widget_type=\"heading.default\">\n\t\t\t\t<div class=\"elementor-widget-container\">\n\t\t\t\t\t<h4 class=\"elementor-heading-title elementor-size-default\">TALLER PEDAG\u00d3GICO GRAFOMOTRICIDAD: TRAZOS INFANTILES. <\/h4>\t\t\t\t<\/div>\n\t\t\t\t<\/div>\n\t\t\t\t\t<\/div>\n\t\t<\/div>\n\t\t\t\t\t<\/div>\n\t\t<\/section>\n\t\t\t\t<section class=\"elementor-section elementor-top-section elementor-element elementor-element-711fedf elementor-section-boxed elementor-section-height-default elementor-section-height-default\" data-id=\"711fedf\" data-element_type=\"section\" data-e-type=\"section\">\n\t\t\t\t\t\t<div class=\"elementor-container elementor-column-gap-default\">\n\t\t\t\t\t<div class=\"elementor-column elementor-col-100 elementor-top-column elementor-element elementor-element-94ea883\" data-id=\"94ea883\" data-element_type=\"column\" data-e-type=\"column\">\n\t\t\t<div class=\"elementor-widget-wrap elementor-element-populated\">\n\t\t\t\t\t\t<div class=\"elementor-element elementor-element-7b730b3 elementor-widget elementor-widget-text-editor\" data-id=\"7b730b3\" data-element_type=\"widget\" data-e-type=\"widget\" data-widget_type=\"text-editor.default\">\n\t\t\t\t<div class=\"elementor-widget-container\">\n\t\t\t\t\t\t\t\t\t<p style=\"text-align: center;\">Acreditaci\u00f3n de Actividades.<\/p>\t\t\t\t\t\t\t\t<\/div>\n\t\t\t\t<\/div>\n\t\t\t\t<div class=\"elementor-element elementor-element-bd3ea6a elementor-widget elementor-widget-text-editor\" data-id=\"bd3ea6a\" data-element_type=\"widget\" data-e-type=\"widget\" data-widget_type=\"text-editor.default\">\n\t\t\t\t<div class=\"elementor-widget-container\">\n\t\t\t\t\t\t\t\t\t<p><strong>Datos Generales:<\/strong><\/p><p>Instituci\u00f3n: Instituto Universitario Antequera de Oaxaca.<br \/>Clave de Plantel: 20MSY0104Y.<br \/>Periodo: 02 y 03 de julio de 2024.<br \/>Modalidad: Virtual.<br \/>Horas lectivas: 10 horas lectivas.<br \/>Imparte:\u00a0 MTRA. VERONICA CAMACHO AVILA.<\/p>\t\t\t\t\t\t\t\t<\/div>\n\t\t\t\t<\/div>\n\t\t\t\t<div class=\"elementor-element elementor-element-f11bf06 elementor-widget elementor-widget-text-editor\" data-id=\"f11bf06\" data-element_type=\"widget\" data-e-type=\"widget\" data-widget_type=\"text-editor.default\">\n\t\t\t\t<div class=\"elementor-widget-container\">\n\t\t\t\t\t\t\t\t\t<p style=\"margin-top: 16px; font-size: 16px;\"><span style=\"font-weight: bold; line-height: inherit;\">Participantes que acreditaron:\u00a0<\/span><\/p><ul><li style=\"font-size: 16px;\">ALEJANDRA DE JESUS SILVA ROBLES<\/li><li style=\"font-size: 16px;\">ANGELICA CRUZ DE URIARTE<\/li><li style=\"font-size: 16px;\">ANGELICA GARCIA LOPEZ<\/li><li style=\"font-size: 16px;\">ARACELI SOBERANES GUERRERO<\/li><li style=\"font-size: 16px;\">BRENDA GUADALUPE BAUTISTA RUIZ<\/li><li style=\"font-size: 16px;\">BRENDA PATI\u00d1O RIVERO<\/li><li style=\"font-size: 16px;\">DANIELA CANO CORTAZAR<\/li><li style=\"font-size: 16px;\">ELIA LYNETTE GARCIA MARTINEZ<\/li><li style=\"font-size: 16px;\">FERNANDA GUADALUPE ALDANA GUERRERO<\/li><li style=\"font-size: 16px;\">GEORGINA CONCEPCION VELAZQUEZ BAEZA<\/li><li style=\"font-size: 16px;\">IRENE MARIEL MORALES ORTEGA<\/li><li style=\"font-size: 16px;\">ITZEL NALLELY QUEVEDO RICO<\/li><li style=\"font-size: 16px;\">JESSICA SORIANO GUZMAN <\/li><li style=\"font-size: 16px;\">JOSEBEAM MAXIMINO BAUTISTA MARCIAL<\/li><li style=\"font-size: 16px;\">KARELY MU\u00d1OZ CORTES<\/li><li style=\"font-size: 16px;\">KAREN JOALY REYES ESQUIVEL <\/li><li style=\"font-size: 16px;\">LEONILA MIRANDA VELAZQUEZ<\/li><li style=\"font-size: 16px;\">LILIANA MAR MONTIEL<\/li><li style=\"font-size: 16px;\">LUCELY SANTIAGO PINTO DE LEON<\/li><li style=\"font-size: 16px;\">MARIA GABRIELA SEGURA RODRIGUEZ<\/li><li style=\"font-size: 16px;\">MARIA ISABEL CAROLINA MEDINA RODRIGUEZ<\/li><li style=\"font-size: 16px;\">MARIA TERESA HERNANDEZ MENDEZ<\/li><li style=\"font-size: 16px;\">MARIA YESENIA GOMEZ DE LA CRUZ<\/li><li style=\"font-size: 16px;\">MARIANA HERNANDEZ ALCANTARA<\/li><li style=\"font-size: 16px;\">MARIANA MONTSERRAT TORRES JIMENEZ<\/li><li style=\"font-size: 16px;\">NAYELI VAZQUEZ VAZQUEZ<\/li><li style=\"font-size: 16px;\">NAYELY ATZIN TOLEDO ARANDA<\/li><li style=\"font-size: 16px;\">ROBERTO DANIEL CURMINA SANTOYO<\/li><li style=\"font-size: 16px;\">SANDRA FERNANDEZ BAUTISTA<\/li><li style=\"font-size: 16px;\">SANDY MINELLI ORTEGA GARCIA<\/li><li style=\"font-size: 16px;\">SHURABY ZAIDE AMOROS GODOY<\/li><li style=\"font-size: 16px;\">SUSANA DEL CARMEN SANTIAGO GOMEZ<\/li><li style=\"font-size: 16px;\">VIRIDIANA CASTILLO MARTINEZ<\/li><li style=\"font-size: 16px;\">WENDOLYN SOTO OROZCO<\/li><li style=\"font-size: 16px;\">WENDY PAOLA GOMEZ MARTINEZ<\/li><li style=\"font-size: 16px;\">YOELI LOPEZ ZAMORA<\/li><li style=\"font-size: 16px;\">YUNATZIN HERNANDEZ BAUTISTA<\/li><\/ul>\t\t\t\t\t\t\t\t<\/div>\n\t\t\t\t<\/div>\n\t\t\t\t\t<\/div>\n\t\t<\/div>\n\t\t\t\t\t<\/div>\n\t\t<\/section>\n\t\t\t\t<\/div>\n\t\t","protected":false},"excerpt":{"rendered":"<p>TALLER PEDAG\u00d3GICO GRAFOMOTRICIDAD: TRAZOS INFANTILES. Acreditaci\u00f3n de Actividades. Datos Generales: Instituci\u00f3n: Instituto Universitario Antequera de Oaxaca.Clave de Plantel: 20MSY0104Y.Periodo: 02 y 03 de julio de 2024.Modalidad: Virtual.Horas lectivas: 10 horas lectivas.Imparte:\u00a0 MTRA. VERONICA CAMACHO AVILA. Participantes que acreditaron:\u00a0 ALEJANDRA DE JESUS SILVA ROBLES ANGELICA CRUZ DE URIARTE ANGELICA GARCIA LOPEZ <a class=\"read-more\" href=\"https:\/\/institutounao.com.mx\/index.php\/ecp25-1-grafomotricidad-trazos-infantiles\/\">Read More&#8230;<\/a><\/p>\n","protected":false},"author":1,"featured_media":0,"parent":0,"menu_order":0,"comment_status":"closed","ping_status":"closed","template":"","meta":{"_joinchat":[],"footnotes":""},"class_list":["post-8297","page","type-page","status-publish","hentry"],"jetpack_sharing_enabled":true,"_links":{"self":[{"href":"https:\/\/institutounao.com.mx\/index.php\/wp-json\/wp\/v2\/pages\/8297","targetHints":{"allow":["GET"]}}],"collection":[{"href":"https:\/\/institutounao.com.mx\/index.php\/wp-json\/wp\/v2\/pages"}],"about":[{"href":"https:\/\/institutounao.com.mx\/index.php\/wp-json\/wp\/v2\/types\/page"}],"author":[{"embeddable":true,"href":"https:\/\/institutounao.com.mx\/index.php\/wp-json\/wp\/v2\/users\/1"}],"replies":[{"embeddable":true,"href":"https:\/\/institutounao.com.mx\/index.php\/wp-json\/wp\/v2\/comments?post=8297"}],"version-history":[{"count":7,"href":"https:\/\/institutounao.com.mx\/index.php\/wp-json\/wp\/v2\/pages\/8297\/revisions"}],"predecessor-version":[{"id":9439,"href":"https:\/\/institutounao.com.mx\/index.php\/wp-json\/wp\/v2\/pages\/8297\/revisions\/9439"}],"wp:attachment":[{"href":"https:\/\/institutounao.com.mx\/index.php\/wp-json\/wp\/v2\/media?parent=8297"}],"curies":[{"name":"wp","href":"https:\/\/api.w.org\/{rel}","templated":true}]}}