{"id":8265,"date":"2024-07-04T20:35:28","date_gmt":"2024-07-04T20:35:28","guid":{"rendered":"https:\/\/institutounao.com.mx\/?page_id=8265"},"modified":"2024-07-04T20:41:53","modified_gmt":"2024-07-04T20:41:53","slug":"se24-49-reinscripciones-maestria-en-pedagogia-julio-diciembre-2024-2025","status":"publish","type":"page","link":"https:\/\/institutounao.com.mx\/index.php\/se24-49-reinscripciones-maestria-en-pedagogia-julio-diciembre-2024-2025\/","title":{"rendered":"SE24.49 Reinscripciones &#8211; Maestr\u00eda en Pedagog\u00eda &#8211; julio &#8211; diciembre 2024 (2025-"},"content":{"rendered":"\t\t<div data-elementor-type=\"wp-page\" data-elementor-id=\"8265\" class=\"elementor elementor-8265\">\n\t\t\t\t\t\t<section class=\"elementor-section elementor-top-section elementor-element elementor-element-64b1d62 elementor-section-boxed elementor-section-height-default elementor-section-height-default\" data-id=\"64b1d62\" data-element_type=\"section\" data-e-type=\"section\">\n\t\t\t\t\t\t<div class=\"elementor-container elementor-column-gap-default\">\n\t\t\t\t\t<div class=\"elementor-column elementor-col-100 elementor-top-column elementor-element elementor-element-b7f8680\" data-id=\"b7f8680\" data-element_type=\"column\" data-e-type=\"column\">\n\t\t\t<div class=\"elementor-widget-wrap elementor-element-populated\">\n\t\t\t\t\t\t<div class=\"elementor-element elementor-element-a100629 elementor-widget elementor-widget-text-editor\" data-id=\"a100629\" data-element_type=\"widget\" data-e-type=\"widget\" data-widget_type=\"text-editor.default\">\n\t\t\t\t<div class=\"elementor-widget-container\">\n\t\t\t\t\t\t\t\t\t<p><span style=\"font-family: Poppins, sans-serif; font-size: 16px;\">Estudiantes reinscritos al ciclo escolar julio &#8211; diciembre 2024 (2025-1) en la Maestr\u00eda en Pedagog\u00eda y que recibieron de conformidad la siguiente documentaci\u00f3n:\u00a0<\/span><\/p>\t\t\t\t\t\t\t\t<\/div>\n\t\t\t\t<\/div>\n\t\t\t\t\t<\/div>\n\t\t<\/div>\n\t\t\t\t\t<\/div>\n\t\t<\/section>\n\t\t\t\t<section class=\"elementor-section elementor-top-section elementor-element elementor-element-b90b90f elementor-section-boxed elementor-section-height-default elementor-section-height-default\" data-id=\"b90b90f\" data-element_type=\"section\" data-e-type=\"section\">\n\t\t\t\t\t\t<div class=\"elementor-container elementor-column-gap-default\">\n\t\t\t\t\t<div class=\"elementor-column elementor-col-100 elementor-top-column elementor-element elementor-element-ca668fb\" data-id=\"ca668fb\" data-element_type=\"column\" data-e-type=\"column\">\n\t\t\t<div class=\"elementor-widget-wrap elementor-element-populated\">\n\t\t\t\t\t\t<div class=\"elementor-element elementor-element-69ab652 elementor-widget elementor-widget-text-editor\" data-id=\"69ab652\" data-element_type=\"widget\" data-e-type=\"widget\" data-widget_type=\"text-editor.default\">\n\t\t\t\t<div class=\"elementor-widget-container\">\n\t\t\t\t\t\t\t\t\t<ul style=\"font-size: 16px; font-family: Poppins, sans-serif;\">\n<li>Formato de reinscripci\u00f3n al plan de estudios.<\/li>\n<li>Renovaci\u00f3n de beca.<\/li>\n<li>Oficio de asignaci\u00f3n de beca.<\/li>\n<li>Carta compromiso de pagos.<\/li>\n<\/ul>\t\t\t\t\t\t\t\t<\/div>\n\t\t\t\t<\/div>\n\t\t\t\t\t<\/div>\n\t\t<\/div>\n\t\t\t\t\t<\/div>\n\t\t<\/section>\n\t\t\t\t<section class=\"elementor-section elementor-top-section elementor-element elementor-element-6a023eb elementor-section-boxed elementor-section-height-default elementor-section-height-default\" data-id=\"6a023eb\" data-element_type=\"section\" data-e-type=\"section\">\n\t\t\t\t\t\t<div class=\"elementor-container elementor-column-gap-default\">\n\t\t\t\t\t<div class=\"elementor-column elementor-col-100 elementor-top-column elementor-element elementor-element-a83f637\" data-id=\"a83f637\" data-element_type=\"column\" data-e-type=\"column\">\n\t\t\t<div class=\"elementor-widget-wrap elementor-element-populated\">\n\t\t\t\t\t\t<div class=\"elementor-element elementor-element-e3efe3d elementor-widget elementor-widget-text-editor\" data-id=\"e3efe3d\" data-element_type=\"widget\" data-e-type=\"widget\" data-widget_type=\"text-editor.default\">\n\t\t\t\t<div class=\"elementor-widget-container\">\n\t\t\t\t\t\t\t\t\t<p>Cuarto Semestre<\/p>\t\t\t\t\t\t\t\t<\/div>\n\t\t\t\t<\/div>\n\t\t\t\t\t<\/div>\n\t\t<\/div>\n\t\t\t\t\t<\/div>\n\t\t<\/section>\n\t\t\t\t<section class=\"elementor-section elementor-top-section elementor-element elementor-element-8f053ce elementor-section-boxed elementor-section-height-default elementor-section-height-default\" data-id=\"8f053ce\" data-element_type=\"section\" data-e-type=\"section\">\n\t\t\t\t\t\t<div class=\"elementor-container elementor-column-gap-default\">\n\t\t\t\t\t<div class=\"elementor-column elementor-col-100 elementor-top-column elementor-element elementor-element-26dc9c2\" data-id=\"26dc9c2\" data-element_type=\"column\" data-e-type=\"column\">\n\t\t\t<div class=\"elementor-widget-wrap elementor-element-populated\">\n\t\t\t\t\t\t<div class=\"elementor-element elementor-element-dc91e84 elementor-widget elementor-widget-text-editor\" data-id=\"dc91e84\" data-element_type=\"widget\" data-e-type=\"widget\" data-widget_type=\"text-editor.default\">\n\t\t\t\t<div class=\"elementor-widget-container\">\n\t\t\t\t\t\t\t\t\t<ul><li><span style=\"font-size: 0.875rem;\">PMP2 2023-2\u00a0 \u00a0ALVARO MARTINEZ HERNANDES.<\/span><\/li><li><span style=\"font-size: 0.875rem;\">PMP3 2023-2\u00a0 \u00a0JONATHAN DE JESUS CEBALLOS SANTIAGO.<\/span><\/li><li><span style=\"font-size: 0.875rem;\">PMP4 2023-2\u00a0 \u00a0ROSALIA MEZA GARCIA.<\/span><\/li><li><span style=\"font-size: 0.875rem;\">PMP5 2023-2\u00a0 \u00a0JUDITH ISABEL GARCIA GARCIA.<\/span><\/li><li><span style=\"font-size: 0.875rem;\">PMP6 2023-2\u00a0 \u00a0EDITH WENDY ALMARAZ LUNA.<\/span><\/li><li><span style=\"font-size: 0.875rem;\">PMP7 2023-2\u00a0 \u00a0LUZ MARIA TEPACH CHAPOL.<\/span><\/li><\/ul>\t\t\t\t\t\t\t\t<\/div>\n\t\t\t\t<\/div>\n\t\t\t\t\t<\/div>\n\t\t<\/div>\n\t\t\t\t\t<\/div>\n\t\t<\/section>\n\t\t\t\t<section class=\"elementor-section elementor-top-section elementor-element elementor-element-56d4e4b elementor-section-boxed elementor-section-height-default elementor-section-height-default\" data-id=\"56d4e4b\" data-element_type=\"section\" data-e-type=\"section\">\n\t\t\t\t\t\t<div class=\"elementor-container elementor-column-gap-default\">\n\t\t\t\t\t<div class=\"elementor-column elementor-col-100 elementor-top-column elementor-element elementor-element-456e1c7\" data-id=\"456e1c7\" data-element_type=\"column\" data-e-type=\"column\">\n\t\t\t<div class=\"elementor-widget-wrap elementor-element-populated\">\n\t\t\t\t\t\t<div class=\"elementor-element elementor-element-c8f8f7c elementor-widget elementor-widget-text-editor\" data-id=\"c8f8f7c\" data-element_type=\"widget\" data-e-type=\"widget\" data-widget_type=\"text-editor.default\">\n\t\t\t\t<div class=\"elementor-widget-container\">\n\t\t\t\t\t\t\t\t\t<p>Tercer Semestre<\/p>\t\t\t\t\t\t\t\t<\/div>\n\t\t\t\t<\/div>\n\t\t\t\t\t<\/div>\n\t\t<\/div>\n\t\t\t\t\t<\/div>\n\t\t<\/section>\n\t\t\t\t<section class=\"elementor-section elementor-top-section elementor-element elementor-element-257ef2d elementor-section-boxed elementor-section-height-default elementor-section-height-default\" data-id=\"257ef2d\" data-element_type=\"section\" data-e-type=\"section\">\n\t\t\t\t\t\t<div class=\"elementor-container elementor-column-gap-default\">\n\t\t\t\t\t<div class=\"elementor-column elementor-col-100 elementor-top-column elementor-element elementor-element-d81a7d3\" data-id=\"d81a7d3\" data-element_type=\"column\" data-e-type=\"column\">\n\t\t\t<div class=\"elementor-widget-wrap elementor-element-populated\">\n\t\t\t\t\t\t<div class=\"elementor-element elementor-element-a713ce2 elementor-widget elementor-widget-text-editor\" data-id=\"a713ce2\" data-element_type=\"widget\" data-e-type=\"widget\" data-widget_type=\"text-editor.default\">\n\t\t\t\t<div class=\"elementor-widget-container\">\n\t\t\t\t\t\t\t\t\t<ul><li><span style=\"font-size: 0.875rem;\">PMP1\u00a0 2024-1\u00a0 \u00a0 LAURA ESPINOSA CARRADA.<\/span><\/li><li><span style=\"font-size: 0.875rem;\">PMP2\u00a0 2024-1\u00a0 \u00a0 ESTHER HERNANDEZ CRUZ.<\/span><\/li><li><span style=\"font-size: 0.875rem;\">PMP3\u00a0 2024-1\u00a0 \u00a0 CITLALLI DE JESUS FLORES.<\/span><\/li><li><span style=\"font-size: 0.875rem;\">PMP4\u00a0 2024-1\u00a0 \u00a0 SERAFINA MENDOZA REYES.<\/span><\/li><li><span style=\"font-size: 0.875rem;\">PMP6\u00a0 2024-1\u00a0 \u00a0 DONNY ALBERTO CRUZ VASQUEZ.<\/span><\/li><li><span style=\"font-size: 14px;\">PMP7\u00a0 2024-1\u00a0 \u00a0 FELIPE\u00a0 RAMIREZ LOPEZ.<\/span><\/li><li><span style=\"font-size: 14px;\">PMP8\u00a0 2024-1\u00a0 \u00a0 ERIC PEREZ GARCIA.<\/span><\/li><li><span style=\"font-size: 0.875rem;\">PMP9\u00a0 2024-1\u00a0 \u00a0 AIDEE CRUZ LAZO.<\/span><\/li><\/ul>\t\t\t\t\t\t\t\t<\/div>\n\t\t\t\t<\/div>\n\t\t\t\t\t<\/div>\n\t\t<\/div>\n\t\t\t\t\t<\/div>\n\t\t<\/section>\n\t\t\t\t<section class=\"elementor-section elementor-top-section elementor-element elementor-element-aa2f225 elementor-section-boxed elementor-section-height-default elementor-section-height-default\" data-id=\"aa2f225\" data-element_type=\"section\" data-e-type=\"section\">\n\t\t\t\t\t\t<div class=\"elementor-container elementor-column-gap-default\">\n\t\t\t\t\t<div class=\"elementor-column elementor-col-100 elementor-top-column elementor-element elementor-element-a192899\" data-id=\"a192899\" data-element_type=\"column\" data-e-type=\"column\">\n\t\t\t<div class=\"elementor-widget-wrap elementor-element-populated\">\n\t\t\t\t\t\t<div class=\"elementor-element elementor-element-cc5e83a elementor-widget elementor-widget-text-editor\" data-id=\"cc5e83a\" data-element_type=\"widget\" data-e-type=\"widget\" data-widget_type=\"text-editor.default\">\n\t\t\t\t<div class=\"elementor-widget-container\">\n\t\t\t\t\t\t\t\t\t<p>Segundo Semestre<\/p>\t\t\t\t\t\t\t\t<\/div>\n\t\t\t\t<\/div>\n\t\t\t\t\t<\/div>\n\t\t<\/div>\n\t\t\t\t\t<\/div>\n\t\t<\/section>\n\t\t\t\t<section class=\"elementor-section elementor-top-section elementor-element elementor-element-6c58172 elementor-section-boxed elementor-section-height-default elementor-section-height-default\" data-id=\"6c58172\" data-element_type=\"section\" data-e-type=\"section\">\n\t\t\t\t\t\t<div class=\"elementor-container elementor-column-gap-default\">\n\t\t\t\t\t<div class=\"elementor-column elementor-col-100 elementor-top-column elementor-element elementor-element-87566b5\" data-id=\"87566b5\" data-element_type=\"column\" data-e-type=\"column\">\n\t\t\t<div class=\"elementor-widget-wrap elementor-element-populated\">\n\t\t\t\t\t\t<div class=\"elementor-element elementor-element-d4593ca elementor-widget elementor-widget-text-editor\" data-id=\"d4593ca\" data-element_type=\"widget\" data-e-type=\"widget\" data-widget_type=\"text-editor.default\">\n\t\t\t\t<div class=\"elementor-widget-container\">\n\t\t\t\t\t\t\t\t\t<ul><li>PMP1 2024-2\u00a0 \u00a0ANGELINA CASTILLO PEREZ.<\/li><li>PMP2 2024-2\u00a0 \u00a0VERONICA GARCIA MONFIL.<\/li><li>PMP3 2024-2\u00a0 \u00a0CARMELA TORRES GARCIA.<\/li><li>PMP5 2024-2\u00a0 \u00a0MONICA HERNANDEZ CORTES.<\/li><li>PMP8 2024-2\u00a0 \u00a0MARITZA PEREZ CRUZ.<\/li><\/ul>\t\t\t\t\t\t\t\t<\/div>\n\t\t\t\t<\/div>\n\t\t\t\t\t<\/div>\n\t\t<\/div>\n\t\t\t\t\t<\/div>\n\t\t<\/section>\n\t\t\t\t<\/div>\n\t\t","protected":false},"excerpt":{"rendered":"<p>Estudiantes reinscritos al ciclo escolar julio &#8211; diciembre 2024 (2025-1) en la Maestr\u00eda en Pedagog\u00eda y que recibieron de conformidad la siguiente documentaci\u00f3n:\u00a0 Formato de reinscripci\u00f3n al plan de estudios. Renovaci\u00f3n de beca. Oficio de asignaci\u00f3n de beca. Carta compromiso de pagos. Cuarto Semestre PMP2 2023-2\u00a0 \u00a0ALVARO MARTINEZ HERNANDES. PMP3 <a class=\"read-more\" href=\"https:\/\/institutounao.com.mx\/index.php\/se24-49-reinscripciones-maestria-en-pedagogia-julio-diciembre-2024-2025\/\">Read More&#8230;<\/a><\/p>\n","protected":false},"author":1,"featured_media":0,"parent":0,"menu_order":0,"comment_status":"closed","ping_status":"closed","template":"","meta":{"_joinchat":[],"footnotes":""},"class_list":["post-8265","page","type-page","status-publish","hentry"],"jetpack_sharing_enabled":true,"_links":{"self":[{"href":"https:\/\/institutounao.com.mx\/index.php\/wp-json\/wp\/v2\/pages\/8265","targetHints":{"allow":["GET"]}}],"collection":[{"href":"https:\/\/institutounao.com.mx\/index.php\/wp-json\/wp\/v2\/pages"}],"about":[{"href":"https:\/\/institutounao.com.mx\/index.php\/wp-json\/wp\/v2\/types\/page"}],"author":[{"embeddable":true,"href":"https:\/\/institutounao.com.mx\/index.php\/wp-json\/wp\/v2\/users\/1"}],"replies":[{"embeddable":true,"href":"https:\/\/institutounao.com.mx\/index.php\/wp-json\/wp\/v2\/comments?post=8265"}],"version-history":[{"count":4,"href":"https:\/\/institutounao.com.mx\/index.php\/wp-json\/wp\/v2\/pages\/8265\/revisions"}],"predecessor-version":[{"id":9181,"href":"https:\/\/institutounao.com.mx\/index.php\/wp-json\/wp\/v2\/pages\/8265\/revisions\/9181"}],"wp:attachment":[{"href":"https:\/\/institutounao.com.mx\/index.php\/wp-json\/wp\/v2\/media?parent=8265"}],"curies":[{"name":"wp","href":"https:\/\/api.w.org\/{rel}","templated":true}]}}