{"id":8260,"date":"2024-07-04T19:43:44","date_gmt":"2024-07-04T19:43:44","guid":{"rendered":"https:\/\/institutounao.com.mx\/?page_id=8260"},"modified":"2024-07-04T19:53:02","modified_gmt":"2024-07-04T19:53:02","slug":"se24-48-taller-de-habilidades-investigativas-construccio-del-objeto-de-estudio","status":"publish","type":"page","link":"https:\/\/institutounao.com.mx\/index.php\/se24-48-taller-de-habilidades-investigativas-construccio-del-objeto-de-estudio\/","title":{"rendered":"SE24.48 Taller de Habilidades Investigativas: Construcci\u00f3 del Objeto de Estudio."},"content":{"rendered":"\t\t<div data-elementor-type=\"wp-page\" data-elementor-id=\"8260\" class=\"elementor elementor-8260\">\n\t\t\t\t\t\t<section class=\"elementor-section elementor-top-section elementor-element elementor-element-cdf94dd elementor-section-boxed elementor-section-height-default elementor-section-height-default\" data-id=\"cdf94dd\" data-element_type=\"section\" data-e-type=\"section\">\n\t\t\t\t\t\t<div class=\"elementor-container elementor-column-gap-default\">\n\t\t\t\t\t<div class=\"elementor-column elementor-col-100 elementor-top-column elementor-element elementor-element-384953c\" data-id=\"384953c\" data-element_type=\"column\" data-e-type=\"column\">\n\t\t\t<div class=\"elementor-widget-wrap\">\n\t\t\t\t\t\t\t<\/div>\n\t\t<\/div>\n\t\t\t\t\t<\/div>\n\t\t<\/section>\n\t\t\t\t<section class=\"elementor-section elementor-top-section elementor-element elementor-element-4127d0d elementor-section-boxed elementor-section-height-default elementor-section-height-default\" data-id=\"4127d0d\" data-element_type=\"section\" data-e-type=\"section\">\n\t\t\t\t\t\t<div class=\"elementor-container elementor-column-gap-default\">\n\t\t\t\t\t<div class=\"elementor-column elementor-col-100 elementor-top-column elementor-element elementor-element-907d8d8\" data-id=\"907d8d8\" data-element_type=\"column\" data-e-type=\"column\">\n\t\t\t<div class=\"elementor-widget-wrap elementor-element-populated\">\n\t\t\t\t\t\t<div class=\"elementor-element elementor-element-71ecc38 elementor-widget elementor-widget-heading\" data-id=\"71ecc38\" data-element_type=\"widget\" data-e-type=\"widget\" data-widget_type=\"heading.default\">\n\t\t\t\t<div class=\"elementor-widget-container\">\n\t\t\t\t\t<h2 class=\"elementor-heading-title elementor-size-default\">Maestr\u00eda en Pedagog\u00eda.<\/h2>\t\t\t\t<\/div>\n\t\t\t\t<\/div>\n\t\t\t\t\t<\/div>\n\t\t<\/div>\n\t\t\t\t\t<\/div>\n\t\t<\/section>\n\t\t\t\t<section class=\"elementor-section elementor-top-section elementor-element elementor-element-a2ae14a elementor-section-boxed elementor-section-height-default elementor-section-height-default\" data-id=\"a2ae14a\" data-element_type=\"section\" data-e-type=\"section\">\n\t\t\t\t\t\t<div class=\"elementor-container elementor-column-gap-default\">\n\t\t\t\t\t<div class=\"elementor-column elementor-col-100 elementor-top-column elementor-element elementor-element-5f14ae0\" data-id=\"5f14ae0\" data-element_type=\"column\" data-e-type=\"column\">\n\t\t\t<div class=\"elementor-widget-wrap elementor-element-populated\">\n\t\t\t\t\t\t<div class=\"elementor-element elementor-element-5eaefc8 elementor-widget elementor-widget-text-editor\" data-id=\"5eaefc8\" data-element_type=\"widget\" data-e-type=\"widget\" data-widget_type=\"text-editor.default\">\n\t\t\t\t<div class=\"elementor-widget-container\">\n\t\t\t\t\t\t\t\t\t<p><strong>Taller de Habilidades Investigativas: Construcci\u00f3n del Objeto de Estudio.<\/strong><\/p>\t\t\t\t\t\t\t\t<\/div>\n\t\t\t\t<\/div>\n\t\t\t\t\t<\/div>\n\t\t<\/div>\n\t\t\t\t\t<\/div>\n\t\t<\/section>\n\t\t\t\t<section class=\"elementor-section elementor-top-section elementor-element elementor-element-9390c1b elementor-section-boxed elementor-section-height-default elementor-section-height-default\" data-id=\"9390c1b\" data-element_type=\"section\" data-e-type=\"section\">\n\t\t\t\t\t\t<div class=\"elementor-container elementor-column-gap-default\">\n\t\t\t\t\t<div class=\"elementor-column elementor-col-100 elementor-top-column elementor-element elementor-element-51c39e0\" data-id=\"51c39e0\" data-element_type=\"column\" data-e-type=\"column\">\n\t\t\t<div class=\"elementor-widget-wrap elementor-element-populated\">\n\t\t\t\t\t\t<div class=\"elementor-element elementor-element-ad56f95 elementor-widget elementor-widget-text-editor\" data-id=\"ad56f95\" data-element_type=\"widget\" data-e-type=\"widget\" data-widget_type=\"text-editor.default\">\n\t\t\t\t<div class=\"elementor-widget-container\">\n\t\t\t\t\t\t\t\t\t<p>Instituci\u00f3n: Instituto Universitario Antequera de Oaxaca.&nbsp;<br>Ciclo Escolar: enero &#8211; junio de 2024 (2024-2).<br>Programa: Maestr\u00eda en Pedagog\u00eda.<br>Semestre: Cuarto.<br>Modalidad: Virtual.<br>Horas lectivas: 15 horas lectivas.<br>Imparte: Dra. EDITH ELIZABETH AGUILAR MORALES.<\/p>\n<p>Participantes que acreditaron:&nbsp;<\/p>\n<ul>\n<li><span style=\"font-size: 0.875rem;\">PMP1&nbsp; &nbsp; 2023-1&nbsp; &nbsp;JOSE DE JESUS JUAREZ GONZALEZ<\/span>.<\/li>\n<li><span style=\"font-size: 0.875rem;\">PMP3&nbsp; &nbsp; 2023-1&nbsp; &nbsp;SAHARA YASHIB ZAMORA FARIAS.<\/span><\/li>\n<li><span style=\"font-size: 0.875rem;\">PMP5&nbsp; &nbsp; 2023-1&nbsp; &nbsp;PAULINA VICTORIANO MARTINEZ.<br><\/span><\/li>\n<li><span style=\"font-size: 0.875rem;\">PMP7&nbsp; &nbsp; 2023-1&nbsp; &nbsp;ANA MARIA GASPAR HERNANDEZ.<br><\/span><\/li>\n<li><span style=\"font-size: 0.875rem;\">PMP8&nbsp; &nbsp; 2023-1&nbsp; &nbsp;KAROL VAZQUEZ ROMERO.<br><\/span><\/li>\n<li><span style=\"font-size: 0.875rem;\">PMP9&nbsp; &nbsp; 2023-1&nbsp; &nbsp;ITZEL SELENE GINEZ CONTRERAS.<br><\/span><\/li>\n<li><span style=\"font-size: 0.875rem;\">PMP10&nbsp; 2023-1&nbsp; &nbsp;PAOLA MARTINEZ GUZMAN.<\/span><\/li><li><span style=\"font-size: 14px;\">PMP11&nbsp; 2023-1&nbsp; &nbsp;BERTHA RUIZ RAMOS.<\/span><\/li>\n<li><span style=\"font-size: 0.875rem;\">PMP12&nbsp; 2023-1&nbsp; &nbsp;ARELI NAVA LIMA.<br><\/span><\/li>\n<li><span style=\"font-size: 0.875rem;\">PMP14&nbsp; 2023-1&nbsp; &nbsp;FERNANDO BOLA\u00d1OS GARCIA<\/span>.<\/li>\n<li><span style=\"font-size: 0.875rem;\">PMP15&nbsp; 2023-1&nbsp; &nbsp;LORENA AGUILAR CORTES.<\/span><\/li>\n<\/ul>\t\t\t\t\t\t\t\t<\/div>\n\t\t\t\t<\/div>\n\t\t\t\t\t<\/div>\n\t\t<\/div>\n\t\t\t\t\t<\/div>\n\t\t<\/section>\n\t\t\t\t<\/div>\n\t\t","protected":false},"excerpt":{"rendered":"<p>Maestr\u00eda en Pedagog\u00eda. Taller de Habilidades Investigativas: Construcci\u00f3n del Objeto de Estudio. Instituci\u00f3n: Instituto Universitario Antequera de Oaxaca.&nbsp;Ciclo Escolar: enero &#8211; junio de 2024 (2024-2).Programa: Maestr\u00eda en Pedagog\u00eda.Semestre: Cuarto.Modalidad: Virtual.Horas lectivas: 15 horas lectivas.Imparte: Dra. EDITH ELIZABETH AGUILAR MORALES. Participantes que acreditaron:&nbsp; PMP1&nbsp; &nbsp; 2023-1&nbsp; &nbsp;JOSE DE JESUS JUAREZ GONZALEZ. <a class=\"read-more\" href=\"https:\/\/institutounao.com.mx\/index.php\/se24-48-taller-de-habilidades-investigativas-construccio-del-objeto-de-estudio\/\">Read More&#8230;<\/a><\/p>\n","protected":false},"author":1,"featured_media":0,"parent":0,"menu_order":0,"comment_status":"closed","ping_status":"closed","template":"","meta":{"_joinchat":[],"footnotes":""},"class_list":["post-8260","page","type-page","status-publish","hentry"],"jetpack_sharing_enabled":true,"_links":{"self":[{"href":"https:\/\/institutounao.com.mx\/index.php\/wp-json\/wp\/v2\/pages\/8260","targetHints":{"allow":["GET"]}}],"collection":[{"href":"https:\/\/institutounao.com.mx\/index.php\/wp-json\/wp\/v2\/pages"}],"about":[{"href":"https:\/\/institutounao.com.mx\/index.php\/wp-json\/wp\/v2\/types\/page"}],"author":[{"embeddable":true,"href":"https:\/\/institutounao.com.mx\/index.php\/wp-json\/wp\/v2\/users\/1"}],"replies":[{"embeddable":true,"href":"https:\/\/institutounao.com.mx\/index.php\/wp-json\/wp\/v2\/comments?post=8260"}],"version-history":[{"count":5,"href":"https:\/\/institutounao.com.mx\/index.php\/wp-json\/wp\/v2\/pages\/8260\/revisions"}],"predecessor-version":[{"id":8276,"href":"https:\/\/institutounao.com.mx\/index.php\/wp-json\/wp\/v2\/pages\/8260\/revisions\/8276"}],"wp:attachment":[{"href":"https:\/\/institutounao.com.mx\/index.php\/wp-json\/wp\/v2\/media?parent=8260"}],"curies":[{"name":"wp","href":"https:\/\/api.w.org\/{rel}","templated":true}]}}