{"id":8225,"date":"2024-07-04T00:19:28","date_gmt":"2024-07-04T00:19:28","guid":{"rendered":"https:\/\/institutounao.com.mx\/?page_id=8225"},"modified":"2024-07-04T00:24:56","modified_gmt":"2024-07-04T00:24:56","slug":"se24-45-taller-de-habilidades-investigativas-investigacion-y-analisis-de-textos-academicos","status":"publish","type":"page","link":"https:\/\/institutounao.com.mx\/index.php\/se24-45-taller-de-habilidades-investigativas-investigacion-y-analisis-de-textos-academicos\/","title":{"rendered":"SE24.45 Taller de Habilidades Investigativas: Investigaci\u00f3n y An\u00e1lisis de Textos Acad\u00e9micos."},"content":{"rendered":"\t\t<div data-elementor-type=\"wp-page\" data-elementor-id=\"8225\" class=\"elementor elementor-8225\">\n\t\t\t\t\t\t<section class=\"elementor-section elementor-top-section elementor-element elementor-element-7e5e562 elementor-section-boxed elementor-section-height-default elementor-section-height-default\" data-id=\"7e5e562\" data-element_type=\"section\" data-e-type=\"section\">\n\t\t\t\t\t\t<div class=\"elementor-container elementor-column-gap-default\">\n\t\t\t\t\t<div class=\"elementor-column elementor-col-100 elementor-top-column elementor-element elementor-element-c435b71\" data-id=\"c435b71\" data-element_type=\"column\" data-e-type=\"column\">\n\t\t\t<div class=\"elementor-widget-wrap elementor-element-populated\">\n\t\t\t\t\t\t<div class=\"elementor-element elementor-element-c2b1c7b elementor-widget elementor-widget-heading\" data-id=\"c2b1c7b\" data-element_type=\"widget\" data-e-type=\"widget\" data-widget_type=\"heading.default\">\n\t\t\t\t<div class=\"elementor-widget-container\">\n\t\t\t\t\t<h2 class=\"elementor-heading-title elementor-size-default\">Maestr\u00eda en Pedagog\u00eda.<\/h2>\t\t\t\t<\/div>\n\t\t\t\t<\/div>\n\t\t\t\t\t<\/div>\n\t\t<\/div>\n\t\t\t\t\t<\/div>\n\t\t<\/section>\n\t\t\t\t<section class=\"elementor-section elementor-top-section elementor-element elementor-element-da04a09 elementor-section-boxed elementor-section-height-default elementor-section-height-default\" data-id=\"da04a09\" data-element_type=\"section\" data-e-type=\"section\">\n\t\t\t\t\t\t<div class=\"elementor-container elementor-column-gap-default\">\n\t\t\t\t\t<div class=\"elementor-column elementor-col-100 elementor-top-column elementor-element elementor-element-f5f5a7c\" data-id=\"f5f5a7c\" data-element_type=\"column\" data-e-type=\"column\">\n\t\t\t<div class=\"elementor-widget-wrap elementor-element-populated\">\n\t\t\t\t\t\t<div class=\"elementor-element elementor-element-50de712 elementor-widget elementor-widget-text-editor\" data-id=\"50de712\" data-element_type=\"widget\" data-e-type=\"widget\" data-widget_type=\"text-editor.default\">\n\t\t\t\t<div class=\"elementor-widget-container\">\n\t\t\t\t\t\t\t\t\t<p><strong>Taller de Habilidades Investigativas: Investigaci\u00f3n y An\u00e1lisis de Textos Acad\u00e9micos.<\/strong><\/p>\t\t\t\t\t\t\t\t<\/div>\n\t\t\t\t<\/div>\n\t\t\t\t\t<\/div>\n\t\t<\/div>\n\t\t\t\t\t<\/div>\n\t\t<\/section>\n\t\t\t\t<section class=\"elementor-section elementor-top-section elementor-element elementor-element-da0e6ea elementor-section-boxed elementor-section-height-default elementor-section-height-default\" data-id=\"da0e6ea\" data-element_type=\"section\" data-e-type=\"section\">\n\t\t\t\t\t\t<div class=\"elementor-container elementor-column-gap-default\">\n\t\t\t\t\t<div class=\"elementor-column elementor-col-100 elementor-top-column elementor-element elementor-element-3f0d316\" data-id=\"3f0d316\" data-element_type=\"column\" data-e-type=\"column\">\n\t\t\t<div class=\"elementor-widget-wrap elementor-element-populated\">\n\t\t\t\t\t\t<div class=\"elementor-element elementor-element-794d7c0 elementor-widget elementor-widget-text-editor\" data-id=\"794d7c0\" data-element_type=\"widget\" data-e-type=\"widget\" data-widget_type=\"text-editor.default\">\n\t\t\t\t<div class=\"elementor-widget-container\">\n\t\t\t\t\t\t\t\t\t<p>Instituci\u00f3n: Instituto Universitario Antequera de Oaxaca.&nbsp;<br>Ciclo Escolar: enero &#8211; junio de 2024 (2024-2).<br>Programa: Maestr\u00eda en Pedagog\u00eda.<br>Semestre: Primero.<br>Modalidad: Virtual.<br>Horas lectivas: 12 horas lectivas.<br>Imparte: Dr. JOSE G\u00dcNTHER PETRAK ROMERO.<\/p>\n<p>Participantes que acreditaron:&nbsp;<\/p>\n<ul>\n<li>PMP1 2024-2&nbsp; &nbsp;ANGELINA CASTILLO PEREZ.<\/li>\n<li>PMP2 2024-2&nbsp; &nbsp;VERONICA GARCIA MONFIL.<\/li>\n<li>PMP3 2024-2&nbsp; &nbsp;CARMELA TORRES GARCIA.<\/li>\n<li>PMP5 2024-2&nbsp; &nbsp;MONICA HERNANDEZ CORTES.<\/li>\n<li>PMP8 2024-2&nbsp; &nbsp;MARITZA PEREZ CRUZ.<\/li>\n<\/ul>\t\t\t\t\t\t\t\t<\/div>\n\t\t\t\t<\/div>\n\t\t\t\t\t<\/div>\n\t\t<\/div>\n\t\t\t\t\t<\/div>\n\t\t<\/section>\n\t\t\t\t<\/div>\n\t\t","protected":false},"excerpt":{"rendered":"<p>Maestr\u00eda en Pedagog\u00eda. Taller de Habilidades Investigativas: Investigaci\u00f3n y An\u00e1lisis de Textos Acad\u00e9micos. Instituci\u00f3n: Instituto Universitario Antequera de Oaxaca.&nbsp;Ciclo Escolar: enero &#8211; junio de 2024 (2024-2).Programa: Maestr\u00eda en Pedagog\u00eda.Semestre: Primero.Modalidad: Virtual.Horas lectivas: 12 horas lectivas.Imparte: Dr. JOSE G\u00dcNTHER PETRAK ROMERO. Participantes que acreditaron:&nbsp; PMP1 2024-2&nbsp; &nbsp;ANGELINA CASTILLO PEREZ. PMP2 2024-2&nbsp; <a class=\"read-more\" href=\"https:\/\/institutounao.com.mx\/index.php\/se24-45-taller-de-habilidades-investigativas-investigacion-y-analisis-de-textos-academicos\/\">Read More&#8230;<\/a><\/p>\n","protected":false},"author":1,"featured_media":0,"parent":0,"menu_order":0,"comment_status":"closed","ping_status":"closed","template":"","meta":{"_joinchat":[],"footnotes":""},"class_list":["post-8225","page","type-page","status-publish","hentry"],"jetpack_sharing_enabled":true,"_links":{"self":[{"href":"https:\/\/institutounao.com.mx\/index.php\/wp-json\/wp\/v2\/pages\/8225","targetHints":{"allow":["GET"]}}],"collection":[{"href":"https:\/\/institutounao.com.mx\/index.php\/wp-json\/wp\/v2\/pages"}],"about":[{"href":"https:\/\/institutounao.com.mx\/index.php\/wp-json\/wp\/v2\/types\/page"}],"author":[{"embeddable":true,"href":"https:\/\/institutounao.com.mx\/index.php\/wp-json\/wp\/v2\/users\/1"}],"replies":[{"embeddable":true,"href":"https:\/\/institutounao.com.mx\/index.php\/wp-json\/wp\/v2\/comments?post=8225"}],"version-history":[{"count":5,"href":"https:\/\/institutounao.com.mx\/index.php\/wp-json\/wp\/v2\/pages\/8225\/revisions"}],"predecessor-version":[{"id":9199,"href":"https:\/\/institutounao.com.mx\/index.php\/wp-json\/wp\/v2\/pages\/8225\/revisions\/9199"}],"wp:attachment":[{"href":"https:\/\/institutounao.com.mx\/index.php\/wp-json\/wp\/v2\/media?parent=8225"}],"curies":[{"name":"wp","href":"https:\/\/api.w.org\/{rel}","templated":true}]}}