{"id":8166,"date":"2024-06-06T20:26:41","date_gmt":"2024-06-06T20:26:41","guid":{"rendered":"https:\/\/institutounao.com.mx\/?page_id=8166"},"modified":"2024-06-06T20:29:20","modified_gmt":"2024-06-06T20:29:20","slug":"ecp24-37-cutting-como-prevenirlo-y-gestionarlo-en-el-aula","status":"publish","type":"page","link":"https:\/\/institutounao.com.mx\/index.php\/ecp24-37-cutting-como-prevenirlo-y-gestionarlo-en-el-aula\/","title":{"rendered":"ECP24.37 CUTTING \u00bfC\u00d3MO PREVENIRLO Y GESTIONARLO EN EL AULA?"},"content":{"rendered":"\t\t<div data-elementor-type=\"wp-page\" data-elementor-id=\"8166\" class=\"elementor elementor-8166\">\n\t\t\t\t\t\t<section class=\"elementor-section elementor-top-section elementor-element elementor-element-3f8d752 elementor-section-boxed elementor-section-height-default elementor-section-height-default\" data-id=\"3f8d752\" data-element_type=\"section\" data-e-type=\"section\">\n\t\t\t\t\t\t<div class=\"elementor-container elementor-column-gap-default\">\n\t\t\t\t\t<div class=\"elementor-column elementor-col-100 elementor-top-column elementor-element elementor-element-97c670a\" data-id=\"97c670a\" data-element_type=\"column\" data-e-type=\"column\">\n\t\t\t<div class=\"elementor-widget-wrap elementor-element-populated\">\n\t\t\t\t\t\t<div class=\"elementor-element elementor-element-f1eca6b elementor-widget elementor-widget-heading\" data-id=\"f1eca6b\" data-element_type=\"widget\" data-e-type=\"widget\" data-widget_type=\"heading.default\">\n\t\t\t\t<div class=\"elementor-widget-container\">\n\t\t\t\t\t<h2 class=\"elementor-heading-title elementor-size-default\">Cutting \u00bfC\u00f3mo Prevenirlo y Gestionarlo en el Aula?<\/h2>\t\t\t\t<\/div>\n\t\t\t\t<\/div>\n\t\t\t\t\t<\/div>\n\t\t<\/div>\n\t\t\t\t\t<\/div>\n\t\t<\/section>\n\t\t\t\t<section class=\"elementor-section elementor-top-section elementor-element elementor-element-c6d2359 elementor-section-boxed elementor-section-height-default elementor-section-height-default\" data-id=\"c6d2359\" data-element_type=\"section\" data-e-type=\"section\">\n\t\t\t\t\t\t<div class=\"elementor-container elementor-column-gap-default\">\n\t\t\t\t\t<div class=\"elementor-column elementor-col-100 elementor-top-column elementor-element elementor-element-7e3e873\" data-id=\"7e3e873\" data-element_type=\"column\" data-e-type=\"column\">\n\t\t\t<div class=\"elementor-widget-wrap elementor-element-populated\">\n\t\t\t\t\t\t<div class=\"elementor-element elementor-element-2667fb3 elementor-widget elementor-widget-text-editor\" data-id=\"2667fb3\" data-element_type=\"widget\" data-e-type=\"widget\" data-widget_type=\"text-editor.default\">\n\t\t\t\t<div class=\"elementor-widget-container\">\n\t\t\t\t\t\t\t\t\t<p style=\"text-align: center;\">Acreditaci\u00f3n de Actividades.<\/p>\t\t\t\t\t\t\t\t<\/div>\n\t\t\t\t<\/div>\n\t\t\t\t<div class=\"elementor-element elementor-element-870675b elementor-widget elementor-widget-text-editor\" data-id=\"870675b\" data-element_type=\"widget\" data-e-type=\"widget\" data-widget_type=\"text-editor.default\">\n\t\t\t\t<div class=\"elementor-widget-container\">\n\t\t\t\t\t\t\t\t\t<p><strong>Datos Generales:<\/strong><\/p><p>Instituci\u00f3n: Instituto Universitario Antequera de Oaxaca.<br \/>Clave de Plantel: 20MSY0104Y.<br \/>Periodo: 02 de junio de 2024.<br \/>Modalidad: Virtual.<br \/>Horas lectivas: 10 horas lectivas.<br \/>Imparte: Mtra. B\u00e1rbara Alonso Mu\u00f1\u00f3z Reyes.<\/p>\t\t\t\t\t\t\t\t<\/div>\n\t\t\t\t<\/div>\n\t\t\t\t<div class=\"elementor-element elementor-element-94e9246 elementor-widget elementor-widget-text-editor\" data-id=\"94e9246\" data-element_type=\"widget\" data-e-type=\"widget\" data-widget_type=\"text-editor.default\">\n\t\t\t\t<div class=\"elementor-widget-container\">\n\t\t\t\t\t\t\t\t\t<p style=\"margin-top: 16px; font-size: 16px;\"><span style=\"font-weight: bold; line-height: inherit;\">Participantes que acreditaron:\u00a0<\/span><\/p><ul style=\"font-size: 16px;\"><li>ANA LINDA RUIZ GIL<\/li><li>BLANCA ELENA RUIZ ZARATE<\/li><li>GREGORIA NI\u00d1O CARMONA<\/li><li>LUCIA MARGARITA ANTONIO TORRES<\/li><li>LUIS ARTURO QUINTO CAMACHO<\/li><li>LUZ MARIA TEPACH CHAPOL<\/li><li>MARGOT EUFRACIA CARRERA SANCHEZ<\/li><li>MARIA DEL SOCORRO MENDOZA VILCHIS<\/li><li>MARIBEL RIOS VALENCIA<\/li><li>MARISOL MONTIEL SANCHEZ<\/li><li>NOEMI PADILLA NU\u00d1EZ<\/li><li>OLIVIA VALDESPINO LOPEZ<\/li><li>SANJUANITA SANCHEZ GUTIERREZ<\/li><\/ul>\t\t\t\t\t\t\t\t<\/div>\n\t\t\t\t<\/div>\n\t\t\t\t\t<\/div>\n\t\t<\/div>\n\t\t\t\t\t<\/div>\n\t\t<\/section>\n\t\t\t\t<\/div>\n\t\t","protected":false},"excerpt":{"rendered":"<p>Cutting \u00bfC\u00f3mo Prevenirlo y Gestionarlo en el Aula? Acreditaci\u00f3n de Actividades. Datos Generales: Instituci\u00f3n: Instituto Universitario Antequera de Oaxaca.Clave de Plantel: 20MSY0104Y.Periodo: 02 de junio de 2024.Modalidad: Virtual.Horas lectivas: 10 horas lectivas.Imparte: Mtra. B\u00e1rbara Alonso Mu\u00f1\u00f3z Reyes. Participantes que acreditaron:\u00a0 ANA LINDA RUIZ GIL BLANCA ELENA RUIZ ZARATE GREGORIA NI\u00d1O <a class=\"read-more\" href=\"https:\/\/institutounao.com.mx\/index.php\/ecp24-37-cutting-como-prevenirlo-y-gestionarlo-en-el-aula\/\">Read More&#8230;<\/a><\/p>\n","protected":false},"author":1,"featured_media":0,"parent":0,"menu_order":0,"comment_status":"closed","ping_status":"closed","template":"","meta":{"_joinchat":[],"footnotes":""},"class_list":["post-8166","page","type-page","status-publish","hentry"],"jetpack_sharing_enabled":true,"_links":{"self":[{"href":"https:\/\/institutounao.com.mx\/index.php\/wp-json\/wp\/v2\/pages\/8166","targetHints":{"allow":["GET"]}}],"collection":[{"href":"https:\/\/institutounao.com.mx\/index.php\/wp-json\/wp\/v2\/pages"}],"about":[{"href":"https:\/\/institutounao.com.mx\/index.php\/wp-json\/wp\/v2\/types\/page"}],"author":[{"embeddable":true,"href":"https:\/\/institutounao.com.mx\/index.php\/wp-json\/wp\/v2\/users\/1"}],"replies":[{"embeddable":true,"href":"https:\/\/institutounao.com.mx\/index.php\/wp-json\/wp\/v2\/comments?post=8166"}],"version-history":[{"count":4,"href":"https:\/\/institutounao.com.mx\/index.php\/wp-json\/wp\/v2\/pages\/8166\/revisions"}],"predecessor-version":[{"id":8170,"href":"https:\/\/institutounao.com.mx\/index.php\/wp-json\/wp\/v2\/pages\/8166\/revisions\/8170"}],"wp:attachment":[{"href":"https:\/\/institutounao.com.mx\/index.php\/wp-json\/wp\/v2\/media?parent=8166"}],"curies":[{"name":"wp","href":"https:\/\/api.w.org\/{rel}","templated":true}]}}