{"id":8149,"date":"2024-06-05T04:56:35","date_gmt":"2024-06-05T04:56:35","guid":{"rendered":"https:\/\/institutounao.com.mx\/?page_id=8149"},"modified":"2024-06-05T04:59:03","modified_gmt":"2024-06-05T04:59:03","slug":"se24-42-diplomado-crecimiento-personal-enfasis-en-el-proceso-de-introspeccion","status":"publish","type":"page","link":"https:\/\/institutounao.com.mx\/index.php\/se24-42-diplomado-crecimiento-personal-enfasis-en-el-proceso-de-introspeccion\/","title":{"rendered":"SE24.42 Diplomado &#8220;Crecimiento personal: \u00e9nfasis en el proceso de introspecci\u00f3n&#8221;."},"content":{"rendered":"\t\t<div data-elementor-type=\"wp-page\" data-elementor-id=\"8149\" class=\"elementor elementor-8149\">\n\t\t\t\t\t\t<section class=\"elementor-section elementor-top-section elementor-element elementor-element-25478a8 elementor-section-boxed elementor-section-height-default elementor-section-height-default\" data-id=\"25478a8\" data-element_type=\"section\" data-e-type=\"section\">\n\t\t\t\t\t\t<div class=\"elementor-container elementor-column-gap-default\">\n\t\t\t\t\t<div class=\"elementor-column elementor-col-100 elementor-top-column elementor-element elementor-element-bb08b2b\" data-id=\"bb08b2b\" data-element_type=\"column\" data-e-type=\"column\">\n\t\t\t<div class=\"elementor-widget-wrap elementor-element-populated\">\n\t\t\t\t\t\t<div class=\"elementor-element elementor-element-da08986 elementor-widget elementor-widget-text-editor\" data-id=\"da08986\" data-element_type=\"widget\" data-e-type=\"widget\" data-widget_type=\"text-editor.default\">\n\t\t\t\t<div class=\"elementor-widget-container\">\n\t\t\t\t\t\t\t\t\t<h1 style=\"text-align: center;\"><span style=\"color: #99cc00;\">Diplomado &#8220;Crecimiento personal: \u00e9nfasis en el proceso de introspecci\u00f3n&#8221;.<\/span><\/h1><p><strong>Datos del Instituto:<\/strong><\/p><p>Instituci\u00f3n: Instituto Universitario Antequera de Oaxaca.<br \/>Clave de Plantel: 20MSY0104Y.<\/p><p><b>Datos de la actividad:<\/b><\/p><ul><li aria-level=\"1\">Programa de Crecimiento UNAO.<\/li><li aria-level=\"1\">Diplomado &#8220;Crecimiento personal: \u00e9nfasis en el proceso de introspecci\u00f3n&#8221;.<\/li><li aria-level=\"1\">Dirigido a colaboradores del Instituto UNAO.<\/li><li aria-level=\"1\">Periodo: del 2 de junio de 2023 al 31 de mayo de 2024<\/li><li aria-level=\"1\">Modalidad: presencial..<\/li><\/ul><p><strong>Colaboradores acreditados.<\/strong><\/p><p>LUIS ALFREDO VILLAFA\u00d1A GARCIA<br \/>SANDRA FABIOLA CRUZ GALLEGOS<br \/>JOCABET GASPAR RANGEL<br \/>SHELEM MARTINEZ RUIZ<br \/>ESTELA LOPEZ CASTILLO<\/p>\t\t\t\t\t\t\t\t<\/div>\n\t\t\t\t<\/div>\n\t\t\t\t\t<\/div>\n\t\t<\/div>\n\t\t\t\t\t<\/div>\n\t\t<\/section>\n\t\t\t\t<\/div>\n\t\t","protected":false},"excerpt":{"rendered":"<p>Diplomado &#8220;Crecimiento personal: \u00e9nfasis en el proceso de introspecci\u00f3n&#8221;. Datos del Instituto: Instituci\u00f3n: Instituto Universitario Antequera de Oaxaca.Clave de Plantel: 20MSY0104Y. Datos de la actividad: Programa de Crecimiento UNAO. Diplomado &#8220;Crecimiento personal: \u00e9nfasis en el proceso de introspecci\u00f3n&#8221;. Dirigido a colaboradores del Instituto UNAO. Periodo: del 2 de junio de <a class=\"read-more\" href=\"https:\/\/institutounao.com.mx\/index.php\/se24-42-diplomado-crecimiento-personal-enfasis-en-el-proceso-de-introspeccion\/\">Read More&#8230;<\/a><\/p>\n","protected":false},"author":1,"featured_media":0,"parent":0,"menu_order":0,"comment_status":"closed","ping_status":"closed","template":"","meta":{"_joinchat":[],"footnotes":""},"class_list":["post-8149","page","type-page","status-publish","hentry"],"jetpack_sharing_enabled":true,"_links":{"self":[{"href":"https:\/\/institutounao.com.mx\/index.php\/wp-json\/wp\/v2\/pages\/8149","targetHints":{"allow":["GET"]}}],"collection":[{"href":"https:\/\/institutounao.com.mx\/index.php\/wp-json\/wp\/v2\/pages"}],"about":[{"href":"https:\/\/institutounao.com.mx\/index.php\/wp-json\/wp\/v2\/types\/page"}],"author":[{"embeddable":true,"href":"https:\/\/institutounao.com.mx\/index.php\/wp-json\/wp\/v2\/users\/1"}],"replies":[{"embeddable":true,"href":"https:\/\/institutounao.com.mx\/index.php\/wp-json\/wp\/v2\/comments?post=8149"}],"version-history":[{"count":4,"href":"https:\/\/institutounao.com.mx\/index.php\/wp-json\/wp\/v2\/pages\/8149\/revisions"}],"predecessor-version":[{"id":8156,"href":"https:\/\/institutounao.com.mx\/index.php\/wp-json\/wp\/v2\/pages\/8149\/revisions\/8156"}],"wp:attachment":[{"href":"https:\/\/institutounao.com.mx\/index.php\/wp-json\/wp\/v2\/media?parent=8149"}],"curies":[{"name":"wp","href":"https:\/\/api.w.org\/{rel}","templated":true}]}}