{"id":8123,"date":"2024-06-04T17:42:32","date_gmt":"2024-06-04T17:42:32","guid":{"rendered":"https:\/\/institutounao.com.mx\/?page_id=8123"},"modified":"2024-06-04T19:40:39","modified_gmt":"2024-06-04T19:40:39","slug":"se24-39-seminario-de-titulacion-reflexion-y-fortalecimiento-de-mi-practica-pedagogica","status":"publish","type":"page","link":"https:\/\/institutounao.com.mx\/index.php\/se24-39-seminario-de-titulacion-reflexion-y-fortalecimiento-de-mi-practica-pedagogica\/","title":{"rendered":"SE24.39 SEminario de Titulaci\u00f3n \u201cReflexi\u00f3n y fortalecimiento de mi pr\u00e1ctica pedag\u00f3gica\u201d"},"content":{"rendered":"\t\t<div data-elementor-type=\"wp-page\" data-elementor-id=\"8123\" class=\"elementor elementor-8123\">\n\t\t\t\t\t\t<section class=\"elementor-section elementor-top-section elementor-element elementor-element-8e0ea01 elementor-section-boxed elementor-section-height-default elementor-section-height-default\" data-id=\"8e0ea01\" data-element_type=\"section\" data-e-type=\"section\">\n\t\t\t\t\t\t<div class=\"elementor-container elementor-column-gap-default\">\n\t\t\t\t\t<div class=\"elementor-column elementor-col-100 elementor-top-column elementor-element elementor-element-81619ee\" data-id=\"81619ee\" data-element_type=\"column\" data-e-type=\"column\">\n\t\t\t<div class=\"elementor-widget-wrap elementor-element-populated\">\n\t\t\t\t\t\t<div class=\"elementor-element elementor-element-4e3d334 elementor-widget elementor-widget-text-editor\" data-id=\"4e3d334\" data-element_type=\"widget\" data-e-type=\"widget\" data-widget_type=\"text-editor.default\">\n\t\t\t\t<div class=\"elementor-widget-container\">\n\t\t\t\t\t\t\t\t\t<h1 style=\"text-align: center;\"><span style=\"color: #99cc00;\">Seminario de Titulaci\u00f3n \u201cReflexi\u00f3n y fortalecimiento de mi pr\u00e1ctica pedag\u00f3gica&#8221;.<\/span><\/h1><p><strong>Datos del Instituto:<\/strong><\/p><p>Instituci\u00f3n: Instituto Universitario Antequera de Oaxaca.<br \/>Clave de Plantel: 20MSY0104Y.<\/p><p><b>Datos de la actividad:<\/b><\/p><ul><li aria-level=\"1\">Plan de Estudios: Especialidad en Docencia, estudios con Reconocimiento de Validez Oficial SEP\/20220700.<\/li><li aria-level=\"1\">Seminario de Titulaci\u00f3n: Reflexi\u00f3n y fortalecimiento de mi pr\u00e1ctica pedag\u00f3gica.<\/li><li aria-level=\"1\">M\u00f3dulos:<\/li><\/ul><p>I. Revisi\u00f3n de las exigencias pedag\u00f3gicas de la \u00e9poca.<br \/>II. Fundamentaci\u00f3n te\u00f3rico &#8211; metodol\u00f3gica de las Pedagog\u00edas Contempor\u00e1neas.<br \/>III. Cuidado personal del docente. <br \/>IV. Evaluaci\u00f3n.<\/p><ul><li aria-level=\"1\">Periodo: del 18 de febrero al 19 de mayo.<\/li><li aria-level=\"1\">Modalidad: virtual.<\/li><li aria-level=\"1\">Titular del Diplomado: Dr. ALBERTO AGUILAR ALVAREZ<\/li><\/ul><p><strong>Estudiantes acreditados.<\/strong><\/p><p>Promedio \/ nombre<\/p><p>9.0 \/ EDUARDO ESCAMILLA HERMOSILLO.<br \/>8.0 \/ YOLOXOCHITL BRINGAS TOBON.\u00a0<\/p>\t\t\t\t\t\t\t\t<\/div>\n\t\t\t\t<\/div>\n\t\t\t\t\t<\/div>\n\t\t<\/div>\n\t\t\t\t\t<\/div>\n\t\t<\/section>\n\t\t\t\t<\/div>\n\t\t","protected":false},"excerpt":{"rendered":"<p>Seminario de Titulaci\u00f3n \u201cReflexi\u00f3n y fortalecimiento de mi pr\u00e1ctica pedag\u00f3gica&#8221;. Datos del Instituto: Instituci\u00f3n: Instituto Universitario Antequera de Oaxaca.Clave de Plantel: 20MSY0104Y. Datos de la actividad: Plan de Estudios: Especialidad en Docencia, estudios con Reconocimiento de Validez Oficial SEP\/20220700. Seminario de Titulaci\u00f3n: Reflexi\u00f3n y fortalecimiento de mi pr\u00e1ctica pedag\u00f3gica. M\u00f3dulos: <a class=\"read-more\" href=\"https:\/\/institutounao.com.mx\/index.php\/se24-39-seminario-de-titulacion-reflexion-y-fortalecimiento-de-mi-practica-pedagogica\/\">Read More&#8230;<\/a><\/p>\n","protected":false},"author":1,"featured_media":0,"parent":0,"menu_order":0,"comment_status":"closed","ping_status":"closed","template":"","meta":{"_joinchat":[],"footnotes":""},"class_list":["post-8123","page","type-page","status-publish","hentry"],"jetpack_sharing_enabled":true,"_links":{"self":[{"href":"https:\/\/institutounao.com.mx\/index.php\/wp-json\/wp\/v2\/pages\/8123","targetHints":{"allow":["GET"]}}],"collection":[{"href":"https:\/\/institutounao.com.mx\/index.php\/wp-json\/wp\/v2\/pages"}],"about":[{"href":"https:\/\/institutounao.com.mx\/index.php\/wp-json\/wp\/v2\/types\/page"}],"author":[{"embeddable":true,"href":"https:\/\/institutounao.com.mx\/index.php\/wp-json\/wp\/v2\/users\/1"}],"replies":[{"embeddable":true,"href":"https:\/\/institutounao.com.mx\/index.php\/wp-json\/wp\/v2\/comments?post=8123"}],"version-history":[{"count":13,"href":"https:\/\/institutounao.com.mx\/index.php\/wp-json\/wp\/v2\/pages\/8123\/revisions"}],"predecessor-version":[{"id":8142,"href":"https:\/\/institutounao.com.mx\/index.php\/wp-json\/wp\/v2\/pages\/8123\/revisions\/8142"}],"wp:attachment":[{"href":"https:\/\/institutounao.com.mx\/index.php\/wp-json\/wp\/v2\/media?parent=8123"}],"curies":[{"name":"wp","href":"https:\/\/api.w.org\/{rel}","templated":true}]}}