{"id":8111,"date":"2024-05-28T21:26:36","date_gmt":"2024-05-28T21:26:36","guid":{"rendered":"https:\/\/institutounao.com.mx\/?page_id=8111"},"modified":"2024-05-28T21:33:17","modified_gmt":"2024-05-28T21:33:17","slug":"se24-38-seminario-de-titulacion-alteraciones-en-el-lenguaje-y-su-intervencion","status":"publish","type":"page","link":"https:\/\/institutounao.com.mx\/index.php\/se24-38-seminario-de-titulacion-alteraciones-en-el-lenguaje-y-su-intervencion\/","title":{"rendered":"SE24.38 Seminario de Titulaci\u00f3n \u201cAlteraciones en el Lenguaje y su Intervenci\u00f3n\u201d"},"content":{"rendered":"\t\t<div data-elementor-type=\"wp-page\" data-elementor-id=\"8111\" class=\"elementor elementor-8111\">\n\t\t\t\t\t\t<section class=\"elementor-section elementor-top-section elementor-element elementor-element-6b23e8 elementor-section-boxed elementor-section-height-default elementor-section-height-default\" data-id=\"6b23e8\" data-element_type=\"section\" data-e-type=\"section\">\n\t\t\t\t\t\t<div class=\"elementor-container elementor-column-gap-default\">\n\t\t\t\t\t<div class=\"elementor-column elementor-col-100 elementor-top-column elementor-element elementor-element-4aacd5a2\" data-id=\"4aacd5a2\" data-element_type=\"column\" data-e-type=\"column\">\n\t\t\t<div class=\"elementor-widget-wrap elementor-element-populated\">\n\t\t\t\t\t\t<div class=\"elementor-element elementor-element-2cca4de1 elementor-widget elementor-widget-text-editor\" data-id=\"2cca4de1\" data-element_type=\"widget\" data-e-type=\"widget\" data-widget_type=\"text-editor.default\">\n\t\t\t\t<div class=\"elementor-widget-container\">\n\t\t\t\t\t\t\t\t\t\n<p><\/p>\n\n\n\n<p><\/p>\n\t\t\t\t\t\t\t\t<\/div>\n\t\t\t\t<\/div>\n\t\t\t\t\t<\/div>\n\t\t<\/div>\n\t\t\t\t\t<\/div>\n\t\t<\/section>\n\t\t\t\t<section class=\"elementor-section elementor-top-section elementor-element elementor-element-ee6ff73 elementor-section-boxed elementor-section-height-default elementor-section-height-default\" data-id=\"ee6ff73\" data-element_type=\"section\" data-e-type=\"section\">\n\t\t\t\t\t\t<div class=\"elementor-container elementor-column-gap-default\">\n\t\t\t\t\t<div class=\"elementor-column elementor-col-100 elementor-top-column elementor-element elementor-element-c05e6ae\" data-id=\"c05e6ae\" data-element_type=\"column\" data-e-type=\"column\">\n\t\t\t<div class=\"elementor-widget-wrap elementor-element-populated\">\n\t\t\t\t\t\t<div class=\"elementor-element elementor-element-6f648bf elementor-widget elementor-widget-text-editor\" data-id=\"6f648bf\" data-element_type=\"widget\" data-e-type=\"widget\" data-widget_type=\"text-editor.default\">\n\t\t\t\t<div class=\"elementor-widget-container\">\n\t\t\t\t\t\t\t\t\t<h1 style=\"text-align: center;\"><span style=\"color: #99cc00;\">SEMINARIO DE TITULACI\u00d3N &#8220;ALTERACIONES EN EL LENGUAJE Y SU INTERVENCI\u00d3N&#8221;.<\/span><\/h1>\n<p><strong>Datos del Instituto:<\/strong><\/p>\n<p>Instituci\u00f3n: Instituto Universitario Antequera de Oaxaca.<br \/>Clave de Plantel: 20MSY0104Y.<\/p>\n<p><b>Datos de la actividad:<\/b><\/p>\n<ul>\n<li aria-level=\"1\">Plan de Estudios: Especialidad en Intervenci\u00f3n Pedag\u00f3gica en el Lenguaje, estudios con Reconocimiento de Validez Oficial SEP\/20220699.<\/li>\n<li aria-level=\"1\">Seminario de Titulaci\u00f3n: Alteraciones en el Lenguaje y su Intervenci\u00f3n.<\/li>\n<li aria-level=\"1\">M\u00f3dulos:<\/li>\n<\/ul>\n<p style=\"padding-left: 80px;\">I. Detecci\u00f3n de las Dificultades del Lenguaje y Elaboraci\u00f3n del Perfil Ling\u00fc\u00edstico.<br \/>II. Dise\u00f1o del Plan de Intervenci\u00f3n para el Abordaje Ling\u00fc\u00edstico Individual y Grupal.<br \/>III. Dise\u00f1o del Informe Para Presentaci\u00f3n del Caso.<br \/>Evaluaci\u00f3n escrita.<\/p>\n<ul>\n<li aria-level=\"1\">Periodo: del 16 de febrero al 17 de mayo de 2024.<\/li>\n<li aria-level=\"1\">Modalidad: virtual.<\/li>\n<li aria-level=\"1\">Titular del Diplomado: Mtra. LETICIA LOPEZ ESPA\u00d1A.<\/li>\n<\/ul>\n<p><strong>Estudiantes acreditadas.<\/strong><\/p>\n<p>Promedio \/ nombre<\/p>\n<p>8.51 \/ LAURA JULISA GONZALEZ MARTINEZ.<br \/>9.47 \/ MARIA GUADALUPE VAZQUEZ SANCHEZ.<br \/>9.49\/ MIRIAN ISABEL HERNANDEZ CASTILLO.<br \/>9.49 \/ ALINA GONZALEZ TERAN.<br \/>9.50 \/ DIANA MARIA DEL SOCORRO BAEZA DOMINGUEZ.<\/p>\t\t\t\t\t\t\t\t<\/div>\n\t\t\t\t<\/div>\n\t\t\t\t\t<\/div>\n\t\t<\/div>\n\t\t\t\t\t<\/div>\n\t\t<\/section>\n\t\t\t\t<\/div>\n\t\t","protected":false},"excerpt":{"rendered":"<p>SEMINARIO DE TITULACI\u00d3N &#8220;ALTERACIONES EN EL LENGUAJE Y SU INTERVENCI\u00d3N&#8221;. Datos del Instituto: Instituci\u00f3n: Instituto Universitario Antequera de Oaxaca.Clave de Plantel: 20MSY0104Y. Datos de la actividad: Plan de Estudios: Especialidad en Intervenci\u00f3n Pedag\u00f3gica en el Lenguaje, estudios con Reconocimiento de Validez Oficial SEP\/20220699. Seminario de Titulaci\u00f3n: Alteraciones en el Lenguaje <a class=\"read-more\" href=\"https:\/\/institutounao.com.mx\/index.php\/se24-38-seminario-de-titulacion-alteraciones-en-el-lenguaje-y-su-intervencion\/\">Read More&#8230;<\/a><\/p>\n","protected":false},"author":1,"featured_media":0,"parent":0,"menu_order":0,"comment_status":"closed","ping_status":"closed","template":"","meta":{"_joinchat":[],"footnotes":""},"class_list":["post-8111","page","type-page","status-publish","hentry"],"jetpack_sharing_enabled":true,"_links":{"self":[{"href":"https:\/\/institutounao.com.mx\/index.php\/wp-json\/wp\/v2\/pages\/8111","targetHints":{"allow":["GET"]}}],"collection":[{"href":"https:\/\/institutounao.com.mx\/index.php\/wp-json\/wp\/v2\/pages"}],"about":[{"href":"https:\/\/institutounao.com.mx\/index.php\/wp-json\/wp\/v2\/types\/page"}],"author":[{"embeddable":true,"href":"https:\/\/institutounao.com.mx\/index.php\/wp-json\/wp\/v2\/users\/1"}],"replies":[{"embeddable":true,"href":"https:\/\/institutounao.com.mx\/index.php\/wp-json\/wp\/v2\/comments?post=8111"}],"version-history":[{"count":4,"href":"https:\/\/institutounao.com.mx\/index.php\/wp-json\/wp\/v2\/pages\/8111\/revisions"}],"predecessor-version":[{"id":8115,"href":"https:\/\/institutounao.com.mx\/index.php\/wp-json\/wp\/v2\/pages\/8111\/revisions\/8115"}],"wp:attachment":[{"href":"https:\/\/institutounao.com.mx\/index.php\/wp-json\/wp\/v2\/media?parent=8111"}],"curies":[{"name":"wp","href":"https:\/\/api.w.org\/{rel}","templated":true}]}}