{"id":8054,"date":"2024-05-04T21:43:41","date_gmt":"2024-05-04T21:43:41","guid":{"rendered":"https:\/\/institutounao.com.mx\/?page_id=8054"},"modified":"2024-05-05T21:45:34","modified_gmt":"2024-05-05T21:45:34","slug":"ecp24-30-comprension-y-aplicacion-de-las-taxonomias-en-el-proceso-de-la-planeacion-didactica","status":"publish","type":"page","link":"https:\/\/institutounao.com.mx\/index.php\/ecp24-30-comprension-y-aplicacion-de-las-taxonomias-en-el-proceso-de-la-planeacion-didactica\/","title":{"rendered":"ECP24.30 COMPRENSION Y APLICACION DE LAS TAXONOMIAS EN EL PROCESO DE LA PLANEACION DIDACTICA"},"content":{"rendered":"\t\t<div data-elementor-type=\"wp-page\" data-elementor-id=\"8054\" class=\"elementor elementor-8054\">\n\t\t\t\t\t\t<section class=\"elementor-section elementor-top-section elementor-element elementor-element-dce779b elementor-section-boxed elementor-section-height-default elementor-section-height-default\" data-id=\"dce779b\" data-element_type=\"section\" data-e-type=\"section\">\n\t\t\t\t\t\t<div class=\"elementor-container elementor-column-gap-default\">\n\t\t\t\t\t<div class=\"elementor-column elementor-col-100 elementor-top-column elementor-element elementor-element-b643599\" data-id=\"b643599\" data-element_type=\"column\" data-e-type=\"column\">\n\t\t\t<div class=\"elementor-widget-wrap elementor-element-populated\">\n\t\t\t\t\t\t<div class=\"elementor-element elementor-element-8f79b5c elementor-widget elementor-widget-heading\" data-id=\"8f79b5c\" data-element_type=\"widget\" data-e-type=\"widget\" data-widget_type=\"heading.default\">\n\t\t\t\t<div class=\"elementor-widget-container\">\n\t\t\t\t\t<h2 class=\"elementor-heading-title elementor-size-default\">Comprensi\u00f3n y Aplicaci\u00f3n de las Taxonom\u00edas en el Proceso de la Planeaci\u00f3n Did\u00e1ctica.<\/h2>\t\t\t\t<\/div>\n\t\t\t\t<\/div>\n\t\t\t\t\t<\/div>\n\t\t<\/div>\n\t\t\t\t\t<\/div>\n\t\t<\/section>\n\t\t\t\t<section class=\"elementor-section elementor-top-section elementor-element elementor-element-d10d9bd elementor-section-boxed elementor-section-height-default elementor-section-height-default\" data-id=\"d10d9bd\" data-element_type=\"section\" data-e-type=\"section\">\n\t\t\t\t\t\t<div class=\"elementor-container elementor-column-gap-default\">\n\t\t\t\t\t<div class=\"elementor-column elementor-col-100 elementor-top-column elementor-element elementor-element-565ecfb\" data-id=\"565ecfb\" data-element_type=\"column\" data-e-type=\"column\">\n\t\t\t<div class=\"elementor-widget-wrap elementor-element-populated\">\n\t\t\t\t\t\t<div class=\"elementor-element elementor-element-9dde3e3 elementor-widget elementor-widget-text-editor\" data-id=\"9dde3e3\" data-element_type=\"widget\" data-e-type=\"widget\" data-widget_type=\"text-editor.default\">\n\t\t\t\t<div class=\"elementor-widget-container\">\n\t\t\t\t\t\t\t\t\t<p style=\"text-align: center;\">Acreditaci\u00f3n de Actividades.<\/p>\t\t\t\t\t\t\t\t<\/div>\n\t\t\t\t<\/div>\n\t\t\t\t<div class=\"elementor-element elementor-element-e448cc5 elementor-widget elementor-widget-text-editor\" data-id=\"e448cc5\" data-element_type=\"widget\" data-e-type=\"widget\" data-widget_type=\"text-editor.default\">\n\t\t\t\t<div class=\"elementor-widget-container\">\n\t\t\t\t\t\t\t\t\t<p><strong>Datos Generales:<\/strong><\/p><p>Instituci\u00f3n: Instituto Universitario Antequera de Oaxaca.<br \/>Clave de Plantel: 20MSY0104Y.<br \/>Fecha: 05 de mayo de 2024.<br \/>Modalidad: Presencial.<br \/>Horas lectivas: 10 horas lectivas.<br \/>Imparte: Mtro. Jaime Padilla Ram\u00edrez.<\/p>\t\t\t\t\t\t\t\t<\/div>\n\t\t\t\t<\/div>\n\t\t\t\t<div class=\"elementor-element elementor-element-037380f elementor-widget elementor-widget-text-editor\" data-id=\"037380f\" data-element_type=\"widget\" data-e-type=\"widget\" data-widget_type=\"text-editor.default\">\n\t\t\t\t<div class=\"elementor-widget-container\">\n\t\t\t\t\t\t\t\t\t<p style=\"margin-top: 16px; font-size: 16px;\"><span style=\"font-weight: bold; line-height: inherit;\">Participantes que acreditaron:\u00a0<\/span><\/p><ul style=\"font-size: 16px;\"><li>MARITZA PEREZ CRUZ.<\/li><li>JOSE DE JESUS JUAREZ GONZALEZ.<\/li><li>BERTHA RUIZ RAMOS.<\/li><li>ANGELINA CASTILLO PEREZ.<\/li><li>EINA MAYRENI LOPEZ VASQUEZ.<\/li><li>LUZ MARIA TEPACH CHAPOL.<\/li><li>CARMELA TORRES GARCIA.<\/li><li>GETSEMANI CUEVAS CRUZ.<\/li><li>FERNANDO BOLA\u00d1OS GARCIA.<\/li><li>ALEJANDRA GONZALEZ CHAVEZ.<\/li><\/ul>\t\t\t\t\t\t\t\t<\/div>\n\t\t\t\t<\/div>\n\t\t\t\t\t<\/div>\n\t\t<\/div>\n\t\t\t\t\t<\/div>\n\t\t<\/section>\n\t\t\t\t<\/div>\n\t\t","protected":false},"excerpt":{"rendered":"<p>Comprensi\u00f3n y Aplicaci\u00f3n de las Taxonom\u00edas en el Proceso de la Planeaci\u00f3n Did\u00e1ctica. Acreditaci\u00f3n de Actividades. Datos Generales: Instituci\u00f3n: Instituto Universitario Antequera de Oaxaca.Clave de Plantel: 20MSY0104Y.Fecha: 05 de mayo de 2024.Modalidad: Presencial.Horas lectivas: 10 horas lectivas.Imparte: Mtro. Jaime Padilla Ram\u00edrez. Participantes que acreditaron:\u00a0 MARITZA PEREZ CRUZ. JOSE DE JESUS <a class=\"read-more\" href=\"https:\/\/institutounao.com.mx\/index.php\/ecp24-30-comprension-y-aplicacion-de-las-taxonomias-en-el-proceso-de-la-planeacion-didactica\/\">Read More&#8230;<\/a><\/p>\n","protected":false},"author":1,"featured_media":0,"parent":0,"menu_order":0,"comment_status":"closed","ping_status":"closed","template":"","meta":{"_joinchat":[],"footnotes":""},"class_list":["post-8054","page","type-page","status-publish","hentry"],"jetpack_sharing_enabled":true,"_links":{"self":[{"href":"https:\/\/institutounao.com.mx\/index.php\/wp-json\/wp\/v2\/pages\/8054","targetHints":{"allow":["GET"]}}],"collection":[{"href":"https:\/\/institutounao.com.mx\/index.php\/wp-json\/wp\/v2\/pages"}],"about":[{"href":"https:\/\/institutounao.com.mx\/index.php\/wp-json\/wp\/v2\/types\/page"}],"author":[{"embeddable":true,"href":"https:\/\/institutounao.com.mx\/index.php\/wp-json\/wp\/v2\/users\/1"}],"replies":[{"embeddable":true,"href":"https:\/\/institutounao.com.mx\/index.php\/wp-json\/wp\/v2\/comments?post=8054"}],"version-history":[{"count":10,"href":"https:\/\/institutounao.com.mx\/index.php\/wp-json\/wp\/v2\/pages\/8054\/revisions"}],"predecessor-version":[{"id":8064,"href":"https:\/\/institutounao.com.mx\/index.php\/wp-json\/wp\/v2\/pages\/8054\/revisions\/8064"}],"wp:attachment":[{"href":"https:\/\/institutounao.com.mx\/index.php\/wp-json\/wp\/v2\/media?parent=8054"}],"curies":[{"name":"wp","href":"https:\/\/api.w.org\/{rel}","templated":true}]}}