{"id":8023,"date":"2024-04-21T19:39:37","date_gmt":"2024-04-21T19:39:37","guid":{"rendered":"https:\/\/institutounao.com.mx\/?page_id=8023"},"modified":"2024-04-26T18:38:33","modified_gmt":"2024-04-26T18:38:33","slug":"se24-34-reconocimientos-y-constancias","status":"publish","type":"page","link":"https:\/\/institutounao.com.mx\/index.php\/se24-34-reconocimientos-y-constancias\/","title":{"rendered":"SE24.34 Reconocimientos y Constancias"},"content":{"rendered":"\t\t<div data-elementor-type=\"wp-page\" data-elementor-id=\"8023\" class=\"elementor elementor-8023\">\n\t\t\t\t\t\t<section class=\"elementor-section elementor-top-section elementor-element elementor-element-d74e363 elementor-section-boxed elementor-section-height-default elementor-section-height-default\" data-id=\"d74e363\" data-element_type=\"section\" data-e-type=\"section\">\n\t\t\t\t\t\t<div class=\"elementor-container elementor-column-gap-default\">\n\t\t\t\t\t<div class=\"elementor-column elementor-col-100 elementor-top-column elementor-element elementor-element-8e98a62\" data-id=\"8e98a62\" data-element_type=\"column\" data-e-type=\"column\">\n\t\t\t<div class=\"elementor-widget-wrap elementor-element-populated\">\n\t\t\t\t\t\t<div class=\"elementor-element elementor-element-413de32 elementor-widget elementor-widget-text-editor\" data-id=\"413de32\" data-element_type=\"widget\" data-e-type=\"widget\" data-widget_type=\"text-editor.default\">\n\t\t\t\t<div class=\"elementor-widget-container\">\n\t\t\t\t\t\t\t\t\t<p style=\"text-align: center;\"><span style=\"font-size: 12pt; font-family: Arial, sans-serif; color: #99cc00; background-color: transparent; font-variant-numeric: normal; font-variant-east-asian: normal; font-variant-alternates: normal; font-variant-position: normal; vertical-align: baseline; white-space-collapse: preserve;\">PROGRAMA DE CAPACITACI\u00d3N A TUTORES Y TUTORAS PEDAG\u00d3GICAS.<\/span><\/p><div><span style=\"font-size: 12pt; font-family: Arial, sans-serif; color: #000000; background-color: transparent; font-variant-numeric: normal; font-variant-east-asian: normal; font-variant-alternates: normal; font-variant-position: normal; vertical-align: baseline; white-space-collapse: preserve;\">\u00a0<\/span><\/div>\t\t\t\t\t\t\t\t<\/div>\n\t\t\t\t<\/div>\n\t\t\t\t\t<\/div>\n\t\t<\/div>\n\t\t\t\t\t<\/div>\n\t\t<\/section>\n\t\t\t\t<section class=\"elementor-section elementor-top-section elementor-element elementor-element-47d907e elementor-section-boxed elementor-section-height-default elementor-section-height-default\" data-id=\"47d907e\" data-element_type=\"section\" data-e-type=\"section\">\n\t\t\t\t\t\t<div class=\"elementor-container elementor-column-gap-default\">\n\t\t\t\t\t<div class=\"elementor-column elementor-col-100 elementor-top-column elementor-element elementor-element-b446234\" data-id=\"b446234\" data-element_type=\"column\" data-e-type=\"column\">\n\t\t\t<div class=\"elementor-widget-wrap elementor-element-populated\">\n\t\t\t\t\t\t<div class=\"elementor-element elementor-element-12be0ec elementor-widget elementor-widget-text-editor\" data-id=\"12be0ec\" data-element_type=\"widget\" data-e-type=\"widget\" data-widget_type=\"text-editor.default\">\n\t\t\t\t<div class=\"elementor-widget-container\">\n\t\t\t\t\t\t\t\t\t<p><strong>Datos del Instituto:<\/strong><\/p><p>Instituci\u00f3n: Instituto Universitario Antequera de Oaxaca.<br \/>Clave de Plantel: 20MSY0104Y.<\/p><p><b>Datos de la actividad:<\/b><\/p><ul><li style=\"font-weight: 400;\" aria-level=\"1\"><span style=\"font-weight: 400;\">Ciclo de conferencias: La Educaci\u00f3n Superior, an\u00e1lisis y reflexi\u00f3n en torno al acto de Educar.<\/span><\/li><li style=\"font-weight: 400;\" aria-level=\"1\"><span style=\"font-weight: 400;\">Fecha: 23, 24 y 25 de abril.<\/span><\/li><li style=\"font-weight: 400;\" aria-level=\"1\"><span style=\"font-weight: 400;\">Horario: 19:30 a 21:00 horas.<\/span><\/li><li style=\"font-weight: 400;\" aria-level=\"1\"><span style=\"font-weight: 400;\">Modalidad: virtual.<\/span><\/li><\/ul><p><strong>Conferencias y ponentes:<\/strong><\/p><p>El acto de Educar en Educaci\u00f3n Superior \u00bfPor qu\u00e9 y para qu\u00e9 se Educa? \/ <strong><em>Dr. Alberto Aguilar \u00c1lvarez.<\/em><\/strong><\/p><p>El Liderazgo del Docente: la Comunicaci\u00f3n como elemento Cultural e Integrador en el Aula \/ <em><strong>Dr. Jos\u00e9 G\u00fbnther Petrak Romero.<\/strong><\/em><\/p><p>Humanismo y pensamiento cr\u00edtico como parte de la formaci\u00f3n en Educaci\u00f3n Superior \/ <strong><em>Dr. Jos\u00e9 Guadalupe S\u00e1nchez Avi\u00f1a.<\/em><\/strong><\/p><p><strong>Asistentes que acreditaron la actividad:<\/strong><\/p><ul><li>EDITH ELIZABETH AGUILAR MORALES.<\/li><li>LETICIA GUADALUPE JUAREZ ZARATE.<\/li><li>KARINA WALESA CUEVAS ONOFRE.<\/li><li>NEMESIA CRUZ JACINTO.<\/li><li>KARINA PEREZ RAMIREZ.<\/li><li>LETICIA LOPEZ ESPA\u00d1A.<\/li><li>ALBERTO AGUILAR ALVAREZ.<\/li><li>TANIA LIZBETH HERNANDEZCRUZ.<\/li><li>ALICIA MARGARITA GUILLEN VIVEROS.<\/li><li>XOCHITL MATEOS LOPEZ.<\/li><li>DELIA SHELEM MARTINEZ RUIZ.<\/li><li>VERONICA CAMACHO AVILA.<\/li><li>BELINDA LILIAN RIVERA IBARRA.<\/li><li>PATRICIA GABRIELA CORTES CARRION.<\/li><li>CONCEPCI\u00d3N MARTINEZ CAMACHO.<\/li><li>LUZ MARIA TEPACH CHAPOL.<\/li><li>ALVARO MARTINEZ HERNANDES.<\/li><li>KENIA NATALY NAVARRETE MENDEZ.<\/li><li>OVIN JAVIER PINEDA OSORIO.<\/li><li>PRIMITIVO JOSE GARCIA.<\/li><li>JORGE HERNANDEZ OLIVARES.<\/li><li>MARISOL ARRIAGA BARAJAS.<\/li><li>LUIS ALFREDO VILLAFA\u00d1A GARCIA.<\/li><li>SANDRA FABIOLA CRUZ GALLEGOS.<\/li><\/ul>\t\t\t\t\t\t\t\t<\/div>\n\t\t\t\t<\/div>\n\t\t\t\t\t<\/div>\n\t\t<\/div>\n\t\t\t\t\t<\/div>\n\t\t<\/section>\n\t\t\t\t<\/div>\n\t\t","protected":false},"excerpt":{"rendered":"<p>PROGRAMA DE CAPACITACI\u00d3N A TUTORES Y TUTORAS PEDAG\u00d3GICAS. \u00a0 Datos del Instituto: Instituci\u00f3n: Instituto Universitario Antequera de Oaxaca.Clave de Plantel: 20MSY0104Y. Datos de la actividad: Ciclo de conferencias: La Educaci\u00f3n Superior, an\u00e1lisis y reflexi\u00f3n en torno al acto de Educar. Fecha: 23, 24 y 25 de abril. Horario: 19:30 a <a class=\"read-more\" href=\"https:\/\/institutounao.com.mx\/index.php\/se24-34-reconocimientos-y-constancias\/\">Read More&#8230;<\/a><\/p>\n","protected":false},"author":1,"featured_media":0,"parent":0,"menu_order":0,"comment_status":"closed","ping_status":"closed","template":"","meta":{"_joinchat":[],"footnotes":""},"class_list":["post-8023","page","type-page","status-publish","hentry"],"jetpack_sharing_enabled":true,"_links":{"self":[{"href":"https:\/\/institutounao.com.mx\/index.php\/wp-json\/wp\/v2\/pages\/8023","targetHints":{"allow":["GET"]}}],"collection":[{"href":"https:\/\/institutounao.com.mx\/index.php\/wp-json\/wp\/v2\/pages"}],"about":[{"href":"https:\/\/institutounao.com.mx\/index.php\/wp-json\/wp\/v2\/types\/page"}],"author":[{"embeddable":true,"href":"https:\/\/institutounao.com.mx\/index.php\/wp-json\/wp\/v2\/users\/1"}],"replies":[{"embeddable":true,"href":"https:\/\/institutounao.com.mx\/index.php\/wp-json\/wp\/v2\/comments?post=8023"}],"version-history":[{"count":10,"href":"https:\/\/institutounao.com.mx\/index.php\/wp-json\/wp\/v2\/pages\/8023\/revisions"}],"predecessor-version":[{"id":8048,"href":"https:\/\/institutounao.com.mx\/index.php\/wp-json\/wp\/v2\/pages\/8023\/revisions\/8048"}],"wp:attachment":[{"href":"https:\/\/institutounao.com.mx\/index.php\/wp-json\/wp\/v2\/media?parent=8023"}],"curies":[{"name":"wp","href":"https:\/\/api.w.org\/{rel}","templated":true}]}}