{"id":8018,"date":"2024-04-21T16:51:01","date_gmt":"2024-04-21T16:51:01","guid":{"rendered":"https:\/\/institutounao.com.mx\/?page_id=8018"},"modified":"2024-04-21T16:53:54","modified_gmt":"2024-04-21T16:53:54","slug":"ecp24-28-elaboracion-de-instrumentos-para-la-evaluacion-formativa-del-aprendizaje","status":"publish","type":"page","link":"https:\/\/institutounao.com.mx\/index.php\/ecp24-28-elaboracion-de-instrumentos-para-la-evaluacion-formativa-del-aprendizaje\/","title":{"rendered":"ECP24.28 ELABORACI\u00d3N DE INSTRUMENTOS PARA LA EVALUACION FORMATIVA DEL APRENDIZAJE"},"content":{"rendered":"\t\t<div data-elementor-type=\"wp-page\" data-elementor-id=\"8018\" class=\"elementor elementor-8018\">\n\t\t\t\t\t\t<section class=\"elementor-section elementor-top-section elementor-element elementor-element-7fb2a3e elementor-section-boxed elementor-section-height-default elementor-section-height-default\" data-id=\"7fb2a3e\" data-element_type=\"section\" data-e-type=\"section\">\n\t\t\t\t\t\t<div class=\"elementor-container elementor-column-gap-default\">\n\t\t\t\t\t<div class=\"elementor-column elementor-col-100 elementor-top-column elementor-element elementor-element-7970117\" data-id=\"7970117\" data-element_type=\"column\" data-e-type=\"column\">\n\t\t\t<div class=\"elementor-widget-wrap elementor-element-populated\">\n\t\t\t\t\t\t<div class=\"elementor-element elementor-element-75e2bce elementor-widget elementor-widget-heading\" data-id=\"75e2bce\" data-element_type=\"widget\" data-e-type=\"widget\" data-widget_type=\"heading.default\">\n\t\t\t\t<div class=\"elementor-widget-container\">\n\t\t\t\t\t<h2 class=\"elementor-heading-title elementor-size-default\">Elaboraci\u00f3n de Instrumentos para la Evaluaci\u00f3n Formativa del Aprendizaje.<\/h2>\t\t\t\t<\/div>\n\t\t\t\t<\/div>\n\t\t\t\t\t<\/div>\n\t\t<\/div>\n\t\t\t\t\t<\/div>\n\t\t<\/section>\n\t\t\t\t<section class=\"elementor-section elementor-top-section elementor-element elementor-element-d16c8c4 elementor-section-boxed elementor-section-height-default elementor-section-height-default\" data-id=\"d16c8c4\" data-element_type=\"section\" data-e-type=\"section\">\n\t\t\t\t\t\t<div class=\"elementor-container elementor-column-gap-default\">\n\t\t\t\t\t<div class=\"elementor-column elementor-col-100 elementor-top-column elementor-element elementor-element-3251c67\" data-id=\"3251c67\" data-element_type=\"column\" data-e-type=\"column\">\n\t\t\t<div class=\"elementor-widget-wrap elementor-element-populated\">\n\t\t\t\t\t\t<div class=\"elementor-element elementor-element-6c49ff1 elementor-widget elementor-widget-text-editor\" data-id=\"6c49ff1\" data-element_type=\"widget\" data-e-type=\"widget\" data-widget_type=\"text-editor.default\">\n\t\t\t\t<div class=\"elementor-widget-container\">\n\t\t\t\t\t\t\t\t\t<p style=\"text-align: center;\">Acreditaci\u00f3n de Actividades.<\/p>\t\t\t\t\t\t\t\t<\/div>\n\t\t\t\t<\/div>\n\t\t\t\t<div class=\"elementor-element elementor-element-f69fc95 elementor-widget elementor-widget-text-editor\" data-id=\"f69fc95\" data-element_type=\"widget\" data-e-type=\"widget\" data-widget_type=\"text-editor.default\">\n\t\t\t\t<div class=\"elementor-widget-container\">\n\t\t\t\t\t\t\t\t\t<p><strong>Datos Generales:<\/strong><\/p><p>Instituci\u00f3n: Instituto Universitario Antequera de Oaxaca.<br \/>Clave de Plantel: 20MSY0104Y.<br \/>Periodo: 18 y 19 de abril de 2024.<br \/>Modalidad: Virtual.<br \/>Horas lectivas: 10 horas lectivas.<br \/>Imparte: Mtra. Patricia Gabriela Cort\u00e9s Carri\u00f3n.<\/p>\t\t\t\t\t\t\t\t<\/div>\n\t\t\t\t<\/div>\n\t\t\t\t<div class=\"elementor-element elementor-element-62129ff elementor-widget elementor-widget-text-editor\" data-id=\"62129ff\" data-element_type=\"widget\" data-e-type=\"widget\" data-widget_type=\"text-editor.default\">\n\t\t\t\t<div class=\"elementor-widget-container\">\n\t\t\t\t\t\t\t\t\t<p style=\"margin-top: 16px; font-size: 16px;\"><span style=\"font-weight: bold; line-height: inherit;\">Participantes que acreditaron:\u00a0<\/span><\/p><ul style=\"font-size: 16px;\"><li><p>ANGELICA ORDAZ OCAMPO<\/p><\/li><li><p>ANTONIA PEREZ ALFARO<\/p><\/li><li><p>ARIEL VASQUEZ BARBOSA <\/p><\/li><li><p>CRISTINA SUAREZ ESPINO<\/p><\/li><li><p>DONNY ALBERTO CRUZ VASQUEZ<\/p><\/li><li><p>ESTELA CERVANTES SANCHEZ<\/p><\/li><li><p>HERMELINDA GIL OSOSRIO<\/p><\/li><li><p>ISABEL AZCOYTIA DIAZ<\/p><\/li><li><p>ITANDEHUI CANDELARIA ALCOCER PINZON<\/p><\/li><li><p>JOSE GUADALUPE HIDALGO JERONIMO<\/p><\/li><li><p>KARLA IVETTE SANCHEZ CARPIO<\/p><\/li><li><p>LORENA CARBALLIDO ORTIZ<\/p><\/li><li><p>MARIA DEL CARMEN HERNANDEZ GIMENO<\/p><\/li><li><p>MARIA ISABEL BAUTISTA GOMEZ<\/p><\/li><li><p>MARICELA REYES ESTRADA<\/p><\/li><li><p>MIGUEL VIVEROS SOBERANO<\/p><\/li><li><p>NANCY FABIOLA RAMIREZ HERNANDEZ<\/p><\/li><li><p>NICANOR BAUTISTA TORRES<\/p><\/li><li><p>PIEDAD CID CARRO<\/p><\/li><li><p>RAFAELA LETICIA MONTIEL CASTILLO<\/p><\/li><li><p>ROSALIA PALMA ORTEGA<\/p><\/li><li><p>SERAFINA MENDOZA REYES<\/p><\/li><li><p>TANIA BERENICE PEREZ MARTINEZ<\/p><\/li><li><p>VALERIA PINEDO MIRAMONTES<\/p><\/li><li><p>VERONICA ABRIL SANCHEZ VALENZUELA<\/p><\/li><li><p>WENDOLYN SOTO OROZCO<\/p><\/li><\/ul>\t\t\t\t\t\t\t\t<\/div>\n\t\t\t\t<\/div>\n\t\t\t\t\t<\/div>\n\t\t<\/div>\n\t\t\t\t\t<\/div>\n\t\t<\/section>\n\t\t\t\t<\/div>\n\t\t","protected":false},"excerpt":{"rendered":"<p>Elaboraci\u00f3n de Instrumentos para la Evaluaci\u00f3n Formativa del Aprendizaje. Acreditaci\u00f3n de Actividades. Datos Generales: Instituci\u00f3n: Instituto Universitario Antequera de Oaxaca.Clave de Plantel: 20MSY0104Y.Periodo: 18 y 19 de abril de 2024.Modalidad: Virtual.Horas lectivas: 10 horas lectivas.Imparte: Mtra. Patricia Gabriela Cort\u00e9s Carri\u00f3n. Participantes que acreditaron:\u00a0 ANGELICA ORDAZ OCAMPO ANTONIA PEREZ ALFARO ARIEL <a class=\"read-more\" href=\"https:\/\/institutounao.com.mx\/index.php\/ecp24-28-elaboracion-de-instrumentos-para-la-evaluacion-formativa-del-aprendizaje\/\">Read More&#8230;<\/a><\/p>\n","protected":false},"author":1,"featured_media":0,"parent":0,"menu_order":0,"comment_status":"closed","ping_status":"closed","template":"","meta":{"_joinchat":[],"footnotes":""},"class_list":["post-8018","page","type-page","status-publish","hentry"],"jetpack_sharing_enabled":true,"_links":{"self":[{"href":"https:\/\/institutounao.com.mx\/index.php\/wp-json\/wp\/v2\/pages\/8018","targetHints":{"allow":["GET"]}}],"collection":[{"href":"https:\/\/institutounao.com.mx\/index.php\/wp-json\/wp\/v2\/pages"}],"about":[{"href":"https:\/\/institutounao.com.mx\/index.php\/wp-json\/wp\/v2\/types\/page"}],"author":[{"embeddable":true,"href":"https:\/\/institutounao.com.mx\/index.php\/wp-json\/wp\/v2\/users\/1"}],"replies":[{"embeddable":true,"href":"https:\/\/institutounao.com.mx\/index.php\/wp-json\/wp\/v2\/comments?post=8018"}],"version-history":[{"count":4,"href":"https:\/\/institutounao.com.mx\/index.php\/wp-json\/wp\/v2\/pages\/8018\/revisions"}],"predecessor-version":[{"id":8022,"href":"https:\/\/institutounao.com.mx\/index.php\/wp-json\/wp\/v2\/pages\/8018\/revisions\/8022"}],"wp:attachment":[{"href":"https:\/\/institutounao.com.mx\/index.php\/wp-json\/wp\/v2\/media?parent=8018"}],"curies":[{"name":"wp","href":"https:\/\/api.w.org\/{rel}","templated":true}]}}