{"id":7699,"date":"2024-01-19T15:02:43","date_gmt":"2024-01-19T15:02:43","guid":{"rendered":"https:\/\/institutounao.com.mx\/?page_id=7699"},"modified":"2024-01-19T15:05:45","modified_gmt":"2024-01-19T15:05:45","slug":"se24-23-culminacion-de-plan-de-estudios","status":"publish","type":"page","link":"https:\/\/institutounao.com.mx\/index.php\/se24-23-culminacion-de-plan-de-estudios\/","title":{"rendered":"SE24.23 Culminaci\u00f3n de Plan de Estudios"},"content":{"rendered":"\t\t<div data-elementor-type=\"wp-page\" data-elementor-id=\"7699\" class=\"elementor elementor-7699\">\n\t\t\t\t\t\t<section class=\"elementor-section elementor-top-section elementor-element elementor-element-bb18720 elementor-section-boxed elementor-section-height-default elementor-section-height-default\" data-id=\"bb18720\" data-element_type=\"section\" data-e-type=\"section\">\n\t\t\t\t\t\t<div class=\"elementor-container elementor-column-gap-default\">\n\t\t\t\t\t<div class=\"elementor-column elementor-col-100 elementor-top-column elementor-element elementor-element-5858e7c\" data-id=\"5858e7c\" data-element_type=\"column\" data-e-type=\"column\">\n\t\t\t<div class=\"elementor-widget-wrap elementor-element-populated\">\n\t\t\t\t\t\t<div class=\"elementor-element elementor-element-3c301e1 elementor-widget elementor-widget-text-editor\" data-id=\"3c301e1\" data-element_type=\"widget\" data-e-type=\"widget\" data-widget_type=\"text-editor.default\">\n\t\t\t\t<div class=\"elementor-widget-container\">\n\t\t\t\t\t\t\t\t\t<p>Estudiantes que acreditaron el Plan de Estudios del Doctorado en Pedagog\u00eda durante el periodo julio 2021 &#8211; diciembre 2023.<br \/>Reconocimiento de Validez Oficial de Estudios, seg\u00fan acuerdo n\u00famero 20193566 de fecha 23 de agosto de 2019.<\/p><p>Modalidad: Escolar.<\/p><ul><li>PDP 2 2022-1 LETICIA GUADALUPE JUAREZ ZARATE.<\/li><li>PDP 4 2022-1 GUADALUPE SILVA RAMIREZ.<\/li><li>PDP 5 2022-1 MARTHA MENDEZ RAMIREZ.<\/li><\/ul><p>\u00a0<\/p>\t\t\t\t\t\t\t\t<\/div>\n\t\t\t\t<\/div>\n\t\t\t\t\t<\/div>\n\t\t<\/div>\n\t\t\t\t\t<\/div>\n\t\t<\/section>\n\t\t\t\t<\/div>\n\t\t","protected":false},"excerpt":{"rendered":"<p>Estudiantes que acreditaron el Plan de Estudios del Doctorado en Pedagog\u00eda durante el periodo julio 2021 &#8211; diciembre 2023.Reconocimiento de Validez Oficial de Estudios, seg\u00fan acuerdo n\u00famero 20193566 de fecha 23 de agosto de 2019. Modalidad: Escolar. PDP 2 2022-1 LETICIA GUADALUPE JUAREZ ZARATE. PDP 4 2022-1 GUADALUPE SILVA RAMIREZ. <a class=\"read-more\" href=\"https:\/\/institutounao.com.mx\/index.php\/se24-23-culminacion-de-plan-de-estudios\/\">Read More&#8230;<\/a><\/p>\n","protected":false},"author":1,"featured_media":0,"parent":0,"menu_order":0,"comment_status":"closed","ping_status":"closed","template":"","meta":{"_joinchat":[],"footnotes":""},"class_list":["post-7699","page","type-page","status-publish","hentry"],"jetpack_sharing_enabled":true,"_links":{"self":[{"href":"https:\/\/institutounao.com.mx\/index.php\/wp-json\/wp\/v2\/pages\/7699","targetHints":{"allow":["GET"]}}],"collection":[{"href":"https:\/\/institutounao.com.mx\/index.php\/wp-json\/wp\/v2\/pages"}],"about":[{"href":"https:\/\/institutounao.com.mx\/index.php\/wp-json\/wp\/v2\/types\/page"}],"author":[{"embeddable":true,"href":"https:\/\/institutounao.com.mx\/index.php\/wp-json\/wp\/v2\/users\/1"}],"replies":[{"embeddable":true,"href":"https:\/\/institutounao.com.mx\/index.php\/wp-json\/wp\/v2\/comments?post=7699"}],"version-history":[{"count":4,"href":"https:\/\/institutounao.com.mx\/index.php\/wp-json\/wp\/v2\/pages\/7699\/revisions"}],"predecessor-version":[{"id":7703,"href":"https:\/\/institutounao.com.mx\/index.php\/wp-json\/wp\/v2\/pages\/7699\/revisions\/7703"}],"wp:attachment":[{"href":"https:\/\/institutounao.com.mx\/index.php\/wp-json\/wp\/v2\/media?parent=7699"}],"curies":[{"name":"wp","href":"https:\/\/api.w.org\/{rel}","templated":true}]}}