{"id":7674,"date":"2024-01-12T18:12:01","date_gmt":"2024-01-12T18:12:01","guid":{"rendered":"https:\/\/institutounao.com.mx\/?page_id=7674"},"modified":"2024-01-12T18:18:06","modified_gmt":"2024-01-12T18:18:06","slug":"ecp24-3-elaboracion-de-instrumentos-para-la-evaluacion-formativa-del-aprendizaje","status":"publish","type":"page","link":"https:\/\/institutounao.com.mx\/index.php\/ecp24-3-elaboracion-de-instrumentos-para-la-evaluacion-formativa-del-aprendizaje\/","title":{"rendered":"ECP24.3 ELABORACION DE INSTRUMENTOS PARA LA EVALUACION FORMATIVA DEL APRENDIZAJE"},"content":{"rendered":"\t\t<div data-elementor-type=\"wp-page\" data-elementor-id=\"7674\" class=\"elementor elementor-7674\">\n\t\t\t\t\t\t<section class=\"elementor-section elementor-top-section elementor-element elementor-element-6cb6539 elementor-section-boxed elementor-section-height-default elementor-section-height-default\" data-id=\"6cb6539\" data-element_type=\"section\" data-e-type=\"section\">\n\t\t\t\t\t\t<div class=\"elementor-container elementor-column-gap-default\">\n\t\t\t\t\t<div class=\"elementor-column elementor-col-100 elementor-top-column elementor-element elementor-element-ebf9c38\" data-id=\"ebf9c38\" data-element_type=\"column\" data-e-type=\"column\">\n\t\t\t<div class=\"elementor-widget-wrap elementor-element-populated\">\n\t\t\t\t\t\t<div class=\"elementor-element elementor-element-7f5699f elementor-widget elementor-widget-heading\" data-id=\"7f5699f\" data-element_type=\"widget\" data-e-type=\"widget\" data-widget_type=\"heading.default\">\n\t\t\t\t<div class=\"elementor-widget-container\">\n\t\t\t\t\t<h2 class=\"elementor-heading-title elementor-size-default\">Elaboraci\u00f3n de Instrumentos para la Evaluaci\u00f3n Formativa del Aprendizaje.<\/h2>\t\t\t\t<\/div>\n\t\t\t\t<\/div>\n\t\t\t\t\t<\/div>\n\t\t<\/div>\n\t\t\t\t\t<\/div>\n\t\t<\/section>\n\t\t\t\t<section class=\"elementor-section elementor-top-section elementor-element elementor-element-baac2d1 elementor-section-boxed elementor-section-height-default elementor-section-height-default\" data-id=\"baac2d1\" data-element_type=\"section\" data-e-type=\"section\">\n\t\t\t\t\t\t<div class=\"elementor-container elementor-column-gap-default\">\n\t\t\t\t\t<div class=\"elementor-column elementor-col-100 elementor-top-column elementor-element elementor-element-5a111dd\" data-id=\"5a111dd\" data-element_type=\"column\" data-e-type=\"column\">\n\t\t\t<div class=\"elementor-widget-wrap elementor-element-populated\">\n\t\t\t\t\t\t<div class=\"elementor-element elementor-element-7eb0ed3 elementor-widget elementor-widget-text-editor\" data-id=\"7eb0ed3\" data-element_type=\"widget\" data-e-type=\"widget\" data-widget_type=\"text-editor.default\">\n\t\t\t\t<div class=\"elementor-widget-container\">\n\t\t\t\t\t\t\t\t\t<p style=\"text-align: center;\">Acreditaci\u00f3n de Actividades.<\/p>\t\t\t\t\t\t\t\t<\/div>\n\t\t\t\t<\/div>\n\t\t\t\t<div class=\"elementor-element elementor-element-e399378 elementor-widget elementor-widget-text-editor\" data-id=\"e399378\" data-element_type=\"widget\" data-e-type=\"widget\" data-widget_type=\"text-editor.default\">\n\t\t\t\t<div class=\"elementor-widget-container\">\n\t\t\t\t\t\t\t\t\t<p><strong>Datos Generales:<\/strong><\/p><p>Instituci\u00f3n: Instituto Universitario Antequera de Oaxaca.<br \/>Clave de Plantel: 20MSY0104Y.<br \/>Periodo: 06 de enero de 2024.<br \/>Modalidad: Virtual.<br \/>Horas lectivas: 10 horas lectivas.<br \/>Imparte: Mtra. PATRICIA GABRIELA CORTES CARRION.<\/p>\t\t\t\t\t\t\t\t<\/div>\n\t\t\t\t<\/div>\n\t\t\t\t<div class=\"elementor-element elementor-element-6b254de elementor-widget elementor-widget-text-editor\" data-id=\"6b254de\" data-element_type=\"widget\" data-e-type=\"widget\" data-widget_type=\"text-editor.default\">\n\t\t\t\t<div class=\"elementor-widget-container\">\n\t\t\t\t\t\t\t\t\t<p style=\"margin-top: 16px; font-size: 16px;\"><span style=\"font-weight: bold; line-height: inherit;\">Participantes que acreditaron:\u00a0<\/span><\/p><ul style=\"font-size: 16px;\"><li><p>ADILETH ZARATE PEREZ<\/p><\/li><li><p>ALBERTA JARDINEZ CORDERO<\/p><\/li><li><p>ALEJANDRA MARTINEZ DIAZ<\/p><\/li><li><p>ALEJANDRA SANCHEZ MELENDEZ<\/p><\/li><li><p>ALEJANDRO GUILLEN AGUILAR<\/p><\/li><li><p>ANA MARIA CAMBRON SANCHEZ<\/p><\/li><li><p>ANGELICA MARIA BALDERRAMA LOPEZ<\/p><\/li><li><p>ARTURO MARTINEZ VAZQUEZ<\/p><\/li><li><p>BEATRIZ ADRIANA AGUILAR GARCIA<\/p><\/li><li><p>CARMEN JUAREZ VARGAS<\/p><\/li><li><p>CESAR DAMIAN ALONSO MURILLO<\/p><\/li><li><p>CITLALI LAAYETZI LOPEZ SILVA<\/p><\/li><li><p>CLAUDIA PATRICIA HEIMPEL BOYOLI<\/p><\/li><li><p>CRISTAL GOMEZ GUZMAN<\/p><\/li><li><p>DELFINA MARTINEZ MINISTRO<\/p><\/li><li><p>ERICK ALFONSO CORTES RAMOS<\/p><\/li><li><p>ESBEYDI ORTEGA SANTIAGO<\/p><\/li><li><p>JORGE CERVANTES ESTRADA<\/p><\/li><li><p>JORGE SOTO OCHOA<\/p><\/li><li><p>KEYRI YOHANA PAZ CERVANTES<\/p><\/li><li><p>LUIS REY NEMORIO LOPEZ LOPEZ<\/p><\/li><li><p>MARIA ALEJANDRA JOSEFINA RODRIGUEZ TORRES<\/p><\/li><li><p>NATALIA DEL CARMEN VASQUEZ GARCIA<\/p><\/li><li><p>ROSARIO ZAMORA QUEZADA<\/p><\/li><li><p>SILVIA BELTRAN SEDE\u00d1O<\/p><\/li><li><p>YURI MIAUATSIN HERNANDEZ HERNANDEZ<\/p><\/li><\/ul>\t\t\t\t\t\t\t\t<\/div>\n\t\t\t\t<\/div>\n\t\t\t\t\t<\/div>\n\t\t<\/div>\n\t\t\t\t\t<\/div>\n\t\t<\/section>\n\t\t\t\t<\/div>\n\t\t","protected":false},"excerpt":{"rendered":"<p>Elaboraci\u00f3n de Instrumentos para la Evaluaci\u00f3n Formativa del Aprendizaje. Acreditaci\u00f3n de Actividades. Datos Generales: Instituci\u00f3n: Instituto Universitario Antequera de Oaxaca.Clave de Plantel: 20MSY0104Y.Periodo: 06 de enero de 2024.Modalidad: Virtual.Horas lectivas: 10 horas lectivas.Imparte: Mtra. PATRICIA GABRIELA CORTES CARRION. Participantes que acreditaron:\u00a0 ADILETH ZARATE PEREZ ALBERTA JARDINEZ CORDERO ALEJANDRA MARTINEZ DIAZ <a class=\"read-more\" href=\"https:\/\/institutounao.com.mx\/index.php\/ecp24-3-elaboracion-de-instrumentos-para-la-evaluacion-formativa-del-aprendizaje\/\">Read More&#8230;<\/a><\/p>\n","protected":false},"author":1,"featured_media":0,"parent":0,"menu_order":0,"comment_status":"closed","ping_status":"closed","template":"","meta":{"_joinchat":[],"footnotes":""},"class_list":["post-7674","page","type-page","status-publish","hentry"],"jetpack_sharing_enabled":true,"_links":{"self":[{"href":"https:\/\/institutounao.com.mx\/index.php\/wp-json\/wp\/v2\/pages\/7674","targetHints":{"allow":["GET"]}}],"collection":[{"href":"https:\/\/institutounao.com.mx\/index.php\/wp-json\/wp\/v2\/pages"}],"about":[{"href":"https:\/\/institutounao.com.mx\/index.php\/wp-json\/wp\/v2\/types\/page"}],"author":[{"embeddable":true,"href":"https:\/\/institutounao.com.mx\/index.php\/wp-json\/wp\/v2\/users\/1"}],"replies":[{"embeddable":true,"href":"https:\/\/institutounao.com.mx\/index.php\/wp-json\/wp\/v2\/comments?post=7674"}],"version-history":[{"count":4,"href":"https:\/\/institutounao.com.mx\/index.php\/wp-json\/wp\/v2\/pages\/7674\/revisions"}],"predecessor-version":[{"id":7678,"href":"https:\/\/institutounao.com.mx\/index.php\/wp-json\/wp\/v2\/pages\/7674\/revisions\/7678"}],"wp:attachment":[{"href":"https:\/\/institutounao.com.mx\/index.php\/wp-json\/wp\/v2\/media?parent=7674"}],"curies":[{"name":"wp","href":"https:\/\/api.w.org\/{rel}","templated":true}]}}