{"id":7606,"date":"2024-01-07T15:46:53","date_gmt":"2024-01-07T15:46:53","guid":{"rendered":"https:\/\/institutounao.com.mx\/?page_id=7606"},"modified":"2025-11-05T18:45:11","modified_gmt":"2025-11-05T18:45:11","slug":"se24-13-reinscripciones-licenciatura-en-pedagogia-enero-junio-2024","status":"publish","type":"page","link":"https:\/\/institutounao.com.mx\/index.php\/se24-13-reinscripciones-licenciatura-en-pedagogia-enero-junio-2024\/","title":{"rendered":"SE24.13 Reinscripciones &#8211; Licenciatura en Pedagog\u00eda &#8211; enero &#8211; junio 2024"},"content":{"rendered":"\t\t<div data-elementor-type=\"wp-page\" data-elementor-id=\"7606\" class=\"elementor elementor-7606\">\n\t\t\t\t\t\t<section class=\"elementor-section elementor-top-section elementor-element elementor-element-3d75ca7 elementor-section-boxed elementor-section-height-default elementor-section-height-default\" data-id=\"3d75ca7\" data-element_type=\"section\" data-e-type=\"section\">\n\t\t\t\t\t\t<div class=\"elementor-container elementor-column-gap-default\">\n\t\t\t\t\t<div class=\"elementor-column elementor-col-100 elementor-top-column elementor-element elementor-element-965291c\" data-id=\"965291c\" data-element_type=\"column\" data-e-type=\"column\">\n\t\t\t<div class=\"elementor-widget-wrap elementor-element-populated\">\n\t\t\t\t\t\t<div class=\"elementor-element elementor-element-135d7b0 elementor-widget elementor-widget-text-editor\" data-id=\"135d7b0\" data-element_type=\"widget\" data-e-type=\"widget\" data-widget_type=\"text-editor.default\">\n\t\t\t\t<div class=\"elementor-widget-container\">\n\t\t\t\t\t\t\t\t\t<p><span style=\"font-family: Poppins, sans-serif; font-size: 16px;\">Estudiantes reinscritos al ciclo escolar enero &#8211; junio 2024 en la Licenciatura en Pedagog\u00eda y que recibieron de conformidad la siguiente documentaci\u00f3n:<\/span><\/p>\t\t\t\t\t\t\t\t<\/div>\n\t\t\t\t<\/div>\n\t\t\t\t\t<\/div>\n\t\t<\/div>\n\t\t\t\t\t<\/div>\n\t\t<\/section>\n\t\t\t\t<section class=\"elementor-section elementor-top-section elementor-element elementor-element-9062536 elementor-section-boxed elementor-section-height-default elementor-section-height-default\" data-id=\"9062536\" data-element_type=\"section\" data-e-type=\"section\">\n\t\t\t\t\t\t<div class=\"elementor-container elementor-column-gap-default\">\n\t\t\t\t\t<div class=\"elementor-column elementor-col-100 elementor-top-column elementor-element elementor-element-4009386\" data-id=\"4009386\" data-element_type=\"column\" data-e-type=\"column\">\n\t\t\t<div class=\"elementor-widget-wrap elementor-element-populated\">\n\t\t\t\t\t\t<div class=\"elementor-element elementor-element-c457a8d elementor-widget elementor-widget-text-editor\" data-id=\"c457a8d\" data-element_type=\"widget\" data-e-type=\"widget\" data-widget_type=\"text-editor.default\">\n\t\t\t\t<div class=\"elementor-widget-container\">\n\t\t\t\t\t\t\t\t\t<ul style=\"font-size: 16px; font-family: Poppins, sans-serif;\"><li>Formato de reinscripci\u00f3n al plan de estudios.<\/li><li>Renovaci\u00f3n de beca.<\/li><li>Oficio de asignaci\u00f3n de beca.<\/li><li>Carta compromiso de pagos.<\/li><\/ul>\t\t\t\t\t\t\t\t<\/div>\n\t\t\t\t<\/div>\n\t\t\t\t\t<\/div>\n\t\t<\/div>\n\t\t\t\t\t<\/div>\n\t\t<\/section>\n\t\t\t\t<section class=\"elementor-section elementor-top-section elementor-element elementor-element-d6f43e9 elementor-section-boxed elementor-section-height-default elementor-section-height-default\" data-id=\"d6f43e9\" data-element_type=\"section\" data-e-type=\"section\">\n\t\t\t\t\t\t<div class=\"elementor-container elementor-column-gap-default\">\n\t\t\t\t\t<div class=\"elementor-column elementor-col-100 elementor-top-column elementor-element elementor-element-e489a4b\" data-id=\"e489a4b\" data-element_type=\"column\" data-e-type=\"column\">\n\t\t\t<div class=\"elementor-widget-wrap elementor-element-populated\">\n\t\t\t\t\t\t<div class=\"elementor-element elementor-element-af15aec elementor-widget elementor-widget-text-editor\" data-id=\"af15aec\" data-element_type=\"widget\" data-e-type=\"widget\" data-widget_type=\"text-editor.default\">\n\t\t\t\t<div class=\"elementor-widget-container\">\n\t\t\t\t\t\t\t\t\t<p>Segundo Semestre<\/p>\t\t\t\t\t\t\t\t<\/div>\n\t\t\t\t<\/div>\n\t\t\t\t\t<\/div>\n\t\t<\/div>\n\t\t\t\t\t<\/div>\n\t\t<\/section>\n\t\t\t\t<section class=\"elementor-section elementor-top-section elementor-element elementor-element-5852fc9 elementor-section-boxed elementor-section-height-default elementor-section-height-default\" data-id=\"5852fc9\" data-element_type=\"section\" data-e-type=\"section\">\n\t\t\t\t\t\t<div class=\"elementor-container elementor-column-gap-default\">\n\t\t\t\t\t<div class=\"elementor-column elementor-col-100 elementor-top-column elementor-element elementor-element-3c70adb\" data-id=\"3c70adb\" data-element_type=\"column\" data-e-type=\"column\">\n\t\t\t<div class=\"elementor-widget-wrap elementor-element-populated\">\n\t\t\t\t\t\t<div class=\"elementor-element elementor-element-f0e8786 elementor-widget elementor-widget-text-editor\" data-id=\"f0e8786\" data-element_type=\"widget\" data-e-type=\"widget\" data-widget_type=\"text-editor.default\">\n\t\t\t\t<div class=\"elementor-widget-container\">\n\t\t\t\t\t\t\t\t\t<p>LP1 2024-1\u00a0 ASHLEY PAMELA VELAZQUEZ REYES.<br \/>LP2 2024-1\u00a0 BRENDA MARIA LEYVA MORA.<br \/>LP3 2024-1\u00a0 AUREA HAIDELY ALALUF TENORIO.<br \/>LP4 2024-1\u00a0 EDITH HIPOLITO BERNABE.<br \/>LP5 2024-1\u00a0 LAURA LIBIA GARCIA PAZ.<br \/>LP6 2024-1\u00a0 DIANA ITZEL MARTINEZ VIDAL.<br \/>LP7 2024-1\u00a0 ALEJANDRA RIOS SANCHEZ.<br \/><br \/><\/p>\t\t\t\t\t\t\t\t<\/div>\n\t\t\t\t<\/div>\n\t\t\t\t\t<\/div>\n\t\t<\/div>\n\t\t\t\t\t<\/div>\n\t\t<\/section>\n\t\t\t\t<\/div>\n\t\t","protected":false},"excerpt":{"rendered":"<p>Estudiantes reinscritos al ciclo escolar enero &#8211; junio 2024 en la Licenciatura en Pedagog\u00eda y que recibieron de conformidad la siguiente documentaci\u00f3n: Formato de reinscripci\u00f3n al plan de estudios. Renovaci\u00f3n de beca. Oficio de asignaci\u00f3n de beca. Carta compromiso de pagos. Segundo Semestre LP1 2024-1\u00a0 ASHLEY PAMELA VELAZQUEZ REYES.LP2 2024-1\u00a0 <a class=\"read-more\" href=\"https:\/\/institutounao.com.mx\/index.php\/se24-13-reinscripciones-licenciatura-en-pedagogia-enero-junio-2024\/\">Read More&#8230;<\/a><\/p>\n","protected":false},"author":1,"featured_media":0,"parent":0,"menu_order":0,"comment_status":"closed","ping_status":"closed","template":"","meta":{"_joinchat":[],"footnotes":""},"class_list":["post-7606","page","type-page","status-publish","hentry"],"jetpack_sharing_enabled":true,"_links":{"self":[{"href":"https:\/\/institutounao.com.mx\/index.php\/wp-json\/wp\/v2\/pages\/7606","targetHints":{"allow":["GET"]}}],"collection":[{"href":"https:\/\/institutounao.com.mx\/index.php\/wp-json\/wp\/v2\/pages"}],"about":[{"href":"https:\/\/institutounao.com.mx\/index.php\/wp-json\/wp\/v2\/types\/page"}],"author":[{"embeddable":true,"href":"https:\/\/institutounao.com.mx\/index.php\/wp-json\/wp\/v2\/users\/1"}],"replies":[{"embeddable":true,"href":"https:\/\/institutounao.com.mx\/index.php\/wp-json\/wp\/v2\/comments?post=7606"}],"version-history":[{"count":11,"href":"https:\/\/institutounao.com.mx\/index.php\/wp-json\/wp\/v2\/pages\/7606\/revisions"}],"predecessor-version":[{"id":11195,"href":"https:\/\/institutounao.com.mx\/index.php\/wp-json\/wp\/v2\/pages\/7606\/revisions\/11195"}],"wp:attachment":[{"href":"https:\/\/institutounao.com.mx\/index.php\/wp-json\/wp\/v2\/media?parent=7606"}],"curies":[{"name":"wp","href":"https:\/\/api.w.org\/{rel}","templated":true}]}}