{"id":7569,"date":"2024-01-04T17:30:49","date_gmt":"2024-01-04T17:30:49","guid":{"rendered":"https:\/\/institutounao.com.mx\/?page_id=7569"},"modified":"2024-02-01T19:56:19","modified_gmt":"2024-02-01T19:56:19","slug":"se24-10-inscripciones-especialidad-en-docencia-enero-junio-2024","status":"publish","type":"page","link":"https:\/\/institutounao.com.mx\/index.php\/se24-10-inscripciones-especialidad-en-docencia-enero-junio-2024\/","title":{"rendered":"SE24.10 Inscripciones &#8211; Especialidad en Docencia &#8211; enero &#8211; junio 2024"},"content":{"rendered":"\t\t<div data-elementor-type=\"wp-page\" data-elementor-id=\"7569\" class=\"elementor elementor-7569\">\n\t\t\t\t\t\t<section class=\"elementor-section elementor-top-section elementor-element elementor-element-6a3d7ba elementor-section-boxed elementor-section-height-default elementor-section-height-default\" data-id=\"6a3d7ba\" data-element_type=\"section\" data-e-type=\"section\">\n\t\t\t\t\t\t<div class=\"elementor-container elementor-column-gap-default\">\n\t\t\t\t\t<div class=\"elementor-column elementor-col-100 elementor-top-column elementor-element elementor-element-fc4c9ac\" data-id=\"fc4c9ac\" data-element_type=\"column\" data-e-type=\"column\">\n\t\t\t<div class=\"elementor-widget-wrap elementor-element-populated\">\n\t\t\t\t\t\t<div class=\"elementor-element elementor-element-75e72fc elementor-widget elementor-widget-text-editor\" data-id=\"75e72fc\" data-element_type=\"widget\" data-e-type=\"widget\" data-widget_type=\"text-editor.default\">\n\t\t\t\t<div class=\"elementor-widget-container\">\n\t\t\t\t\t\t\t\t\t<p><span style=\"font-family: Poppins, sans-serif; font-size: 16px;\">Estudiantes inscritos al ciclo escolar enero &#8211; junio 2024 en la Especialidad en Docencia y que recibieron de conformidad la siguiente documentaci\u00f3n:<\/span><\/p>\t\t\t\t\t\t\t\t<\/div>\n\t\t\t\t<\/div>\n\t\t\t\t\t<\/div>\n\t\t<\/div>\n\t\t\t\t\t<\/div>\n\t\t<\/section>\n\t\t\t\t<section class=\"elementor-section elementor-top-section elementor-element elementor-element-5842aba elementor-section-boxed elementor-section-height-default elementor-section-height-default\" data-id=\"5842aba\" data-element_type=\"section\" data-e-type=\"section\">\n\t\t\t\t\t\t<div class=\"elementor-container elementor-column-gap-default\">\n\t\t\t\t\t<div class=\"elementor-column elementor-col-100 elementor-top-column elementor-element elementor-element-26c6b01\" data-id=\"26c6b01\" data-element_type=\"column\" data-e-type=\"column\">\n\t\t\t<div class=\"elementor-widget-wrap elementor-element-populated\">\n\t\t\t\t\t\t<div class=\"elementor-element elementor-element-78a8227 elementor-widget elementor-widget-text-editor\" data-id=\"78a8227\" data-element_type=\"widget\" data-e-type=\"widget\" data-widget_type=\"text-editor.default\">\n\t\t\t\t<div class=\"elementor-widget-container\">\n\t\t\t\t\t\t\t\t\t<ul style=\"font-size: 16px; font-family: Poppins, sans-serif;\">\n<li>Formato de inscripci\u00f3n al plan de estudios.<\/li>\n<li>Solicitud de beca.<\/li>\n<li>Oficio de asignaci\u00f3n de beca.<\/li>\n<li>Carta compromiso de pagos.<\/li>\n<\/ul>\t\t\t\t\t\t\t\t<\/div>\n\t\t\t\t<\/div>\n\t\t\t\t\t<\/div>\n\t\t<\/div>\n\t\t\t\t\t<\/div>\n\t\t<\/section>\n\t\t\t\t<section class=\"elementor-section elementor-top-section elementor-element elementor-element-71de906 elementor-section-boxed elementor-section-height-default elementor-section-height-default\" data-id=\"71de906\" data-element_type=\"section\" data-e-type=\"section\">\n\t\t\t\t\t\t<div class=\"elementor-container elementor-column-gap-default\">\n\t\t\t\t\t<div class=\"elementor-column elementor-col-100 elementor-top-column elementor-element elementor-element-80c70b0\" data-id=\"80c70b0\" data-element_type=\"column\" data-e-type=\"column\">\n\t\t\t<div class=\"elementor-widget-wrap elementor-element-populated\">\n\t\t\t\t\t\t<div class=\"elementor-element elementor-element-d51dc1c elementor-widget elementor-widget-text-editor\" data-id=\"d51dc1c\" data-element_type=\"widget\" data-e-type=\"widget\" data-widget_type=\"text-editor.default\">\n\t\t\t\t<div class=\"elementor-widget-container\">\n\t\t\t\t\t\t\t\t\t<p>Primer Semestre<\/p>\t\t\t\t\t\t\t\t<\/div>\n\t\t\t\t<\/div>\n\t\t\t\t\t<\/div>\n\t\t<\/div>\n\t\t\t\t\t<\/div>\n\t\t<\/section>\n\t\t\t\t<section class=\"elementor-section elementor-top-section elementor-element elementor-element-c4c707b elementor-section-boxed elementor-section-height-default elementor-section-height-default\" data-id=\"c4c707b\" data-element_type=\"section\" data-e-type=\"section\">\n\t\t\t\t\t\t<div class=\"elementor-container elementor-column-gap-default\">\n\t\t\t\t\t<div class=\"elementor-column elementor-col-100 elementor-top-column elementor-element elementor-element-fb7dab6\" data-id=\"fb7dab6\" data-element_type=\"column\" data-e-type=\"column\">\n\t\t\t<div class=\"elementor-widget-wrap elementor-element-populated\">\n\t\t\t\t\t\t<div class=\"elementor-element elementor-element-39d7330 elementor-widget elementor-widget-text-editor\" data-id=\"39d7330\" data-element_type=\"widget\" data-e-type=\"widget\" data-widget_type=\"text-editor.default\">\n\t\t\t\t<div class=\"elementor-widget-container\">\n\t\t\t\t\t\t\t\t\t<p>JORGE SOTO OCHOA.<br \/>LUIS GUILLERMO BAEZA CARDENAS.<br \/>VICTOR ALFONSO BECERRA GALLARDO.<br \/>ALEJANDRO TOVAR GONZALEZ.<br \/>IRIDIAN GETZEMANI ALEJANDREZ DEL RIO.<br \/>EDEIVY RAQUEL ROSADO LOPEZ.<br \/>VICENTE DE LA CRUZ SANCHEZ.<br \/>LUCERITO FLORES MONROY.<br \/>VIRIDIANA ATONAL SANCHEZ.<\/p><p>SINTIQUE MAYTE MORENO RODRIGUEZ.<br \/>BEATRIZ OLIVAREZ ZACAMITZIN.<\/p><p>CITLALLI CASTILLO RUGERIO.<br \/>ROGELIO IVAN MORALES MARTINEZ.<br \/>JAVIER GAYTAN GAYTAN.<\/p><p>\u00a0<\/p><p>\u00a0<\/p>\t\t\t\t\t\t\t\t<\/div>\n\t\t\t\t<\/div>\n\t\t\t\t\t<\/div>\n\t\t<\/div>\n\t\t\t\t\t<\/div>\n\t\t<\/section>\n\t\t\t\t<\/div>\n\t\t","protected":false},"excerpt":{"rendered":"<p>Estudiantes inscritos al ciclo escolar enero &#8211; junio 2024 en la Especialidad en Docencia y que recibieron de conformidad la siguiente documentaci\u00f3n: Formato de inscripci\u00f3n al plan de estudios. Solicitud de beca. Oficio de asignaci\u00f3n de beca. Carta compromiso de pagos. Primer Semestre JORGE SOTO OCHOA.LUIS GUILLERMO BAEZA CARDENAS.VICTOR ALFONSO <a class=\"read-more\" href=\"https:\/\/institutounao.com.mx\/index.php\/se24-10-inscripciones-especialidad-en-docencia-enero-junio-2024\/\">Read More&#8230;<\/a><\/p>\n","protected":false},"author":1,"featured_media":0,"parent":0,"menu_order":0,"comment_status":"closed","ping_status":"closed","template":"","meta":{"_joinchat":[],"footnotes":""},"class_list":["post-7569","page","type-page","status-publish","hentry"],"jetpack_sharing_enabled":true,"_links":{"self":[{"href":"https:\/\/institutounao.com.mx\/index.php\/wp-json\/wp\/v2\/pages\/7569","targetHints":{"allow":["GET"]}}],"collection":[{"href":"https:\/\/institutounao.com.mx\/index.php\/wp-json\/wp\/v2\/pages"}],"about":[{"href":"https:\/\/institutounao.com.mx\/index.php\/wp-json\/wp\/v2\/types\/page"}],"author":[{"embeddable":true,"href":"https:\/\/institutounao.com.mx\/index.php\/wp-json\/wp\/v2\/users\/1"}],"replies":[{"embeddable":true,"href":"https:\/\/institutounao.com.mx\/index.php\/wp-json\/wp\/v2\/comments?post=7569"}],"version-history":[{"count":11,"href":"https:\/\/institutounao.com.mx\/index.php\/wp-json\/wp\/v2\/pages\/7569\/revisions"}],"predecessor-version":[{"id":7740,"href":"https:\/\/institutounao.com.mx\/index.php\/wp-json\/wp\/v2\/pages\/7569\/revisions\/7740"}],"wp:attachment":[{"href":"https:\/\/institutounao.com.mx\/index.php\/wp-json\/wp\/v2\/media?parent=7569"}],"curies":[{"name":"wp","href":"https:\/\/api.w.org\/{rel}","templated":true}]}}