{"id":7445,"date":"2023-12-20T16:20:04","date_gmt":"2023-12-20T16:20:04","guid":{"rendered":"https:\/\/institutounao.com.mx\/?page_id=7445"},"modified":"2023-12-20T16:20:49","modified_gmt":"2023-12-20T16:20:49","slug":"se23-61-doctorado-en-pedagogia-estudiantes-reinscritos-al-ciclo-escolar-enero-junio-2024-2024-2","status":"publish","type":"page","link":"https:\/\/institutounao.com.mx\/index.php\/se23-61-doctorado-en-pedagogia-estudiantes-reinscritos-al-ciclo-escolar-enero-junio-2024-2024-2\/","title":{"rendered":"SE23.61 Doctorado en Pedagog\u00eda \/ Estudiantes reinscritos al ciclo escolar enero-junio 2024 (2024-2)"},"content":{"rendered":"\t\t<div data-elementor-type=\"wp-page\" data-elementor-id=\"7445\" class=\"elementor elementor-7445\">\n\t\t\t\t\t\t<section class=\"elementor-section elementor-top-section elementor-element elementor-element-c2c1048 elementor-section-boxed elementor-section-height-default elementor-section-height-default\" data-id=\"c2c1048\" data-element_type=\"section\" data-e-type=\"section\">\n\t\t\t\t\t\t<div class=\"elementor-container elementor-column-gap-default\">\n\t\t\t\t\t<div class=\"elementor-column elementor-col-100 elementor-top-column elementor-element elementor-element-2222064\" data-id=\"2222064\" data-element_type=\"column\" data-e-type=\"column\">\n\t\t\t<div class=\"elementor-widget-wrap elementor-element-populated\">\n\t\t\t\t\t\t<div class=\"elementor-element elementor-element-4ea5fc5 elementor-widget elementor-widget-text-editor\" data-id=\"4ea5fc5\" data-element_type=\"widget\" data-e-type=\"widget\" data-widget_type=\"text-editor.default\">\n\t\t\t\t<div class=\"elementor-widget-container\">\n\t\t\t\t\t\t\t\t\t<p>Estudiantes inscritos al ciclo escolar enero- junio 2024 en el Doctorado en Pedagog\u00eda y que recibieron de conformidad la siguiente documentaci\u00f3n:<\/p>\t\t\t\t\t\t\t\t<\/div>\n\t\t\t\t<\/div>\n\t\t\t\t\t<\/div>\n\t\t<\/div>\n\t\t\t\t\t<\/div>\n\t\t<\/section>\n\t\t\t\t<section class=\"elementor-section elementor-top-section elementor-element elementor-element-5eafefc elementor-section-boxed elementor-section-height-default elementor-section-height-default\" data-id=\"5eafefc\" data-element_type=\"section\" data-e-type=\"section\">\n\t\t\t\t\t\t<div class=\"elementor-container elementor-column-gap-default\">\n\t\t\t\t\t<div class=\"elementor-column elementor-col-100 elementor-top-column elementor-element elementor-element-487f5a9\" data-id=\"487f5a9\" data-element_type=\"column\" data-e-type=\"column\">\n\t\t\t<div class=\"elementor-widget-wrap elementor-element-populated\">\n\t\t\t\t\t\t<div class=\"elementor-element elementor-element-d0e3448 elementor-widget elementor-widget-text-editor\" data-id=\"d0e3448\" data-element_type=\"widget\" data-e-type=\"widget\" data-widget_type=\"text-editor.default\">\n\t\t\t\t<div class=\"elementor-widget-container\">\n\t\t\t\t\t\t\t\t\t<ul>\n<li>Formato de inscripci\u00f3n y reinscripci\u00f3n al plan de estudios.<\/li>\n<li>Renovaci\u00f3n de beca.<\/li>\n<li>Oficio de asignaci\u00f3n de beca.<\/li>\n<li>Carta compromiso de pagos.<\/li>\n<\/ul>\t\t\t\t\t\t\t\t<\/div>\n\t\t\t\t<\/div>\n\t\t\t\t\t<\/div>\n\t\t<\/div>\n\t\t\t\t\t<\/div>\n\t\t<\/section>\n\t\t\t\t<section class=\"elementor-section elementor-top-section elementor-element elementor-element-77db1ef elementor-section-boxed elementor-section-height-default elementor-section-height-default\" data-id=\"77db1ef\" data-element_type=\"section\" data-e-type=\"section\">\n\t\t\t\t\t\t<div class=\"elementor-container elementor-column-gap-default\">\n\t\t\t\t\t<div class=\"elementor-column elementor-col-100 elementor-top-column elementor-element elementor-element-d64d52a\" data-id=\"d64d52a\" data-element_type=\"column\" data-e-type=\"column\">\n\t\t\t<div class=\"elementor-widget-wrap elementor-element-populated\">\n\t\t\t\t\t\t<div class=\"elementor-element elementor-element-bda331d elementor-widget elementor-widget-text-editor\" data-id=\"bda331d\" data-element_type=\"widget\" data-e-type=\"widget\" data-widget_type=\"text-editor.default\">\n\t\t\t\t<div class=\"elementor-widget-container\">\n\t\t\t\t\t\t\t\t\t<p>Cuarto Semestre<\/p>\t\t\t\t\t\t\t\t<\/div>\n\t\t\t\t<\/div>\n\t\t\t\t\t<\/div>\n\t\t<\/div>\n\t\t\t\t\t<\/div>\n\t\t<\/section>\n\t\t\t\t<section class=\"elementor-section elementor-top-section elementor-element elementor-element-0942628 elementor-section-boxed elementor-section-height-default elementor-section-height-default\" data-id=\"0942628\" data-element_type=\"section\" data-e-type=\"section\">\n\t\t\t\t\t\t<div class=\"elementor-container elementor-column-gap-default\">\n\t\t\t\t\t<div class=\"elementor-column elementor-col-100 elementor-top-column elementor-element elementor-element-54b46ba\" data-id=\"54b46ba\" data-element_type=\"column\" data-e-type=\"column\">\n\t\t\t<div class=\"elementor-widget-wrap elementor-element-populated\">\n\t\t\t\t\t\t<div class=\"elementor-element elementor-element-899b2f9 elementor-widget elementor-widget-text-editor\" data-id=\"899b2f9\" data-element_type=\"widget\" data-e-type=\"widget\" data-widget_type=\"text-editor.default\">\n\t\t\t\t<div class=\"elementor-widget-container\">\n\t\t\t\t\t\t\t\t\t<p>KAREN MATUS CABREBRA<\/p><p>KARINA PEREZ RAMIREZ<\/p><p>CLEMENTE ANTONIO ORTEGA VILLAGRAN<\/p>\t\t\t\t\t\t\t\t<\/div>\n\t\t\t\t<\/div>\n\t\t\t\t\t<\/div>\n\t\t<\/div>\n\t\t\t\t\t<\/div>\n\t\t<\/section>\n\t\t\t\t<\/div>\n\t\t","protected":false},"excerpt":{"rendered":"<p>Estudiantes inscritos al ciclo escolar enero- junio 2024 en el Doctorado en Pedagog\u00eda y que recibieron de conformidad la siguiente documentaci\u00f3n: Formato de inscripci\u00f3n y reinscripci\u00f3n al plan de estudios. Renovaci\u00f3n de beca. Oficio de asignaci\u00f3n de beca. Carta compromiso de pagos. Cuarto Semestre KAREN MATUS CABREBRA KARINA PEREZ RAMIREZ <a class=\"read-more\" href=\"https:\/\/institutounao.com.mx\/index.php\/se23-61-doctorado-en-pedagogia-estudiantes-reinscritos-al-ciclo-escolar-enero-junio-2024-2024-2\/\">Read More&#8230;<\/a><\/p>\n","protected":false},"author":1,"featured_media":0,"parent":0,"menu_order":0,"comment_status":"closed","ping_status":"closed","template":"","meta":{"_joinchat":[],"footnotes":""},"class_list":["post-7445","page","type-page","status-publish","hentry"],"jetpack_sharing_enabled":true,"_links":{"self":[{"href":"https:\/\/institutounao.com.mx\/index.php\/wp-json\/wp\/v2\/pages\/7445","targetHints":{"allow":["GET"]}}],"collection":[{"href":"https:\/\/institutounao.com.mx\/index.php\/wp-json\/wp\/v2\/pages"}],"about":[{"href":"https:\/\/institutounao.com.mx\/index.php\/wp-json\/wp\/v2\/types\/page"}],"author":[{"embeddable":true,"href":"https:\/\/institutounao.com.mx\/index.php\/wp-json\/wp\/v2\/users\/1"}],"replies":[{"embeddable":true,"href":"https:\/\/institutounao.com.mx\/index.php\/wp-json\/wp\/v2\/comments?post=7445"}],"version-history":[{"count":5,"href":"https:\/\/institutounao.com.mx\/index.php\/wp-json\/wp\/v2\/pages\/7445\/revisions"}],"predecessor-version":[{"id":7451,"href":"https:\/\/institutounao.com.mx\/index.php\/wp-json\/wp\/v2\/pages\/7445\/revisions\/7451"}],"wp:attachment":[{"href":"https:\/\/institutounao.com.mx\/index.php\/wp-json\/wp\/v2\/media?parent=7445"}],"curies":[{"name":"wp","href":"https:\/\/api.w.org\/{rel}","templated":true}]}}