{"id":7420,"date":"2023-12-12T22:41:14","date_gmt":"2023-12-12T22:41:14","guid":{"rendered":"https:\/\/institutounao.com.mx\/?page_id=7420"},"modified":"2024-01-03T19:25:21","modified_gmt":"2024-01-03T19:25:21","slug":"ecp23-78-psicomotricidad-para-el-desarrollo-del-pensamiento-logico-matematico","status":"publish","type":"page","link":"https:\/\/institutounao.com.mx\/index.php\/ecp23-78-psicomotricidad-para-el-desarrollo-del-pensamiento-logico-matematico\/","title":{"rendered":"ECP23.78 PSICOMOTRICIDAD PARA EL DESARROLLO DEL PENSAMIENTO LOGICO-MATEMATICO."},"content":{"rendered":"\t\t<div data-elementor-type=\"wp-page\" data-elementor-id=\"7420\" class=\"elementor elementor-7420\">\n\t\t\t\t\t\t<section class=\"elementor-section elementor-top-section elementor-element elementor-element-2f2bc12 elementor-section-boxed elementor-section-height-default elementor-section-height-default\" data-id=\"2f2bc12\" data-element_type=\"section\" data-e-type=\"section\">\n\t\t\t\t\t\t<div class=\"elementor-container elementor-column-gap-default\">\n\t\t\t\t\t<div class=\"elementor-column elementor-col-100 elementor-top-column elementor-element elementor-element-82d67b8\" data-id=\"82d67b8\" data-element_type=\"column\" data-e-type=\"column\">\n\t\t\t<div class=\"elementor-widget-wrap elementor-element-populated\">\n\t\t\t\t\t\t<div class=\"elementor-element elementor-element-f9e03ca elementor-widget elementor-widget-heading\" data-id=\"f9e03ca\" data-element_type=\"widget\" data-e-type=\"widget\" data-widget_type=\"heading.default\">\n\t\t\t\t<div class=\"elementor-widget-container\">\n\t\t\t\t\t<h2 class=\"elementor-heading-title elementor-size-default\">Psicomotricidad para el Desarrollo del Pensamiento L\u00f3gico - Matem\u00e1tico.<\/h2>\t\t\t\t<\/div>\n\t\t\t\t<\/div>\n\t\t\t\t\t<\/div>\n\t\t<\/div>\n\t\t\t\t\t<\/div>\n\t\t<\/section>\n\t\t\t\t<section class=\"elementor-section elementor-top-section elementor-element elementor-element-d234f78 elementor-section-boxed elementor-section-height-default elementor-section-height-default\" data-id=\"d234f78\" data-element_type=\"section\" data-e-type=\"section\">\n\t\t\t\t\t\t<div class=\"elementor-container elementor-column-gap-default\">\n\t\t\t\t\t<div class=\"elementor-column elementor-col-100 elementor-top-column elementor-element elementor-element-91dfdd2\" data-id=\"91dfdd2\" data-element_type=\"column\" data-e-type=\"column\">\n\t\t\t<div class=\"elementor-widget-wrap elementor-element-populated\">\n\t\t\t\t\t\t<div class=\"elementor-element elementor-element-b38035e elementor-widget elementor-widget-text-editor\" data-id=\"b38035e\" data-element_type=\"widget\" data-e-type=\"widget\" data-widget_type=\"text-editor.default\">\n\t\t\t\t<div class=\"elementor-widget-container\">\n\t\t\t\t\t\t\t\t\t<p style=\"text-align: center;\">Acreditaci\u00f3n de Actividades.<\/p>\t\t\t\t\t\t\t\t<\/div>\n\t\t\t\t<\/div>\n\t\t\t\t<div class=\"elementor-element elementor-element-99e4e97 elementor-widget elementor-widget-text-editor\" data-id=\"99e4e97\" data-element_type=\"widget\" data-e-type=\"widget\" data-widget_type=\"text-editor.default\">\n\t\t\t\t<div class=\"elementor-widget-container\">\n\t\t\t\t\t\t\t\t\t<p><strong>Datos Generales:<\/strong><\/p><p>Instituci\u00f3n: Instituto Universitario Antequera de Oaxaca.<br \/>Clave de Plantel: 20MSY0104Y.<br \/>Periodo: 06 y 07 de diciembre de 2023.<br \/>Modalidad: Virtual.<br \/>Horas lectivas: 10 horas lectivas.<br \/>Imparte: Mtra. <span data-sheets-root=\"1\" data-sheets-value=\"{&quot;1&quot;:2,&quot;2&quot;:&quot;ADRIANA ELIZABETH ZENIT ALDANA&quot;}\" data-sheets-userformat=\"{&quot;2&quot;:13309,&quot;3&quot;:{&quot;1&quot;:0},&quot;5&quot;:{&quot;1&quot;:[{&quot;1&quot;:2,&quot;2&quot;:0,&quot;5&quot;:{&quot;1&quot;:2,&quot;2&quot;:0}},{&quot;1&quot;:0,&quot;2&quot;:0,&quot;3&quot;:3},{&quot;1&quot;:1,&quot;2&quot;:0,&quot;4&quot;:1}]},&quot;6&quot;:{&quot;1&quot;:[{&quot;1&quot;:2,&quot;2&quot;:0,&quot;5&quot;:{&quot;1&quot;:2,&quot;2&quot;:0}},{&quot;1&quot;:0,&quot;2&quot;:0,&quot;3&quot;:3},{&quot;1&quot;:1,&quot;2&quot;:0,&quot;4&quot;:1}]},&quot;7&quot;:{&quot;1&quot;:[{&quot;1&quot;:2,&quot;2&quot;:0,&quot;5&quot;:{&quot;1&quot;:2,&quot;2&quot;:0}},{&quot;1&quot;:0,&quot;2&quot;:0,&quot;3&quot;:3},{&quot;1&quot;:1,&quot;2&quot;:0,&quot;4&quot;:1}]},&quot;8&quot;:{&quot;1&quot;:[{&quot;1&quot;:2,&quot;2&quot;:0,&quot;5&quot;:{&quot;1&quot;:2,&quot;2&quot;:0}},{&quot;1&quot;:0,&quot;2&quot;:0,&quot;3&quot;:3},{&quot;1&quot;:1,&quot;2&quot;:0,&quot;4&quot;:1}]},&quot;9&quot;:1,&quot;10&quot;:1,&quot;11&quot;:4,&quot;12&quot;:0,&quot;15&quot;:&quot;Arial&quot;,&quot;16&quot;:10}\">VERONICA CAMACHO AVILA<\/span>.<\/p>\t\t\t\t\t\t\t\t<\/div>\n\t\t\t\t<\/div>\n\t\t\t\t<div class=\"elementor-element elementor-element-192d5a6 elementor-widget elementor-widget-text-editor\" data-id=\"192d5a6\" data-element_type=\"widget\" data-e-type=\"widget\" data-widget_type=\"text-editor.default\">\n\t\t\t\t<div class=\"elementor-widget-container\">\n\t\t\t\t\t\t\t\t\t<p style=\"margin-top: 16px; font-size: 16px;\"><span style=\"font-weight: bold; line-height: inherit;\">Participantes que acreditaron:&nbsp;<\/span><\/p>\n<ul style=\"font-size: 16px;\">\n<li>\n<p>ANA LORENZA MEJIA RUIZ<\/p>\n<\/li>\n<li>\n<p>ANGELICA LOPEZ TEJEDA<\/p>\n<\/li>\n<li>\n<p>ANNETTE DORIMI MENDEZ FLORES<\/p>\n<\/li>\n<li>\n<p>ANTONIA PEREZ ALFARO<\/p>\n<\/li>\n<li>\n<p>ARISBET VAZQUEZ GARCIA<\/p>\n<\/li>\n<li>\n<p>CAROLINA RODRIGUEZ ROBLEDO<\/p>\n<\/li>\n<li>\n<p>CITLALLI INES CONTRERAS DIAZ<\/p>\n<\/li>\n<li>\n<p>CLAUDIA LUCERO ESPINOZA<\/p>\n<\/li>\n<li>\n<p>ELDA YAZBETH BADILLO TAVERA<\/p>\n<\/li>\n<li>\n<p>HILDA ARACELI GONZALEZ MORALES<\/p>\n<\/li>\n<li>\n<p>HUGO SAIT VEJAR HERNANDEZ<\/p>\n<\/li>\n<li>\n<p>JORGE SOTO OCHOA<\/p>\n<\/li>\n<li>\n<p>JUANA RODRIGUEZ HERNANDEZ<\/p>\n<\/li>\n<li>\n<p>JULIETA TECOTL CRISOTOMO<\/p>\n<\/li>\n<li>\n<p>LEONILDA MIRANDA VELAZQUEZ<\/p>\n<\/li>\n<li>\n<p>MARIA CRISTINA MANRIQUE TECOTL<\/p>\n<\/li>\n<li>\n<p>MARIA ESTHER VASQUEZ HERNANDEZ<\/p>\n<\/li>\n<li>\n<p>MARINA ALEJANDRA ROLDAN PE\u00d1A<\/p>\n<\/li>\n<li>\n<p>NOEMI LETICIA ARCE ROSAS<\/p>\n<\/li>\n<li>\n<p>REINA SANTIAGO LOPEZ.<\/p>\n<\/li>\n<li>\n<p>SANDRA ZAMORA DIAZ<\/p>\n<\/li>\n<li>\n<p>SERENA GONZALEZ ARACEN<\/p>\n<\/li>\n<li>\n<p>SERGIO IVAN CHAN MAY<\/p>\n<\/li>\n<li>\n<p>SILVIA STEPHANIE CHAGOYA GUTIERREZ<\/p>\n<\/li>\n<li>\n<p>SONIA GUADALUPE VELAZQUEZ CONSILCO<\/p>\n<\/li>\n<li>\n<p>YAREY VAZQUEZ RAMOS<\/p>\n<\/li>\n<li>\n<p>ZORAYA MARTINEZ BARRERA<\/p>\n<\/li>\n<\/ul>\t\t\t\t\t\t\t\t<\/div>\n\t\t\t\t<\/div>\n\t\t\t\t\t<\/div>\n\t\t<\/div>\n\t\t\t\t\t<\/div>\n\t\t<\/section>\n\t\t\t\t<\/div>\n\t\t","protected":false},"excerpt":{"rendered":"<p>Psicomotricidad para el Desarrollo del Pensamiento L\u00f3gico &#8211; Matem\u00e1tico. Acreditaci\u00f3n de Actividades. Datos Generales: Instituci\u00f3n: Instituto Universitario Antequera de Oaxaca.Clave de Plantel: 20MSY0104Y.Periodo: 06 y 07 de diciembre de 2023.Modalidad: Virtual.Horas lectivas: 10 horas lectivas.Imparte: Mtra. VERONICA CAMACHO AVILA. Participantes que acreditaron:&nbsp; ANA LORENZA MEJIA RUIZ ANGELICA LOPEZ TEJEDA ANNETTE <a class=\"read-more\" href=\"https:\/\/institutounao.com.mx\/index.php\/ecp23-78-psicomotricidad-para-el-desarrollo-del-pensamiento-logico-matematico\/\">Read More&#8230;<\/a><\/p>\n","protected":false},"author":1,"featured_media":0,"parent":0,"menu_order":0,"comment_status":"closed","ping_status":"closed","template":"","meta":{"_joinchat":[],"footnotes":""},"class_list":["post-7420","page","type-page","status-publish","hentry"],"jetpack_sharing_enabled":true,"_links":{"self":[{"href":"https:\/\/institutounao.com.mx\/index.php\/wp-json\/wp\/v2\/pages\/7420","targetHints":{"allow":["GET"]}}],"collection":[{"href":"https:\/\/institutounao.com.mx\/index.php\/wp-json\/wp\/v2\/pages"}],"about":[{"href":"https:\/\/institutounao.com.mx\/index.php\/wp-json\/wp\/v2\/types\/page"}],"author":[{"embeddable":true,"href":"https:\/\/institutounao.com.mx\/index.php\/wp-json\/wp\/v2\/users\/1"}],"replies":[{"embeddable":true,"href":"https:\/\/institutounao.com.mx\/index.php\/wp-json\/wp\/v2\/comments?post=7420"}],"version-history":[{"count":7,"href":"https:\/\/institutounao.com.mx\/index.php\/wp-json\/wp\/v2\/pages\/7420\/revisions"}],"predecessor-version":[{"id":7513,"href":"https:\/\/institutounao.com.mx\/index.php\/wp-json\/wp\/v2\/pages\/7420\/revisions\/7513"}],"wp:attachment":[{"href":"https:\/\/institutounao.com.mx\/index.php\/wp-json\/wp\/v2\/media?parent=7420"}],"curies":[{"name":"wp","href":"https:\/\/api.w.org\/{rel}","templated":true}]}}