{"id":7335,"date":"2023-11-22T21:00:28","date_gmt":"2023-11-22T21:00:28","guid":{"rendered":"https:\/\/institutounao.com.mx\/?page_id=7335"},"modified":"2023-12-07T23:42:09","modified_gmt":"2023-12-07T23:42:09","slug":"ecp23-73-aprendiendo-a-leer-y-escribir-con-el-metodo-troncoso","status":"publish","type":"page","link":"https:\/\/institutounao.com.mx\/index.php\/ecp23-73-aprendiendo-a-leer-y-escribir-con-el-metodo-troncoso\/","title":{"rendered":"ECP23.73 Aprendiendo a Leer y Escribir con el M\u00e9todo Troncoso."},"content":{"rendered":"\t\t<div data-elementor-type=\"wp-page\" data-elementor-id=\"7335\" class=\"elementor elementor-7335\">\n\t\t\t\t\t\t<section class=\"elementor-section elementor-top-section elementor-element elementor-element-8bb2471 elementor-section-boxed elementor-section-height-default elementor-section-height-default\" data-id=\"8bb2471\" data-element_type=\"section\" data-e-type=\"section\">\n\t\t\t\t\t\t<div class=\"elementor-container elementor-column-gap-default\">\n\t\t\t\t\t<div class=\"elementor-column elementor-col-100 elementor-top-column elementor-element elementor-element-a82c612\" data-id=\"a82c612\" data-element_type=\"column\" data-e-type=\"column\">\n\t\t\t<div class=\"elementor-widget-wrap elementor-element-populated\">\n\t\t\t\t\t\t<div class=\"elementor-element elementor-element-9fe5d37 elementor-widget elementor-widget-heading\" data-id=\"9fe5d37\" data-element_type=\"widget\" data-e-type=\"widget\" data-widget_type=\"heading.default\">\n\t\t\t\t<div class=\"elementor-widget-container\">\n\t\t\t\t\t<h2 class=\"elementor-heading-title elementor-size-default\">Aprendiendo a Leer y Escribir con el M\u00e9todo Troncoso.<\/h2>\t\t\t\t<\/div>\n\t\t\t\t<\/div>\n\t\t\t\t\t<\/div>\n\t\t<\/div>\n\t\t\t\t\t<\/div>\n\t\t<\/section>\n\t\t\t\t<section class=\"elementor-section elementor-top-section elementor-element elementor-element-9676823 elementor-section-boxed elementor-section-height-default elementor-section-height-default\" data-id=\"9676823\" data-element_type=\"section\" data-e-type=\"section\">\n\t\t\t\t\t\t<div class=\"elementor-container elementor-column-gap-default\">\n\t\t\t\t\t<div class=\"elementor-column elementor-col-100 elementor-top-column elementor-element elementor-element-e316451\" data-id=\"e316451\" data-element_type=\"column\" data-e-type=\"column\">\n\t\t\t<div class=\"elementor-widget-wrap elementor-element-populated\">\n\t\t\t\t\t\t<div class=\"elementor-element elementor-element-d9f3035 elementor-widget elementor-widget-text-editor\" data-id=\"d9f3035\" data-element_type=\"widget\" data-e-type=\"widget\" data-widget_type=\"text-editor.default\">\n\t\t\t\t<div class=\"elementor-widget-container\">\n\t\t\t\t\t\t\t\t\t<p style=\"text-align: center;\">Acreditaci\u00f3n de Actividades.<\/p>\t\t\t\t\t\t\t\t<\/div>\n\t\t\t\t<\/div>\n\t\t\t\t<div class=\"elementor-element elementor-element-b8f3c30 elementor-widget elementor-widget-text-editor\" data-id=\"b8f3c30\" data-element_type=\"widget\" data-e-type=\"widget\" data-widget_type=\"text-editor.default\">\n\t\t\t\t<div class=\"elementor-widget-container\">\n\t\t\t\t\t\t\t\t\t<p><strong>Datos Generales:<\/strong><\/p><p>Instituci\u00f3n: Instituto Universitario Antequera de Oaxaca.<br \/>Clave de Plantel: 20MSY0104Y.<br \/>Periodo: 18 de noviembre de 2023.<br \/>Modalidad: Virtual.<br \/>Horas lectivas: 10 horas lectivas.<br \/>Imparte: Lic. CONCEPCION MARTINEZ CAMACHO.<\/p>\t\t\t\t\t\t\t\t<\/div>\n\t\t\t\t<\/div>\n\t\t\t\t<div class=\"elementor-element elementor-element-3d7812b elementor-widget elementor-widget-text-editor\" data-id=\"3d7812b\" data-element_type=\"widget\" data-e-type=\"widget\" data-widget_type=\"text-editor.default\">\n\t\t\t\t<div class=\"elementor-widget-container\">\n\t\t\t\t\t\t\t\t\t<p style=\"margin-top: 16px; font-size: 16px;\"><span style=\"font-weight: bold; line-height: inherit;\">Participantes que acreditaron:\u00a0<\/span><\/p><ul style=\"font-size: 16px;\"><li><p>ALMA ERIKA MARTINEZ CHAVEZ<\/p><\/li><li><p>ARACELI VELASQUEZ SALINAS<\/p><\/li><li><p>BLANCA ESTELA GARCIA OROZCO<\/p><\/li><li><p>CRISTINA PAZ MENDOZA RUIZ<\/p><\/li><li><p>EVA MONICA RAMIREZ RAMIREZ<\/p><\/li><li><p>FABIOLA ARIAS MARTINEZ<\/p><\/li><li><p>GABRIELA ARELY GUEVARA GARCIA<\/p><\/li><li><p>GETZEMANI FLORES GODINEZ<\/p><\/li><li><p>IRMA MEJIA LARIOS<\/p><\/li><li><p>ISAURA GORETTI VILLANUEVA VIVAS<\/p><\/li><li><p>LAURA LILIANA VAZQUEZ RODRIGUEZ<\/p><\/li><li><p>MARIA GUADALUPE VARGAS HERNANDEZ<\/p><\/li><li><p>MARIA ISABEL CAROLINA MEDINA RODRIGUEZ<\/p><\/li><li><p>MARIANA CLAUDIA VALLADARES CARRERA<\/p><\/li><li><p>MARICRUZ JUAREZ RUIZ<\/p><\/li><li><p>MIRIAM DEL ROCIO MENA ARROYO<\/p><\/li><li><p>NADIA YAMANIC RUIZ CAMACHO<\/p><\/li><li><p>OLIVIA SALAZAR SUAREZ<\/p><\/li><li><p>ROSA MARIA ROMERO GARCIA<\/p><\/li><li><span data-sheets-root=\"1\" data-sheets-value=\"{&quot;1&quot;:2,&quot;2&quot;:&quot;SONIA GUADALUPE VELAZQUEZ CONSILCO&quot;}\" data-sheets-userformat=\"{&quot;2&quot;:15039,&quot;3&quot;:{&quot;1&quot;:0},&quot;4&quot;:{&quot;1&quot;:2,&quot;2&quot;:16776960},&quot;5&quot;:{&quot;1&quot;:[{&quot;1&quot;:2,&quot;2&quot;:0,&quot;5&quot;:{&quot;1&quot;:2,&quot;2&quot;:0}},{&quot;1&quot;:0,&quot;2&quot;:0,&quot;3&quot;:3},{&quot;1&quot;:1,&quot;2&quot;:0,&quot;4&quot;:1}]},&quot;6&quot;:{&quot;1&quot;:[{&quot;1&quot;:2,&quot;2&quot;:0,&quot;5&quot;:{&quot;1&quot;:2,&quot;2&quot;:0}},{&quot;1&quot;:0,&quot;2&quot;:0,&quot;3&quot;:3},{&quot;1&quot;:1,&quot;2&quot;:0,&quot;4&quot;:1}]},&quot;7&quot;:{&quot;1&quot;:[{&quot;1&quot;:2,&quot;2&quot;:0,&quot;5&quot;:{&quot;1&quot;:2,&quot;2&quot;:0}},{&quot;1&quot;:0,&quot;2&quot;:0,&quot;3&quot;:3},{&quot;1&quot;:1,&quot;2&quot;:0,&quot;4&quot;:1}]},&quot;8&quot;:{&quot;1&quot;:[{&quot;1&quot;:2,&quot;2&quot;:0,&quot;5&quot;:{&quot;1&quot;:2,&quot;2&quot;:0}},{&quot;1&quot;:0,&quot;2&quot;:0,&quot;3&quot;:3},{&quot;1&quot;:1,&quot;2&quot;:0,&quot;4&quot;:1}]},&quot;10&quot;:1,&quot;12&quot;:0,&quot;14&quot;:{&quot;1&quot;:2,&quot;2&quot;:2105636},&quot;15&quot;:&quot;Calibri&quot;,&quot;16&quot;:9}\">SONIA GUADALUPE VELAZQUEZ CONSILCO<\/span><\/li><li><p>VALERIA SARAHI RAMIREZ BRIONES<\/p><\/li><li><p>VALERIA VILLALVA ANGUIANO<\/p><\/li><li><p>XIMENA TALAVERA ALCAZAR<\/p><\/li><\/ul>\t\t\t\t\t\t\t\t<\/div>\n\t\t\t\t<\/div>\n\t\t\t\t\t<\/div>\n\t\t<\/div>\n\t\t\t\t\t<\/div>\n\t\t<\/section>\n\t\t\t\t<\/div>\n\t\t","protected":false},"excerpt":{"rendered":"<p>Aprendiendo a Leer y Escribir con el M\u00e9todo Troncoso. Acreditaci\u00f3n de Actividades. Datos Generales: Instituci\u00f3n: Instituto Universitario Antequera de Oaxaca.Clave de Plantel: 20MSY0104Y.Periodo: 18 de noviembre de 2023.Modalidad: Virtual.Horas lectivas: 10 horas lectivas.Imparte: Lic. CONCEPCION MARTINEZ CAMACHO. Participantes que acreditaron:\u00a0 ALMA ERIKA MARTINEZ CHAVEZ ARACELI VELASQUEZ SALINAS BLANCA ESTELA GARCIA <a class=\"read-more\" href=\"https:\/\/institutounao.com.mx\/index.php\/ecp23-73-aprendiendo-a-leer-y-escribir-con-el-metodo-troncoso\/\">Read More&#8230;<\/a><\/p>\n","protected":false},"author":1,"featured_media":0,"parent":0,"menu_order":0,"comment_status":"closed","ping_status":"closed","template":"","meta":{"_joinchat":[],"footnotes":""},"class_list":["post-7335","page","type-page","status-publish","hentry"],"jetpack_sharing_enabled":true,"_links":{"self":[{"href":"https:\/\/institutounao.com.mx\/index.php\/wp-json\/wp\/v2\/pages\/7335","targetHints":{"allow":["GET"]}}],"collection":[{"href":"https:\/\/institutounao.com.mx\/index.php\/wp-json\/wp\/v2\/pages"}],"about":[{"href":"https:\/\/institutounao.com.mx\/index.php\/wp-json\/wp\/v2\/types\/page"}],"author":[{"embeddable":true,"href":"https:\/\/institutounao.com.mx\/index.php\/wp-json\/wp\/v2\/users\/1"}],"replies":[{"embeddable":true,"href":"https:\/\/institutounao.com.mx\/index.php\/wp-json\/wp\/v2\/comments?post=7335"}],"version-history":[{"count":7,"href":"https:\/\/institutounao.com.mx\/index.php\/wp-json\/wp\/v2\/pages\/7335\/revisions"}],"predecessor-version":[{"id":7388,"href":"https:\/\/institutounao.com.mx\/index.php\/wp-json\/wp\/v2\/pages\/7335\/revisions\/7388"}],"wp:attachment":[{"href":"https:\/\/institutounao.com.mx\/index.php\/wp-json\/wp\/v2\/media?parent=7335"}],"curies":[{"name":"wp","href":"https:\/\/api.w.org\/{rel}","templated":true}]}}