{"id":7327,"date":"2023-11-18T17:49:00","date_gmt":"2023-11-18T17:49:00","guid":{"rendered":"https:\/\/institutounao.com.mx\/?page_id=7327"},"modified":"2023-11-18T17:57:32","modified_gmt":"2023-11-18T17:57:32","slug":"ecp23-71-principios-de-la-educacion-montessori-aplicacion-en-aula-regular","status":"publish","type":"page","link":"https:\/\/institutounao.com.mx\/index.php\/ecp23-71-principios-de-la-educacion-montessori-aplicacion-en-aula-regular\/","title":{"rendered":"ECP23.71 PRINCIPIOS DE LA EDUCACI\u00d3N MONTESSORI: APLICACI\u00d3N EN AULA REGULAR."},"content":{"rendered":"\t\t<div data-elementor-type=\"wp-page\" data-elementor-id=\"7327\" class=\"elementor elementor-7327\">\n\t\t\t\t\t\t<section class=\"elementor-section elementor-top-section elementor-element elementor-element-7584660 elementor-section-boxed elementor-section-height-default elementor-section-height-default\" data-id=\"7584660\" data-element_type=\"section\" data-e-type=\"section\">\n\t\t\t\t\t\t<div class=\"elementor-container elementor-column-gap-default\">\n\t\t\t\t\t<div class=\"elementor-column elementor-col-100 elementor-top-column elementor-element elementor-element-43f6b79\" data-id=\"43f6b79\" data-element_type=\"column\" data-e-type=\"column\">\n\t\t\t<div class=\"elementor-widget-wrap elementor-element-populated\">\n\t\t\t\t\t\t<div class=\"elementor-element elementor-element-a75d9f8 elementor-widget elementor-widget-heading\" data-id=\"a75d9f8\" data-element_type=\"widget\" data-e-type=\"widget\" data-widget_type=\"heading.default\">\n\t\t\t\t<div class=\"elementor-widget-container\">\n\t\t\t\t\t<h2 class=\"elementor-heading-title elementor-size-default\">Principios de la Educaci\u00f3n Montessori: Aplicaci\u00f3n en el Aula Regular.<\/h2>\t\t\t\t<\/div>\n\t\t\t\t<\/div>\n\t\t\t\t\t<\/div>\n\t\t<\/div>\n\t\t\t\t\t<\/div>\n\t\t<\/section>\n\t\t\t\t<section class=\"elementor-section elementor-top-section elementor-element elementor-element-e3e254c elementor-section-boxed elementor-section-height-default elementor-section-height-default\" data-id=\"e3e254c\" data-element_type=\"section\" data-e-type=\"section\">\n\t\t\t\t\t\t<div class=\"elementor-container elementor-column-gap-default\">\n\t\t\t\t\t<div class=\"elementor-column elementor-col-100 elementor-top-column elementor-element elementor-element-ef10adf\" data-id=\"ef10adf\" data-element_type=\"column\" data-e-type=\"column\">\n\t\t\t<div class=\"elementor-widget-wrap elementor-element-populated\">\n\t\t\t\t\t\t<div class=\"elementor-element elementor-element-93a55d3 elementor-widget elementor-widget-text-editor\" data-id=\"93a55d3\" data-element_type=\"widget\" data-e-type=\"widget\" data-widget_type=\"text-editor.default\">\n\t\t\t\t<div class=\"elementor-widget-container\">\n\t\t\t\t\t\t\t\t\t<p style=\"text-align: center;\">Acreditaci\u00f3n de Actividades.<\/p>\t\t\t\t\t\t\t\t<\/div>\n\t\t\t\t<\/div>\n\t\t\t\t<div class=\"elementor-element elementor-element-9bf4d9d elementor-widget elementor-widget-text-editor\" data-id=\"9bf4d9d\" data-element_type=\"widget\" data-e-type=\"widget\" data-widget_type=\"text-editor.default\">\n\t\t\t\t<div class=\"elementor-widget-container\">\n\t\t\t\t\t\t\t\t\t<p><strong>Datos Generales:<\/strong><\/p><p>Instituci\u00f3n: Instituto Universitario Antequera de Oaxaca.<br \/>Clave de Plantel: 20MSY0104Y.<br \/>Periodo: 15 y 16 de noviembre de 2023.<br \/>Modalidad: Virtual.<br \/>Horas lectivas: 10 horas lectivas.<br \/>Imparte: Lic. MIRIAM MAGA\u00d1A DOMINGUEZ.<\/p>\t\t\t\t\t\t\t\t<\/div>\n\t\t\t\t<\/div>\n\t\t\t\t<div class=\"elementor-element elementor-element-0f8b359 elementor-widget elementor-widget-text-editor\" data-id=\"0f8b359\" data-element_type=\"widget\" data-e-type=\"widget\" data-widget_type=\"text-editor.default\">\n\t\t\t\t<div class=\"elementor-widget-container\">\n\t\t\t\t\t\t\t\t\t<p style=\"margin-top: 16px; font-size: 16px;\"><span style=\"font-weight: bold; line-height: inherit;\">Participantes que acreditaron:\u00a0<\/span><\/p><ul style=\"font-size: 16px;\"><li><p>ANA ROSA VIDAL CERVANTES<\/p><\/li><li><p>ANASTASIA PARRALES GOMEZ<\/p><\/li><li><p>ANGELA ANTONIO MEJIA<\/p><\/li><li><p>BIAANI MAIRETH DELGADO MARTINEZ<\/p><\/li><li><p>BLANCA ESTELA DOMINGUEZ LOZADA<\/p><\/li><li><p>DEA MAGDALENA CAMACHO CORONADO<\/p><\/li><li><p>DEIRDRE JUAREZ SALAZAR<\/p><\/li><li><p>FLOR ELIZABETH PEREZ GONZALEZ<\/p><\/li><li><p>GABRIELA BETSABE MAGA\u00d1A AVALOS<\/p><\/li><li><p>KAREN JOALY REYES ESQUIVEL<\/p><\/li><li><p>KAREN JOSEFINA LOPEZ GARCIA<\/p><\/li><li><p>KEYRI YOHANA PAZ CERVANTES<\/p><\/li><li><p>MAGDALENA ROCHA GHENNO<\/p><\/li><li><p>ROSARIO MONJARAZ GARCIA<\/p><\/li><li><p>VALERIA SANTOS TEPATE<\/p><\/li><li><p>YOLANDA CONCEPCION LOPEZ CEPEDA<\/p><\/li><\/ul>\t\t\t\t\t\t\t\t<\/div>\n\t\t\t\t<\/div>\n\t\t\t\t\t<\/div>\n\t\t<\/div>\n\t\t\t\t\t<\/div>\n\t\t<\/section>\n\t\t\t\t<\/div>\n\t\t","protected":false},"excerpt":{"rendered":"<p>Principios de la Educaci\u00f3n Montessori: Aplicaci\u00f3n en el Aula Regular. Acreditaci\u00f3n de Actividades. Datos Generales: Instituci\u00f3n: Instituto Universitario Antequera de Oaxaca.Clave de Plantel: 20MSY0104Y.Periodo: 15 y 16 de noviembre de 2023.Modalidad: Virtual.Horas lectivas: 10 horas lectivas.Imparte: Lic. MIRIAM MAGA\u00d1A DOMINGUEZ. Participantes que acreditaron:\u00a0 ANA ROSA VIDAL CERVANTES ANASTASIA PARRALES GOMEZ <a class=\"read-more\" href=\"https:\/\/institutounao.com.mx\/index.php\/ecp23-71-principios-de-la-educacion-montessori-aplicacion-en-aula-regular\/\">Read More&#8230;<\/a><\/p>\n","protected":false},"author":1,"featured_media":0,"parent":0,"menu_order":0,"comment_status":"closed","ping_status":"closed","template":"","meta":{"_joinchat":[],"footnotes":""},"class_list":["post-7327","page","type-page","status-publish","hentry"],"jetpack_sharing_enabled":true,"_links":{"self":[{"href":"https:\/\/institutounao.com.mx\/index.php\/wp-json\/wp\/v2\/pages\/7327","targetHints":{"allow":["GET"]}}],"collection":[{"href":"https:\/\/institutounao.com.mx\/index.php\/wp-json\/wp\/v2\/pages"}],"about":[{"href":"https:\/\/institutounao.com.mx\/index.php\/wp-json\/wp\/v2\/types\/page"}],"author":[{"embeddable":true,"href":"https:\/\/institutounao.com.mx\/index.php\/wp-json\/wp\/v2\/users\/1"}],"replies":[{"embeddable":true,"href":"https:\/\/institutounao.com.mx\/index.php\/wp-json\/wp\/v2\/comments?post=7327"}],"version-history":[{"count":4,"href":"https:\/\/institutounao.com.mx\/index.php\/wp-json\/wp\/v2\/pages\/7327\/revisions"}],"predecessor-version":[{"id":7333,"href":"https:\/\/institutounao.com.mx\/index.php\/wp-json\/wp\/v2\/pages\/7327\/revisions\/7333"}],"wp:attachment":[{"href":"https:\/\/institutounao.com.mx\/index.php\/wp-json\/wp\/v2\/media?parent=7327"}],"curies":[{"name":"wp","href":"https:\/\/api.w.org\/{rel}","templated":true}]}}