{"id":6782,"date":"2023-07-19T03:45:07","date_gmt":"2023-07-19T03:45:07","guid":{"rendered":"https:\/\/institutounao.com.mx\/?page_id=6782"},"modified":"2024-09-11T18:54:25","modified_gmt":"2024-09-11T18:54:25","slug":"se23-49-reconocimiento-al-merito-academico-enero-junio-2023","status":"publish","type":"page","link":"https:\/\/institutounao.com.mx\/index.php\/se23-49-reconocimiento-al-merito-academico-enero-junio-2023\/","title":{"rendered":"SE23.49 Reconocimiento al M\u00e9rito Acad\u00e9mico &#8211; enero &#8211; junio 2023"},"content":{"rendered":"\t\t<div data-elementor-type=\"wp-page\" data-elementor-id=\"6782\" class=\"elementor elementor-6782\">\n\t\t\t\t\t\t<section class=\"elementor-section elementor-top-section elementor-element elementor-element-472e46a elementor-section-boxed elementor-section-height-default elementor-section-height-default\" data-id=\"472e46a\" data-element_type=\"section\" data-e-type=\"section\">\n\t\t\t\t\t\t<div class=\"elementor-container elementor-column-gap-default\">\n\t\t\t\t\t<div class=\"elementor-column elementor-col-100 elementor-top-column elementor-element elementor-element-335b076\" data-id=\"335b076\" data-element_type=\"column\" data-e-type=\"column\">\n\t\t\t<div class=\"elementor-widget-wrap elementor-element-populated\">\n\t\t\t\t\t\t<div class=\"elementor-element elementor-element-eaef693 elementor-widget elementor-widget-heading\" data-id=\"eaef693\" data-element_type=\"widget\" data-e-type=\"widget\" data-widget_type=\"heading.default\">\n\t\t\t\t<div class=\"elementor-widget-container\">\n\t\t\t\t\t<h2 class=\"elementor-heading-title elementor-size-default\">Reconocimiento al M\u00e9rito Acad\u00e9mico<\/h2>\t\t\t\t<\/div>\n\t\t\t\t<\/div>\n\t\t\t\t\t<\/div>\n\t\t<\/div>\n\t\t\t\t\t<\/div>\n\t\t<\/section>\n\t\t\t\t<section class=\"elementor-section elementor-top-section elementor-element elementor-element-6061b3f elementor-section-boxed elementor-section-height-default elementor-section-height-default\" data-id=\"6061b3f\" data-element_type=\"section\" data-e-type=\"section\">\n\t\t\t\t\t\t<div class=\"elementor-container elementor-column-gap-default\">\n\t\t\t\t\t<div class=\"elementor-column elementor-col-100 elementor-top-column elementor-element elementor-element-c92215b\" data-id=\"c92215b\" data-element_type=\"column\" data-e-type=\"column\">\n\t\t\t<div class=\"elementor-widget-wrap elementor-element-populated\">\n\t\t\t\t\t\t<div class=\"elementor-element elementor-element-f8d03ca elementor-widget elementor-widget-text-editor\" data-id=\"f8d03ca\" data-element_type=\"widget\" data-e-type=\"widget\" data-widget_type=\"text-editor.default\">\n\t\t\t\t<div class=\"elementor-widget-container\">\n\t\t\t\t\t\t\t\t\t<p>Instituci\u00f3n: Instituto Universitario Antequera de Oaxaca.<br \/><span style=\"font-size: 16px;\">Ciclo Escolar: enero &#8211; junio 2023.<\/span><\/p><p>\u00a0<\/p><p><br \/><span style=\"font-size: 16px;\">Plan de estudios: Doctorado en Pedagog\u00eda.<\/span><br \/>Modalidad:<span style=\"font-size: 16px;\">\u00a0Escolarizada.<\/span><br \/>Semestre: Segundo.<\/p><p><strong>Estudiantes:\u00a0<\/strong><\/p><p>10\u00a0 \u00a0 \u00a0 \u00a0 \u00a0KAREN MATUS CABRERA<\/p><p>9.8\u00a0 \u00a0 \u00a0 \u00a0 CLEMENTE ANTONIO ORTEGA VILLAGRAN<\/p><p>9.7\u00a0 \u00a0 \u00a0 \u00a0 KARINA PEREZ RAMIREZ\u00a0 \u00a0\u00a0<\/p><p><span style=\"font-size: 0.875rem;\">\u00a0 \u00a0 \u00a0 \u00a0 \u00a0 \u00a0 \u00a0 \u00a0 \u00a0 \u00a0 \u00a0 \u00a0 \u00a0 \u00a0 \u00a0 \u00a0 \u00a0<\/span><\/p>\t\t\t\t\t\t\t\t<\/div>\n\t\t\t\t<\/div>\n\t\t\t\t\t<\/div>\n\t\t<\/div>\n\t\t\t\t\t<\/div>\n\t\t<\/section>\n\t\t\t\t<section class=\"elementor-section elementor-top-section elementor-element elementor-element-60b6eff elementor-section-boxed elementor-section-height-default elementor-section-height-default\" data-id=\"60b6eff\" data-element_type=\"section\" data-e-type=\"section\">\n\t\t\t\t\t\t<div class=\"elementor-container elementor-column-gap-default\">\n\t\t\t\t\t<div class=\"elementor-column elementor-col-100 elementor-top-column elementor-element elementor-element-f74af3e\" data-id=\"f74af3e\" data-element_type=\"column\" data-e-type=\"column\">\n\t\t\t<div class=\"elementor-widget-wrap elementor-element-populated\">\n\t\t\t\t\t\t<div class=\"elementor-element elementor-element-65aefde elementor-widget-divider--view-line elementor-widget elementor-widget-divider\" data-id=\"65aefde\" data-element_type=\"widget\" data-e-type=\"widget\" data-widget_type=\"divider.default\">\n\t\t\t\t<div class=\"elementor-widget-container\">\n\t\t\t\t\t\t\t<div class=\"elementor-divider\">\n\t\t\t<span class=\"elementor-divider-separator\">\n\t\t\t\t\t\t<\/span>\n\t\t<\/div>\n\t\t\t\t\t\t<\/div>\n\t\t\t\t<\/div>\n\t\t\t\t\t<\/div>\n\t\t<\/div>\n\t\t\t\t\t<\/div>\n\t\t<\/section>\n\t\t\t\t<section class=\"elementor-section elementor-top-section elementor-element elementor-element-85d6b8f elementor-section-boxed elementor-section-height-default elementor-section-height-default\" data-id=\"85d6b8f\" data-element_type=\"section\" data-e-type=\"section\">\n\t\t\t\t\t\t<div class=\"elementor-container elementor-column-gap-default\">\n\t\t\t\t\t<div class=\"elementor-column elementor-col-100 elementor-top-column elementor-element elementor-element-b54a675\" data-id=\"b54a675\" data-element_type=\"column\" data-e-type=\"column\">\n\t\t\t<div class=\"elementor-widget-wrap elementor-element-populated\">\n\t\t\t\t\t\t<div class=\"elementor-element elementor-element-b966111 elementor-widget elementor-widget-text-editor\" data-id=\"b966111\" data-element_type=\"widget\" data-e-type=\"widget\" data-widget_type=\"text-editor.default\">\n\t\t\t\t<div class=\"elementor-widget-container\">\n\t\t\t\t\t\t\t\t\t<p><span style=\"font-size: 16px;\">Plan de estudios: Doctorado en Pedagog\u00eda.<\/span><br \/>Modalidad:<span style=\"font-size: 16px;\">\u00a0Escolarizada.<\/span><br \/>Semestre: Cuarto.<\/p><p><strong>Estudiantes:\u00a0<\/strong><\/p><p>9.9\u00a0 \u00a0 \u00a0 GUADALUPE SILVA RAMIREZ\u00a0 \u00a0 \u00a0 \u00a0 \u00a0 \u00a0 \u00a0 \u00a0 \u00a0 \u00a0 \u00a0 \u00a0 \u00a0 \u00a0<\/p><p>9.8\u00a0 \u00a0 \u00a0 LETICIA GUADALUPE JUAREZ ZARATE\u00a0 \u00a0 \u00a0 \u00a0<\/p><p>\u00a0<\/p>\t\t\t\t\t\t\t\t<\/div>\n\t\t\t\t<\/div>\n\t\t\t\t\t<\/div>\n\t\t<\/div>\n\t\t\t\t\t<\/div>\n\t\t<\/section>\n\t\t\t\t<section class=\"elementor-section elementor-top-section elementor-element elementor-element-f3f55fd elementor-section-boxed elementor-section-height-default elementor-section-height-default\" data-id=\"f3f55fd\" data-element_type=\"section\" data-e-type=\"section\">\n\t\t\t\t\t\t<div class=\"elementor-container elementor-column-gap-default\">\n\t\t\t\t\t<div class=\"elementor-column elementor-col-100 elementor-top-column elementor-element elementor-element-543bd40\" data-id=\"543bd40\" data-element_type=\"column\" data-e-type=\"column\">\n\t\t\t<div class=\"elementor-widget-wrap elementor-element-populated\">\n\t\t\t\t\t\t<div class=\"elementor-element elementor-element-ca8d48d elementor-widget-divider--view-line elementor-widget elementor-widget-divider\" data-id=\"ca8d48d\" data-element_type=\"widget\" data-e-type=\"widget\" data-widget_type=\"divider.default\">\n\t\t\t\t<div class=\"elementor-widget-container\">\n\t\t\t\t\t\t\t<div class=\"elementor-divider\">\n\t\t\t<span class=\"elementor-divider-separator\">\n\t\t\t\t\t\t<\/span>\n\t\t<\/div>\n\t\t\t\t\t\t<\/div>\n\t\t\t\t<\/div>\n\t\t\t\t\t<\/div>\n\t\t<\/div>\n\t\t\t\t\t<\/div>\n\t\t<\/section>\n\t\t\t\t<section class=\"elementor-section elementor-top-section elementor-element elementor-element-2b65272 elementor-section-boxed elementor-section-height-default elementor-section-height-default\" data-id=\"2b65272\" data-element_type=\"section\" data-e-type=\"section\">\n\t\t\t\t\t\t<div class=\"elementor-container elementor-column-gap-default\">\n\t\t\t\t\t<div class=\"elementor-column elementor-col-100 elementor-top-column elementor-element elementor-element-e1d8eff\" data-id=\"e1d8eff\" data-element_type=\"column\" data-e-type=\"column\">\n\t\t\t<div class=\"elementor-widget-wrap elementor-element-populated\">\n\t\t\t\t\t\t<div class=\"elementor-element elementor-element-7e63616 elementor-widget elementor-widget-text-editor\" data-id=\"7e63616\" data-element_type=\"widget\" data-e-type=\"widget\" data-widget_type=\"text-editor.default\">\n\t\t\t\t<div class=\"elementor-widget-container\">\n\t\t\t\t\t\t\t\t\t<p><span style=\"font-size: 16px;\">Plan de estudios: Maestr\u00eda en Pedagog\u00eda.<\/span><br \/>Modalidad:<span style=\"font-size: 16px;\">\u00a0Escolarizada.<\/span><br \/>Semestre: Primero.<\/p><p><strong>Estudiantes:\u00a0<\/strong><\/p><p>9.6\u00a0 \u00a0 \u00a0 JUDITH ISABEL GARCIA GARCIA\u00a0 \u00a0 \u00a0 \u00a0 \u00a0 \u00a0 \u00a0<\/p>\t\t\t\t\t\t\t\t<\/div>\n\t\t\t\t<\/div>\n\t\t\t\t<div class=\"elementor-element elementor-element-1f92c5a elementor-widget-divider--view-line elementor-widget elementor-widget-divider\" data-id=\"1f92c5a\" data-element_type=\"widget\" data-e-type=\"widget\" data-widget_type=\"divider.default\">\n\t\t\t\t<div class=\"elementor-widget-container\">\n\t\t\t\t\t\t\t<div class=\"elementor-divider\">\n\t\t\t<span class=\"elementor-divider-separator\">\n\t\t\t\t\t\t<\/span>\n\t\t<\/div>\n\t\t\t\t\t\t<\/div>\n\t\t\t\t<\/div>\n\t\t\t\t<div class=\"elementor-element elementor-element-8d14028 elementor-widget elementor-widget-text-editor\" data-id=\"8d14028\" data-element_type=\"widget\" data-e-type=\"widget\" data-widget_type=\"text-editor.default\">\n\t\t\t\t<div class=\"elementor-widget-container\">\n\t\t\t\t\t\t\t\t\t<p>Semestre: Segundo.<\/p><p><strong>Estudiantes:\u00a0<\/strong><\/p><p>9.9\u00a0 \u00a0 \u00a0 \u00a0PAOLA MARTINEZ GUZMAN<\/p><p>9.9\u00a0 \u00a0 \u00a0 \u00a0ARELI NAVA LIMA<\/p><p>9.7\u00a0 \u00a0 \u00a0 \u00a0JOSE DE JESUS JUAREZ GONZALEZ<\/p><p>9.7\u00a0 \u00a0 \u00a0 \u00a0PAULINA VICTORIANO MARTINEZ\u00a0<\/p><p>9.6\u00a0 \u00a0 \u00a0 \u00a0FERNANDO BOLA\u00d1OS GARCIA\u00a0 \u00a0 \u00a0 \u00a0 \u00a0 \u00a0 \u00a0<\/p>\t\t\t\t\t\t\t\t<\/div>\n\t\t\t\t<\/div>\n\t\t\t\t\t<\/div>\n\t\t<\/div>\n\t\t\t\t\t<\/div>\n\t\t<\/section>\n\t\t\t\t<section class=\"elementor-section elementor-top-section elementor-element elementor-element-38bd803 elementor-section-boxed elementor-section-height-default elementor-section-height-default\" data-id=\"38bd803\" data-element_type=\"section\" data-e-type=\"section\">\n\t\t\t\t\t\t<div class=\"elementor-container elementor-column-gap-default\">\n\t\t\t\t\t<div class=\"elementor-column elementor-col-100 elementor-top-column elementor-element elementor-element-4989a45\" data-id=\"4989a45\" data-element_type=\"column\" data-e-type=\"column\">\n\t\t\t<div class=\"elementor-widget-wrap elementor-element-populated\">\n\t\t\t\t\t\t<div class=\"elementor-element elementor-element-9239b7c elementor-widget-divider--view-line elementor-widget elementor-widget-divider\" data-id=\"9239b7c\" data-element_type=\"widget\" data-e-type=\"widget\" data-widget_type=\"divider.default\">\n\t\t\t\t<div class=\"elementor-widget-container\">\n\t\t\t\t\t\t\t<div class=\"elementor-divider\">\n\t\t\t<span class=\"elementor-divider-separator\">\n\t\t\t\t\t\t<\/span>\n\t\t<\/div>\n\t\t\t\t\t\t<\/div>\n\t\t\t\t<\/div>\n\t\t\t\t\t<\/div>\n\t\t<\/div>\n\t\t\t\t\t<\/div>\n\t\t<\/section>\n\t\t\t\t<section class=\"elementor-section elementor-top-section elementor-element elementor-element-c8b41cc elementor-section-boxed elementor-section-height-default elementor-section-height-default\" data-id=\"c8b41cc\" data-element_type=\"section\" data-e-type=\"section\">\n\t\t\t\t\t\t<div class=\"elementor-container elementor-column-gap-default\">\n\t\t\t\t\t<div class=\"elementor-column elementor-col-100 elementor-top-column elementor-element elementor-element-34dc4a5\" data-id=\"34dc4a5\" data-element_type=\"column\" data-e-type=\"column\">\n\t\t\t<div class=\"elementor-widget-wrap elementor-element-populated\">\n\t\t\t\t\t\t<div class=\"elementor-element elementor-element-10f9abd elementor-widget elementor-widget-text-editor\" data-id=\"10f9abd\" data-element_type=\"widget\" data-e-type=\"widget\" data-widget_type=\"text-editor.default\">\n\t\t\t\t<div class=\"elementor-widget-container\">\n\t\t\t\t\t\t\t\t\t<p>Semestre: Tercero.<\/p><p><strong>Estudiantes:\u00a0<\/strong><\/p><p>9.6\u00a0 \u00a0 \u00a0 GABRIELA PACHECO CRUZ\u00a0 \u00a0 \u00a0 \u00a0 \u00a0 \u00a0 \u00a0 \u00a0 \u00a0 \u00a0<\/p>\t\t\t\t\t\t\t\t<\/div>\n\t\t\t\t<\/div>\n\t\t\t\t\t<\/div>\n\t\t<\/div>\n\t\t\t\t\t<\/div>\n\t\t<\/section>\n\t\t\t\t<section class=\"elementor-section elementor-top-section elementor-element elementor-element-c2aa315 elementor-section-boxed elementor-section-height-default elementor-section-height-default\" data-id=\"c2aa315\" data-element_type=\"section\" data-e-type=\"section\">\n\t\t\t\t\t\t<div class=\"elementor-container elementor-column-gap-default\">\n\t\t\t\t\t<div class=\"elementor-column elementor-col-100 elementor-top-column elementor-element elementor-element-1b0a294\" data-id=\"1b0a294\" data-element_type=\"column\" data-e-type=\"column\">\n\t\t\t<div class=\"elementor-widget-wrap elementor-element-populated\">\n\t\t\t\t\t\t<div class=\"elementor-element elementor-element-4bec692 elementor-widget-divider--view-line elementor-widget elementor-widget-divider\" data-id=\"4bec692\" data-element_type=\"widget\" data-e-type=\"widget\" data-widget_type=\"divider.default\">\n\t\t\t\t<div class=\"elementor-widget-container\">\n\t\t\t\t\t\t\t<div class=\"elementor-divider\">\n\t\t\t<span class=\"elementor-divider-separator\">\n\t\t\t\t\t\t<\/span>\n\t\t<\/div>\n\t\t\t\t\t\t<\/div>\n\t\t\t\t<\/div>\n\t\t\t\t\t<\/div>\n\t\t<\/div>\n\t\t\t\t\t<\/div>\n\t\t<\/section>\n\t\t\t\t<section class=\"elementor-section elementor-top-section elementor-element elementor-element-968aa4f elementor-section-boxed elementor-section-height-default elementor-section-height-default\" data-id=\"968aa4f\" data-element_type=\"section\" data-e-type=\"section\">\n\t\t\t\t\t\t<div class=\"elementor-container elementor-column-gap-default\">\n\t\t\t\t\t<div class=\"elementor-column elementor-col-100 elementor-top-column elementor-element elementor-element-0354ebe\" data-id=\"0354ebe\" data-element_type=\"column\" data-e-type=\"column\">\n\t\t\t<div class=\"elementor-widget-wrap elementor-element-populated\">\n\t\t\t\t\t\t<div class=\"elementor-element elementor-element-419d83a elementor-widget elementor-widget-text-editor\" data-id=\"419d83a\" data-element_type=\"widget\" data-e-type=\"widget\" data-widget_type=\"text-editor.default\">\n\t\t\t\t<div class=\"elementor-widget-container\">\n\t\t\t\t\t\t\t\t\t<p><span style=\"font-size: 16px;\">Plan de estudios: Especialidad en Intervenci\u00f3n Pedag\u00f3gica en el Lenguaje.<\/span><br \/>Modalidad: No escolarizada.\u00a0<br \/>Semestre: Primero.<\/p><p><strong>Estudiantes:\u00a0<\/strong><\/p><p>9.8\u00a0 \u00a0 \u00a0 \u00a0 KARLA GUADALUPE DUARTE MORALES<\/p><p>9.8\u00a0 \u00a0 \u00a0 \u00a0 MARIA ADELINA TORRES MEZA<\/p><p>9.6\u00a0 \u00a0 \u00a0 \u00a0 MIRIAN ISABEL HERNANDEZ CASTILLO<\/p><p>9.6\u00a0 \u00a0 \u00a0 \u00a0 DULCE MARIA AMBRIZ CARMONA<\/p><p>9.6\u00a0 \u00a0 \u00a0 \u00a0 KATARINE MORENO FLORES<\/p><p>9.6\u00a0 \u00a0 \u00a0 \u00a0 BEATRIZ MONTALVO NU\u00d1EZ<\/p>\t\t\t\t\t\t\t\t<\/div>\n\t\t\t\t<\/div>\n\t\t\t\t\t<\/div>\n\t\t<\/div>\n\t\t\t\t\t<\/div>\n\t\t<\/section>\n\t\t\t\t<section class=\"elementor-section elementor-top-section elementor-element elementor-element-c2e978d elementor-section-boxed elementor-section-height-default elementor-section-height-default\" data-id=\"c2e978d\" data-element_type=\"section\" data-e-type=\"section\">\n\t\t\t\t\t\t<div class=\"elementor-container elementor-column-gap-default\">\n\t\t\t\t\t<div class=\"elementor-column elementor-col-100 elementor-top-column elementor-element elementor-element-a596009\" data-id=\"a596009\" data-element_type=\"column\" data-e-type=\"column\">\n\t\t\t<div class=\"elementor-widget-wrap elementor-element-populated\">\n\t\t\t\t\t\t<div class=\"elementor-element elementor-element-72901c2 elementor-widget-divider--view-line elementor-widget elementor-widget-divider\" data-id=\"72901c2\" data-element_type=\"widget\" data-e-type=\"widget\" data-widget_type=\"divider.default\">\n\t\t\t\t<div class=\"elementor-widget-container\">\n\t\t\t\t\t\t\t<div class=\"elementor-divider\">\n\t\t\t<span class=\"elementor-divider-separator\">\n\t\t\t\t\t\t<\/span>\n\t\t<\/div>\n\t\t\t\t\t\t<\/div>\n\t\t\t\t<\/div>\n\t\t\t\t\t<\/div>\n\t\t<\/div>\n\t\t\t\t\t<\/div>\n\t\t<\/section>\n\t\t\t\t<section class=\"elementor-section elementor-top-section elementor-element elementor-element-5d1647f elementor-section-boxed elementor-section-height-default elementor-section-height-default\" data-id=\"5d1647f\" data-element_type=\"section\" data-e-type=\"section\">\n\t\t\t\t\t\t<div class=\"elementor-container elementor-column-gap-default\">\n\t\t\t\t\t<div class=\"elementor-column elementor-col-100 elementor-top-column elementor-element elementor-element-813f4f2\" data-id=\"813f4f2\" data-element_type=\"column\" data-e-type=\"column\">\n\t\t\t<div class=\"elementor-widget-wrap elementor-element-populated\">\n\t\t\t\t\t\t<div class=\"elementor-element elementor-element-e2bd487 elementor-widget elementor-widget-text-editor\" data-id=\"e2bd487\" data-element_type=\"widget\" data-e-type=\"widget\" data-widget_type=\"text-editor.default\">\n\t\t\t\t<div class=\"elementor-widget-container\">\n\t\t\t\t\t\t\t\t\t<p>Semestre: Segundo.<\/p><p><strong>Estudiantes:\u00a0<\/strong><\/p><p>9.9\u00a0 \u00a0 \u00a0 \u00a0NAYELI SANCHEZ VELASQUEZ<\/p><p>9.9\u00a0 \u00a0 \u00a0 \u00a0ELIZABETH SANCHEZ HERNANDEZ<\/p><p>9.9\u00a0 \u00a0 \u00a0 \u00a0MAYRA VIDAL BRAVO\u00a0<\/p><p>9.9\u00a0 \u00a0 \u00a0 \u00a0SONIA GUADALUPE VELAZQUEZ CONSILCO<\/p><p>9.7\u00a0 \u00a0 \u00a0 \u00a0MARIA DE LOS ANGELES VELASQUEZ JACINTO<\/p>\t\t\t\t\t\t\t\t<\/div>\n\t\t\t\t<\/div>\n\t\t\t\t<div class=\"elementor-element elementor-element-2c85c7f elementor-widget-divider--view-line elementor-widget elementor-widget-divider\" data-id=\"2c85c7f\" data-element_type=\"widget\" data-e-type=\"widget\" data-widget_type=\"divider.default\">\n\t\t\t\t<div class=\"elementor-widget-container\">\n\t\t\t\t\t\t\t<div class=\"elementor-divider\">\n\t\t\t<span class=\"elementor-divider-separator\">\n\t\t\t\t\t\t<\/span>\n\t\t<\/div>\n\t\t\t\t\t\t<\/div>\n\t\t\t\t<\/div>\n\t\t\t\t<div class=\"elementor-element elementor-element-c00c195 elementor-widget elementor-widget-text-editor\" data-id=\"c00c195\" data-element_type=\"widget\" data-e-type=\"widget\" data-widget_type=\"text-editor.default\">\n\t\t\t\t<div class=\"elementor-widget-container\">\n\t\t\t\t\t\t\t\t\t<p><span style=\"font-size: 16px;\">Plan de estudios: Especialidad en Docencia.<\/span><br \/>Modalidad: No escolarizada.\u00a0<br \/>Semestre: Primero.<\/p><p><strong>Estudiantes:\u00a0<\/strong><\/p><p>9.9\u00a0 \u00a0 \u00a0 \u00a0BETULIO ESCOBAR ESPINOZA<\/p><p>9.7\u00a0 \u00a0 \u00a0 \u00a0ALEJANDRA GARCIA LOPEZ<\/p><p>9.7\u00a0 \u00a0 \u00a0 \u00a0YOLOXOCHITL BRINGAS TOBON<\/p>\t\t\t\t\t\t\t\t<\/div>\n\t\t\t\t<\/div>\n\t\t\t\t<div class=\"elementor-element elementor-element-2f3e5f5 elementor-widget-divider--view-line elementor-widget elementor-widget-divider\" data-id=\"2f3e5f5\" data-element_type=\"widget\" data-e-type=\"widget\" data-widget_type=\"divider.default\">\n\t\t\t\t<div class=\"elementor-widget-container\">\n\t\t\t\t\t\t\t<div class=\"elementor-divider\">\n\t\t\t<span class=\"elementor-divider-separator\">\n\t\t\t\t\t\t<\/span>\n\t\t<\/div>\n\t\t\t\t\t\t<\/div>\n\t\t\t\t<\/div>\n\t\t\t\t<div class=\"elementor-element elementor-element-00f1733 elementor-widget elementor-widget-text-editor\" data-id=\"00f1733\" data-element_type=\"widget\" data-e-type=\"widget\" data-widget_type=\"text-editor.default\">\n\t\t\t\t<div class=\"elementor-widget-container\">\n\t\t\t\t\t\t\t\t\t<p>Semestre: Segundo.<\/p><p><strong>Estudiantes:\u00a0<\/strong><\/p><p>9.8\u00a0 \u00a0 \u00a0 \u00a0KARINA PALMA REYES<\/p><p>\u00a0<\/p>\t\t\t\t\t\t\t\t<\/div>\n\t\t\t\t<\/div>\n\t\t\t\t\t<\/div>\n\t\t<\/div>\n\t\t\t\t\t<\/div>\n\t\t<\/section>\n\t\t\t\t<\/div>\n\t\t","protected":false},"excerpt":{"rendered":"<p>Reconocimiento al M\u00e9rito Acad\u00e9mico Instituci\u00f3n: Instituto Universitario Antequera de Oaxaca.Ciclo Escolar: enero &#8211; junio 2023. \u00a0 Plan de estudios: Doctorado en Pedagog\u00eda.Modalidad:\u00a0Escolarizada.Semestre: Segundo. Estudiantes:\u00a0 10\u00a0 \u00a0 \u00a0 \u00a0 \u00a0KAREN MATUS CABRERA 9.8\u00a0 \u00a0 \u00a0 \u00a0 CLEMENTE ANTONIO ORTEGA VILLAGRAN 9.7\u00a0 \u00a0 \u00a0 \u00a0 KARINA PEREZ RAMIREZ\u00a0 \u00a0\u00a0 \u00a0 \u00a0 \u00a0 <a class=\"read-more\" href=\"https:\/\/institutounao.com.mx\/index.php\/se23-49-reconocimiento-al-merito-academico-enero-junio-2023\/\">Read More&#8230;<\/a><\/p>\n","protected":false},"author":1,"featured_media":0,"parent":0,"menu_order":0,"comment_status":"closed","ping_status":"closed","template":"","meta":{"_joinchat":[],"footnotes":""},"class_list":["post-6782","page","type-page","status-publish","hentry"],"jetpack_sharing_enabled":true,"_links":{"self":[{"href":"https:\/\/institutounao.com.mx\/index.php\/wp-json\/wp\/v2\/pages\/6782","targetHints":{"allow":["GET"]}}],"collection":[{"href":"https:\/\/institutounao.com.mx\/index.php\/wp-json\/wp\/v2\/pages"}],"about":[{"href":"https:\/\/institutounao.com.mx\/index.php\/wp-json\/wp\/v2\/types\/page"}],"author":[{"embeddable":true,"href":"https:\/\/institutounao.com.mx\/index.php\/wp-json\/wp\/v2\/users\/1"}],"replies":[{"embeddable":true,"href":"https:\/\/institutounao.com.mx\/index.php\/wp-json\/wp\/v2\/comments?post=6782"}],"version-history":[{"count":23,"href":"https:\/\/institutounao.com.mx\/index.php\/wp-json\/wp\/v2\/pages\/6782\/revisions"}],"predecessor-version":[{"id":8602,"href":"https:\/\/institutounao.com.mx\/index.php\/wp-json\/wp\/v2\/pages\/6782\/revisions\/8602"}],"wp:attachment":[{"href":"https:\/\/institutounao.com.mx\/index.php\/wp-json\/wp\/v2\/media?parent=6782"}],"curies":[{"name":"wp","href":"https:\/\/api.w.org\/{rel}","templated":true}]}}