{"id":6637,"date":"2023-07-16T14:34:11","date_gmt":"2023-07-16T14:34:11","guid":{"rendered":"https:\/\/institutounao.com.mx\/?page_id=6637"},"modified":"2023-07-16T18:50:27","modified_gmt":"2023-07-16T18:50:27","slug":"ecp23-46-diplomado-en-iniciacion-a-la-educacion-montessori","status":"publish","type":"page","link":"https:\/\/institutounao.com.mx\/index.php\/ecp23-46-diplomado-en-iniciacion-a-la-educacion-montessori\/","title":{"rendered":"ECP23.46 Diplomado en Iniciaci\u00f3n a la Educaci\u00f3n Montessori"},"content":{"rendered":"\t\t<div data-elementor-type=\"wp-page\" data-elementor-id=\"6637\" class=\"elementor elementor-6637\">\n\t\t\t\t\t\t<section class=\"elementor-section elementor-top-section elementor-element elementor-element-47b1bd7 elementor-section-boxed elementor-section-height-default elementor-section-height-default\" data-id=\"47b1bd7\" data-element_type=\"section\" data-e-type=\"section\">\n\t\t\t\t\t\t<div class=\"elementor-container elementor-column-gap-default\">\n\t\t\t\t\t<div class=\"elementor-column elementor-col-100 elementor-top-column elementor-element elementor-element-b575bc7\" data-id=\"b575bc7\" data-element_type=\"column\" data-e-type=\"column\">\n\t\t\t<div class=\"elementor-widget-wrap elementor-element-populated\">\n\t\t\t\t\t\t<div class=\"elementor-element elementor-element-9fd982d elementor-widget elementor-widget-heading\" data-id=\"9fd982d\" data-element_type=\"widget\" data-e-type=\"widget\" data-widget_type=\"heading.default\">\n\t\t\t\t<div class=\"elementor-widget-container\">\n\t\t\t\t\t<h2 class=\"elementor-heading-title elementor-size-default\">Diplomado en Iniciaci\u00f3n a la Educaci\u00f3n Montessori<\/h2>\t\t\t\t<\/div>\n\t\t\t\t<\/div>\n\t\t\t\t\t<\/div>\n\t\t<\/div>\n\t\t\t\t\t<\/div>\n\t\t<\/section>\n\t\t\t\t<section class=\"elementor-section elementor-top-section elementor-element elementor-element-ffb8492 elementor-section-boxed elementor-section-height-default elementor-section-height-default\" data-id=\"ffb8492\" data-element_type=\"section\" data-e-type=\"section\">\n\t\t\t\t\t\t<div class=\"elementor-container elementor-column-gap-default\">\n\t\t\t\t\t<div class=\"elementor-column elementor-col-100 elementor-top-column elementor-element elementor-element-fb886dd\" data-id=\"fb886dd\" data-element_type=\"column\" data-e-type=\"column\">\n\t\t\t<div class=\"elementor-widget-wrap elementor-element-populated\">\n\t\t\t\t\t\t<div class=\"elementor-element elementor-element-5812f0b elementor-widget elementor-widget-text-editor\" data-id=\"5812f0b\" data-element_type=\"widget\" data-e-type=\"widget\" data-widget_type=\"text-editor.default\">\n\t\t\t\t<div class=\"elementor-widget-container\">\n\t\t\t\t\t\t\t\t\t<h4><strong>Acreditaci\u00f3n de Actividades<\/strong><\/h4>\t\t\t\t\t\t\t\t<\/div>\n\t\t\t\t<\/div>\n\t\t\t\t\t<\/div>\n\t\t<\/div>\n\t\t\t\t\t<\/div>\n\t\t<\/section>\n\t\t\t\t<section class=\"elementor-section elementor-top-section elementor-element elementor-element-c581729 elementor-section-boxed elementor-section-height-default elementor-section-height-default\" data-id=\"c581729\" data-element_type=\"section\" data-e-type=\"section\">\n\t\t\t\t\t\t<div class=\"elementor-container elementor-column-gap-default\">\n\t\t\t\t\t<div class=\"elementor-column elementor-col-100 elementor-top-column elementor-element elementor-element-e63b618\" data-id=\"e63b618\" data-element_type=\"column\" data-e-type=\"column\">\n\t\t\t<div class=\"elementor-widget-wrap elementor-element-populated\">\n\t\t\t\t\t\t<div class=\"elementor-element elementor-element-2c1b021 elementor-widget elementor-widget-text-editor\" data-id=\"2c1b021\" data-element_type=\"widget\" data-e-type=\"widget\" data-widget_type=\"text-editor.default\">\n\t\t\t\t<div class=\"elementor-widget-container\">\n\t\t\t\t\t\t\t\t\t<p><strong>Datos Generales:<\/strong><\/p><p>Instituci\u00f3n: Instituto Universitario Antequera de Oaxaca.<br \/><span style=\"font-size: 16px;\">Clave de Plantel: 20MSY0104Y<\/span>.<br \/><span style=\"font-size: 16px;\">Periodo: del 08 de marzo al 02 de agosto de 2023.<\/span><br \/>Modalidad: Virtual.<br \/>Horas lectivas: 120 horas lectivas.<br \/>Imparte: MTRA. ALEJANDRA RODRIGUEZ FUENTES.<\/p><p><strong>Participantes que acreditaron:\u00a0<\/strong><\/p><ul><li>ADRIANA PALMA CASAS.<\/li><li>ALEJANDRA DEL ROCIO DIAZ CHAVEZ.<\/li><li>ALMA YANELI TELESFORO GONZALEZ.<\/li><li>ANA ISABEL RODRIGUEZ DELGADILLO.<\/li><li>ANTONIA PEREZ ALFARO.<\/li><li>CARLA CECILIA MENDEZ MEZA.<\/li><li>CLAUDIA GUADALUPE MARROQUIN MENA.<\/li><li>CYNTHIA NAYRA ROJAS ALVA.<\/li><li>ERIKA JAZMIN JIMENEZ ALVARADO.<\/li><li>GISELLE YANELI MARTINEZ MERINO.<\/li><li>ISABEL AZCOYTIA DIAZ.<\/li><li>MA. EFIGENIA MARQUEZ RODRIGUEZ.<\/li><li>MARIA MONSERRAT REYES ARELLANO.<\/li><li>MARYLIN VIANNEY CHAVEZ PADILLA.<\/li><li>NADIA YAMANIC RUIZ CAMACHO.<\/li><li>NAYELI BANDA VELASCO.<\/li><li>ROCIO EVELIN MARTINEZ BAUTISTA.<\/li><li>ROXANA YBETH SILVA ESQUEDA.<\/li><\/ul>\t\t\t\t\t\t\t\t<\/div>\n\t\t\t\t<\/div>\n\t\t\t\t\t<\/div>\n\t\t<\/div>\n\t\t\t\t\t<\/div>\n\t\t<\/section>\n\t\t\t\t<\/div>\n\t\t","protected":false},"excerpt":{"rendered":"<p>Diplomado en Iniciaci\u00f3n a la Educaci\u00f3n Montessori Acreditaci\u00f3n de Actividades Datos Generales: Instituci\u00f3n: Instituto Universitario Antequera de Oaxaca.Clave de Plantel: 20MSY0104Y.Periodo: del 08 de marzo al 02 de agosto de 2023.Modalidad: Virtual.Horas lectivas: 120 horas lectivas.Imparte: MTRA. ALEJANDRA RODRIGUEZ FUENTES. Participantes que acreditaron:\u00a0 ADRIANA PALMA CASAS. ALEJANDRA DEL ROCIO DIAZ <a class=\"read-more\" href=\"https:\/\/institutounao.com.mx\/index.php\/ecp23-46-diplomado-en-iniciacion-a-la-educacion-montessori\/\">Read More&#8230;<\/a><\/p>\n","protected":false},"author":1,"featured_media":0,"parent":0,"menu_order":0,"comment_status":"closed","ping_status":"closed","template":"","meta":{"_joinchat":[],"footnotes":""},"class_list":["post-6637","page","type-page","status-publish","hentry"],"jetpack_sharing_enabled":true,"_links":{"self":[{"href":"https:\/\/institutounao.com.mx\/index.php\/wp-json\/wp\/v2\/pages\/6637","targetHints":{"allow":["GET"]}}],"collection":[{"href":"https:\/\/institutounao.com.mx\/index.php\/wp-json\/wp\/v2\/pages"}],"about":[{"href":"https:\/\/institutounao.com.mx\/index.php\/wp-json\/wp\/v2\/types\/page"}],"author":[{"embeddable":true,"href":"https:\/\/institutounao.com.mx\/index.php\/wp-json\/wp\/v2\/users\/1"}],"replies":[{"embeddable":true,"href":"https:\/\/institutounao.com.mx\/index.php\/wp-json\/wp\/v2\/comments?post=6637"}],"version-history":[{"count":10,"href":"https:\/\/institutounao.com.mx\/index.php\/wp-json\/wp\/v2\/pages\/6637\/revisions"}],"predecessor-version":[{"id":6749,"href":"https:\/\/institutounao.com.mx\/index.php\/wp-json\/wp\/v2\/pages\/6637\/revisions\/6749"}],"wp:attachment":[{"href":"https:\/\/institutounao.com.mx\/index.php\/wp-json\/wp\/v2\/media?parent=6637"}],"curies":[{"name":"wp","href":"https:\/\/api.w.org\/{rel}","templated":true}]}}