{"id":6614,"date":"2023-07-14T22:26:42","date_gmt":"2023-07-14T22:26:42","guid":{"rendered":"https:\/\/institutounao.com.mx\/?page_id=6614"},"modified":"2023-07-25T17:18:47","modified_gmt":"2023-07-25T17:18:47","slug":"ecc23-17-resiliencia-como-afrontar-las-crisis-que-vivo","status":"publish","type":"page","link":"https:\/\/institutounao.com.mx\/index.php\/ecc23-17-resiliencia-como-afrontar-las-crisis-que-vivo\/","title":{"rendered":"ECC23.17 Resiliencia: C\u00f3mo Afrontar las Crisis que Vivo."},"content":{"rendered":"\t\t<div data-elementor-type=\"wp-page\" data-elementor-id=\"6614\" class=\"elementor elementor-6614\">\n\t\t\t\t\t\t<section class=\"elementor-section elementor-top-section elementor-element elementor-element-f977ff2 elementor-section-boxed elementor-section-height-default elementor-section-height-default\" data-id=\"f977ff2\" data-element_type=\"section\" data-e-type=\"section\">\n\t\t\t\t\t\t<div class=\"elementor-container elementor-column-gap-default\">\n\t\t\t\t\t<div class=\"elementor-column elementor-col-100 elementor-top-column elementor-element elementor-element-c22dcbf\" data-id=\"c22dcbf\" data-element_type=\"column\" data-e-type=\"column\">\n\t\t\t<div class=\"elementor-widget-wrap elementor-element-populated\">\n\t\t\t\t\t\t<div class=\"elementor-element elementor-element-475e4cf elementor-widget elementor-widget-heading\" data-id=\"475e4cf\" data-element_type=\"widget\" data-e-type=\"widget\" data-widget_type=\"heading.default\">\n\t\t\t\t<div class=\"elementor-widget-container\">\n\t\t\t\t\t<h2 class=\"elementor-heading-title elementor-size-default\">Resiliencia: C\u00f3mo Afrontar las Crisis que Vivo<\/h2>\t\t\t\t<\/div>\n\t\t\t\t<\/div>\n\t\t\t\t\t<\/div>\n\t\t<\/div>\n\t\t\t\t\t<\/div>\n\t\t<\/section>\n\t\t\t\t<section class=\"elementor-section elementor-top-section elementor-element elementor-element-d512996 elementor-section-boxed elementor-section-height-default elementor-section-height-default\" data-id=\"d512996\" data-element_type=\"section\" data-e-type=\"section\">\n\t\t\t\t\t\t<div class=\"elementor-container elementor-column-gap-default\">\n\t\t\t\t\t<div class=\"elementor-column elementor-col-100 elementor-top-column elementor-element elementor-element-866d4ae\" data-id=\"866d4ae\" data-element_type=\"column\" data-e-type=\"column\">\n\t\t\t<div class=\"elementor-widget-wrap elementor-element-populated\">\n\t\t\t\t\t\t<div class=\"elementor-element elementor-element-f7441b4 elementor-widget elementor-widget-text-editor\" data-id=\"f7441b4\" data-element_type=\"widget\" data-e-type=\"widget\" data-widget_type=\"text-editor.default\">\n\t\t\t\t<div class=\"elementor-widget-container\">\n\t\t\t\t\t\t\t\t\t<h4><strong>Acreditaci\u00f3n de Actividades<\/strong><\/h4>\t\t\t\t\t\t\t\t<\/div>\n\t\t\t\t<\/div>\n\t\t\t\t\t<\/div>\n\t\t<\/div>\n\t\t\t\t\t<\/div>\n\t\t<\/section>\n\t\t\t\t<section class=\"elementor-section elementor-top-section elementor-element elementor-element-e302f27 elementor-section-boxed elementor-section-height-default elementor-section-height-default\" data-id=\"e302f27\" data-element_type=\"section\" data-e-type=\"section\">\n\t\t\t\t\t\t<div class=\"elementor-container elementor-column-gap-default\">\n\t\t\t\t\t<div class=\"elementor-column elementor-col-100 elementor-top-column elementor-element elementor-element-4203811\" data-id=\"4203811\" data-element_type=\"column\" data-e-type=\"column\">\n\t\t\t<div class=\"elementor-widget-wrap elementor-element-populated\">\n\t\t\t\t\t\t<div class=\"elementor-element elementor-element-38d0bd3 elementor-widget elementor-widget-text-editor\" data-id=\"38d0bd3\" data-element_type=\"widget\" data-e-type=\"widget\" data-widget_type=\"text-editor.default\">\n\t\t\t\t<div class=\"elementor-widget-container\">\n\t\t\t\t\t\t\t\t\t<p><strong>Datos Generales:<\/strong><\/p><p>Instituci\u00f3n: Instituto Universitario Antequera de Oaxaca.<br \/><span style=\"font-size: 16px;\">Clave de Plantel: 20MSY0104Y<\/span>.<br \/><span style=\"font-size: 16px;\">Periodo: 12 y 13 de julio de 2023.<\/span><br \/>Modalidad: Virtual.<br \/>Horas lectivas: 10 horas lectivas.<br \/>Imparte: MTRA. BARBARA MU\u00d1OZ ALONSO REYES<\/p><p><strong>Participantes que acreditaron:\u00a0<\/strong><\/p><ul><li><p>MILDRED JUDITH SERAFIN MORENO<\/p><\/li><li><p>EVELYN VENZOR GALINDO<\/p><\/li><li><p>LAURA ESPINOSA CARRADA<\/p><\/li><li><p>MARBELLA MAY REYES<\/p><\/li><li><p>NOEMI DE LA ROSA ESTRADA<\/p><\/li><li><p>ILEANA DE LOS ANGELES MEZQUITA BURGOS<\/p><\/li><li><p>MARLENE SANCHEZ VILLALOBOS<\/p><\/li><li><p>LAURA ESTRADA MARTINEZ<\/p><\/li><li><p>ESMERALDA DIAZ SERRANO<\/p><\/li><li><p>YOLANDA PATRICIA RAMIREZ VICENCIO<\/p><\/li><li><p>HECTOR ADRIAN DIAZ RIOS<\/p><\/li><li><p>ASUNCION DEL CARMEN HERNANDEZ CABA\u00d1AS<\/p><\/li><li><p>SARA ELISA RANGEL BENCOMO<\/p><\/li><li><p>FABIOLA VALDIVIEZO LOPEZ<\/p><\/li><li>JUAN FRANCISCO PALMEROS RIVERA<\/li><\/ul>\t\t\t\t\t\t\t\t<\/div>\n\t\t\t\t<\/div>\n\t\t\t\t\t<\/div>\n\t\t<\/div>\n\t\t\t\t\t<\/div>\n\t\t<\/section>\n\t\t\t\t<\/div>\n\t\t","protected":false},"excerpt":{"rendered":"<p>Resiliencia: C\u00f3mo Afrontar las Crisis que Vivo Acreditaci\u00f3n de Actividades Datos Generales: Instituci\u00f3n: Instituto Universitario Antequera de Oaxaca.Clave de Plantel: 20MSY0104Y.Periodo: 12 y 13 de julio de 2023.Modalidad: Virtual.Horas lectivas: 10 horas lectivas.Imparte: MTRA. BARBARA MU\u00d1OZ ALONSO REYES Participantes que acreditaron:\u00a0 MILDRED JUDITH SERAFIN MORENO EVELYN VENZOR GALINDO LAURA ESPINOSA <a class=\"read-more\" href=\"https:\/\/institutounao.com.mx\/index.php\/ecc23-17-resiliencia-como-afrontar-las-crisis-que-vivo\/\">Read More&#8230;<\/a><\/p>\n","protected":false},"author":1,"featured_media":0,"parent":0,"menu_order":0,"comment_status":"closed","ping_status":"closed","template":"","meta":{"_joinchat":[],"footnotes":""},"class_list":["post-6614","page","type-page","status-publish","hentry"],"jetpack_sharing_enabled":true,"_links":{"self":[{"href":"https:\/\/institutounao.com.mx\/index.php\/wp-json\/wp\/v2\/pages\/6614","targetHints":{"allow":["GET"]}}],"collection":[{"href":"https:\/\/institutounao.com.mx\/index.php\/wp-json\/wp\/v2\/pages"}],"about":[{"href":"https:\/\/institutounao.com.mx\/index.php\/wp-json\/wp\/v2\/types\/page"}],"author":[{"embeddable":true,"href":"https:\/\/institutounao.com.mx\/index.php\/wp-json\/wp\/v2\/users\/1"}],"replies":[{"embeddable":true,"href":"https:\/\/institutounao.com.mx\/index.php\/wp-json\/wp\/v2\/comments?post=6614"}],"version-history":[{"count":11,"href":"https:\/\/institutounao.com.mx\/index.php\/wp-json\/wp\/v2\/pages\/6614\/revisions"}],"predecessor-version":[{"id":7055,"href":"https:\/\/institutounao.com.mx\/index.php\/wp-json\/wp\/v2\/pages\/6614\/revisions\/7055"}],"wp:attachment":[{"href":"https:\/\/institutounao.com.mx\/index.php\/wp-json\/wp\/v2\/media?parent=6614"}],"curies":[{"name":"wp","href":"https:\/\/api.w.org\/{rel}","templated":true}]}}