{"id":6563,"date":"2023-07-12T23:27:47","date_gmt":"2023-07-12T23:27:47","guid":{"rendered":"https:\/\/institutounao.com.mx\/?page_id=6563"},"modified":"2023-07-16T18:36:32","modified_gmt":"2023-07-16T18:36:32","slug":"se23-36-taller-de-habilidades-investigativas-construccion-del-objeto-de-estudio","status":"publish","type":"page","link":"https:\/\/institutounao.com.mx\/index.php\/se23-36-taller-de-habilidades-investigativas-construccion-del-objeto-de-estudio\/","title":{"rendered":"SE23.36 Taller de Habilidades Investigativas: Construcci\u00f3n del Objeto de Estudio"},"content":{"rendered":"\t\t<div data-elementor-type=\"wp-page\" data-elementor-id=\"6563\" class=\"elementor elementor-6563\">\n\t\t\t\t\t\t<section class=\"elementor-section elementor-top-section elementor-element elementor-element-f5c5bc2 elementor-section-boxed elementor-section-height-default elementor-section-height-default\" data-id=\"f5c5bc2\" data-element_type=\"section\" data-e-type=\"section\">\n\t\t\t\t\t\t<div class=\"elementor-container elementor-column-gap-default\">\n\t\t\t\t\t<div class=\"elementor-column elementor-col-100 elementor-top-column elementor-element elementor-element-263ee81\" data-id=\"263ee81\" data-element_type=\"column\" data-e-type=\"column\">\n\t\t\t<div class=\"elementor-widget-wrap elementor-element-populated\">\n\t\t\t\t\t\t<div class=\"elementor-element elementor-element-e2180a6 elementor-widget elementor-widget-heading\" data-id=\"e2180a6\" data-element_type=\"widget\" data-e-type=\"widget\" data-widget_type=\"heading.default\">\n\t\t\t\t<div class=\"elementor-widget-container\">\n\t\t\t\t\t<h2 class=\"elementor-heading-title elementor-size-default\">Taller de Habilidades Investigativas - Construcci\u00f3n del Objeto de Estudio.<\/h2>\t\t\t\t<\/div>\n\t\t\t\t<\/div>\n\t\t\t\t\t<\/div>\n\t\t<\/div>\n\t\t\t\t\t<\/div>\n\t\t<\/section>\n\t\t\t\t<section class=\"elementor-section elementor-top-section elementor-element elementor-element-2a5f2c6 elementor-section-boxed elementor-section-height-default elementor-section-height-default\" data-id=\"2a5f2c6\" data-element_type=\"section\" data-e-type=\"section\">\n\t\t\t\t\t\t<div class=\"elementor-container elementor-column-gap-default\">\n\t\t\t\t\t<div class=\"elementor-column elementor-col-100 elementor-top-column elementor-element elementor-element-a0f4c4e\" data-id=\"a0f4c4e\" data-element_type=\"column\" data-e-type=\"column\">\n\t\t\t<div class=\"elementor-widget-wrap elementor-element-populated\">\n\t\t\t\t\t\t<div class=\"elementor-element elementor-element-70c561f elementor-widget elementor-widget-text-editor\" data-id=\"70c561f\" data-element_type=\"widget\" data-e-type=\"widget\" data-widget_type=\"text-editor.default\">\n\t\t\t\t<div class=\"elementor-widget-container\">\n\t\t\t\t\t\t\t\t\t<h4><strong>Acreditaci\u00f3n de Actividades<\/strong><\/h4>\t\t\t\t\t\t\t\t<\/div>\n\t\t\t\t<\/div>\n\t\t\t\t\t<\/div>\n\t\t<\/div>\n\t\t\t\t\t<\/div>\n\t\t<\/section>\n\t\t\t\t<section class=\"elementor-section elementor-top-section elementor-element elementor-element-c89e917 elementor-section-boxed elementor-section-height-default elementor-section-height-default\" data-id=\"c89e917\" data-element_type=\"section\" data-e-type=\"section\">\n\t\t\t\t\t\t<div class=\"elementor-container elementor-column-gap-default\">\n\t\t\t\t\t<div class=\"elementor-column elementor-col-100 elementor-top-column elementor-element elementor-element-00e3bf9\" data-id=\"00e3bf9\" data-element_type=\"column\" data-e-type=\"column\">\n\t\t\t<div class=\"elementor-widget-wrap elementor-element-populated\">\n\t\t\t\t\t\t<div class=\"elementor-element elementor-element-bdbd08e elementor-widget elementor-widget-text-editor\" data-id=\"bdbd08e\" data-element_type=\"widget\" data-e-type=\"widget\" data-widget_type=\"text-editor.default\">\n\t\t\t\t<div class=\"elementor-widget-container\">\n\t\t\t\t\t\t\t\t\t<p>Instituci\u00f3n: Instituto Universitario Antequera de Oaxaca.\u00a0<br \/>Ciclo Escolar: enero &#8211; junio de 2023.<br \/>Programa: Maestr\u00eda en Pedagog\u00eda.<br \/>Semestre: Tercero.<br \/>Modalidad: Virtual.<br \/>Horas lectivas: 15 horas lectivas.<br \/>Imparte: Mtra. ALICIA CONCEPCION SOLANO FELIX.<\/p><p>Participantes que acreditaron:\u00a0<\/p><ul><li><p>PMP3 2022-1 MARIA GUADALUPE SILENCIO CONTRERAS.<\/p><\/li><li><p>PMP4 2022-1 ELIDETH CARLOS HERNANDEZ.<\/p><\/li><li><p>PMP5 2022-1 KAREN DANIELA CRUZ QUERO.<\/p><\/li><li><p>PMP6 2022-1 LINDAFLOR MARTINEZ SANDOVAL.<\/p><\/li><li><p>PMP7 2022-1 NORMA ITZEL GONZALEZ MENDEZ.<\/p><\/li><li><p>PMP8 2022-1 EINA MAYRENI LOPEZ VASQUEZ.<\/p><\/li><\/ul>\t\t\t\t\t\t\t\t<\/div>\n\t\t\t\t<\/div>\n\t\t\t\t\t<\/div>\n\t\t<\/div>\n\t\t\t\t\t<\/div>\n\t\t<\/section>\n\t\t\t\t<\/div>\n\t\t","protected":false},"excerpt":{"rendered":"<p>Taller de Habilidades Investigativas &#8211; Construcci\u00f3n del Objeto de Estudio. Acreditaci\u00f3n de Actividades Instituci\u00f3n: Instituto Universitario Antequera de Oaxaca.\u00a0Ciclo Escolar: enero &#8211; junio de 2023.Programa: Maestr\u00eda en Pedagog\u00eda.Semestre: Tercero.Modalidad: Virtual.Horas lectivas: 15 horas lectivas.Imparte: Mtra. ALICIA CONCEPCION SOLANO FELIX. Participantes que acreditaron:\u00a0 PMP3 2022-1 MARIA GUADALUPE SILENCIO CONTRERAS. PMP4 2022-1 <a class=\"read-more\" href=\"https:\/\/institutounao.com.mx\/index.php\/se23-36-taller-de-habilidades-investigativas-construccion-del-objeto-de-estudio\/\">Read More&#8230;<\/a><\/p>\n","protected":false},"author":1,"featured_media":0,"parent":0,"menu_order":0,"comment_status":"closed","ping_status":"closed","template":"","meta":{"_joinchat":[],"footnotes":""},"class_list":["post-6563","page","type-page","status-publish","hentry"],"jetpack_sharing_enabled":true,"_links":{"self":[{"href":"https:\/\/institutounao.com.mx\/index.php\/wp-json\/wp\/v2\/pages\/6563","targetHints":{"allow":["GET"]}}],"collection":[{"href":"https:\/\/institutounao.com.mx\/index.php\/wp-json\/wp\/v2\/pages"}],"about":[{"href":"https:\/\/institutounao.com.mx\/index.php\/wp-json\/wp\/v2\/types\/page"}],"author":[{"embeddable":true,"href":"https:\/\/institutounao.com.mx\/index.php\/wp-json\/wp\/v2\/users\/1"}],"replies":[{"embeddable":true,"href":"https:\/\/institutounao.com.mx\/index.php\/wp-json\/wp\/v2\/comments?post=6563"}],"version-history":[{"count":10,"href":"https:\/\/institutounao.com.mx\/index.php\/wp-json\/wp\/v2\/pages\/6563\/revisions"}],"predecessor-version":[{"id":6734,"href":"https:\/\/institutounao.com.mx\/index.php\/wp-json\/wp\/v2\/pages\/6563\/revisions\/6734"}],"wp:attachment":[{"href":"https:\/\/institutounao.com.mx\/index.php\/wp-json\/wp\/v2\/media?parent=6563"}],"curies":[{"name":"wp","href":"https:\/\/api.w.org\/{rel}","templated":true}]}}