{"id":6557,"date":"2023-07-12T23:17:01","date_gmt":"2023-07-12T23:17:01","guid":{"rendered":"https:\/\/institutounao.com.mx\/?page_id=6557"},"modified":"2023-07-16T18:35:57","modified_gmt":"2023-07-16T18:35:57","slug":"se23-35-taller-de-habilidades-investigativas-delimitacion-del-objeto-de-estudio","status":"publish","type":"page","link":"https:\/\/institutounao.com.mx\/index.php\/se23-35-taller-de-habilidades-investigativas-delimitacion-del-objeto-de-estudio\/","title":{"rendered":"SE23.35 Taller de Habilidades Investigativas: Delimitaci\u00f3n del Objeto de Estudio"},"content":{"rendered":"\t\t<div data-elementor-type=\"wp-page\" data-elementor-id=\"6557\" class=\"elementor elementor-6557\">\n\t\t\t\t\t\t<section class=\"elementor-section elementor-top-section elementor-element elementor-element-3d77862 elementor-section-boxed elementor-section-height-default elementor-section-height-default\" data-id=\"3d77862\" data-element_type=\"section\" data-e-type=\"section\">\n\t\t\t\t\t\t<div class=\"elementor-container elementor-column-gap-default\">\n\t\t\t\t\t<div class=\"elementor-column elementor-col-100 elementor-top-column elementor-element elementor-element-8c28e1a\" data-id=\"8c28e1a\" data-element_type=\"column\" data-e-type=\"column\">\n\t\t\t<div class=\"elementor-widget-wrap elementor-element-populated\">\n\t\t\t\t\t\t<div class=\"elementor-element elementor-element-e9af46b elementor-widget elementor-widget-heading\" data-id=\"e9af46b\" data-element_type=\"widget\" data-e-type=\"widget\" data-widget_type=\"heading.default\">\n\t\t\t\t<div class=\"elementor-widget-container\">\n\t\t\t\t\t<h2 class=\"elementor-heading-title elementor-size-default\">Taller de Habilidades Investigativas - Delimitaci\u00f3n del Objeto de Estudio.<\/h2>\t\t\t\t<\/div>\n\t\t\t\t<\/div>\n\t\t\t\t\t<\/div>\n\t\t<\/div>\n\t\t\t\t\t<\/div>\n\t\t<\/section>\n\t\t\t\t<section class=\"elementor-section elementor-top-section elementor-element elementor-element-d36345e elementor-section-boxed elementor-section-height-default elementor-section-height-default\" data-id=\"d36345e\" data-element_type=\"section\" data-e-type=\"section\">\n\t\t\t\t\t\t<div class=\"elementor-container elementor-column-gap-default\">\n\t\t\t\t\t<div class=\"elementor-column elementor-col-100 elementor-top-column elementor-element elementor-element-401bdf5\" data-id=\"401bdf5\" data-element_type=\"column\" data-e-type=\"column\">\n\t\t\t<div class=\"elementor-widget-wrap elementor-element-populated\">\n\t\t\t\t\t\t<div class=\"elementor-element elementor-element-4ba7ffb elementor-widget elementor-widget-text-editor\" data-id=\"4ba7ffb\" data-element_type=\"widget\" data-e-type=\"widget\" data-widget_type=\"text-editor.default\">\n\t\t\t\t<div class=\"elementor-widget-container\">\n\t\t\t\t\t\t\t\t\t<h4><strong>Acreditaci\u00f3n de Actividades<\/strong><\/h4>\t\t\t\t\t\t\t\t<\/div>\n\t\t\t\t<\/div>\n\t\t\t\t\t<\/div>\n\t\t<\/div>\n\t\t\t\t\t<\/div>\n\t\t<\/section>\n\t\t\t\t<section class=\"elementor-section elementor-top-section elementor-element elementor-element-a0705f8 elementor-section-boxed elementor-section-height-default elementor-section-height-default\" data-id=\"a0705f8\" data-element_type=\"section\" data-e-type=\"section\">\n\t\t\t\t\t\t<div class=\"elementor-container elementor-column-gap-default\">\n\t\t\t\t\t<div class=\"elementor-column elementor-col-100 elementor-top-column elementor-element elementor-element-322fd83\" data-id=\"322fd83\" data-element_type=\"column\" data-e-type=\"column\">\n\t\t\t<div class=\"elementor-widget-wrap elementor-element-populated\">\n\t\t\t\t\t\t<div class=\"elementor-element elementor-element-e5b92ae elementor-widget elementor-widget-text-editor\" data-id=\"e5b92ae\" data-element_type=\"widget\" data-e-type=\"widget\" data-widget_type=\"text-editor.default\">\n\t\t\t\t<div class=\"elementor-widget-container\">\n\t\t\t\t\t\t\t\t\t<p>Instituci\u00f3n: Instituto Universitario Antequera de Oaxaca.&nbsp;<br>Ciclo Escolar: enero &#8211; junio de 2023.<br>Programa: Maestr\u00eda en Pedagog\u00eda.<br>Semestre: Tercero.<br>Modalidad: Virtual.<br>Horas lectivas: 15 horas lectivas.<br>Imparte: Mtra. ALICIA CONCEPCION SOLANO FELIX.<\/p>\n<p>Participantes que acreditaron:&nbsp;<\/p>\n<ul>\n<li>\n<p>PMP1 2022-2 GABRIELA PACHECO CRUZ.<\/p>\n<\/li>\n<li>\n<p>PMP3 2022-2 PORFIRIO GARCIA SAN PEDRO.<\/p>\n<\/li>\n<li>\n<p>PMP7 2022-2 FABIOLA VALDIVIEZO LOPEZ.<\/p>\n<\/li>\n<li>\n<p>PMP9 2022-2 RAQUEL HENRIQUEZ JIMENEZ.<\/p>\n<\/li>\n<\/ul>\t\t\t\t\t\t\t\t<\/div>\n\t\t\t\t<\/div>\n\t\t\t\t\t<\/div>\n\t\t<\/div>\n\t\t\t\t\t<\/div>\n\t\t<\/section>\n\t\t\t\t<\/div>\n\t\t","protected":false},"excerpt":{"rendered":"<p>Taller de Habilidades Investigativas &#8211; Delimitaci\u00f3n del Objeto de Estudio. Acreditaci\u00f3n de Actividades Instituci\u00f3n: Instituto Universitario Antequera de Oaxaca.&nbsp;Ciclo Escolar: enero &#8211; junio de 2023.Programa: Maestr\u00eda en Pedagog\u00eda.Semestre: Tercero.Modalidad: Virtual.Horas lectivas: 15 horas lectivas.Imparte: Mtra. ALICIA CONCEPCION SOLANO FELIX. Participantes que acreditaron:&nbsp; PMP1 2022-2 GABRIELA PACHECO CRUZ. PMP3 2022-2 PORFIRIO <a class=\"read-more\" href=\"https:\/\/institutounao.com.mx\/index.php\/se23-35-taller-de-habilidades-investigativas-delimitacion-del-objeto-de-estudio\/\">Read More&#8230;<\/a><\/p>\n","protected":false},"author":1,"featured_media":0,"parent":0,"menu_order":0,"comment_status":"closed","ping_status":"closed","template":"","meta":{"_joinchat":[],"footnotes":""},"class_list":["post-6557","page","type-page","status-publish","hentry"],"jetpack_sharing_enabled":true,"_links":{"self":[{"href":"https:\/\/institutounao.com.mx\/index.php\/wp-json\/wp\/v2\/pages\/6557","targetHints":{"allow":["GET"]}}],"collection":[{"href":"https:\/\/institutounao.com.mx\/index.php\/wp-json\/wp\/v2\/pages"}],"about":[{"href":"https:\/\/institutounao.com.mx\/index.php\/wp-json\/wp\/v2\/types\/page"}],"author":[{"embeddable":true,"href":"https:\/\/institutounao.com.mx\/index.php\/wp-json\/wp\/v2\/users\/1"}],"replies":[{"embeddable":true,"href":"https:\/\/institutounao.com.mx\/index.php\/wp-json\/wp\/v2\/comments?post=6557"}],"version-history":[{"count":7,"href":"https:\/\/institutounao.com.mx\/index.php\/wp-json\/wp\/v2\/pages\/6557\/revisions"}],"predecessor-version":[{"id":6731,"href":"https:\/\/institutounao.com.mx\/index.php\/wp-json\/wp\/v2\/pages\/6557\/revisions\/6731"}],"wp:attachment":[{"href":"https:\/\/institutounao.com.mx\/index.php\/wp-json\/wp\/v2\/media?parent=6557"}],"curies":[{"name":"wp","href":"https:\/\/api.w.org\/{rel}","templated":true}]}}